{"id":3595,"date":"2016-10-06T11:50:51","date_gmt":"2016-10-06T10:50:51","guid":{"rendered":"https:\/\/www.fluidpower.es\/?page_id=3595&#038;lang=en"},"modified":"2019-01-02T12:02:09","modified_gmt":"2019-01-02T11:02:09","slug":"hydraulic-cylinders","status":"publish","type":"page","link":"https:\/\/www.fluidpower.es\/en\/high-pressure-hydraulic\/hydraulic-cylinders\/","title":{"rendered":"Hydraulic Cylinders"},"content":{"rendered":"<p>We have a wide range of<strong> hydraulic cylinders (hydraulic jacks)<\/strong> and all parts required for their repair. Our cylinders are used in<strong> all types of industrial applications<\/strong>: waste compactor press installations, automatic gates locks, lifts, dump cylinders, cylinders for garbage trucks, cylinders for cranes and many more.<\/p>\n<p><span style=\"font-weight: 400;\"><br \/>\n<\/span><\/p>\n<p>Provectus Hydraulica\u00a0offer the<strong> best market price<\/strong> in both sale and repair of hydraulic cylinders. We offer the<strong> best quality hydraulic cylinders<\/strong>, with a wide variety of sizes depending on your needs.<\/p>\n<h3>Types of Hydraulic Cylinders<\/h3>\n<div class=\"gallery noscript full shortcode left\">\n<div class=\"container\">\n<ul class=\"preview clearfix styled\">\n<li><a class=\"fancy_gallery\" rel=\"group-3893\" href=\"https:\/\/www.fluidpower.es\/wp-content\/uploads\/2017\/01\/Croquis-11.png\"><img loading=\"lazy\" src=\"https:\/\/www.fluidpower.es\/wp-content\/uploads\/2017\/01\/Croquis-11-676x473.png\" width=\"676\" height=\"473\" alt=\"\" \/><span class=\"slide-info\"><span class=\"slide-caption\">Double Acting Cylinder with Trunnion<\/span><span class=\"slide-description\">Double Acting Cylinder with Trunnion<\/span><\/span><span class=\"overlay\"><span class=\"p-icon\"><\/span><\/span><\/a><\/li>\n<li><a class=\"fancy_gallery\" rel=\"group-3893\" href=\"https:\/\/www.fluidpower.es\/wp-content\/uploads\/2017\/01\/Croquis-16.png\"><img loading=\"lazy\" src=\"https:\/\/www.fluidpower.es\/wp-content\/uploads\/2017\/01\/Croquis-16.png\" width=\"888\" height=\"342\" alt=\"\" \/><span class=\"slide-info\"><span class=\"slide-caption\">Brake Cylinder<\/span><span class=\"slide-description\">Brake Cylinder<\/span><\/span><span class=\"overlay\"><span class=\"p-icon\"><\/span><\/span><\/a><\/li>\n<li><a class=\"fancy_gallery\" rel=\"group-3893\" href=\"https:\/\/www.fluidpower.es\/wp-content\/uploads\/2017\/01\/Croquis-9.png\"><img loading=\"lazy\" src=\"https:\/\/www.fluidpower.es\/wp-content\/uploads\/2017\/01\/Croquis-9.png\" width=\"739\" height=\"451\" alt=\"\" \/><span class=\"slide-info\"><span class=\"slide-caption\">Front Bridle Double Acting Cylinder<\/span><span class=\"slide-description\">Front Bridle Double Acting Cylinder<\/span><\/span><span class=\"overlay\"><span class=\"p-icon\"><\/span><\/span><\/a><\/li>\n<li><a class=\"fancy_gallery\" rel=\"group-3893\" href=\"https:\/\/www.fluidpower.es\/wp-content\/uploads\/2017\/01\/Croquis-10.png\"><img loading=\"lazy\" src=\"https:\/\/www.fluidpower.es\/wp-content\/uploads\/2017\/01\/Croquis-10.png\" width=\"523\" height=\"393\" alt=\"\" \/><span class=\"slide-info\"><span class=\"slide-caption\">Pneumatic-release cylinder<\/span><span class=\"slide-description\">Pneumatic-release cylinder<\/span><\/span><span class=\"overlay\"><span class=\"p-icon\"><\/span><\/span><\/a><\/li>\n<li><a class=\"fancy_gallery\" rel=\"group-3893\" href=\"https:\/\/www.fluidpower.es\/wp-content\/uploads\/2017\/01\/Croquis-6.png\"><img loading=\"lazy\" src=\"https:\/\/www.fluidpower.es\/wp-content\/uploads\/2017\/01\/Croquis-6.png\" width=\"888\" height=\"336\" alt=\"\" \/><span class=\"slide-info\"><span class=\"slide-caption\">Turn over plough cylinder<\/span><span class=\"slide-description\">Turn over plough cylinder<\/span><\/span><span class=\"overlay\"><span class=\"p-icon\"><\/span><\/span><\/a><\/li>\n<li><a class=\"fancy_gallery\" rel=\"group-3893\" href=\"https:\/\/www.fluidpower.es\/wp-content\/uploads\/2017\/01\/Croquis-2.png\"><img loading=\"lazy\" src=\"https:\/\/www.fluidpower.es\/wp-content\/uploads\/2017\/01\/Croquis-2.png\" width=\"892\" height=\"366\" alt=\"\" \/><span class=\"slide-info\"><span class=\"slide-caption\">Single Acting Cylinders \u00d845 to \u00d870<\/span><span class=\"slide-description\">Single Acting Cylinders \u00d845 to \u00d870<\/span><\/span><span class=\"overlay\"><span class=\"p-icon\"><\/span><\/span><\/a><\/li>\n<li><a class=\"fancy_gallery\" rel=\"group-3893\" href=\"https:\/\/www.fluidpower.es\/wp-content\/uploads\/2017\/01\/Croquis-1.png\"><img loading=\"lazy\" src=\"https:\/\/www.fluidpower.es\/wp-content\/uploads\/2017\/01\/Croquis-1.png\" width=\"1095\" height=\"389\" alt=\"\" \/><span class=\"slide-info\"><span class=\"slide-caption\">Single Acting Hydraulic Cylinder A\u00d8 from \u00d825 to \u00d840<\/span><span class=\"slide-description\">Single Acting Hydraulic Cylinder A\u00d8 from \u00d825 to \u00d840<\/span><\/span><span class=\"overlay\"><span class=\"p-icon\"><\/span><\/span><\/a><\/li>\n<li><a class=\"fancy_gallery\" rel=\"group-3893\" href=\"https:\/\/www.fluidpower.es\/wp-content\/uploads\/2017\/01\/Croquis-3.png\"><img loading=\"lazy\" src=\"https:\/\/www.fluidpower.es\/wp-content\/uploads\/2017\/01\/Croquis-3.png\" width=\"776\" height=\"323\" alt=\"\" \/><span class=\"slide-info\"><span class=\"slide-caption\">Double Acting Cylinder<\/span><span class=\"slide-description\">Double Acting Cylinder<\/span><\/span><span class=\"overlay\"><span class=\"p-icon\"><\/span><\/span><\/a><\/li>\n<li><a class=\"fancy_gallery\" rel=\"group-3893\" href=\"https:\/\/www.fluidpower.es\/wp-content\/uploads\/2017\/01\/Croquis-9.2.png\"><img loading=\"lazy\" src=\"https:\/\/www.fluidpower.es\/wp-content\/uploads\/2017\/01\/Croquis-9.2-702x473.png\" width=\"702\" height=\"473\" alt=\"\" \/><span class=\"slide-info\"><span class=\"slide-caption\">Bottom Bridle Double Acting Cylinder<\/span><span class=\"slide-description\">Bottom Bridle Double Acting Cylinder<\/span><\/span><span class=\"overlay\"><span class=\"p-icon\"><\/span><\/span><\/a><\/li>\n<li><a class=\"fancy_gallery\" rel=\"group-3893\" href=\"https:\/\/www.fluidpower.es\/wp-content\/uploads\/2017\/01\/Croquis-7.png\"><img loading=\"lazy\" src=\"https:\/\/www.fluidpower.es\/wp-content\/uploads\/2017\/01\/Croquis-7.png\" width=\"912\" height=\"351\" alt=\"\" \/><span class=\"slide-info\"><span class=\"slide-caption\">Hydraulic top link<\/span><span class=\"slide-description\">Hydraulic top link<\/span><\/span><span class=\"overlay\"><span class=\"p-icon\"><\/span><\/span><\/a><\/li>\n<li><a class=\"fancy_gallery\" rel=\"group-3893\" href=\"https:\/\/www.fluidpower.es\/wp-content\/uploads\/2017\/01\/Croquis-8.png\"><img loading=\"lazy\" src=\"https:\/\/www.fluidpower.es\/wp-content\/uploads\/2017\/01\/Croquis-8.png\" width=\"883\" height=\"349\" alt=\"\" \/><span class=\"slide-info\"><span class=\"slide-caption\">Hydraulic top link Automatic hitch<\/span><span class=\"slide-description\">Hydraulic top link Automatic hitch<\/span><\/span><span class=\"overlay\"><span class=\"p-icon\"><\/span><\/span><\/a><\/li>\n<\/ul>\n<\/div>\n<div class=\"thumbs_wrapper\">\n<ul class=\"thumbs clearfix styled\">\n<li><a class=\"thumb\" href=\"https:\/\/www.fluidpower.es\/wp-content\/uploads\/2017\/01\/Croquis-8.png\"><img loading=\"lazy\" src=\"https:\/\/www.fluidpower.es\/wp-content\/uploads\/2017\/01\/Croquis-11-165x93.png\" width=\"165\" height=\"93\" alt=\"\" \/><\/a><\/li>\n<li><a class=\"thumb\" href=\"https:\/\/www.fluidpower.es\/wp-content\/uploads\/2017\/01\/Croquis-8.png\"><img loading=\"lazy\" src=\"https:\/\/www.fluidpower.es\/wp-content\/uploads\/2017\/01\/Croquis-16-165x93.png\" width=\"165\" height=\"93\" alt=\"\" \/><\/a><\/li>\n<li><a class=\"thumb\" href=\"https:\/\/www.fluidpower.es\/wp-content\/uploads\/2017\/01\/Croquis-8.png\"><img loading=\"lazy\" src=\"https:\/\/www.fluidpower.es\/wp-content\/uploads\/2017\/01\/Croquis-9-165x93.png\" width=\"165\" height=\"93\" alt=\"\" \/><\/a><\/li>\n<li><a class=\"thumb\" href=\"https:\/\/www.fluidpower.es\/wp-content\/uploads\/2017\/01\/Croquis-8.png\"><img loading=\"lazy\" src=\"https:\/\/www.fluidpower.es\/wp-content\/uploads\/2017\/01\/Croquis-10-165x93.png\" width=\"165\" height=\"93\" alt=\"\" \/><\/a><\/li>\n<li><a class=\"thumb\" href=\"https:\/\/www.fluidpower.es\/wp-content\/uploads\/2017\/01\/Croquis-8.png\"><img loading=\"lazy\" src=\"https:\/\/www.fluidpower.es\/wp-content\/uploads\/2017\/01\/Croquis-6-165x93.png\" width=\"165\" height=\"93\" alt=\"\" \/><\/a><\/li>\n<li><a class=\"thumb\" href=\"https:\/\/www.fluidpower.es\/wp-content\/uploads\/2017\/01\/Croquis-8.png\"><img loading=\"lazy\" src=\"https:\/\/www.fluidpower.es\/wp-content\/uploads\/2017\/01\/Croquis-2-165x93.png\" width=\"165\" height=\"93\" alt=\"\" \/><\/a><\/li>\n<li><a class=\"thumb\" href=\"https:\/\/www.fluidpower.es\/wp-content\/uploads\/2017\/01\/Croquis-8.png\"><img loading=\"lazy\" src=\"https:\/\/www.fluidpower.es\/wp-content\/uploads\/2017\/01\/Croquis-1-165x93.png\" width=\"165\" height=\"93\" alt=\"\" \/><\/a><\/li>\n<li><a class=\"thumb\" href=\"https:\/\/www.fluidpower.es\/wp-content\/uploads\/2017\/01\/Croquis-8.png\"><img loading=\"lazy\" src=\"https:\/\/www.fluidpower.es\/wp-content\/uploads\/2017\/01\/Croquis-3-165x93.png\" width=\"165\" height=\"93\" alt=\"\" \/><\/a><\/li>\n<li><a class=\"thumb\" href=\"https:\/\/www.fluidpower.es\/wp-content\/uploads\/2017\/01\/Croquis-8.png\"><img loading=\"lazy\" src=\"https:\/\/www.fluidpower.es\/wp-content\/uploads\/2017\/01\/Croquis-9.2-165x93.png\" width=\"165\" height=\"93\" alt=\"\" \/><\/a><\/li>\n<li><a class=\"thumb\" href=\"https:\/\/www.fluidpower.es\/wp-content\/uploads\/2017\/01\/Croquis-8.png\"><img loading=\"lazy\" src=\"https:\/\/www.fluidpower.es\/wp-content\/uploads\/2017\/01\/Croquis-7-165x93.png\" width=\"165\" height=\"93\" alt=\"\" \/><\/a><\/li>\n<li><a class=\"thumb\" href=\"https:\/\/www.fluidpower.es\/wp-content\/uploads\/2017\/01\/Croquis-8.png\"><img loading=\"lazy\" src=\"https:\/\/www.fluidpower.es\/wp-content\/uploads\/2017\/01\/Croquis-8-165x93.png\" width=\"165\" height=\"93\" alt=\"\" \/><\/a><\/li>\n<\/ul>\n<\/div>\n<\/div>\n<div class=\"loading\"><\/div>\n<p>&nbsp;<\/p>\n<p><span style=\"font-weight: 400;\">Our hydraulic cylinders are ideal for all types of<strong> heavy machinery<\/strong> such as:<\/span><span style=\"font-weight: 400;\"><br \/>\n<\/span><span style=\"font-weight: 400;\">&#8211; Backhoes<\/span><span style=\"font-weight: 400;\"><br \/>\n<\/span><span style=\"font-weight: 400;\">&#8211; Cranes<\/span><span style=\"font-weight: 400;\"><br \/>\n<\/span><span style=\"font-weight: 400;\">&#8211; Hydraulic shovels<\/span><span style=\"font-weight: 400;\"><br \/>\n<\/span><span style=\"font-weight: 400;\">&#8211; Agricultural tractors<\/span><span style=\"font-weight: 400;\"><br \/>\n<\/span><span style=\"font-weight: 400;\">&#8211; Lift truck<\/span><span style=\"font-weight: 400;\"><br \/>\n<\/span><span style=\"font-weight: 400;\">&#8211; Scissors tables<\/span><span style=\"font-weight: 400;\"><br \/>\n<\/span><span style=\"font-weight: 400;\">&#8211; And many more<\/span><\/p>\n<p><span style=\"font-weight: 400;\"><br \/>\n<\/span><\/p>\n<p>Among the <strong>brands that we most repair are<\/strong>: Caterpillar, Komatzu, Volvo, Hitachi, Daewoo, etc. For more information about any of our products <a title=\"Contact Us\" href=\"https:\/\/www.fluidpower.es\/en\/contact-us\/?lang=en\">Contact us<\/a> filling the form below.<\/p>\n<p>&nbsp;<\/p>\n<p><span style=\"font-weight: 400;\"><\/p>\n<div class=\"text_box\" style=\"border: 1px solid #424242; \">\n<h4 class=\"title\" style=\"color:#a31717;\">Guaranteed Products<\/h4>\n<div class=\"text clearfix\" style=\"\">In Provectus Hydraulica we guarantee a product of the highest quality. We offer a warranty of 1 year and a half (18 months) on any product you buy from us. We only sell original and new products, this allows us to ensure the smooth functioning, provided they have been used correctly.<\/div>\n<\/div>\n<p> <\/span><\/p>\n","protected":false},"excerpt":{"rendered":"<p>We have a wide range of hydraulic cylinders (hydraulic jacks) and all parts required for their repair. Our cylinders are&#8230;<\/p>\n","protected":false},"author":1,"featured_media":3597,"parent":3581,"menu_order":0,"comment_status":"closed","ping_status":"closed","template":"page_sidebar.php","meta":[],"yst_prominent_words":[684,686,673,675,678,679,681,669,677,683,668,685,670,687,671,676,682,680,672,674],"_links":{"self":[{"href":"https:\/\/www.fluidpower.es\/en\/wp-json\/wp\/v2\/pages\/3595"}],"collection":[{"href":"https:\/\/www.fluidpower.es\/en\/wp-json\/wp\/v2\/pages"}],"about":[{"href":"https:\/\/www.fluidpower.es\/en\/wp-json\/wp\/v2\/types\/page"}],"author":[{"embeddable":true,"href":"https:\/\/www.fluidpower.es\/en\/wp-json\/wp\/v2\/users\/1"}],"replies":[{"embeddable":true,"href":"https:\/\/www.fluidpower.es\/en\/wp-json\/wp\/v2\/comments?post=3595"}],"version-history":[{"count":13,"href":"https:\/\/www.fluidpower.es\/en\/wp-json\/wp\/v2\/pages\/3595\/revisions"}],"predecessor-version":[{"id":4208,"href":"https:\/\/www.fluidpower.es\/en\/wp-json\/wp\/v2\/pages\/3595\/revisions\/4208"}],"up":[{"embeddable":true,"href":"https:\/\/www.fluidpower.es\/en\/wp-json\/wp\/v2\/pages\/3581"}],"wp:featuredmedia":[{"embeddable":true,"href":"https:\/\/www.fluidpower.es\/en\/wp-json\/wp\/v2\/media\/3597"}],"wp:attachment":[{"href":"https:\/\/www.fluidpower.es\/en\/wp-json\/wp\/v2\/media?parent=3595"}],"wp:term":[{"taxonomy":"yst_prominent_words","embeddable":true,"href":"https:\/\/www.fluidpower.es\/en\/wp-json\/wp\/v2\/yst_prominent_words?post=3595"}],"curies":[{"name":"wp","href":"https:\/\/api.w.org\/{rel}","templated":true}]}}