{"id":3608,"date":"2016-10-06T12:14:02","date_gmt":"2016-10-06T11:14:02","guid":{"rendered":"https:\/\/www.fluidpower.es\/?page_id=3608&#038;lang=en"},"modified":"2017-02-24T12:02:54","modified_gmt":"2017-02-24T11:02:54","slug":"high-pressure-hydraulic-hoses","status":"publish","type":"page","link":"https:\/\/www.fluidpower.es\/en\/high-pressure-hydraulic\/high-pressure-hydraulic-hoses\/","title":{"rendered":"High Pressure Hydraulic Hoses"},"content":{"rendered":"<p>&nbsp;<\/p>\n<p>We manufacture high-pressure hydraulic hoses <strong>according to your needs.<\/strong> We have a huge catalog of connectors and hydraulic hoses where you can choose either to <strong>create a new hose<\/strong> or to <strong>repair your old one<\/strong>.<\/p>\n<p>&nbsp;<\/p>\n<h3>Hydraulic Hoses Parts<\/h3>\n<div class=\"gallery-three-columns\">\n<ul class=\"preview clearfix styled\">\n<li>\n<div class=\"image wrap-box no-style\" style=\"width: 380px; height: 357px;\">\n<div class=\"wrap-box-inner\"><a class=\"fancy_gallery\" rel=\"group-452\" href=\"https:\/\/www.fluidpower.es\/wp-content\/uploads\/2015\/03\/mangueras-hidraulicas-Balflex-provectus.es_.jpg\"><img loading=\"lazy\" src=\"https:\/\/www.fluidpower.es\/wp-content\/uploads\/2015\/03\/mangueras-hidraulicas-Balflex-provectus.es_-380x357.jpg\" class=\"wrap-box-element\" width=\"380\" height=\"357\" alt=\"\"><span class=\"overlay\"><span class=\"p-icon\"><\/span><\/span><span class=\"slide-info\" style=\"display:none;\"><span class=\"slide-caption\">Balflex Hydraulic Hoses<\/span><span class=\"slide-description\"><div class=\"wpb_row vc_row-fluid\">\n\t<div class=\"vc_span12 wpb_column column_container\">\n\t\t<div class=\"wpb_wrapper\">\n\t\t\tLatiguillos Hidr\u00e1ulicos marca Balflex de alta presi\u00f3n\n\t\t<\/div> \n\t<\/div> \n<\/div><\/span><\/span><\/a><\/div>\n<\/li>\n<li>\n<div class=\"image wrap-box no-style\" style=\"width: 380px; height: 357px;\">\n<div class=\"wrap-box-inner\"><a class=\"fancy_gallery\" rel=\"group-452\" href=\"https:\/\/www.fluidpower.es\/wp-content\/uploads\/2015\/03\/conexiones-mangueras-hidraulicas-Balflex-provectus.es_.jpg\"><img loading=\"lazy\" src=\"https:\/\/www.fluidpower.es\/wp-content\/uploads\/2015\/03\/conexiones-mangueras-hidraulicas-Balflex-provectus.es_-380x357.jpg\" class=\"wrap-box-element\" width=\"380\" height=\"357\" alt=\"\"><span class=\"overlay\"><span class=\"p-icon\"><\/span><\/span><span class=\"slide-info\" style=\"display:none;\"><span class=\"slide-caption\">High Pressure Hydraulic Connectors<\/span><span class=\"slide-description\"><div class=\"wpb_row vc_row-fluid\">\n\t<div class=\"vc_span12 wpb_column column_container\">\n\t\t<div class=\"wpb_wrapper\">\n\t\t\tConectores de prensar para latiguillos hidr\u00e1ulicos\n\t\t<\/div> \n\t<\/div> \n<\/div><\/span><\/span><\/a><\/div>\n<\/li>\n<li>\n<div class=\"image wrap-box no-style\" style=\"width: 380px; height: 357px;\">\n<div class=\"wrap-box-inner\"><a class=\"fancy_gallery\" rel=\"group-452\" href=\"https:\/\/www.fluidpower.es\/wp-content\/uploads\/2015\/03\/conectores-rapidos-balflex-provectus.es_.jpg\"><img loading=\"lazy\" src=\"https:\/\/www.fluidpower.es\/wp-content\/uploads\/2015\/03\/conectores-rapidos-balflex-provectus.es_-380x357.jpg\" class=\"wrap-box-element\" width=\"380\" height=\"357\" alt=\"\"><span class=\"overlay\"><span class=\"p-icon\"><\/span><\/span><span class=\"slide-info\" style=\"display:none;\"><span class=\"slide-caption\">Quick Connectors for Hoses<\/span><span class=\"slide-description\"><div class=\"wpb_row vc_row-fluid\">\n\t<div class=\"vc_span12 wpb_column column_container\">\n\t\t<div class=\"wpb_wrapper\">\n\t\t\tConectores r\u00e1pidos para latiguillos hidr\u00e1ulicos de alta presi\u00f3n\n\t\t<\/div> \n\t<\/div> \n<\/div><\/span><\/span><\/a><\/div>\n<\/li>\n<li>\n<div class=\"image wrap-box no-style\" style=\"width: 380px; height: 357px;\">\n<div class=\"wrap-box-inner\"><a class=\"fancy_gallery\" rel=\"group-452\" href=\"https:\/\/www.fluidpower.es\/wp-content\/uploads\/2015\/03\/adaptadores-hidraulicos-balflex-provectus.es_.jpg\"><img loading=\"lazy\" src=\"https:\/\/www.fluidpower.es\/wp-content\/uploads\/2015\/03\/adaptadores-hidraulicos-balflex-provectus.es_-380x357.jpg\" class=\"wrap-box-element\" width=\"380\" height=\"357\" alt=\"\"><span class=\"overlay\"><span class=\"p-icon\"><\/span><\/span><span class=\"slide-info\" style=\"display:none;\"><span class=\"slide-caption\">High Pressure Hydraulic Adaptors<\/span><span class=\"slide-description\"><div class=\"wpb_row vc_row-fluid\">\n\t<div class=\"vc_span12 wpb_column column_container\">\n\t\t<div class=\"wpb_wrapper\">\n\t\t\tAdaptadores Hidr\u00e1ulicos de Alta Presi\u00f3n para interconectar latiguillos\n\t\t<\/div> \n\t<\/div> \n<\/div><\/span><\/span><\/a><\/div>\n<\/li>\n<\/ul>\n<\/div>\n<p>&nbsp;<\/p>\n<p>&nbsp;<\/p>\n<h3><span style=\"font-weight: 400;\"><strong>Buy Hydraulic Hoses Now<\/strong><\/span><\/h3>\n<p><span style=\"font-weight: 400;\"><br \/>\n<\/span><\/p>\n<p>To buy high pressure hydraulic hoses, crimping connectors, adapters or hydraulic quick connectors, you only have to<a title=\"Contact Us\" href=\"https:\/\/www.fluidpower.es\/en\/contact-us\/?lang=en\"><strong> contact us now<\/strong><\/a> or you can <strong>buy directly through our <a href=\"http:\/\/provectus.es\" target=\"_blank\">online store<\/a><\/strong>.<\/p>\n<p>&nbsp;<\/p>\n<p>We will take care of everything, you only have to<strong> indicate us which input and output connector you need<\/strong> and our professional team will manufacture the hydraulic hoses. We only offer the <strong>best quality in the market<\/strong>; we work with the <strong>Balflex brand<\/strong>, international leader in the manufacture of hydraulic hoses and high pressure hydraulic.<\/p>\n<p>&nbsp;<\/p>\n<p>Our hydraulic hoses are used in<strong> all types of hydraulic applications<\/strong> such as hydraulic cylinders, hydraulic motors, hydraulic power units and hydraulic connectors.<\/p>\n<p>&nbsp;<\/p>\n<p>The hydraulic hoses we manufacture are<strong> tailored to our customers<\/strong>, according to their specifications. In addition, we check all the hoses we make so that if in the future you need a replacement either for manufacturing a new or replacing an old one, we can <strong>offer you without the need of sending us a sample<\/strong>.<\/p>\n<p><span style=\"font-weight: 400;\"><br \/>\n<\/span><\/p>\n<div class=\"text_box\" style=\"border: 1px solid #424242; \">\n<h4 class=\"title\" style=\"color:#a31717;\">Guaranteed Products<\/h4>\n<div class=\"text clearfix\" style=\"\">In Provectus Hydraulica we guarantee a product of the highest quality. We offer a warranty of 1 year and a half (18 months) on any product you buy from us. We only sell original and new products, this allows us to ensure the smooth functioning, provided they have been used correctly.<\/div>\n<\/div>\n","protected":false},"excerpt":{"rendered":"<p>&nbsp; We manufacture high-pressure hydraulic hoses according to your needs. We have a huge catalog of connectors and hydraulic hoses&#8230;<\/p>\n","protected":false},"author":1,"featured_media":3611,"parent":3581,"menu_order":0,"comment_status":"open","ping_status":"open","template":"page_sidebar.php","meta":[],"yst_prominent_words":[],"_links":{"self":[{"href":"https:\/\/www.fluidpower.es\/en\/wp-json\/wp\/v2\/pages\/3608"}],"collection":[{"href":"https:\/\/www.fluidpower.es\/en\/wp-json\/wp\/v2\/pages"}],"about":[{"href":"https:\/\/www.fluidpower.es\/en\/wp-json\/wp\/v2\/types\/page"}],"author":[{"embeddable":true,"href":"https:\/\/www.fluidpower.es\/en\/wp-json\/wp\/v2\/users\/1"}],"replies":[{"embeddable":true,"href":"https:\/\/www.fluidpower.es\/en\/wp-json\/wp\/v2\/comments?post=3608"}],"version-history":[{"count":11,"href":"https:\/\/www.fluidpower.es\/en\/wp-json\/wp\/v2\/pages\/3608\/revisions"}],"predecessor-version":[{"id":5482,"href":"https:\/\/www.fluidpower.es\/en\/wp-json\/wp\/v2\/pages\/3608\/revisions\/5482"}],"up":[{"embeddable":true,"href":"https:\/\/www.fluidpower.es\/en\/wp-json\/wp\/v2\/pages\/3581"}],"wp:featuredmedia":[{"embeddable":true,"href":"https:\/\/www.fluidpower.es\/en\/wp-json\/wp\/v2\/media\/3611"}],"wp:attachment":[{"href":"https:\/\/www.fluidpower.es\/en\/wp-json\/wp\/v2\/media?parent=3608"}],"wp:term":[{"taxonomy":"yst_prominent_words","embeddable":true,"href":"https:\/\/www.fluidpower.es\/en\/wp-json\/wp\/v2\/yst_prominent_words?post=3608"}],"curies":[{"name":"wp","href":"https:\/\/api.w.org\/{rel}","templated":true}]}}