{"id":3630,"date":"2016-10-06T13:04:53","date_gmt":"2016-10-06T12:04:53","guid":{"rendered":"https:\/\/www.fluidpower.es\/?page_id=3630&#038;lang=en"},"modified":"2017-02-24T13:14:21","modified_gmt":"2017-02-24T12:14:21","slug":"hydraulic-directional-control-valves","status":"publish","type":"page","link":"https:\/\/www.fluidpower.es\/en\/high-pressure-hydraulic\/hydraulic-directional-control-valves\/","title":{"rendered":"Hydraulic Directional Control Valves"},"content":{"rendered":"<p>&nbsp;<\/p>\n<p>We supply high pressure <strong>Hydraulic Directional Control Valves<\/strong>\u00a0of one, two and even three levers, monoblock style. We may also add as <strong>many sections (levers) as necessary<\/strong> and with a wide range of configurations.<\/p>\n<p>&nbsp;<\/p>\n<p><span style=\"font-weight: 400;\"><br \/>\n<\/span><\/p>\n<p>A hydraulic distributor is necessary for any high pressure hydraulic system to be controlled by means of a lever. The value, functionality and price of a hydraulic distributor is very good; they have a <strong>low cost<\/strong>, they are <strong>extremely reliable<\/strong> and, thanks to its high quality, have a <strong>long lifetime<\/strong>.<\/p>\n<p><span style=\"font-weight: 400;\"><br \/>\n<\/span><\/p>\n<h2>Hydraulic Directional Control Valves : flow and spools<\/h2>\n<p>&nbsp;<\/p>\n<p>Our products can be selected in<strong> different sizes<\/strong> and with <strong>different numbers of sections and levers<\/strong>. We supply hydraulic distributors <strong>monoblock with one, two or three levers<\/strong>. All of them come with <strong>safety valve<\/strong> (relief valve) included. In addition, we also have distributors in sections. This allows the flexibility to select the <strong>number of levers you need<\/strong>, up to 12 sections. The flow for distributors ranges from 45 liters \/ min to 300 l \/ min.<\/p>\n<p><span style=\"font-weight: 400;\"><br \/>\n<\/span><\/p>\n<h2>Pressures<\/h2>\n<p><span style=\"font-weight: 400;\"><strong>Pressures may vary according to your needs<\/strong>, we have distributors capable to up to 700 bar pressure.\u00a0<\/span><span style=\"font-weight: 400;\">Depending on your need, the distributor can have an<strong> integrated return valve<\/strong> (relief valve) to prevent system damage in case of an extreme increase in pressure.<\/span><\/p>\n<div class=\"gallery-four-columns\">\n<ul class=\"preview clearfix styled\">\n<li>\n<div class=\"image wrap-box style-1\" style=\"width: 280px; height: 280px;\">\n<div class=\"wrap-box-inner\"><a class=\"fancy_gallery\" rel=\"group-148\" href=\"https:\/\/www.fluidpower.es\/wp-content\/uploads\/2015\/03\/valvula-2-palancas-hof-b.jpg\"><img loading=\"lazy\" src=\"https:\/\/www.fluidpower.es\/wp-content\/uploads\/2015\/03\/valvula-2-palancas-hof-b-280x280.jpg\" class=\"wrap-box-element\" width=\"280\" height=\"280\" alt=\"\"><span class=\"overlay\"><span class=\"p-icon\"><\/span><\/span><span class=\"slide-info\" style=\"display:none;\"><span class=\"slide-caption\">Distribuidor Hidr\u00e1ulico de dos palancas marca HOF Hydraulic<\/span><span class=\"slide-description\"><div class=\"wpb_row vc_row-fluid\">\n\t<div class=\"vc_span12 wpb_column column_container\">\n\t\t<div class=\"wpb_wrapper\">\n\t\t\tDistribuidor Hidr\u00e1ulico de dos palancas marca HOF Hydraulic con V\u00e1lvula de alivio integrada. Modelo MB20\/2-210\n\t\t<\/div> \n\t<\/div> \n<\/div><\/span><\/span><\/a><\/div>\n<\/li>\n<li>\n<div class=\"image wrap-box style-1\" style=\"width: 280px; height: 280px;\">\n<div class=\"wrap-box-inner\"><a class=\"fancy_gallery\" rel=\"group-148\" href=\"https:\/\/www.fluidpower.es\/wp-content\/uploads\/2015\/03\/MCD501-1.jpg\"><img loading=\"lazy\" src=\"https:\/\/www.fluidpower.es\/wp-content\/uploads\/2015\/03\/MCD501-1-280x280.jpg\" class=\"wrap-box-element\" width=\"280\" height=\"280\" alt=\"\"><span class=\"overlay\"><span class=\"p-icon\"><\/span><\/span><span class=\"slide-info\" style=\"display:none;\"><span class=\"slide-caption\">Distribuidor Hidr\u00e1ulico de palanca, con v\u00e1lvula de alivio integrada<\/span><span class=\"slide-description\"><div class=\"wpb_row vc_row-fluid\">\n\t<div class=\"vc_span12 wpb_column column_container\">\n\t\t<div class=\"wpb_wrapper\">\n\t\t\tDistribuidor Hidr\u00e1ulico de palanca con v\u00e1lvulva de alivio integrada. Pida presupuesto ahora.\n\t\t<\/div> \n\t<\/div> \n<\/div><\/span><\/span><\/a><\/div>\n<\/li>\n<li>\n<div class=\"image wrap-box style-1\" style=\"width: 280px; height: 280px;\">\n<div class=\"wrap-box-inner\"><a class=\"fancy_gallery\" rel=\"group-148\" href=\"https:\/\/www.fluidpower.es\/wp-content\/uploads\/2015\/03\/valvula-2-palancas-hof.jpg\"><img loading=\"lazy\" src=\"https:\/\/www.fluidpower.es\/wp-content\/uploads\/2015\/03\/valvula-2-palancas-hof-280x280.jpg\" class=\"wrap-box-element\" width=\"280\" height=\"280\" alt=\"\"><span class=\"overlay\"><span class=\"p-icon\"><\/span><\/span><span class=\"slide-info\" style=\"display:none;\"><span class=\"slide-caption\">Distribuidor Hidr\u00e1ulico de dos palancas marca HOF Hydraulic<\/span><span class=\"slide-description\"><div class=\"wpb_row vc_row-fluid\">\n\t<div class=\"vc_span12 wpb_column column_container\">\n\t\t<div class=\"wpb_wrapper\">\n\t\t\tDistribuidor Hidr\u00e1ulico de dos palancas marca HOF Hydraulic con V\u00e1lvula de alivio integrada. Modelo MB20\/2-210\n\t\t<\/div> \n\t<\/div> \n<\/div><\/span><\/span><\/a><\/div>\n<\/li>\n<li>\n<div class=\"image wrap-box style-1\" style=\"width: 280px; height: 280px;\">\n<div class=\"wrap-box-inner\"><a class=\"fancy_gallery\" rel=\"group-148\" href=\"https:\/\/www.fluidpower.es\/wp-content\/uploads\/2015\/03\/MCD50_1-6.jpg\"><img loading=\"lazy\" src=\"https:\/\/www.fluidpower.es\/wp-content\/uploads\/2015\/03\/MCD50_1-6-280x280.jpg\" class=\"wrap-box-element\" width=\"280\" height=\"280\" alt=\"\"><span class=\"overlay\"><span class=\"p-icon\"><\/span><\/span><span class=\"slide-info\" style=\"display:none;\"><span class=\"slide-caption\">Distribuidor Hidr\u00e1ulico HOF Hydraulic de una palanca, modelo MCD50-1 <\/span><span class=\"slide-description\"><div class=\"wpb_row vc_row-fluid\">\n\t<div class=\"vc_span12 wpb_column column_container\">\n\t\t<div class=\"wpb_wrapper\">\n\t\t\tDistribuidor Hidr\u00e1ulico HOF Hydraulic de una palanca, modelo MCD50-1 \n\t\t<\/div> \n\t<\/div> \n<\/div><\/span><\/span><\/a><\/div>\n<\/li>\n<li>\n<div class=\"image wrap-box style-1\" style=\"width: 280px; height: 280px;\">\n<div class=\"wrap-box-inner\"><a class=\"fancy_gallery\" rel=\"group-148\" href=\"https:\/\/www.fluidpower.es\/wp-content\/uploads\/2015\/03\/valvula-2-palancas-hof-a.jpg\"><img loading=\"lazy\" src=\"https:\/\/www.fluidpower.es\/wp-content\/uploads\/2015\/03\/valvula-2-palancas-hof-a-280x280.jpg\" class=\"wrap-box-element\" width=\"280\" height=\"280\" alt=\"\"><span class=\"overlay\"><span class=\"p-icon\"><\/span><\/span><span class=\"slide-info\" style=\"display:none;\"><span class=\"slide-caption\">Distribuidor Hidr\u00e1ulico 2 palancas de alta presi\u00f3n, tipo monoblock, con v\u00e1lvula de alivio integrada<\/span><span class=\"slide-description\"><div class=\"wpb_row vc_row-fluid\">\n\t<div class=\"vc_span12 wpb_column column_container\">\n\t\t<div class=\"wpb_wrapper\">\n\t\t\tDistribuidor Hidr\u00e1ulico 2 palancas de Alta presi\u00f3n con v\u00e1lvula de alivio integrada. Este distribuidor permite utilizar los puertos de distintas maneras, como mejor se ajuste a sus necesidades.\n\t\t<\/div> \n\t<\/div> \n<\/div><\/span><\/span><\/a><\/div>\n<\/li>\n<li>\n<div class=\"image wrap-box style-1\" style=\"width: 280px; height: 280px;\">\n<div class=\"wrap-box-inner\"><a class=\"fancy_gallery\" rel=\"group-148\" href=\"https:\/\/www.fluidpower.es\/wp-content\/uploads\/2015\/03\/MCD50_1-5.jpg\"><img loading=\"lazy\" src=\"https:\/\/www.fluidpower.es\/wp-content\/uploads\/2015\/03\/MCD50_1-5-280x280.jpg\" class=\"wrap-box-element\" width=\"280\" height=\"280\" alt=\"\"><span class=\"overlay\"><span class=\"p-icon\"><\/span><\/span><span class=\"slide-info\" style=\"display:none;\"><span class=\"slide-caption\">Distribuidor Hidr\u00e1ulico Parker de una palanca<\/span><span class=\"slide-description\"><div class=\"wpb_row vc_row-fluid\">\n\t<div class=\"vc_span12 wpb_column column_container\">\n\t\t<div class=\"wpb_wrapper\">\n\t\t\tDistribuidor Hidr\u00e1ulico Parker de una palanca, modelo MCD50-1 \n\t\t<\/div> \n\t<\/div> \n<\/div><\/span><\/span><\/a><\/div>\n<\/li>\n<\/ul>\n<\/div>\n<p>&nbsp;<\/p>\n<p>We are distributors in <strong>Spain<\/strong> of the brand <a href=\"http:\/\/www.hofhydraulic.com\/\" target=\"_blank\">Hof Hydraulic<\/a> , a mark of international prestige. They manufacture high pressure hydraulic equipment and have presence throughout the world, meeting all european <strong>high quality standards<\/strong><\/p>\n<p><span style=\"font-weight: 400;\"><br \/>\n<\/span><span style=\"font-weight: 400;\">To request for a budget, more information and \/ or advice of any <a title=\"Contact Us\" href=\"https:\/\/www.fluidpower.es\/en\/contact-us\/?lang=en\">Contact us Now<\/a><\/span><\/p>\n<div class=\"text_box\" style=\"border: 1px solid #424242; \">\n<h4 class=\"title\" style=\"color:#a31717;\">Guaranteed Products<\/h4>\n<div class=\"text clearfix\" style=\"\">In Provectus Hydraulica we guarantee a product of the highest quality, so we offer a warranty of 1 year and a half (18 months) on any product you buy from us. We only sell new products and originals for the repair of any equipment parts, this allows us to ensure the correct functioning, provided they have been used correctly.<\/div>\n<\/div>\n","protected":false},"excerpt":{"rendered":"<p>&nbsp; We supply high pressure Hydraulic Directional Control Valves\u00a0of one, two and even three levers, monoblock style. We may also&#8230;<\/p>\n","protected":false},"author":1,"featured_media":3632,"parent":3581,"menu_order":0,"comment_status":"open","ping_status":"open","template":"page_sidebar.php","meta":[],"yst_prominent_words":[],"_links":{"self":[{"href":"https:\/\/www.fluidpower.es\/en\/wp-json\/wp\/v2\/pages\/3630"}],"collection":[{"href":"https:\/\/www.fluidpower.es\/en\/wp-json\/wp\/v2\/pages"}],"about":[{"href":"https:\/\/www.fluidpower.es\/en\/wp-json\/wp\/v2\/types\/page"}],"author":[{"embeddable":true,"href":"https:\/\/www.fluidpower.es\/en\/wp-json\/wp\/v2\/users\/1"}],"replies":[{"embeddable":true,"href":"https:\/\/www.fluidpower.es\/en\/wp-json\/wp\/v2\/comments?post=3630"}],"version-history":[{"count":17,"href":"https:\/\/www.fluidpower.es\/en\/wp-json\/wp\/v2\/pages\/3630\/revisions"}],"predecessor-version":[{"id":5479,"href":"https:\/\/www.fluidpower.es\/en\/wp-json\/wp\/v2\/pages\/3630\/revisions\/5479"}],"up":[{"embeddable":true,"href":"https:\/\/www.fluidpower.es\/en\/wp-json\/wp\/v2\/pages\/3581"}],"wp:featuredmedia":[{"embeddable":true,"href":"https:\/\/www.fluidpower.es\/en\/wp-json\/wp\/v2\/media\/3632"}],"wp:attachment":[{"href":"https:\/\/www.fluidpower.es\/en\/wp-json\/wp\/v2\/media?parent=3630"}],"wp:term":[{"taxonomy":"yst_prominent_words","embeddable":true,"href":"https:\/\/www.fluidpower.es\/en\/wp-json\/wp\/v2\/yst_prominent_words?post=3630"}],"curies":[{"name":"wp","href":"https:\/\/api.w.org\/{rel}","templated":true}]}}