{"id":22351,"date":"2015-03-29T16:45:36","date_gmt":"2015-03-29T16:45:36","guid":{"rendered":"https:\/\/www.fluidpower.es\/contactar\/"},"modified":"2025-01-17T19:42:34","modified_gmt":"2025-01-17T18:42:34","slug":"contactar","status":"publish","type":"page","link":"https:\/\/www.fluidpower.es\/pt-pt\/contactar\/","title":{"rendered":"Contactar"},"content":{"rendered":"<div class=\"wpb_row vc_row-fluid\">\n\t<div class=\"vc_span12 wpb_column column_container\">\n\t\t<div class=\"wpb_wrapper\">\n\t\t\t<br \/>\n<script src=\"https:\/\/www.google.com\/recaptcha\/api.js?render=6LfZ0FkpAAAAACxbR9sjPoNN7Eyc7vAMWRfJf8pm\"><\/script><script>    \t\tgrecaptcha.ready(function() {    \t\tgrecaptcha.execute(\"6LfZ0FkpAAAAACxbR9sjPoNN7Eyc7vAMWRfJf8pm\", {action: \"formulario\"})    \t\t.then(function(token) {    \t\tvar recaptchaResponse = document.getElementById(\"recaptchaResponse\");    \t\trecaptchaResponse.value = token;    \t\t});});<\/script><script type=\"text\/javascript\">document.getElementById(\"enviar\").addEventListener(\"click\", function(){validar();});function validar(){var divTexto = document.getElementById(\"textoRojo\");\twhile (divTexto.hasChildNodes()) {divTexto.removeChild(divTexto.lastChild);}var re = \/^([\\w-]+(?:\\.[\\w-]+)*)@((?:[\\w-]+\\.)*\\w[\\w-]{0,66})\\.([a-z]{2,6}(?:\\.[a-z]{2})?)$\/i;var error = \"\";var nombre = document.getElementById(\"nombre_cliente\");var apellido = document.getElementById(\"apellido_cliente\");var email = document.getElementById(\"email\"); \tif(nombre.value == \"\"){\t\terror = \"Falta rellenar su nombre<\/br>\";\t\t}\tif(apellido.value == \"\"){\t\terror += \"Falta rellenar su apellido<\/br>\";\t\t}\tif(email.value == \"\"){\t\terror += \"Por favor escriba un email de contacto<\/br>\";\t}else if(!re.test(email.value)){ error += \"El email est\u00e1 mal escrito<\/br>\";}  \t if(error != \"\"){\tvar p = document.createElement(\"p\");\t \tp.className = \"style4\";\t\tp.innerHTML = error;\t \tdivTexto.appendChild(p);\t }else{\t\tvar form = document.getElementById(\"formulario\");\t\tform.submit();\t }\t} <\/script><\/p>\n<div class=\"formaContactar\">\n<p align=\"left\">Solicite <strong>informaci\u00f3n o presupuesto<\/strong> de cualquier bomba hidr\u00e1ulica, motor hidr\u00e1ulico, cilindro hidr\u00e1ulico, bomba de vac\u00edo, soplador regenerativo (soplador industrial) u otro&nbsp;producto <strong>rellenando el siguiente formulario.<\/strong><\/p>\n<p align=\"left\">Si no disponemos del producto que busca, nosotros lo conseguiremos o le ofreceremos uno equivalente que se ajuste a&nbsp;los requisitos de su instalaci\u00f3n.<\/p>\n<p align=\"left\">Atendemos en toda <strong>Europa y M\u00e9xico<\/strong><\/p>\n<form id=\"formulario\" action=\"\/gracias-por-contactar\/\" method=\"post\">\n<div class=\"tablaFormulario\" align=\"center\">\n<div id=\"textoRojo\" class=\"textoRojo\"><\/div>\n<div class=\"nombreApellido\">\n<div>\n<div class=\"primero\"><span class=\"textoRojo\">*<\/span>Nombre:<\/div>\n<div><input id=\"nombre_cliente\" name=\"nombre_cliente\" type=\"text\" value=\"\"\/><\/div>\n<\/div>\n<div>\n<div class=\"primero\"><span class=\"textoRojo\">*<\/span>Apellido:<\/div>\n<div class=\"primero\"><input id=\"apellido_cliente\" name=\"apellido_cliente\" type=\"text\" value=\"\"\/><\/div>\n<\/div>\n<\/div>\n<div class=\"comunidadAutonoma\">\n<div>Comunidad Aut\u00f3noma:<\/div>\n<div><select class=\"selectComunidades\" name=\"estado\"><option value=\"\">Seleccione<\/option><option value=\"andalucia\">Andaluc\u00eda<\/option><option value=\"aragon\">Arag\u00f3n<\/option><option value=\"asturias\">Asturias<\/option><option value=\"cantabria\">Cantabria<\/option><option value=\"castilla-la-mancha\">Castilla La Mancha<\/option><option value=\"castilla-leon\">Castilla y Le\u00f3n<\/option><option value=\"catalunya\">Catalu\u00f1a<\/option><option value=\"ceuta\">Ceuta<\/option><option value=\"madrid\">Madrid<\/option><option value=\"valenciana\">Valencia<\/option><option value=\"extremadura\">Extremadura<\/option><option value=\"galicia\">Galicia<\/option><option value=\"baleares\">Islas Baleares<\/option><option value=\"canarias\">Islas Canarias<\/option><option value=\"la-rioja\">La Rioja<\/option><option value=\"melilla\">Melilla<\/option><option value=\"navarra\">Navarra<\/option><option value=\"pais-vasco\">Pa\u00eds Vasco<\/option><option value=\"murcia\">Murcia<\/option><option value=\"fuera\">Fuera de Espa\u00f1a<\/option><\/select><\/div>\n<\/div>\n<div class=\"cuadroTexto\">\n<div class=\"primero\">Tel\u00e9fono:<\/div>\n<div class=\"inputTexto\"><input name=\"telefono\" size=\"50\" type=\"text\" value=\"\"\/><\/div>\n<\/div>\n<div class=\"cuadroTexto\">\n<div class=\"primero\"><span class=\"textoRojo\">*<\/span>E-Mail:<\/div>\n<div class=\"inputTexto\"><input id=\"email\" name=\"email\" size=\"50\" type=\"text\" value=\"\"\/><\/div>\n<\/div>\n<div class=\"cuadroTexto\">Mensaje:<\/div>\n<p><textarea cols=\"60\" name=\"asunto\" rows=\"12\"><\/textarea><\/p>\n<div style=\"text-align: right;\"><a id=\"enviar\" class=\"button\" type=\"button\" name=\"enviar\"><\/a>Enviar<\/div>\n<\/div>\n<p><input name=\"enviado\" type=\"hidden\" value=\"true\"\/><\/p>\n<p class=\"textoError\">Es <strong>necesario rellenar&nbsp;los campos marcados con asterisco (*)<\/strong> para poder recibir su informaci\u00f3n.<\/p>\n<p>Al hacer click en el bot\u00f3n &#8220;Enviar&#8221; est\u00e1 <strong>aceptando nuestra<\/strong> <a title=\"Pol\u00edtica de privacidad\" href=\"https:\/\/www.fluidpower.es\/pt-pt\/politica-de-privacidad\/\" target=\"_blank\" rel=\"noopener noreferrer\">pol\u00edtica de privacidad<\/a><\/p>\n<div class=\"inputHidden\"><input class=\"inputHidden\" name=\"direccion\" type=\"hidden\" value=\"\"\/><input class=\"inputHidden\" name=\"cp\" type=\"hidden\" value=\"\"\/><input class=\"inputHidden\" name=\"celular\" type=\"hidden\" value=\"\"\/><input class=\"inputHidden\" name=\"fax\" type=\"hidden\" value=\"\"\/><input class=\"inputHidden\" name=\"web\" type=\"hidden\" value=\"\"\/><input class=\"inputHidden\" name=\"titulo\" type=\"hidden\" value=\"\"\/><input id=\"recaptchaResponse\" name=\"recaptcha_response\" type=\"hidden\" value=\"mal\"\/><\/div>\n<\/form>\n<div class=\"anchoTotalIzquierda\">\n<div id=\"textoRojo\" class=\"divTextoRojo\"><\/div>\n<h2>Datos&nbsp;de contacto y horario de atenci\u00f3n<\/h2>\n<p>Si lo prefiere puede llamarnos y con gusto le atenderemos<\/p>\n<ul class=\"listadoProductos\">\n<li>Tel\u00e9fono: <strong>(+34) 91 438 86 47<\/strong><\/li>\n<li>WhatsApp: <strong>(+34) 646 45 66 44<\/strong><\/li>\n<li>Horario: <strong>09:00 a 18:00 hrs.<\/strong><\/li>\n<li>Email: ventas@provectus.es<\/li>\n<li>Calle Germ\u00e1n P\u00e9rez Carrasco, 63, Planta Baja, 28027 Madrid, Espa\u00f1a<\/li>\n<\/ul>\n<p>Tenemos el mejor precio en bombas hidr\u00e1ulicas,&nbsp;recambios&nbsp;hidr\u00e1ulicos y &nbsp;recambios neum\u00e1ticos.<\/p>\n<h2>Datos de contacto en M\u00e9xico<\/h2>\n<p>Hidroneum\u00e1tica Avanzada&nbsp;SA de CV<\/p>\n<ul class=\"listadoProductos\">\n<li>Tel\u00e9fono: <strong>(52 55) 56 51 63 66<\/strong><\/li>\n<li>Horario: 08:30 a las 17:30 hrs.<\/li>\n<li>Giotto 219, Col Alfonso XIII, CP 0160, M\u00e9xico DF, M\u00e9xico<\/li>\n<li><a title=\"Ir a sitio web de Bufete de Sistemas\" href=\"http:\/\/www.bufetedesistemas.com\" target=\"_blank\" rel=\"noopener noreferrer\">www.bufetedesistemas.com<\/a><\/li>\n<\/ul>\n<p>Tenemos el mejor precio en bombas hidr\u00e1ulicas,&nbsp;recambios&nbsp;hidr\u00e1ulicos y &nbsp;recambios neum\u00e1ticos.<\/p>\n<\/div>\n<\/div>\n<p>\n\t\t<\/div> \n\t<\/div> \n<\/div>\n","protected":false},"excerpt":{"rendered":"","protected":false},"author":1,"featured_media":0,"parent":0,"menu_order":0,"comment_status":"closed","ping_status":"closed","template":"page.php","meta":[],"yst_prominent_words":[],"_links":{"self":[{"href":"https:\/\/www.fluidpower.es\/pt-pt\/wp-json\/wp\/v2\/pages\/22351"}],"collection":[{"href":"https:\/\/www.fluidpower.es\/pt-pt\/wp-json\/wp\/v2\/pages"}],"about":[{"href":"https:\/\/www.fluidpower.es\/pt-pt\/wp-json\/wp\/v2\/types\/page"}],"author":[{"embeddable":true,"href":"https:\/\/www.fluidpower.es\/pt-pt\/wp-json\/wp\/v2\/users\/1"}],"replies":[{"embeddable":true,"href":"https:\/\/www.fluidpower.es\/pt-pt\/wp-json\/wp\/v2\/comments?post=22351"}],"version-history":[{"count":16,"href":"https:\/\/www.fluidpower.es\/pt-pt\/wp-json\/wp\/v2\/pages\/22351\/revisions"}],"predecessor-version":[{"id":22491,"href":"https:\/\/www.fluidpower.es\/pt-pt\/wp-json\/wp\/v2\/pages\/22351\/revisions\/22491"}],"wp:attachment":[{"href":"https:\/\/www.fluidpower.es\/pt-pt\/wp-json\/wp\/v2\/media?parent=22351"}],"wp:term":[{"taxonomy":"yst_prominent_words","embeddable":true,"href":"https:\/\/www.fluidpower.es\/pt-pt\/wp-json\/wp\/v2\/yst_prominent_words?post=22351"}],"curies":[{"name":"wp","href":"https:\/\/api.w.org\/{rel}","templated":true}]}}