{"id":22361,"date":"2015-04-05T17:38:42","date_gmt":"2015-04-05T17:38:42","guid":{"rendered":"https:\/\/www.fluidpower.es\/hidraulica\/"},"modified":"2024-11-15T17:08:11","modified_gmt":"2024-11-15T16:08:11","slug":"hidraulica","status":"publish","type":"page","link":"https:\/\/www.fluidpower.es\/pt-pt\/hidraulica\/","title":{"rendered":"Hidr\u00e1ulica de alta press\u00e3o"},"content":{"rendered":"<div class=\"wpb_row vc_row-fluid\">\n\t<div class=\"vc_span12 wpb_column column_container\">\n\t\t<div class=\"wpb_wrapper\">\n\t\t\t<\/p>\n<p data-sourcepos=\"5:3-5:261\">Aqui pode encontrar a maioria dos produtos de hidr\u00e1ulica de alta press\u00e3o que distribu\u00edmos a n\u00edvel mundial. A Provectus Hydraulica SL \u00e9 uma empresa global, dedicada \u00e0 distribui\u00e7\u00e3o de produtos hidr\u00e1ulicos de alta press\u00e3o em todo o mundo e com apenas um clique.<\/p>\n<p data-sourcepos=\"7:3-7:287\">Sabemos que a engenharia hidr\u00e1ulica \u00e9 um campo muito complexo, por isso os nossos engenheiros trabalham diariamente para oferecer n\u00e3o s\u00f3 os melhores produtos dispon\u00edveis, mas tamb\u00e9m um aconselhamento cont\u00ednuo para levar o seu projeto a bom porto, independentemente da sua complexidade.<\/p>\n<p data-sourcepos=\"9:3-9:155\">De seguida, apresentamos-lhe as gamas de produtos que comercializamos. Devido \u00e0 vasta gama de produtos, nem todos se encontram dispon\u00edveis no nosso site.<\/p>\n<p data-sourcepos=\"11:3-11:42\">Se n\u00e3o encontrar o produto que procura, entre em&nbsp;<a title=\"Contactar\" href=\"http:\/\/fluidpower.es\/contactar\/\">contacto connosco.<\/a><\/p>\n<p>\n\t\t<\/div> \n\t<\/div> \n<\/div>\n","protected":false},"excerpt":{"rendered":"","protected":false},"author":1,"featured_media":0,"parent":0,"menu_order":0,"comment_status":"open","ping_status":"open","template":"page.php","meta":[],"yst_prominent_words":[],"_links":{"self":[{"href":"https:\/\/www.fluidpower.es\/pt-pt\/wp-json\/wp\/v2\/pages\/22361"}],"collection":[{"href":"https:\/\/www.fluidpower.es\/pt-pt\/wp-json\/wp\/v2\/pages"}],"about":[{"href":"https:\/\/www.fluidpower.es\/pt-pt\/wp-json\/wp\/v2\/types\/page"}],"author":[{"embeddable":true,"href":"https:\/\/www.fluidpower.es\/pt-pt\/wp-json\/wp\/v2\/users\/1"}],"replies":[{"embeddable":true,"href":"https:\/\/www.fluidpower.es\/pt-pt\/wp-json\/wp\/v2\/comments?post=22361"}],"version-history":[{"count":2,"href":"https:\/\/www.fluidpower.es\/pt-pt\/wp-json\/wp\/v2\/pages\/22361\/revisions"}],"predecessor-version":[{"id":22364,"href":"https:\/\/www.fluidpower.es\/pt-pt\/wp-json\/wp\/v2\/pages\/22361\/revisions\/22364"}],"wp:attachment":[{"href":"https:\/\/www.fluidpower.es\/pt-pt\/wp-json\/wp\/v2\/media?parent=22361"}],"wp:term":[{"taxonomy":"yst_prominent_words","embeddable":true,"href":"https:\/\/www.fluidpower.es\/pt-pt\/wp-json\/wp\/v2\/yst_prominent_words?post=22361"}],"curies":[{"name":"wp","href":"https:\/\/api.w.org\/{rel}","templated":true}]}}