{"id":22366,"date":"2015-03-27T21:23:52","date_gmt":"2015-03-27T21:23:52","guid":{"rendered":"https:\/\/www.fluidpower.es\/hidraulica\/barra-cromada\/"},"modified":"2024-11-20T12:45:25","modified_gmt":"2024-11-20T11:45:25","slug":"barra-cromada","status":"publish","type":"page","link":"https:\/\/www.fluidpower.es\/pt-pt\/hidraulica\/barra-cromada\/","title":{"rendered":"Haste Cromada"},"content":{"rendered":"<p>Venda de<strong> haste cromada retificada<\/strong> para a fabrica\u00e7\u00e3o de hastes para cilindros hidr\u00e1ulicos (macacos hidr\u00e1ulicos).<\/p>\n<p>Dispomos de uma ampla gama de haste cromadas: <strong>a\u00e7o F114, F125, 20MnV6, temperadas, em a\u00e7o inoxid\u00e1vel AISI 304, AISI 431 e AISI 329<\/strong>, com qualidades <strong>ISO F8 at\u00e9 \u00d8 17 mm e ISO F7<\/strong> para di\u00e2metros a partir de 18 mm. <strong>Perfeitas para a fabrica\u00e7\u00e3o de cilindros hidr\u00e1ulicos<\/strong> de acordo com os mais altos padr\u00f5es internacionais.<\/p>\n<div id=\"attachment_4025\" style=\"width: 310px\" class=\"wp-caption aligncenter\"><a href=\"https:\/\/www.fluidpower.es\/wp-content\/uploads\/2015\/05\/barras-cromadas-rectificadas.jpg\"><img aria-describedby=\"caption-attachment-4025\" loading=\"lazy\" class=\"marcoimagen wp-image-4025 size-medium\" src=\"https:\/\/www.fluidpower.es\/wp-content\/uploads\/2015\/05\/barras-cromadas-rectificadas-300x300.jpg\" alt=\"Barra Cromada Rectificada\" width=\"300\" height=\"300\" srcset=\"https:\/\/www.fluidpower.es\/wp-content\/uploads\/2015\/05\/barras-cromadas-rectificadas.jpg 300w, https:\/\/www.fluidpower.es\/wp-content\/uploads\/2015\/05\/barras-cromadas-rectificadas-150x150.jpg 150w, https:\/\/www.fluidpower.es\/wp-content\/uploads\/2015\/05\/barras-cromadas-rectificadas-72x72.jpg 72w\" sizes=\"(max-width: 300px) 100vw, 300px\" \/><\/a><p id=\"caption-attachment-4025\" class=\"wp-caption-text\">Haste Cromada Retificada<\/p><\/div>\n<p>Trabalhamos com uma ampla gama de medidas, tanto em mil\u00edmetros como em polegadas. Vendemos haste cromada no tamanho que melhor lhe convier para a fabrica\u00e7\u00e3o dos seus macacos hidr\u00e1ulicos. Com a gente, n\u00e3o h\u00e1 necessidade de comprar uma haste inteira de 6 ou 7 metros; basta solicitar o tamanho que necessita, cortamos e enviamos para qualquer lugar onde esteja, dentro ou fora de Espanha.<strong> <a class=\"urlContactar\" title=\"Contactar\" href=\"https:\/\/fluidpower.es\/contactar\/\">Contacte-nos agora<\/a> e enviamos-lhe o or\u00e7amento rapidamente.<\/strong><\/p>\n\n<p>Se nos visita do M\u00e9xico, oferecemos todos os nossos produtos atrav\u00e9s da nossa empresa irm\u00e3 Bufete de Sistemas SA de CV. Visite o nosso site ou entre em contato diretamente ligando para o telefone (+52) 55 56 51 63 66.<\/p>\n<div class=\"text_box\" style=\"border: 1px solid #424242; \">\n<h4 class=\"title\" style=\"color:#a31717;\">Produtos Garantidos<\/h4>\n<div class=\"text clearfix\" style=\"\">Na Provectus Hydraulica garantimos um produto da melhor qualidade, por isso oferecemos uma garantia de 1 ano e meio (18 meses) em qualquer produto adquirido connosco. Trabalhamos exclusivamente com produtos novos e utilizamos pe\u00e7as originais para a repara\u00e7\u00e3o de qualquer equipamento. Isso permite-nos garantir o bom funcionamento do mesmo, desde que tenha sido utilizado de forma correta.<\/div>\n<\/div>\n<h2>Haste Cromada de Qualidade<\/h2>\n<p>N\u00f3s nos encarregamos de buscar ao redor do mundo os melhores fabricantes de haste cromada e de tubo lapidado. Os nossos produtos s\u00e3o importados dos moinhos de a\u00e7o mais importantes e de maior qualidade. Para isso, asseguramo-nos de que todos os nossos fornecedores de a\u00e7o cumprem com os m\u00e9todos e padr\u00f5es mais rigorosos. \u00c9 imperativo para n\u00f3s que o material que oferecemos aos nossos clientes seja sempre o melhor. Todos os nossos fornecedores possuem as certifica\u00e7\u00f5es ISO, que garantem um processo de fabrica\u00e7\u00e3o confi\u00e1vel e de qualidade.<\/p>\n","protected":false},"excerpt":{"rendered":"<p>Venda de haste cromada retificada para a fabrica\u00e7\u00e3o de hastes para cilindros hidr\u00e1ulicos (macacos hidr\u00e1ulicos). Dispomos de uma ampla gama&#8230;<\/p>\n","protected":false},"author":1,"featured_media":0,"parent":22361,"menu_order":0,"comment_status":"closed","ping_status":"closed","template":"page_blog_sidebar.php","meta":[],"yst_prominent_words":[],"_links":{"self":[{"href":"https:\/\/www.fluidpower.es\/pt-pt\/wp-json\/wp\/v2\/pages\/22366"}],"collection":[{"href":"https:\/\/www.fluidpower.es\/pt-pt\/wp-json\/wp\/v2\/pages"}],"about":[{"href":"https:\/\/www.fluidpower.es\/pt-pt\/wp-json\/wp\/v2\/types\/page"}],"author":[{"embeddable":true,"href":"https:\/\/www.fluidpower.es\/pt-pt\/wp-json\/wp\/v2\/users\/1"}],"replies":[{"embeddable":true,"href":"https:\/\/www.fluidpower.es\/pt-pt\/wp-json\/wp\/v2\/comments?post=22366"}],"version-history":[{"count":7,"href":"https:\/\/www.fluidpower.es\/pt-pt\/wp-json\/wp\/v2\/pages\/22366\/revisions"}],"predecessor-version":[{"id":22414,"href":"https:\/\/www.fluidpower.es\/pt-pt\/wp-json\/wp\/v2\/pages\/22366\/revisions\/22414"}],"up":[{"embeddable":true,"href":"https:\/\/www.fluidpower.es\/pt-pt\/wp-json\/wp\/v2\/pages\/22361"}],"wp:attachment":[{"href":"https:\/\/www.fluidpower.es\/pt-pt\/wp-json\/wp\/v2\/media?parent=22366"}],"wp:term":[{"taxonomy":"yst_prominent_words","embeddable":true,"href":"https:\/\/www.fluidpower.es\/pt-pt\/wp-json\/wp\/v2\/yst_prominent_words?post=22366"}],"curies":[{"name":"wp","href":"https:\/\/api.w.org\/{rel}","templated":true}]}}