{"id":22374,"date":"2015-03-26T18:04:46","date_gmt":"2015-03-26T18:04:46","guid":{"rendered":"https:\/\/www.fluidpower.es\/home\/"},"modified":"2024-11-15T17:52:52","modified_gmt":"2024-11-15T16:52:52","slug":"home","status":"publish","type":"page","link":"https:\/\/www.fluidpower.es\/pt-pt\/","title":{"rendered":"Inicio"},"content":{"rendered":"<h2>Somos especialistas em solu\u00e7\u00f5es hidr\u00e1ulicas e pneum\u00e1ticas<\/h2>\n<p data-sourcepos=\"5:1-5:62\"><strong>Somos especialistas em solu\u00e7\u00f5es hidr\u00e1ulicas e pneum\u00e1ticas.<\/strong><\/p>\n<p data-sourcepos=\"7:1-7:249\">Com mais de 10 anos de experi\u00eancia, oferecemos venda, reparo e manuten\u00e7\u00e3o de equipamentos hidr\u00e1ulicos de alta press\u00e3o e pneum\u00e1ticos. Trabalhamos com as melhores marcas do mercado, garantindo a qualidade e durabilidade dos nossos produtos e servi\u00e7os.<\/p>\n<p data-sourcepos=\"9:1-9:27\"><strong>Nosso portf\u00f3lio inclui:<\/strong><\/p>\n<ul data-sourcepos=\"11:1-22:0\">\n<li data-sourcepos=\"11:1-11:20\">Bombas hidr\u00e1ulicas<\/li>\n<li data-sourcepos=\"12:1-12:21\">Motores hidr\u00e1ulicos<\/li>\n<li data-sourcepos=\"13:1-13:29\">Intensificadores de press\u00e3o<\/li>\n<li data-sourcepos=\"14:1-14:23\">Cilindros hidr\u00e1ulicos<\/li>\n<li data-sourcepos=\"15:1-15:22\">V\u00e1lvulas hidr\u00e1ulicas<\/li>\n<li data-sourcepos=\"16:1-16:28\">Distribuidores hidr\u00e1ulicos<\/li>\n<li data-sourcepos=\"17:1-17:17\">Bombas de v\u00e1cuo<\/li>\n<li data-sourcepos=\"18:1-18:24\">Sopradores industriais<\/li>\n<li data-sourcepos=\"19:1-19:16\">V\u00e1lvulas de ar<\/li>\n<li data-sourcepos=\"20:1-20:23\">Cilindros pneum\u00e1ticos<\/li>\n<li data-sourcepos=\"21:1-22:0\">E muito mais!<\/li>\n<\/ul>\n<p data-sourcepos=\"23:1-23:42\"><strong>Solu\u00e7\u00f5es sob medida para o seu projeto<\/strong><\/p>\n<p data-sourcepos=\"25:1-25:176\">Precisando de um sistema hidr\u00e1ulico personalizado? Conte conosco! Nossa equipe de engenheiros realiza projetos sob medida, desde os mais simples aos mais complexos. Oferecemos:<\/p>\n<ul data-sourcepos=\"27:1-30:0\">\n<li data-sourcepos=\"27:1-27:88\"><strong>Consultoria t\u00e9cnica:<\/strong> Ajudamos voc\u00ea a escolher a melhor solu\u00e7\u00e3o para sua aplica\u00e7\u00e3o.<\/li>\n<li data-sourcepos=\"28:1-28:120\"><strong>Simula\u00e7\u00f5es:<\/strong> Utilizamos software de \u00faltima gera\u00e7\u00e3o para simular o desempenho do sistema antes da sua implementa\u00e7\u00e3o.<\/li>\n<li data-sourcepos=\"29:1-30:0\"><strong>Instala\u00e7\u00e3o e manuten\u00e7\u00e3o:<\/strong> Garantimos a instala\u00e7\u00e3o correta e a manuten\u00e7\u00e3o preventiva dos seus equipamentos.<\/li>\n<\/ul>\n<p data-sourcepos=\"31:1-31:43\">\n<p data-sourcepos=\"31:1-31:43\">\n<h3>Productos Hidr\u00e1ulicos<\/h3>\n<div class=\"portfolio noscript small\">\n<div class=\" galleriffic\" data-count=\"12\">\n<ul class=\"thumbs-temp styled\"><\/ul>\n<ul class=\"thumbs lazy-loading styled\" data-ll-item-delay=\"0\">\n<li class=\"inner-link equipo-hidraulico-de-alta-presion lazy-loading-item\" data-ll-effect=\"drop-bottom\"><a href=\"\/hidraulica\/tubo-lapeado\/\"><span class=\"image\"><img loading=\"lazy\" src=\"https:\/\/www.fluidpower.es\/wp-content\/uploads\/2015\/03\/tubos-lapeados-267x151.jpg\" width=\"267\" height=\"151\" alt=\"Tubos Lapeados\" \/><span class=\"overlay\"><span class=\"p-icon\"><\/span><\/span><\/span><\/a>\n<div class=\"caption\">\n<div class=\"title\">\n<div class=\"title-inner\">\n<div class=\"title-inner-content\"><\/div>\n<\/div>\n<\/div>\n<div class=\"small-title\">Tubos Lapeados<\/div>\n<div class=\"description\">\n<p>Amplia gama de tubo lapeado (pulido interior) para la fabricaci\u00f3n de cilindros hidr\u00e1ulicos de la m\u00e1s alta calidad.<\/p>\n<\/div>\n<\/div>\n<\/li>\n<li class=\"inner-link equipo-hidraulico-de-alta-presion lazy-loading-item\" data-ll-effect=\"drop-bottom\"><a href=\"\/hidraulica\/barra-cromada\/\"><span class=\"image\"><img loading=\"lazy\" src=\"https:\/\/www.fluidpower.es\/wp-content\/uploads\/2015\/05\/barras-cromadas-rectificadas-267x151.jpg\" width=\"267\" height=\"151\" alt=\"Barra Cromada Rectificada\" \/><span class=\"overlay\"><span class=\"p-icon\"><\/span><\/span><\/span><\/a>\n<div class=\"caption\">\n<div class=\"title\">\n<div class=\"title-inner\">\n<div class=\"title-inner-content\"><\/div>\n<\/div>\n<\/div>\n<div class=\"small-title\">Barra Cromada Rectificada<\/div>\n<div class=\"description\">\n<p>Venta de barra cromada rectificada para la fabricaci\u00f3n de cilindros hidr\u00e1ulicos (gatos hidr\u00e1ulicos), tenemos una amplia gama de barras de acero cromadas en acero 1026, con la mejor calidad (H8)&#8230;<\/p>\n<\/div>\n<\/div>\n<\/li>\n<li class=\"inner-link equipo-hidraulico-de-alta-presion lazy-loading-item\" data-ll-effect=\"drop-bottom\"><a href=\"\/hidraulica\/grupo-hidraulico\/\"><span class=\"image\"><img loading=\"lazy\" src=\"https:\/\/www.fluidpower.es\/wp-content\/uploads\/2015\/03\/grupo-hidraulico-provectus-267x151.jpg\" width=\"267\" height=\"151\" alt=\"Grupos Hidr\u00e1ulicos\" \/><span class=\"overlay\"><span class=\"p-icon\"><\/span><\/span><\/span><\/a>\n<div class=\"caption\">\n<div class=\"title\">\n<div class=\"title-inner\">\n<div class=\"title-inner-content\"><\/div>\n<\/div>\n<\/div>\n<div class=\"small-title\">Grupos Hidr\u00e1ulicos<\/div>\n<div class=\"description\">\n<p>Nosotros le ofrecemos el grupo hidr\u00e1ulico perfecto ya que lo adaptamos a sus necesidades. Le haremos todos los c\u00e1lculos &#8230;<\/p>\n<\/div>\n<\/div>\n<\/li>\n<li class=\"inner-link equipo-hidraulico-de-alta-presion lazy-loading-item\" data-ll-effect=\"drop-bottom\"><a href=\"\/hidraulica\/bombas-hidraulicas-de-maquinaria-pesada\/\"><span class=\"image\"><img loading=\"lazy\" src=\"https:\/\/www.fluidpower.es\/wp-content\/uploads\/2015\/04\/bomba-hidraulica-maquinaria-caterpillar-258x151.jpg\" width=\"258\" height=\"151\" alt=\"Bombas Maquinaria e Industriales\" \/><span class=\"overlay\"><span class=\"p-icon\"><\/span><\/span><\/span><\/a>\n<div class=\"caption\">\n<div class=\"title\">\n<div class=\"title-inner\">\n<div class=\"title-inner-content\"><\/div>\n<\/div>\n<\/div>\n<div class=\"small-title\">Bombas Maquinaria e Industriales<\/div>\n<div class=\"description\">\n<p>Somos expertos en bombas hidr\u00e1ulicas de maquinaria e industriales. Con nosotros podr\u00e1 comprar y reparar cualquier bomba hidr\u00e1ulica de casi todas las grandes marcas de maquinaria pesada.<\/p>\n<\/div>\n<\/div>\n<\/li>\n<li class=\"inner-link equipo-hidraulico-de-alta-presion lazy-loading-item\" data-ll-effect=\"drop-bottom\"><a href=\"\/hidraulica\/bombas-de-engranajes\/\"><span class=\"image\"><img loading=\"lazy\" src=\"https:\/\/www.fluidpower.es\/wp-content\/uploads\/2015\/03\/GP10K-R2G6E-3-267x151.jpg\" width=\"267\" height=\"151\" alt=\"Bombas hidr\u00e1ulicas\" \/><span class=\"overlay\"><span class=\"p-icon\"><\/span><\/span><\/span><\/a>\n<div class=\"caption\">\n<div class=\"title\">\n<div class=\"title-inner\">\n<div class=\"title-inner-content\"><\/div>\n<\/div>\n<\/div>\n<div class=\"small-title\">Bombas hidr\u00e1ulicas<\/div>\n<div class=\"description\">\n<p>De engranajes, desde 2 cc\/rev hasta 36 cc\/rev, presi\u00f3n de hasta 350 bar. Alta durabilidad y fiabilidad, de fabricaci\u00f3n 100% Europea. Los mejores precios del mercado.<\/p>\n<\/div>\n<\/div>\n<\/li>\n<li class=\"inner-link equipo-hidraulico-de-alta-presion lazy-loading-item\" data-ll-effect=\"drop-bottom\"><a href=\"\/hidraulica\/distribuidores-hidraulicos\/\"><span class=\"image\"><img loading=\"lazy\" src=\"https:\/\/www.fluidpower.es\/wp-content\/uploads\/2015\/03\/valvula-2-palancas-hof-b-267x151.jpg\" width=\"267\" height=\"151\" alt=\"Distribuidores Hidr\u00e1ulicos\" \/><span class=\"overlay\"><span class=\"p-icon\"><\/span><\/span><\/span><\/a>\n<div class=\"caption\">\n<div class=\"title\">\n<div class=\"title-inner\">\n<div class=\"title-inner-content\"><\/div>\n<\/div>\n<\/div>\n<div class=\"small-title\">Distribuidores Hidr\u00e1ulicos<\/div>\n<div class=\"description\">\n<p>Flujo de hasta 300 lts\/min. V\u00e1lvula de alivio integrada, regulable hasta 700 bar (10.000 psi). Tipo monoblock o componibles para integrar tantas secciones como sea necesario.<\/p>\n<\/div>\n<\/div>\n<\/li>\n<li class=\"inner-link equipo-hidraulico-de-alta-presion lazy-loading-item\" data-ll-effect=\"drop-bottom\"><a href=\"\/hidraulica\/cilindros-hidraulicos\/\"><span class=\"image\"><img loading=\"lazy\" src=\"https:\/\/www.fluidpower.es\/wp-content\/uploads\/2015\/05\/cilindro-hidraulico-brida-rectangular-267x151.jpg\" width=\"267\" height=\"151\" alt=\"Cilindros Hidr\u00e1ulicos\" \/><span class=\"overlay\"><span class=\"p-icon\"><\/span><\/span><\/span><\/a>\n<div class=\"caption\">\n<div class=\"title\">\n<div class=\"title-inner\">\n<div class=\"title-inner-content\"><\/div>\n<\/div>\n<\/div>\n<div class=\"small-title\">Cilindros Hidr\u00e1ulicos<\/div>\n<div class=\"description\">\n<p>Tenemos una gran oferta de cilindros hidr\u00e1ulicos (gatos hidr\u00e1ulicos) as\u00ed como todas sus piezas para reparaci\u00f3n, para todo tipo de aplicaciones, desde &#8230;<\/p>\n<\/div>\n<\/div>\n<\/li>\n<li class=\"inner-link equipo-hidraulico-de-alta-presion lazy-loading-item\" data-ll-effect=\"drop-bottom\"><a href=\"\/hidraulica\/valvulas-de-alta-presion\/\"><span class=\"image\"><img loading=\"lazy\" src=\"https:\/\/www.fluidpower.es\/wp-content\/uploads\/2015\/05\/valvulas-solenoide-hof-267x151.png\" width=\"267\" height=\"151\" alt=\"V\u00e1lvulas de alta presi\u00f3n\" \/><span class=\"overlay\"><span class=\"p-icon\"><\/span><\/span><\/span><\/a>\n<div class=\"caption\">\n<div class=\"title\">\n<div class=\"title-inner\">\n<div class=\"title-inner-content\"><\/div>\n<\/div>\n<\/div>\n<div class=\"small-title\">V\u00e1lvulas de alta presi\u00f3n<\/div>\n<div class=\"description\">\n<p>V\u00e1lvulas de alta presi\u00f3n hidr\u00e1ulica de todo tipo,v\u00e1lvulas direccionales, v\u00e1lvulas de alivio (v\u00e1lvulas de seguridad), v\u00e1lvulas antirretorno (v\u00e1lvulas check)&#8230;<\/p>\n<\/div>\n<\/div>\n<\/li>\n<li class=\"inner-link equipo-hidraulico-de-alta-presion lazy-loading-item\" data-ll-effect=\"drop-bottom\"><a href=\"\/hidraulica\/manometros\/\"><span class=\"image\"><img loading=\"lazy\" src=\"https:\/\/www.fluidpower.es\/wp-content\/uploads\/2015\/03\/55.1113.700-267x151.jpg\" width=\"267\" height=\"151\" alt=\"Man\u00f3metros de alta presi\u00f3n\" \/><span class=\"overlay\"><span class=\"p-icon\"><\/span><\/span><\/span><\/a>\n<div class=\"caption\">\n<div class=\"title\">\n<div class=\"title-inner\">\n<div class=\"title-inner-content\"><\/div>\n<\/div>\n<\/div>\n<div class=\"small-title\">Man\u00f3metros de alta presi\u00f3n<\/div>\n<div class=\"description\">\n<p>Man\u00f3metros de alta presi\u00f3n para todo tipo de aplicaciones hidr\u00e1ulicas, dise\u00f1ados bajo los m\u00e1s altos est\u00e1ndares europeos, ofreciendo una medici\u00f3n exacta y una calidad indiscutible<\/p>\n<\/div>\n<\/div>\n<\/li>\n<li class=\"inner-link equipo-hidraulico-de-alta-presion lazy-loading-item\" data-ll-effect=\"drop-bottom\"><a href=\"\/hidraulica\/latiguillos-hidraulicos-de-alta-presion\/\"><span class=\"image\"><img loading=\"lazy\" src=\"https:\/\/www.fluidpower.es\/wp-content\/uploads\/2015\/03\/mangueras-hidraulicas-Balflex-provectus.es_-267x151.jpg\" width=\"267\" height=\"151\" alt=\"Latiguillos Hidr\u00e1ulicos\" \/><span class=\"overlay\"><span class=\"p-icon\"><\/span><\/span><\/span><\/a>\n<div class=\"caption\">\n<div class=\"title\">\n<div class=\"title-inner\">\n<div class=\"title-inner-content\"><\/div>\n<\/div>\n<\/div>\n<div class=\"small-title\">Latiguillos Hidr\u00e1ulicos<\/div>\n<div class=\"description\">\n<p>Fabricamos latiguillos hidr\u00e1ulicos de alta presi\u00f3n de acuerdo a sus necesidades. Tenemos un cat\u00e1logo enorme de conectores y mangueras hidr\u00e1ulicas<\/p>\n<\/div>\n<\/div>\n<\/li>\n<li class=\"inner-link equipo-hidraulico-de-alta-presion lazy-loading-item\" data-ll-effect=\"drop-bottom\"><a href=\"https:\/\/www.fluidpower.es\/hidraulica\/instalaciones-hidraulicas\/\"><span class=\"image\"><img loading=\"lazy\" src=\"https:\/\/www.fluidpower.es\/wp-content\/uploads\/2021\/06\/2a843e85-2d87-429a-b197-ca5a205b51ed-267x151.jpeg\" width=\"267\" height=\"151\" alt=\"Instalaciones Hidr\u00e1ulicas\" \/><span class=\"overlay\"><span class=\"p-icon\"><\/span><\/span><\/span><\/a>\n<div class=\"caption\">\n<div class=\"title\">\n<div class=\"title-inner\">\n<div class=\"title-inner-content\"><\/div>\n<\/div>\n<\/div>\n<div class=\"small-title\">Instalaciones Hidr\u00e1ulicas<\/div>\n<div class=\"description\">\n<p>Hacemos instalaciones hidr\u00e1ulicas de alta presi\u00f3n en taller e in-situ por toda Espa\u00f1a. Somos instaladores profesionales<\/p>\n<\/div>\n<\/div>\n<\/li>\n<\/ul>\n<\/div>\n<\/div>\n<div class=\"loading\"><\/div>\n<p data-sourcepos=\"31:1-31:43\"><strong>Experi\u00eancia internacional a seu servi\u00e7o<\/strong><\/p>\n<p data-sourcepos=\"33:1-33:241\">Com mais de 50 anos de experi\u00eancia no mercado, nossa empresa matriz, localizada na Cidade do M\u00e9xico, \u00e9 refer\u00eancia em solu\u00e7\u00f5es hidr\u00e1ulicas e pneum\u00e1ticas. Trazemos essa expertise para Portugal, oferecendo produtos e servi\u00e7os de alta qualidade.<\/p>\n<p data-sourcepos=\"35:1-35:63\"><strong>Entre em contato conosco e descubra como podemos te ajudar!<\/strong><\/p>\n","protected":false},"excerpt":{"rendered":"<p>Somos especialistas em solu\u00e7\u00f5es hidr\u00e1ulicas e pneum\u00e1ticas Somos especialistas em solu\u00e7\u00f5es hidr\u00e1ulicas e pneum\u00e1ticas. Com mais de 10 anos de&#8230;<\/p>\n","protected":false},"author":1,"featured_media":0,"parent":0,"menu_order":0,"comment_status":"closed","ping_status":"closed","template":"page.php","meta":[],"yst_prominent_words":[],"_links":{"self":[{"href":"https:\/\/www.fluidpower.es\/pt-pt\/wp-json\/wp\/v2\/pages\/22374"}],"collection":[{"href":"https:\/\/www.fluidpower.es\/pt-pt\/wp-json\/wp\/v2\/pages"}],"about":[{"href":"https:\/\/www.fluidpower.es\/pt-pt\/wp-json\/wp\/v2\/types\/page"}],"author":[{"embeddable":true,"href":"https:\/\/www.fluidpower.es\/pt-pt\/wp-json\/wp\/v2\/users\/1"}],"replies":[{"embeddable":true,"href":"https:\/\/www.fluidpower.es\/pt-pt\/wp-json\/wp\/v2\/comments?post=22374"}],"version-history":[{"count":3,"href":"https:\/\/www.fluidpower.es\/pt-pt\/wp-json\/wp\/v2\/pages\/22374\/revisions"}],"predecessor-version":[{"id":22380,"href":"https:\/\/www.fluidpower.es\/pt-pt\/wp-json\/wp\/v2\/pages\/22374\/revisions\/22380"}],"wp:attachment":[{"href":"https:\/\/www.fluidpower.es\/pt-pt\/wp-json\/wp\/v2\/media?parent=22374"}],"wp:term":[{"taxonomy":"yst_prominent_words","embeddable":true,"href":"https:\/\/www.fluidpower.es\/pt-pt\/wp-json\/wp\/v2\/yst_prominent_words?post=22374"}],"curies":[{"name":"wp","href":"https:\/\/api.w.org\/{rel}","templated":true}]}}