{"id":22383,"date":"2015-03-29T16:38:55","date_gmt":"2015-03-29T16:38:55","guid":{"rendered":"https:\/\/www.fluidpower.es\/hidraulica\/grupos-hidraulicos\/"},"modified":"2026-03-26T17:30:02","modified_gmt":"2026-03-26T16:30:02","slug":"grupos-hidraulicos","status":"publish","type":"page","link":"https:\/\/www.fluidpower.es\/pt-pt\/hidraulica\/grupos-hidraulicos\/","title":{"rendered":"Grupos Hidr\u00e1ulicos"},"content":{"rendered":"<h2>Fabricamos el grupo hidr\u00e1ulico a tu medida<\/h2>\n<p>Para empezar es importante saber que las <strong>centralitas hidr\u00e1ulicas<\/strong>\u00a0(centrales hidr\u00e1ulicas, grupos hidr\u00e1ulicos o minicentrales hidr\u00e1ulicas) <strong>son el coraz\u00f3n<\/strong> de cualquier<strong> sistema hidr\u00e1ulico<\/strong> de alta presi\u00f3n.<\/p>\n<p>Son los <strong>encargados de dar el caudal y la presi\u00f3n<\/strong> a los distintos elementos hidr\u00e1ulicos del sistema: v\u00e1lvulas hidr\u00e1ulicas, cilindros hidr\u00e1ulicos, motores hidr\u00e1ulicos, etc.<\/p>\n<p><strong>Nosotros le ofrecemos el grupo hidr\u00e1ulico perfecto<\/strong> ya que lo <strong>adaptamos<\/strong> a <strong>sus necesidades<\/strong>.<\/p>\n<p>Por lo tanto haremos todos los c\u00e1lculos necesarios para determinar cual es el equipo ideal para que su aplicaci\u00f3n funcione exactamente como debe de hacerlo.<\/p>\n<p><a href=\"https:\/\/www.fluidpower.es\/pt-pt\/hidraulica\/grupos-hidraulicos\/\"><img loading=\"lazy\" class=\"wp-image-23421 aligncenter\" src=\"https:\/\/www.fluidpower.es\/wp-content\/uploads\/2026\/03\/Grupo-Thermowaste-2-300x300.png\" alt=\"\" width=\"691\" height=\"691\" srcset=\"https:\/\/www.fluidpower.es\/wp-content\/uploads\/2026\/03\/Grupo-Thermowaste-2-300x300.png 300w, https:\/\/www.fluidpower.es\/wp-content\/uploads\/2026\/03\/Grupo-Thermowaste-2-150x150.png 150w, https:\/\/www.fluidpower.es\/wp-content\/uploads\/2026\/03\/Grupo-Thermowaste-2-72x72.png 72w, https:\/\/www.fluidpower.es\/wp-content\/uploads\/2026\/03\/Grupo-Thermowaste-2.png 499w\" sizes=\"(max-width: 691px) 100vw, 691px\" \/><\/a><\/p>\n<h2>Los grupos\u00a0hidr\u00e1ulicos se compone de:<\/h2>\n<ul class=\"listadoProductos\">\n<li><strong>Bomba hidr\u00e1ulica de alta presi\u00f3n<\/strong><\/li>\n<li><strong>V\u00e1lvula direccional<\/strong> (Solenoide o distribuidor manual)<\/li>\n<li><strong>Motor el\u00e9ctrico o de gasolina<\/strong><\/li>\n<li><strong>Acoplamiento motor-bomba<\/strong><\/li>\n<li><strong>Tanque de aceite<\/strong><\/li>\n<li><strong>Medidor de\u00a0presi\u00f3n\u00a0(Man\u00f3metro)<\/strong><\/li>\n<li><strong>Arrancador Magn\u00e9tico<\/strong><\/li>\n<li><strong>Arrancador de presi\u00f3n (opcional)<\/strong><\/li>\n<li><strong>y m\u00e1s componentes, de acuerdo a sus necesidades.<\/strong><\/li>\n<\/ul>\n<p>Las <strong>minicentrales hidr\u00e1ulicas<\/strong> son llamadas as\u00ed por su tama\u00f1o compacto, normalmente funcionan con <strong>motores el\u00e9ctricos de 12V \u00f3 24V.<\/strong>Por ese motivo son sistemas com\u00fanmente utilizados en equipos m\u00f3viles como camiones, remolques y otros sistemas m\u00f3viles.<\/p>\n<p>La minicentral hidr\u00e1ulica es la encargada de ofrecer el flujo y presi\u00f3n hidr\u00e1ulica para dar fuerza y movimiento a los cilindros hidr\u00e1ulicos encargados de hacer el movimiento<\/p>\n<p>Las <strong>centrales hidr\u00e1ulicas<\/strong> son sistemas un poco m\u00e1s grandes, con un peque\u00f1o tanque y que pueden funcionar a\u00a0110V, 220V, 330V o 480V, en monof\u00e1sico o trif\u00e1sico.<\/p>\n<p>Finalmente est\u00e1n los<strong> grupos hidr\u00e1ulicos<\/strong> que funcionan con motores el\u00e9ctricos de 220V hasta 480V monof\u00e1sicos o trif\u00e1sicos.<\/p>\n<p>Los grupos hidr\u00e1ulicos o unidades hidr\u00e1ulicas son <strong>dise\u00f1adas y fabricadas a medida,<\/strong> por lo que los componentes de las pueden variar.<\/p>\n<p><strong><a class=\"urlContactar\" title=\"Ir a contactar\" href=\"https:\/\/www.fluidpower.es\/pt-pt\/contactar\/\">Cont\u00e1ctenos<\/a> para obtener un presupuesto<\/strong> o mayor informaci\u00f3n de una unidad de potencia. Atendemos en toda Espa\u00f1a.<\/p>\n<div class=\"text_box\" style=\"border: 1px solid #424242; \">\n<h4 class=\"title\" style=\"color:#a31717;\">Productos Garantizados<\/h4>\n<div class=\"text clearfix\" style=\"\">En Provectus Hydraulica le garantizamos un producto de la mejor calidad, por ello le ofrecemos una garant\u00eda de 1 a\u00f1o y medio (18 meses) sobre cualquier producto que nos compre. Nosotros \u00fanicamente vendemos productos nuevos y utilizamos piezas originales para la reparaci\u00f3n de cualquier equipo, esto nos permite garantizar el buen funcionamiento del mismo, siempre y cuando haya sido utilizado de manera correcta.<\/div>\n<\/div>\n","protected":false},"excerpt":{"rendered":"<p>Fabricamos el grupo hidr\u00e1ulico a tu medida Para empezar es importante saber que las centralitas hidr\u00e1ulicas\u00a0(centrales hidr\u00e1ulicas, grupos hidr\u00e1ulicos o&#8230;<\/p>\n","protected":false},"author":1,"featured_media":0,"parent":22361,"menu_order":0,"comment_status":"closed","ping_status":"closed","template":"page_sidebar.php","meta":[],"yst_prominent_words":[],"_links":{"self":[{"href":"https:\/\/www.fluidpower.es\/pt-pt\/wp-json\/wp\/v2\/pages\/22383"}],"collection":[{"href":"https:\/\/www.fluidpower.es\/pt-pt\/wp-json\/wp\/v2\/pages"}],"about":[{"href":"https:\/\/www.fluidpower.es\/pt-pt\/wp-json\/wp\/v2\/types\/page"}],"author":[{"embeddable":true,"href":"https:\/\/www.fluidpower.es\/pt-pt\/wp-json\/wp\/v2\/users\/1"}],"replies":[{"embeddable":true,"href":"https:\/\/www.fluidpower.es\/pt-pt\/wp-json\/wp\/v2\/comments?post=22383"}],"version-history":[{"count":18,"href":"https:\/\/www.fluidpower.es\/pt-pt\/wp-json\/wp\/v2\/pages\/22383\/revisions"}],"predecessor-version":[{"id":23432,"href":"https:\/\/www.fluidpower.es\/pt-pt\/wp-json\/wp\/v2\/pages\/22383\/revisions\/23432"}],"up":[{"embeddable":true,"href":"https:\/\/www.fluidpower.es\/pt-pt\/wp-json\/wp\/v2\/pages\/22361"}],"wp:attachment":[{"href":"https:\/\/www.fluidpower.es\/pt-pt\/wp-json\/wp\/v2\/media?parent=22383"}],"wp:term":[{"taxonomy":"yst_prominent_words","embeddable":true,"href":"https:\/\/www.fluidpower.es\/pt-pt\/wp-json\/wp\/v2\/yst_prominent_words?post=22383"}],"curies":[{"name":"wp","href":"https:\/\/api.w.org\/{rel}","templated":true}]}}