{"id":22445,"date":"2015-04-27T15:13:45","date_gmt":"2015-04-27T15:13:45","guid":{"rendered":"https:\/\/www.fluidpower.es\/hidraulica\/bombas-de-engranajes\/"},"modified":"2025-01-17T11:37:20","modified_gmt":"2025-01-17T10:37:20","slug":"bombas-de-engranajes","status":"publish","type":"page","link":"https:\/\/www.fluidpower.es\/pt-pt\/hidraulica\/bombas-de-engranajes\/","title":{"rendered":"Bombas de Engrenagens"},"content":{"rendered":"\n<div class=\"wpb_row vc_row-fluid\">\n\t<div class=\"vc_span12 wpb_column column_container\">\n\t\t<div class=\"wpb_wrapper\">\n\t\t\t<\/p>\n<p>Temos <strong>bombas hidr\u00e1ulicas de engrenagens<\/strong> da marca <a title=\"Ir al sitio web de Hydrosila\" href=\"http:\/\/www.hydrosila.com\/en\/\">Hydrosila<\/a>, de <strong>fabrica\u00e7\u00e3o 100% europeia<\/strong>. Todas as nossas bombas foram projetadas para trabalhar sob as <strong>condi\u00e7\u00f5es mais adversas<\/strong>, e o seu design em <strong>alum\u00ednio de alta resist\u00eancia<\/strong> melhora a durabilidade em rela\u00e7\u00e3o \u00e0s bombas de a\u00e7o.<\/p>\n<br \/>\n<p>Todas as nossas bombas de engrenagens s\u00e3o testadas antes de serem colocadas \u00e0 venda, para <strong>verificar que funcionam a 100%<\/strong> e cumprem com todas as <strong>caracter\u00edsticas t\u00e9cnicas exigidas<\/strong>.<\/p>\n<br \/>\n<p>As bombas de engrenagens t\u00eam uma grande procura devido \u00e0 sua <strong>longa vida \u00fatil<\/strong> e ao seu baixo custo de manuten\u00e7\u00e3o. Enquanto o sistema tiver uma v\u00e1lvula de seguran\u00e7a que evite <strong>press\u00f5es superiores \u00e0s especificadas<\/strong>, estas bombas oferecem milhares de horas de trabalho cont\u00ednuo. A rela\u00e7\u00e3o qualidade-pre\u00e7o das nossas bombas \u00e9 excelente; raramente se encontra uma bomba de engrenagens de <strong>alum\u00ednio de qualidade 100% europeia<\/strong> a pre\u00e7os t\u00e3o baixos como os que oferecemos.<\/p>\n<br \/>\n<p><h3>Bombas de Aluminio<\/h3><div class=\"gallery noscript full shortcode left\"><div class=\"container\"><ul class=\"preview clearfix styled\"><li><a class=\"fancy_gallery\" rel=\"group-182\" href=\"https:\/\/www.fluidpower.es\/wp-content\/uploads\/2015\/03\/GP5K-R2H6E-11.jpg\"><img loading=\"lazy\" src=\"https:\/\/www.fluidpower.es\/wp-content\/uploads\/2015\/03\/GP5K-R2H6E-11-1170x473.jpg\" width=\"1170\" height=\"473\" alt=\"\" \/><span class=\"overlay\"><span class=\"p-icon\"><\/span><\/span><\/a><\/li><li><a class=\"fancy_gallery\" rel=\"group-182\" href=\"https:\/\/www.fluidpower.es\/wp-content\/uploads\/2015\/03\/GP5K-R2H6E-2.jpg\"><img loading=\"lazy\" src=\"https:\/\/www.fluidpower.es\/wp-content\/uploads\/2015\/03\/GP5K-R2H6E-2-1170x473.jpg\" width=\"1170\" height=\"473\" alt=\"\" \/><span class=\"overlay\"><span class=\"p-icon\"><\/span><\/span><\/a><\/li><li><a class=\"fancy_gallery\" rel=\"group-182\" href=\"https:\/\/www.fluidpower.es\/wp-content\/uploads\/2015\/03\/GP5K-R2H6E-3.jpg\"><img loading=\"lazy\" src=\"https:\/\/www.fluidpower.es\/wp-content\/uploads\/2015\/03\/GP5K-R2H6E-3-1170x473.jpg\" width=\"1170\" height=\"473\" alt=\"\" \/><span class=\"overlay\"><span class=\"p-icon\"><\/span><\/span><\/a><\/li><li><a class=\"fancy_gallery\" rel=\"group-182\" href=\"https:\/\/www.fluidpower.es\/wp-content\/uploads\/2015\/03\/GP5K-R2H6E-4.jpg\"><img loading=\"lazy\" src=\"https:\/\/www.fluidpower.es\/wp-content\/uploads\/2015\/03\/GP5K-R2H6E-4-1170x473.jpg\" width=\"1170\" height=\"473\" alt=\"\" \/><span class=\"overlay\"><span class=\"p-icon\"><\/span><\/span><\/a><\/li><li><a class=\"fancy_gallery\" rel=\"group-182\" href=\"https:\/\/www.fluidpower.es\/wp-content\/uploads\/2015\/03\/GP10K-R2G6E-1.jpg\"><img loading=\"lazy\" src=\"https:\/\/www.fluidpower.es\/wp-content\/uploads\/2015\/03\/GP10K-R2G6E-1-1170x473.jpg\" width=\"1170\" height=\"473\" alt=\"\" \/><span class=\"overlay\"><span class=\"p-icon\"><\/span><\/span><\/a><\/li><li><a class=\"fancy_gallery\" rel=\"group-182\" href=\"https:\/\/www.fluidpower.es\/wp-content\/uploads\/2015\/03\/GP10K-R2G6E-2.jpg\"><img loading=\"lazy\" src=\"https:\/\/www.fluidpower.es\/wp-content\/uploads\/2015\/03\/GP10K-R2G6E-2-1170x473.jpg\" width=\"1170\" height=\"473\" alt=\"\" \/><span class=\"overlay\"><span class=\"p-icon\"><\/span><\/span><\/a><\/li><li><a class=\"fancy_gallery\" rel=\"group-182\" href=\"https:\/\/www.fluidpower.es\/wp-content\/uploads\/2015\/03\/GP10K-R2G6E-3.jpg\"><img loading=\"lazy\" src=\"https:\/\/www.fluidpower.es\/wp-content\/uploads\/2015\/03\/GP10K-R2G6E-3-1170x473.jpg\" width=\"1170\" height=\"473\" alt=\"\" \/><span class=\"slide-info\"><span class=\"slide-caption\">Bomba hidr\u00e1ulica de engranajes<\/span><span class=\"slide-description\">Bomba hidr\u00e1ulica de engranajes. Ofrece una gran presi\u00f3n y flujo<\/span><\/span><span class=\"overlay\"><span class=\"p-icon\"><\/span><\/span><\/a><\/li><li><a class=\"fancy_gallery\" rel=\"group-182\" href=\"https:\/\/www.fluidpower.es\/wp-content\/uploads\/2015\/03\/GP10K-R2G6E-4.jpg\"><img loading=\"lazy\" src=\"https:\/\/www.fluidpower.es\/wp-content\/uploads\/2015\/03\/GP10K-R2G6E-4-1170x473.jpg\" width=\"1170\" height=\"473\" alt=\"\" \/><span class=\"overlay\"><span class=\"p-icon\"><\/span><\/span><\/a><\/li><li><a class=\"fancy_gallery\" rel=\"group-182\" href=\"https:\/\/www.fluidpower.es\/wp-content\/uploads\/2015\/03\/GP20K-R2G6E-1.jpg\"><img loading=\"lazy\" src=\"https:\/\/www.fluidpower.es\/wp-content\/uploads\/2015\/03\/GP20K-R2G6E-1-1170x473.jpg\" width=\"1170\" height=\"473\" alt=\"\" \/><span class=\"overlay\"><span class=\"p-icon\"><\/span><\/span><\/a><\/li><li><a class=\"fancy_gallery\" rel=\"group-182\" href=\"https:\/\/www.fluidpower.es\/wp-content\/uploads\/2015\/03\/GP20K-R2G6E-2.jpg\"><img loading=\"lazy\" src=\"https:\/\/www.fluidpower.es\/wp-content\/uploads\/2015\/03\/GP20K-R2G6E-2-1170x473.jpg\" width=\"1170\" height=\"473\" alt=\"\" \/><span class=\"overlay\"><span class=\"p-icon\"><\/span><\/span><\/a><\/li><li><a class=\"fancy_gallery\" rel=\"group-182\" href=\"https:\/\/www.fluidpower.es\/wp-content\/uploads\/2015\/03\/GP20K-R2G6E-3.jpg\"><img loading=\"lazy\" src=\"https:\/\/www.fluidpower.es\/wp-content\/uploads\/2015\/03\/GP20K-R2G6E-3-1170x473.jpg\" width=\"1170\" height=\"473\" alt=\"\" \/><span class=\"overlay\"><span class=\"p-icon\"><\/span><\/span><\/a><\/li><li><a class=\"fancy_gallery\" rel=\"group-182\" href=\"https:\/\/www.fluidpower.es\/wp-content\/uploads\/2015\/03\/GP20K-R2G6E-4.jpg\"><img loading=\"lazy\" src=\"https:\/\/www.fluidpower.es\/wp-content\/uploads\/2015\/03\/GP20K-R2G6E-4-1170x473.jpg\" width=\"1170\" height=\"473\" alt=\"\" \/><span class=\"overlay\"><span class=\"p-icon\"><\/span><\/span><\/a><\/li><li><a class=\"fancy_gallery\" rel=\"group-182\" href=\"https:\/\/www.fluidpower.es\/wp-content\/uploads\/2015\/03\/GP20K-R2G6E-5.jpg\"><img loading=\"lazy\" src=\"https:\/\/www.fluidpower.es\/wp-content\/uploads\/2015\/03\/GP20K-R2G6E-5-1170x473.jpg\" width=\"1170\" height=\"473\" alt=\"\" \/><span class=\"overlay\"><span class=\"p-icon\"><\/span><\/span><\/a><\/li><li><a class=\"fancy_gallery\" rel=\"group-182\" href=\"https:\/\/www.fluidpower.es\/wp-content\/uploads\/2015\/03\/GP32K-2.5H7E-2.jpg\"><img loading=\"lazy\" src=\"https:\/\/www.fluidpower.es\/wp-content\/uploads\/2015\/03\/GP32K-2.5H7E-2-1170x473.jpg\" width=\"1170\" height=\"473\" alt=\"\" \/><span class=\"overlay\"><span class=\"p-icon\"><\/span><\/span><\/a><\/li><li><a class=\"fancy_gallery\" rel=\"group-182\" href=\"https:\/\/www.fluidpower.es\/wp-content\/uploads\/2015\/03\/GP32K-2.5H7E-3.jpg\"><img loading=\"lazy\" src=\"https:\/\/www.fluidpower.es\/wp-content\/uploads\/2015\/03\/GP32K-2.5H7E-3-1170x473.jpg\" width=\"1170\" height=\"473\" alt=\"\" \/><span class=\"overlay\"><span class=\"p-icon\"><\/span><\/span><\/a><\/li><li><a class=\"fancy_gallery\" rel=\"group-182\" href=\"https:\/\/www.fluidpower.es\/wp-content\/uploads\/2015\/03\/GP32K-2.5H7E-4.jpg\"><img loading=\"lazy\" src=\"https:\/\/www.fluidpower.es\/wp-content\/uploads\/2015\/03\/GP32K-2.5H7E-4-1170x473.jpg\" width=\"1170\" height=\"473\" alt=\"\" \/><span class=\"overlay\"><span class=\"p-icon\"><\/span><\/span><\/a><\/li><li><a class=\"fancy_gallery\" rel=\"group-182\" href=\"https:\/\/www.fluidpower.es\/wp-content\/uploads\/2015\/03\/GP32K-2.5H7E-5.jpg\"><img loading=\"lazy\" src=\"https:\/\/www.fluidpower.es\/wp-content\/uploads\/2015\/03\/GP32K-2.5H7E-5-1170x473.jpg\" width=\"1170\" height=\"473\" alt=\"\" \/><span class=\"overlay\"><span class=\"p-icon\"><\/span><\/span><\/a><\/li><li><a class=\"fancy_gallery\" rel=\"group-182\" href=\"https:\/\/www.fluidpower.es\/wp-content\/uploads\/2015\/03\/GP32K-2.5H7E-6.jpg\"><img loading=\"lazy\" src=\"https:\/\/www.fluidpower.es\/wp-content\/uploads\/2015\/03\/GP32K-2.5H7E-6-1170x473.jpg\" width=\"1170\" height=\"473\" alt=\"\" \/><span class=\"overlay\"><span class=\"p-icon\"><\/span><\/span><\/a><\/li><li><a class=\"fancy_gallery\" rel=\"group-182\" href=\"https:\/\/www.fluidpower.es\/wp-content\/uploads\/2015\/03\/GP32K-R2.5H7E.jpg\"><img loading=\"lazy\" src=\"https:\/\/www.fluidpower.es\/wp-content\/uploads\/2015\/03\/GP32K-R2.5H7E-1170x473.jpg\" width=\"1170\" height=\"473\" alt=\"\" \/><span class=\"overlay\"><span class=\"p-icon\"><\/span><\/span><\/a><\/li><\/ul><\/div><div class=\"thumbs_wrapper\"><ul class=\"thumbs clearfix styled\"><li><a class=\"thumb\" href=\"https:\/\/www.fluidpower.es\/wp-content\/uploads\/2015\/03\/GP32K-R2.5H7E-1170x473.jpg\"><img loading=\"lazy\" src=\"https:\/\/www.fluidpower.es\/wp-content\/uploads\/2015\/03\/GP5K-R2H6E-11-165x93.jpg\" width=\"165\" height=\"93\" alt=\"\" \/><\/a><\/li><li><a class=\"thumb\" href=\"https:\/\/www.fluidpower.es\/wp-content\/uploads\/2015\/03\/GP32K-R2.5H7E-1170x473.jpg\"><img loading=\"lazy\" src=\"https:\/\/www.fluidpower.es\/wp-content\/uploads\/2015\/03\/GP5K-R2H6E-2-165x93.jpg\" width=\"165\" height=\"93\" alt=\"\" \/><\/a><\/li><li><a class=\"thumb\" href=\"https:\/\/www.fluidpower.es\/wp-content\/uploads\/2015\/03\/GP32K-R2.5H7E-1170x473.jpg\"><img loading=\"lazy\" src=\"https:\/\/www.fluidpower.es\/wp-content\/uploads\/2015\/03\/GP5K-R2H6E-3-165x93.jpg\" width=\"165\" height=\"93\" alt=\"\" \/><\/a><\/li><li><a class=\"thumb\" href=\"https:\/\/www.fluidpower.es\/wp-content\/uploads\/2015\/03\/GP32K-R2.5H7E-1170x473.jpg\"><img loading=\"lazy\" src=\"https:\/\/www.fluidpower.es\/wp-content\/uploads\/2015\/03\/GP5K-R2H6E-4-165x93.jpg\" width=\"165\" height=\"93\" alt=\"\" \/><\/a><\/li><li><a class=\"thumb\" href=\"https:\/\/www.fluidpower.es\/wp-content\/uploads\/2015\/03\/GP32K-R2.5H7E-1170x473.jpg\"><img loading=\"lazy\" src=\"https:\/\/www.fluidpower.es\/wp-content\/uploads\/2015\/03\/GP10K-R2G6E-1-165x93.jpg\" width=\"165\" height=\"93\" alt=\"\" \/><\/a><\/li><li><a class=\"thumb\" href=\"https:\/\/www.fluidpower.es\/wp-content\/uploads\/2015\/03\/GP32K-R2.5H7E-1170x473.jpg\"><img loading=\"lazy\" src=\"https:\/\/www.fluidpower.es\/wp-content\/uploads\/2015\/03\/GP10K-R2G6E-2-165x93.jpg\" width=\"165\" height=\"93\" alt=\"\" \/><\/a><\/li><li><a class=\"thumb\" href=\"https:\/\/www.fluidpower.es\/wp-content\/uploads\/2015\/03\/GP32K-R2.5H7E-1170x473.jpg\"><img loading=\"lazy\" src=\"https:\/\/www.fluidpower.es\/wp-content\/uploads\/2015\/03\/GP10K-R2G6E-3-165x93.jpg\" width=\"165\" height=\"93\" alt=\"\" \/><\/a><\/li><li><a class=\"thumb\" href=\"https:\/\/www.fluidpower.es\/wp-content\/uploads\/2015\/03\/GP32K-R2.5H7E-1170x473.jpg\"><img loading=\"lazy\" src=\"https:\/\/www.fluidpower.es\/wp-content\/uploads\/2015\/03\/GP10K-R2G6E-4-165x93.jpg\" width=\"165\" height=\"93\" alt=\"\" \/><\/a><\/li><li><a class=\"thumb\" href=\"https:\/\/www.fluidpower.es\/wp-content\/uploads\/2015\/03\/GP32K-R2.5H7E-1170x473.jpg\"><img loading=\"lazy\" src=\"https:\/\/www.fluidpower.es\/wp-content\/uploads\/2015\/03\/GP20K-R2G6E-1-165x93.jpg\" width=\"165\" height=\"93\" alt=\"\" \/><\/a><\/li><li><a class=\"thumb\" href=\"https:\/\/www.fluidpower.es\/wp-content\/uploads\/2015\/03\/GP32K-R2.5H7E-1170x473.jpg\"><img loading=\"lazy\" src=\"https:\/\/www.fluidpower.es\/wp-content\/uploads\/2015\/03\/GP20K-R2G6E-2-165x93.jpg\" width=\"165\" height=\"93\" alt=\"\" \/><\/a><\/li><li><a class=\"thumb\" href=\"https:\/\/www.fluidpower.es\/wp-content\/uploads\/2015\/03\/GP32K-R2.5H7E-1170x473.jpg\"><img loading=\"lazy\" src=\"https:\/\/www.fluidpower.es\/wp-content\/uploads\/2015\/03\/GP20K-R2G6E-3-165x93.jpg\" width=\"165\" height=\"93\" alt=\"\" \/><\/a><\/li><li><a class=\"thumb\" href=\"https:\/\/www.fluidpower.es\/wp-content\/uploads\/2015\/03\/GP32K-R2.5H7E-1170x473.jpg\"><img loading=\"lazy\" src=\"https:\/\/www.fluidpower.es\/wp-content\/uploads\/2015\/03\/GP20K-R2G6E-4-165x93.jpg\" width=\"165\" height=\"93\" alt=\"\" \/><\/a><\/li><li><a class=\"thumb\" href=\"https:\/\/www.fluidpower.es\/wp-content\/uploads\/2015\/03\/GP32K-R2.5H7E-1170x473.jpg\"><img loading=\"lazy\" src=\"https:\/\/www.fluidpower.es\/wp-content\/uploads\/2015\/03\/GP20K-R2G6E-5-165x93.jpg\" width=\"165\" height=\"93\" alt=\"\" \/><\/a><\/li><li><a class=\"thumb\" href=\"https:\/\/www.fluidpower.es\/wp-content\/uploads\/2015\/03\/GP32K-R2.5H7E-1170x473.jpg\"><img loading=\"lazy\" src=\"https:\/\/www.fluidpower.es\/wp-content\/uploads\/2015\/03\/GP32K-2.5H7E-2-165x93.jpg\" width=\"165\" height=\"93\" alt=\"\" \/><\/a><\/li><li><a class=\"thumb\" href=\"https:\/\/www.fluidpower.es\/wp-content\/uploads\/2015\/03\/GP32K-R2.5H7E-1170x473.jpg\"><img loading=\"lazy\" src=\"https:\/\/www.fluidpower.es\/wp-content\/uploads\/2015\/03\/GP32K-2.5H7E-3-165x93.jpg\" width=\"165\" height=\"93\" alt=\"\" \/><\/a><\/li><li><a class=\"thumb\" href=\"https:\/\/www.fluidpower.es\/wp-content\/uploads\/2015\/03\/GP32K-R2.5H7E-1170x473.jpg\"><img loading=\"lazy\" src=\"https:\/\/www.fluidpower.es\/wp-content\/uploads\/2015\/03\/GP32K-2.5H7E-4-165x93.jpg\" width=\"165\" height=\"93\" alt=\"\" \/><\/a><\/li><li><a class=\"thumb\" href=\"https:\/\/www.fluidpower.es\/wp-content\/uploads\/2015\/03\/GP32K-R2.5H7E-1170x473.jpg\"><img loading=\"lazy\" src=\"https:\/\/www.fluidpower.es\/wp-content\/uploads\/2015\/03\/GP32K-2.5H7E-5-165x93.jpg\" width=\"165\" height=\"93\" alt=\"\" \/><\/a><\/li><li><a class=\"thumb\" href=\"https:\/\/www.fluidpower.es\/wp-content\/uploads\/2015\/03\/GP32K-R2.5H7E-1170x473.jpg\"><img loading=\"lazy\" src=\"https:\/\/www.fluidpower.es\/wp-content\/uploads\/2015\/03\/GP32K-2.5H7E-6-165x93.jpg\" width=\"165\" height=\"93\" alt=\"\" \/><\/a><\/li><li><a class=\"thumb\" href=\"https:\/\/www.fluidpower.es\/wp-content\/uploads\/2015\/03\/GP32K-R2.5H7E-1170x473.jpg\"><img loading=\"lazy\" src=\"https:\/\/www.fluidpower.es\/wp-content\/uploads\/2015\/03\/GP32K-R2.5H7E-165x93.jpg\" width=\"165\" height=\"93\" alt=\"\" \/><\/a><\/li><\/ul><\/div><\/div><div class=\"loading\"><\/div>\n<p>Os fluxos e as <strong>press\u00f5es caracter\u00edsticas<\/strong> das nossas bombas s\u00e3o apresentados a seguir. Se n\u00e3o encontrar a bomba que procura, podemos oferecer uma com as <strong>especifica\u00e7\u00f5es de que necessita<\/strong>; basta <a title=\"Contactar\" href=\"http:\/\/fluidpower.es\/contactar\/\">Contactar-nos agora<\/a>.<\/p>\n<br \/>\n<div id=\"tablepress-27-scroll-wrapper\" class=\"tablepress-scroll-wrapper\">\n\n<table id=\"tablepress-27\" class=\"tablepress tablepress-id-27 tablepress-responsive\">\n<thead>\n<tr class=\"row-1 odd\">\n\t<th class=\"column-1\">Modelo<\/th><th class=\"column-2\">CC\/REV<\/th><th class=\"column-3\">Presi\u00f3n M\u00e1x. Cont.(bar)<\/th><th class=\"column-4\">Presi\u00f3n Max. Int.(bar)<\/th><th class=\"column-5\">Presi\u00f3n M\u00e1xima(bar)<\/th><th class=\"column-6\">Max (RPM)<\/th><th class=\"column-7\">Eje<\/th><th class=\"column-8\">Cuerda Puertos<\/th><th class=\"column-9\">Montaje<\/th>\n<\/tr>\n<\/thead>\n<tbody class=\"row-hover\">\n<tr class=\"row-2 even\">\n\t<td class=\"column-1\">GP5K-RAN2 G6E1<\/td><td class=\"column-2\">5<\/td><td class=\"column-3\">250<\/td><td class=\"column-4\">280<\/td><td class=\"column-5\">300<\/td><td class=\"column-6\">4000<\/td><td class=\"column-7\">C\u00f3nico de 1\/8\u2033<\/td><td class=\"column-8\">M\u00e9trica<\/td><td class=\"column-9\">Europeo<\/td>\n<\/tr>\n<tr class=\"row-3 odd\">\n\t<td class=\"column-1\">GP5K-RAN2 H6E1<\/td><td class=\"column-2\">5<\/td><td class=\"column-3\">250<\/td><td class=\"column-4\">280<\/td><td class=\"column-5\">300<\/td><td class=\"column-6\">4000<\/td><td class=\"column-7\">SAE A straight<\/td><td class=\"column-8\">M\u00e9trica<\/td><td class=\"column-9\">Europeo<\/td>\n<\/tr>\n<tr class=\"row-4 even\">\n\t<td class=\"column-1\">GP10K-RAN2 G6E1<\/td><td class=\"column-2\">10<\/td><td class=\"column-3\">250<\/td><td class=\"column-4\">280<\/td><td class=\"column-5\">300<\/td><td class=\"column-6\">3600<\/td><td class=\"column-7\">Conical 1\/8\u2033<\/td><td class=\"column-8\">M\u00e9trica<\/td><td class=\"column-9\">Europeo<\/td>\n<\/tr>\n<tr class=\"row-5 odd\">\n\t<td class=\"column-1\">GP10K-RAN2 H6E1<\/td><td class=\"column-2\">10<\/td><td class=\"column-3\">250<\/td><td class=\"column-4\">280<\/td><td class=\"column-5\">300<\/td><td class=\"column-6\">3600<\/td><td class=\"column-7\">SAE A straight<\/td><td class=\"column-8\">M\u00e9trica<\/td><td class=\"column-9\">Europeo<\/td>\n<\/tr>\n<tr class=\"row-6 even\">\n\t<td class=\"column-1\">GP16K-RAN2 G6E1<\/td><td class=\"column-2\">16<\/td><td class=\"column-3\">250<\/td><td class=\"column-4\">280<\/td><td class=\"column-5\">300<\/td><td class=\"column-6\">3000<\/td><td class=\"column-7\">Conical 1\/8\u2033<\/td><td class=\"column-8\">M\u00e9trica<\/td><td class=\"column-9\">Europeo<\/td>\n<\/tr>\n<tr class=\"row-7 odd\">\n\t<td class=\"column-1\">GP16K-RAN2 H6E1<\/td><td class=\"column-2\">16<\/td><td class=\"column-3\">250<\/td><td class=\"column-4\">280<\/td><td class=\"column-5\">300<\/td><td class=\"column-6\">3000<\/td><td class=\"column-7\">SAE A straight<\/td><td class=\"column-8\">M\u00e9trica<\/td><td class=\"column-9\">Europeo<\/td>\n<\/tr>\n<tr class=\"row-8 even\">\n\t<td class=\"column-1\">GP20K-RAN2 G6E1<\/td><td class=\"column-2\">20<\/td><td class=\"column-3\">200<\/td><td class=\"column-4\">250<\/td><td class=\"column-5\">280<\/td><td class=\"column-6\">3000<\/td><td class=\"column-7\">Conical 1\/8\u2033<\/td><td class=\"column-8\">M\u00e9trica<\/td><td class=\"column-9\">Europeo<\/td>\n<\/tr>\n<tr class=\"row-9 odd\">\n\t<td class=\"column-1\">GP20K-RAN2 H6E1<\/td><td class=\"column-2\">20<\/td><td class=\"column-3\">200<\/td><td class=\"column-4\">250<\/td><td class=\"column-5\">280<\/td><td class=\"column-6\">3000<\/td><td class=\"column-7\">SAE A straight<\/td><td class=\"column-8\">M\u00e9trica<\/td><td class=\"column-9\">Europeo<\/td>\n<\/tr>\n<tr class=\"row-10 even\">\n\t<td class=\"column-1\">GP25K-RAN2 G6E1<\/td><td class=\"column-2\">25<\/td><td class=\"column-3\">160<\/td><td class=\"column-4\">210<\/td><td class=\"column-5\">250<\/td><td class=\"column-6\">3000<\/td><td class=\"column-7\">C\u00f3nico de 1\/8\u2033<\/td><td class=\"column-8\">M\u00e9trica<\/td><td class=\"column-9\">Europeo<\/td>\n<\/tr>\n<tr class=\"row-11 odd\">\n\t<td class=\"column-1\">GP16G-RN2.5G7E1<\/td><td class=\"column-2\">16<\/td><td class=\"column-3\">200<\/td><td class=\"column-4\">250<\/td><td class=\"column-5\">210<\/td><td class=\"column-6\">3600<\/td><td class=\"column-7\">C\u00f3nico de 1\/8\u2033<\/td><td class=\"column-8\">M\u00e9trica<\/td><td class=\"column-9\">Europeo<\/td>\n<\/tr>\n<tr class=\"row-12 even\">\n\t<td class=\"column-1\">GP32G-RN2.5G7E1<\/td><td class=\"column-2\">32<\/td><td class=\"column-3\">200<\/td><td class=\"column-4\">250<\/td><td class=\"column-5\">210<\/td><td class=\"column-6\">3000<\/td><td class=\"column-7\">C\u00f3nico de 1\/8\u2033<\/td><td class=\"column-8\">M\u00e9trica<\/td><td class=\"column-9\">Europeo<\/td>\n<\/tr>\n<tr class=\"row-13 odd\">\n\t<td class=\"column-1\">GP32G-RN2.5G8E1<\/td><td class=\"column-2\">32<\/td><td class=\"column-3\">200<\/td><td class=\"column-4\">250<\/td><td class=\"column-5\">210<\/td><td class=\"column-6\">3000<\/td><td class=\"column-7\">C\u00f3nico de 1\/8\u2033<\/td><td class=\"column-8\">M\u00e9trica<\/td><td class=\"column-9\">Europeo<\/td>\n<\/tr>\n<tr class=\"row-14 even\">\n\t<td class=\"column-1\">GP32G-RN2.5H7E1<\/td><td class=\"column-2\">32<\/td><td class=\"column-3\">200<\/td><td class=\"column-4\">250<\/td><td class=\"column-5\">210<\/td><td class=\"column-6\">3000<\/td><td class=\"column-7\">SAE B straight<\/td><td class=\"column-8\">M\u00e9trica<\/td><td class=\"column-9\">Europeo<\/td>\n<\/tr>\n<tr class=\"row-15 odd\">\n\t<td class=\"column-1\"><\/td><td class=\"column-2\"><\/td><td class=\"column-3\"><\/td><td class=\"column-4\"><\/td><td class=\"column-5\"><\/td><td class=\"column-6\"><\/td><td class=\"column-7\"><\/td><td class=\"column-8\"><\/td><td class=\"column-9\"><\/td>\n<\/tr>\n<\/tbody>\n<\/table>\n\n<\/div><!-- #tablepress-27 from cache --><br \/>Para obter todas as informa\u00e7\u00f5es relacionadas com as nossas bombas hidr\u00e1ulicas, fa\u00e7a o download do cat\u00e1logo:<\/p>\n<p>&nbsp;<\/p>\n<ul>\n<li>Descarregar Cat\u00e1logo de <a title=\"Ver cat\u00e1logo bombas grupo 2\" href=\"\/wp-content\/uploads\/2015\/04\/Catalago-bombas-hydrosila-Grupo-2.pdf\">Bombas Hidr\u00e1ulicas Grupo 2.pdf<\/a><\/li>\n<\/ul>\n<p>&nbsp;<\/p>\n<ul>\n<li>Descarregar Cat\u00e1logo de <a title=\"Ver cat\u00e1logo bombas grupo 3\" href=\"\/wp-content\/uploads\/2015\/04\/Bombas-engranajes-grupo3-Hydrosila.pdf\">Bombas Hidr\u00e1ulicas Grupo 3.pdf<\/a><\/li>\n<\/ul>\n<p>&nbsp;<\/p>\n<div class=\"text_box\" style=\"border: 1px solid #424242; \"><h4 class=\"title\" style=\"color:#a31717;\">Produtos Garantidos<\/h4><div class=\"text clearfix\" style=\"\">Na Provectus Hydraulica garantimos-lhe um produto da melhor qualidade, por isso oferecemos uma garantia de 1 ano e meio (18 meses) sobre qualquer produto que nos compre. Vendemos apenas produtos novos e utilizamos pe\u00e7as originais para a repara\u00e7\u00e3o de qualquer equipamento, pois isso nos permite garantir o bom funcionamento do mesmo, desde que tenha sido utilizado de maneira correta.<\/div><\/div>\n<div class=\"divider\" style=\"border-color: #8f8f8f\"><\/div>\n<p>&nbsp;<\/p>\n<div>\n<h2>Montagem e funcionamento das bombas hidr\u00e1ulicas de engrenagens<\/h2>\n<p>Uma bomba hidr\u00e1ulica de engrenagens \u00e9 um <strong>instrumento robusto<\/strong>, mas simples. Consiste nos <strong>seguintes componentes principais<\/strong>:<\/p>\n<ul class=\"listadoProductos\">\n<li>Tampa frontal<\/li>\n<li>Tampa traseira<\/li>\n<li>Corpo<\/li>\n<li>Engrenagens (duas engrenagens, uma com o eixo motriz e a outra com o engrenagem livre)<\/li>\n<li>Rolamentos ou buchas de fric\u00e7\u00e3o<\/li>\n<\/ul>\n<p>&nbsp;<\/p>\n<p><strong>Passos para montar uma bomba hidr\u00e1ulica<\/strong><\/p>\n<ol>\n<li>Para funcionar, o corpo da bomba \u00e9 usinado, fazendo dois furos nas laterais do corpo de acordo com as necessidades do cliente. Estes servir\u00e3o como entrada e sa\u00edda de \u00f3leo.<\/li>\n<li>Inserimos os rolamentos ou buchas nas tampas traseira e frontal.<\/li>\n<li>Coloca-se o corpo sobre a tampa traseira, inserem-se os engrenagens e coloca-se a tampa frontal.<\/li>\n<li>Uma vez montada a bomba, ela est\u00e1 pronta para trabalhar. Conecta-se a bomba a um motor el\u00e9trico ou a gasolina atrav\u00e9s do eixo motriz.<\/li>\n<li>Conectam-se as mangueiras hidr\u00e1ulicas de alta press\u00e3o, deixando a bomba pronta para o seu funcionamento.<\/li>\n<li>Quando o motor el\u00e9trico\/gasolina gira, faz girar o eixo motriz. Este, por sua vez, faz girar os engrenagens, o que gera um v\u00e1cuo no sistema e bombeia o \u00f3leo sob alta press\u00e3o.<\/li>\n<\/ol>\n<\/div>\n<p>\n\t\t<\/div> \n\t<\/div> \n<\/div>\n","protected":false},"excerpt":{"rendered":"","protected":false},"author":1,"featured_media":0,"parent":22361,"menu_order":0,"comment_status":"open","ping_status":"open","template":"page_sidebar.php","meta":[],"yst_prominent_words":[],"_links":{"self":[{"href":"https:\/\/www.fluidpower.es\/pt-pt\/wp-json\/wp\/v2\/pages\/22445"}],"collection":[{"href":"https:\/\/www.fluidpower.es\/pt-pt\/wp-json\/wp\/v2\/pages"}],"about":[{"href":"https:\/\/www.fluidpower.es\/pt-pt\/wp-json\/wp\/v2\/types\/page"}],"author":[{"embeddable":true,"href":"https:\/\/www.fluidpower.es\/pt-pt\/wp-json\/wp\/v2\/users\/1"}],"replies":[{"embeddable":true,"href":"https:\/\/www.fluidpower.es\/pt-pt\/wp-json\/wp\/v2\/comments?post=22445"}],"version-history":[{"count":9,"href":"https:\/\/www.fluidpower.es\/pt-pt\/wp-json\/wp\/v2\/pages\/22445\/revisions"}],"predecessor-version":[{"id":22467,"href":"https:\/\/www.fluidpower.es\/pt-pt\/wp-json\/wp\/v2\/pages\/22445\/revisions\/22467"}],"up":[{"embeddable":true,"href":"https:\/\/www.fluidpower.es\/pt-pt\/wp-json\/wp\/v2\/pages\/22361"}],"wp:attachment":[{"href":"https:\/\/www.fluidpower.es\/pt-pt\/wp-json\/wp\/v2\/media?parent=22445"}],"wp:term":[{"taxonomy":"yst_prominent_words","embeddable":true,"href":"https:\/\/www.fluidpower.es\/pt-pt\/wp-json\/wp\/v2\/yst_prominent_words?post=22445"}],"curies":[{"name":"wp","href":"https:\/\/api.w.org\/{rel}","templated":true}]}}