{"id":22494,"date":"2017-05-19T13:32:26","date_gmt":"2017-05-19T12:32:26","guid":{"rendered":"https:\/\/www.fluidpower.es\/hidraulica\/bombas-de-pistones\/"},"modified":"2025-01-22T17:52:54","modified_gmt":"2025-01-22T16:52:54","slug":"bombas-de-pistones","status":"publish","type":"page","link":"https:\/\/www.fluidpower.es\/pt-pt\/hidraulica\/bombas-de-pistones\/","title":{"rendered":"Bombas de Pist\u00f5es"},"content":{"rendered":"<h1 style=\"text-align: center;\"><strong>Bombas de Pistones<\/strong><\/h1>\n<ul>\n<li style=\"text-align: left;\"><a href=\"https:\/\/www.fluidpower.es\/pt-pt\/hidraulica\/bombas-de-pistones\/#vdp\">Bombas de Deslocamento Vari\u00e1verl (S\u00e9rie VDP)<\/a><\/li>\n<li style=\"text-align: left;\"><a href=\"https:\/\/www.fluidpower.es\/pt-pt\/hidraulica\/bombas-de-pistones\/#bi\">Bombas Angulares de Alum\u00ednio (S\u00e9rie BI)<\/a><\/li>\n<li style=\"text-align: left;\"><a href=\"https:\/\/www.fluidpower.es\/pt-pt\/hidraulica\/bombas-de-pistones\/#bif\">Bombas Angulares de Ferro (S\u00e9rie BIF)<\/a><\/li>\n<li style=\"text-align: left;\"><a href=\"https:\/\/www.fluidpower.es\/pt-pt\/hidraulica\/bombas-de-pistones\/#bid\">Bombas Angulares de Alum\u00ednio de Duplo Fluxo (S\u00e9rie BID)<\/a><\/li>\n<li style=\"text-align: left;\"><a href=\"https:\/\/www.fluidpower.es\/pt-pt\/hidraulica\/bombas-de-pistones\/#bh\">Bombas de Pist\u00f5es Axiais (S\u00e9rie BH)<\/a><\/li>\n<li style=\"text-align: left;\"><a href=\"https:\/\/www.fluidpower.es\/pt-pt\/hidraulica\/bombas-de-pistones\/#bhd\">Bombas de Pist\u00f5es Axiais de Duplo Fluxo (S\u00e9rie BHD)<\/a><\/li>\n<\/ul>\n<p><a href=\"https:\/\/www.fluidpower.es\/wp-content\/uploads\/2017\/05\/Recortebent-axis-piston-pumps-800x800.jpg\"><img loading=\"lazy\" class=\" wp-image-6305 aligncenter\" src=\"https:\/\/www.fluidpower.es\/wp-content\/uploads\/2017\/05\/Recortebent-axis-piston-pumps-800x800-300x109.jpg\" alt=\"\" width=\"396\" height=\"144\" srcset=\"https:\/\/www.fluidpower.es\/wp-content\/uploads\/2017\/05\/Recortebent-axis-piston-pumps-800x800-300x109.jpg 300w, https:\/\/www.fluidpower.es\/wp-content\/uploads\/2017\/05\/Recortebent-axis-piston-pumps-800x800.jpg 762w\" sizes=\"(max-width: 396px) 100vw, 396px\" \/><\/a><\/p>\n<p>Contam com um <strong>Amplo Intervalo de Deslocamentos<\/strong>:<\/p>\n<ul>\n<li>S\u00e9rie VDP: De 40 cc\/rev at\u00e9 109 cc\/rev<\/li>\n<li>S\u00e9rie BI: De 17 cc\/rev at\u00e9 172 cc\/rev<\/li>\n<li>S\u00e9rie BIF: De 17 cc\/rev at\u00e9 81 cc\/rev<\/li>\n<li>S\u00e9rie BID: De 38+37 cc\/rev at\u00e9 70+66 cc\/rev<\/li>\n<li>S\u00e9rie BH: De 14 cc\/rev at\u00e9 110 cc\/revS\u00e9rie BHD: De 20+20 cc\/rev at\u00e9 83+42 cc\/rev<\/li>\n<\/ul>\n<hr id=\"vdp\" \/>\n<h2 style=\"text-align: left;\">Bomba de Deslocamento Vari\u00e1vel (VDP)<\/h2>\n<ul>\n<li>Press\u00e3o Vari\u00e1vel<\/li>\n<li>Rea\u00e7\u00e3o R\u00e1pida<\/li>\n<li>Ajuste de Fluxo<\/li>\n<li>Alta Press\u00e3o<\/li>\n<li>Longa Vida \u00datil<\/li>\n<li>Ru\u00eddo Reduzido<\/li>\n<li>Design Compacto<\/li>\n<li>Alta Efici\u00eancia<\/li>\n<li>Refrigera\u00e7\u00e3o Eficiente<\/li>\n<\/ul>\n<p>Com as bombas VDP, \u00e9 poss\u00edvel regular com precis\u00e3o o deslocamento, para ajustar a pot\u00eancia de sa\u00edda de acordo com os requisitos.<\/p>\n<p>Projetadas com cuidado para atender \u00e0s necessidades da ind\u00fastria de caminh\u00f5es hidr\u00e1ulicos, podem ser utilizadas em uma ampla variedade de aplica\u00e7\u00f5es<\/p>\n<p><a href=\"https:\/\/www.fluidpower.es\/wp-content\/uploads\/2017\/05\/VDP-PNG-2.png\"><img loading=\"lazy\" class=\" wp-image-6262 aligncenter\" src=\"https:\/\/www.fluidpower.es\/wp-content\/uploads\/2017\/05\/VDP-PNG-2-300x260.png\" alt=\"\" width=\"277\" height=\"240\" srcset=\"https:\/\/www.fluidpower.es\/wp-content\/uploads\/2017\/05\/VDP-PNG-2-300x260.png 300w, https:\/\/www.fluidpower.es\/wp-content\/uploads\/2017\/05\/VDP-PNG-2.png 400w\" sizes=\"(max-width: 277px) 100vw, 277px\" \/><\/a><\/p>\n<p style=\"text-align: center;\"><a href=\"https:\/\/www.provectus.es\/es\/bombas-hidraulicas\/843-bombas-de-pistones-con-desplazamiento-variable-de-40-109-lts.html\" target=\"_blank\" rel=\"noopener noreferrer\">Comprar Agora<\/a><\/p>\n<hr id=\"bi\" \/>\n<h2 style=\"text-align: left;\">Bombas Angulares de Alum\u00ednio (BI)<\/h2>\n<ul>\n<li>Efici\u00eancia M\u00e1xima<\/li>\n<li>Menores Vibra\u00e7\u00f5es<\/li>\n<li>Sentido de Rota\u00e7\u00e3o Modific\u00e1vel<\/li>\n<li>Revers\u00edvel<\/li>\n<\/ul>\n<p>A s\u00e9rie BI permite a altera\u00e7\u00e3o do sentido de rota\u00e7\u00e3o de forma f\u00e1cil e segura para todos os componentes da bomba.<\/p>\n<p>Durante o funcionamento, estas bombas demonstram um desempenho excelente, com baixos n\u00edveis de ru\u00eddo e um fluxo cont\u00ednuo de \u00f3leo, gra\u00e7as aos tipos de pist\u00e3o que possuem (5 pist\u00f5es no BI_M, 7 pist\u00f5es no BI_M7 e BI_P7 e 9 pist\u00f5es no BI_H9). Estas bombas possuem juntas que suportam temperaturas extremas<\/p>\n<p><a href=\"https:\/\/www.fluidpower.es\/wp-content\/uploads\/2017\/05\/56742-6224293-1.jpg\"><img loading=\"lazy\" class=\"size-medium wp-image-6263 aligncenter\" src=\"https:\/\/www.fluidpower.es\/wp-content\/uploads\/2017\/05\/56742-6224293-1-300x116.jpg\" alt=\"\" width=\"300\" height=\"116\" srcset=\"https:\/\/www.fluidpower.es\/wp-content\/uploads\/2017\/05\/56742-6224293-1-300x116.jpg 300w, https:\/\/www.fluidpower.es\/wp-content\/uploads\/2017\/05\/56742-6224293-1.jpg 400w\" sizes=\"(max-width: 300px) 100vw, 300px\" \/><\/a><\/p>\n<p style=\"text-align: center;\"><a href=\"https:\/\/www.provectus.es\/es\/bombas-hidraulicas\/841-bomba-acodada-en-aluminio-presion-maxima-250-300-bar.html\" target=\"_blank\" rel=\"noopener noreferrer\">Comprar Agora<\/a><\/p>\n<hr id=\"bif\" \/>\n<h2 style=\"text-align: left;\">Bombas Angulares de Ferro (BIF)<\/h2>\n<ul>\n<li>Press\u00f5es Mais Altas<\/li>\n<li>Menos Vibra\u00e7\u00f5es<\/li>\n<li>M\u00e1xima Efici\u00eancia<\/li>\n<li>Design Compacto<\/li>\n<li>Adequado para Caixas de C\u00e2mbio ZF Astronic<\/li>\n<\/ul>\n<p>As bombas de ferro fundido da s\u00e9rie BIF foram projetadas para serem muito compactas. A configura\u00e7\u00e3o da s\u00e9rie BIF oferece uma vantagem particular em aplica\u00e7\u00f5es m\u00f3veis, como caminh\u00f5es, com alta probabilidade de colis\u00e3o entre a transmiss\u00e3o do eixo traseiro do caminh\u00e3o e a bomba hidr\u00e1ulica.<\/p>\n<p>Durante o funcionamento, estas bombas apresentam qualidades t\u00e9cnicas excelentes, com baixos n\u00edveis de ru\u00eddo e um fluxo cont\u00ednuo de \u00f3leo, gra\u00e7as aos tipos de pist\u00e3o que possuem (5 pist\u00f5es no BI_M, 7 pist\u00f5es no BI_M7). Estas bombas possuem juntas que suportam temperaturas extremas. A s\u00e9rie BIF permite a altera\u00e7\u00e3o do sentido de rota\u00e7\u00e3o de forma f\u00e1cil e segura para todos os componentes da bomba.<\/p>\n<p><a href=\"https:\/\/www.fluidpower.es\/wp-content\/uploads\/2017\/05\/ABER_BombaBIF_dupla45graus.jpg\"><img loading=\"lazy\" class=\"size-medium wp-image-6261 aligncenter\" src=\"https:\/\/www.fluidpower.es\/wp-content\/uploads\/2017\/05\/ABER_BombaBIF_dupla45graus-300x300.jpg\" alt=\"\" width=\"300\" height=\"300\" srcset=\"https:\/\/www.fluidpower.es\/wp-content\/uploads\/2017\/05\/ABER_BombaBIF_dupla45graus-300x300.jpg 300w, https:\/\/www.fluidpower.es\/wp-content\/uploads\/2017\/05\/ABER_BombaBIF_dupla45graus-150x150.jpg 150w, https:\/\/www.fluidpower.es\/wp-content\/uploads\/2017\/05\/ABER_BombaBIF_dupla45graus-72x72.jpg 72w, https:\/\/www.fluidpower.es\/wp-content\/uploads\/2017\/05\/ABER_BombaBIF_dupla45graus.jpg 500w\" sizes=\"(max-width: 300px) 100vw, 300px\" \/><\/a><\/p>\n<p style=\"text-align: center;\"><a href=\"https:\/\/www.provectus.es\/es\/bombas-hidraulicas\/845-bombas-de-pistones-acodadas-de-hierro-fundido-desde-17-ccrev-hasta-81-ccrev.html\" target=\"_blank\" rel=\"noopener noreferrer\">Comprar Agora<\/a><\/p>\n<hr id=\"bid\" \/>\n<h2><\/h2>\n<h2 style=\"text-align: left;\">Bombas Angulares de Alum\u00ednio de Duplo Fluxo (BID)<\/h2>\n<ul>\n<li style=\"text-align: left;\">Duas Sa\u00eddas de \u00d3leo<\/li>\n<li style=\"text-align: left;\">Duas Linhas de Press\u00e3o Independentes<\/li>\n<li style=\"text-align: left;\">M\u00e1xima Efici\u00eancia<\/li>\n<li style=\"text-align: left;\">Sentido de Rota\u00e7\u00e3o Modific\u00e1vel<\/li>\n<li style=\"text-align: left;\">Revers\u00edvel<\/li>\n<\/ul>\n<p><strong>A primeira e \u00fanica bomba do mundo, com sa\u00edda dupla de \u00f3leo e sentido de rota\u00e7\u00e3o modific\u00e1vel<\/strong><\/p>\n<p>Bomba de pist\u00f5es angular de duplo fluxo, que trabalha em circuitos e press\u00f5es independentes quando utilizada para abastecer dois circuitos de \u00f3leo independentes.<\/p>\n<p><a href=\"https:\/\/www.fluidpower.es\/wp-content\/uploads\/2017\/05\/BID_2.jpg\"><img loading=\"lazy\" class=\"size-medium wp-image-6264 aligncenter\" src=\"https:\/\/www.fluidpower.es\/wp-content\/uploads\/2017\/05\/BID_2-300x300.jpg\" alt=\"\" width=\"300\" height=\"300\" srcset=\"https:\/\/www.fluidpower.es\/wp-content\/uploads\/2017\/05\/BID_2-300x300.jpg 300w, https:\/\/www.fluidpower.es\/wp-content\/uploads\/2017\/05\/BID_2-150x150.jpg 150w, https:\/\/www.fluidpower.es\/wp-content\/uploads\/2017\/05\/BID_2-72x72.jpg 72w, https:\/\/www.fluidpower.es\/wp-content\/uploads\/2017\/05\/BID_2.jpg 400w\" sizes=\"(max-width: 300px) 100vw, 300px\" \/><\/a><\/p>\n<p style=\"text-align: center;\"><a href=\"https:\/\/www.provectus.es\/es\/home\/847-bombas-de-pistones-acodadas-de-doble-caudal-desde-3837-ccrev-hasta-7066-ccrev.html\" target=\"_blank\" rel=\"noopener noreferrer\">Comprar Agora<\/a><\/p>\n<hr id=\"bh\" \/>\n<h2><\/h2>\n<h2 style=\"text-align: left;\">Bombas de Pist\u00f5es Axiais (BH)<\/h2>\n<ul>\n<li>M\u00e1xima Efici\u00eancia<\/li>\n<li>Robustez<\/li>\n<li>Altas Performances<\/li>\n<li>Baixo N\u00edvel de Ru\u00eddo<\/li>\n<li>Fluxo Cont\u00ednuo<\/li>\n<li>Bidirecional<\/li>\n<\/ul>\n<p>A s\u00e9rie BH \u00e9 muito robusta. As bombas possuem tanto rolamentos axiais quanto radiais. S\u00e3o fabricadas com materiais altamente resistentes em pontos estrat\u00e9gicos.<\/p>\n<p>Durante o seu funcionamento, estas bombas apresentam um bom desempenho, com n\u00edveis de ru\u00eddo muito baixos e um fluxo cont\u00ednuo de \u00f3leo devido ao tipo de pist\u00e3o que possuem.<\/p>\n<p><a href=\"https:\/\/www.fluidpower.es\/wp-content\/uploads\/2017\/05\/56742-6224287.jpg\"><img loading=\"lazy\" class=\"size-medium wp-image-6265 aligncenter\" src=\"https:\/\/www.fluidpower.es\/wp-content\/uploads\/2017\/05\/56742-6224287-300x97.jpg\" alt=\"\" width=\"300\" height=\"97\" srcset=\"https:\/\/www.fluidpower.es\/wp-content\/uploads\/2017\/05\/56742-6224287-300x97.jpg 300w, https:\/\/www.fluidpower.es\/wp-content\/uploads\/2017\/05\/56742-6224287.jpg 400w\" sizes=\"(max-width: 300px) 100vw, 300px\" \/><\/a><\/p>\n<p style=\"text-align: center;\"><a href=\"https:\/\/www.provectus.es\/es\/home\/848-bombas-de-pistones-axiales-desde-14-ccrev-hasta-110-ccrev-.html\" target=\"_blank\" rel=\"noopener noreferrer\">Comprar Agora<\/a><\/p>\n<hr id=\"bhd\" \/>\n<h2><\/h2>\n<h2 style=\"text-align: left;\">Bombas de Pist\u00f5es Axiais de Duplo Fluxo (BHD)<\/h2>\n<ul>\n<li>Duas Sa\u00eddas de \u00d3leo<\/li>\n<li>Duas Linhas de Press\u00e3o Independentes<\/li>\n<li>Robustez<\/li>\n<li>Bidirecional<\/li>\n<\/ul>\n<p>Bombas de pist\u00f5es axiais com duas sa\u00eddas, que trabalham com press\u00f5es independentes em circuitos independentes quando utilizadas para alimentar dois circuitos de \u00f3leo independentes.<\/p>\n<p><a href=\"https:\/\/www.fluidpower.es\/wp-content\/uploads\/2017\/05\/BHD_traseira.jpg\"><img loading=\"lazy\" class=\"size-medium wp-image-6267 aligncenter\" src=\"https:\/\/www.fluidpower.es\/wp-content\/uploads\/2017\/05\/BHD_traseira-300x300.jpg\" alt=\"\" width=\"300\" height=\"300\" srcset=\"https:\/\/www.fluidpower.es\/wp-content\/uploads\/2017\/05\/BHD_traseira-300x300.jpg 300w, https:\/\/www.fluidpower.es\/wp-content\/uploads\/2017\/05\/BHD_traseira-150x150.jpg 150w, https:\/\/www.fluidpower.es\/wp-content\/uploads\/2017\/05\/BHD_traseira-72x72.jpg 72w, https:\/\/www.fluidpower.es\/wp-content\/uploads\/2017\/05\/BHD_traseira.jpg 420w\" sizes=\"(max-width: 300px) 100vw, 300px\" \/><\/a><\/p>\n<p style=\"text-align: center;\"><a href=\"https:\/\/www.provectus.es\/es\/home\/849-bombas-de-pistones-axiales-de-doble-caudal-desde-2020-ccrev-hasta-8342-ccrev.html\">Comprar Agora<\/a><\/p>\n","protected":false},"excerpt":{"rendered":"<p>Bombas de Pistones Bombas de Deslocamento Vari\u00e1verl (S\u00e9rie VDP) Bombas Angulares de Alum\u00ednio (S\u00e9rie BI) Bombas Angulares de Ferro (S\u00e9rie&#8230;<\/p>\n","protected":false},"author":1,"featured_media":0,"parent":22361,"menu_order":0,"comment_status":"closed","ping_status":"closed","template":"page_sidebar.php","meta":[],"yst_prominent_words":[],"_links":{"self":[{"href":"https:\/\/www.fluidpower.es\/pt-pt\/wp-json\/wp\/v2\/pages\/22494"}],"collection":[{"href":"https:\/\/www.fluidpower.es\/pt-pt\/wp-json\/wp\/v2\/pages"}],"about":[{"href":"https:\/\/www.fluidpower.es\/pt-pt\/wp-json\/wp\/v2\/types\/page"}],"author":[{"embeddable":true,"href":"https:\/\/www.fluidpower.es\/pt-pt\/wp-json\/wp\/v2\/users\/1"}],"replies":[{"embeddable":true,"href":"https:\/\/www.fluidpower.es\/pt-pt\/wp-json\/wp\/v2\/comments?post=22494"}],"version-history":[{"count":5,"href":"https:\/\/www.fluidpower.es\/pt-pt\/wp-json\/wp\/v2\/pages\/22494\/revisions"}],"predecessor-version":[{"id":22503,"href":"https:\/\/www.fluidpower.es\/pt-pt\/wp-json\/wp\/v2\/pages\/22494\/revisions\/22503"}],"up":[{"embeddable":true,"href":"https:\/\/www.fluidpower.es\/pt-pt\/wp-json\/wp\/v2\/pages\/22361"}],"wp:attachment":[{"href":"https:\/\/www.fluidpower.es\/pt-pt\/wp-json\/wp\/v2\/media?parent=22494"}],"wp:term":[{"taxonomy":"yst_prominent_words","embeddable":true,"href":"https:\/\/www.fluidpower.es\/pt-pt\/wp-json\/wp\/v2\/yst_prominent_words?post=22494"}],"curies":[{"name":"wp","href":"https:\/\/api.w.org\/{rel}","templated":true}]}}