{"id":22506,"date":"2016-04-21T18:21:43","date_gmt":"2016-04-21T17:21:43","guid":{"rendered":"https:\/\/www.fluidpower.es\/hidraulica\/bombas-hidraulicas\/"},"modified":"2025-01-24T10:10:03","modified_gmt":"2025-01-24T09:10:03","slug":"bombas-hidraulicas","status":"publish","type":"page","link":"https:\/\/www.fluidpower.es\/pt-pt\/hidraulica\/bombas-hidraulicas\/","title":{"rendered":"Bombas Hidr\u00e1ulicas"},"content":{"rendered":"<p>Somos <strong>especialistas em bombas hidr\u00e1ulicas de alta press\u00e3o<\/strong> para todos os tipos de aplica\u00e7\u00e3o. Trabalhamos com todas as marcas do mercado: <strong>Vickers, Bosch, Rexroth, Bezares, Parker, Denison, Char Lynn, Hydrosila, Linde, Caterpillar<\/strong>, etc.<\/p>\n<p>Vendemos <strong>bombas novas<\/strong> de todas as marcas. Tamb\u00e9m oferecemos <strong>bombas de substitui\u00e7\u00e3o<\/strong> com a mesma qualidade, mas a um pre\u00e7o muito mais acess\u00edvel.<\/p>\n<p>A bomba hidr\u00e1ulica \u00e9 o cora\u00e7\u00e3o de um sistema hidr\u00e1ulico, e na <strong>Provectus Hydraulica<\/strong> sabemos disso. Por isso, sempre tentamos oferecer os nossos <strong>or\u00e7amentos<\/strong> no menor tempo poss\u00edvel e garantimos o prazo de entrega <strong>mais r\u00e1pido<\/strong>.<\/p>\n<p>Recomendamos que visite as<strong> nossas p\u00e1ginas de bombas hidr\u00e1ulicas de engrenagens e bombas para m\u00e1quinas pesadas,<\/strong> que encontrar\u00e1 a seguir:<\/p>\n<h3>Visite as nossas p\u00e1ginas de bombas para m\u00e1quinas e bombas de engrenagens<\/h3>\n<div class=\"portfolio noscript list\">\n<div class=\" galleriffic\" data-count=\"2\">\n<ul class=\"thumbs-temp styled\"><\/ul>\n<ul class=\"thumbs lazy-loading styled\" data-ll-item-delay=\"0\">\n<li class=\"inner-link interior-bomba-hidraulicas-engranajes-y-pistones\" data-ll-effect=\"drop-bottom\">\n<div class=\"left-block\"><a href=\"\/hidraulica\/bombas-hidraulicas-de-maquinaria-pesada\"><span class=\"image\"><img loading=\"lazy\" src=\"https:\/\/www.fluidpower.es\/wp-content\/uploads\/2016\/04\/Bomba-hidraulica-de-pistones-371x210.jpg\" width=\"371\" height=\"210\" alt=\"Bombas Hidr\u00e1ulicas de Maquinaria e Industrial\" \/><span class=\"overlay\"><span class=\"p-icon\"><\/span><\/span><\/span><\/a><\/p>\n<div class=\"caption\">\n<div class=\"title\">\n<div class=\"title-hover-color\"><\/div>\n<div class=\"title-inner\">\n<div class=\"title-inner-content\">Bombas Hidr\u00e1ulicas de Maquinaria e Industrial<\/div>\n<\/div>\n<\/div>\n<\/div>\n<\/div>\n<div class=\"right-block\">\n<div class=\"info\">22 Abril, 2016<\/div>\n<\/div>\n<\/li>\n<li class=\"inner-link interior-bomba-hidraulicas-engranajes-y-pistones\" data-ll-effect=\"drop-bottom\">\n<div class=\"left-block\"><a href=\"\/hidraulica\/bombas-de-engranajes\/\"><span class=\"image\"><img loading=\"lazy\" src=\"https:\/\/www.fluidpower.es\/wp-content\/uploads\/2016\/04\/bomba-hidraulica-de-engranajes-371x210.jpg\" width=\"371\" height=\"210\" alt=\"Bomba Hidr\u00e1ulicas de Engranajes\" \/><span class=\"overlay\"><span class=\"p-icon\"><\/span><\/span><\/span><\/a><\/p>\n<div class=\"caption\">\n<div class=\"title\">\n<div class=\"title-hover-color\"><\/div>\n<div class=\"title-inner\">\n<div class=\"title-inner-content\">Bomba Hidr\u00e1ulicas de Engranajes<\/div>\n<\/div>\n<\/div>\n<\/div>\n<\/div>\n<div class=\"right-block\">\n<div class=\"info\">22 Abril, 2016<\/div>\n<\/div>\n<\/li>\n<\/ul>\n<\/div>\n<\/div>\n<div class=\"loading\"><\/div>\n<p>Atenderemos ao seu pedido o mais r\u00e1pido poss\u00edvel. Caso prefira, pode tamb\u00e9m <strong>ligar para o n\u00famero (+34) 91 438 86 47.<\/strong> Teremos o maior prazer em atend\u00ea-lo e ajud\u00e1-lo a esclarecer qualquer d\u00favida que possa ter. Forneceremos um or\u00e7amento r\u00e1pido e sem compromisso.<\/p>\n<p>A sele\u00e7\u00e3o da bomba hidr\u00e1ulica \u00e9 muito importante; dela depender\u00e1 o correto funcionamento de todo o sistema hidr\u00e1ulico.<\/p>\n<h2>Diferen\u00e7as entre bombas hidr\u00e1ulicas de pist\u00f5es, bombas hidr\u00e1ulicas de palhetas e bombas hidr\u00e1ulicas de engrenagens.<\/h2>\n<ul>\n<li><strong>Bombas de engrenagens e de palhetas<\/strong>: Apesar da grande variedade de bombas hidr\u00e1ulicas desse tipo, a press\u00e3o de trabalho normalmente n\u00e3o ultrapassa 250 bar, embora existam algumas marcas de bombas de engrenagens que conseguem chegar at\u00e9 350 bar.<\/li>\n<li><strong>Bombas de pist\u00f5es:<\/strong> A principal diferen\u00e7a em rela\u00e7\u00e3o \u00e0s bombas hidr\u00e1ulicas de engrenagens (bombas de pi\u00f1ones) e \u00e0s bombas hidr\u00e1ulicas de palhetas \u00e9 que elas alcan\u00e7am uma press\u00e3o muito superior, chegando a mais de 1000 bar.<\/li>\n<\/ul>\n<p>N\u00f3s o ajudaremos a escolher a bomba hidr\u00e1ulica que melhor se ajuste \u00e0s suas necessidades, seja uma bomba hidr\u00e1ulica de engrenagens (bomba hidr\u00e1ulica de pi\u00f1\u00f5es), uma bomba hidr\u00e1ulica de pist\u00f5es ou uma bomba hidr\u00e1ulica de palhetas.<\/p>\n<p><strong>Para ver os pre\u00e7os de algumas das bombas hidr\u00e1ulicas de alta press\u00e3o, recomendamos que visite nossa loja online em&#8230; <a title=\"https:\/\/www.provectus.es\" href=\"https:\/\/www.provectus.es\/12-bombas-hidraulicas\" target=\"_blank\" rel=\"noopener\">https:\/\/www.provectus.es<\/a><\/strong><\/p>\n","protected":false},"excerpt":{"rendered":"<p>Somos especialistas em bombas hidr\u00e1ulicas de alta press\u00e3o para todos os tipos de aplica\u00e7\u00e3o. Trabalhamos com todas as marcas do&#8230;<\/p>\n","protected":false},"author":1,"featured_media":0,"parent":22361,"menu_order":0,"comment_status":"open","ping_status":"open","template":"page_sidebar.php","meta":[],"yst_prominent_words":[],"_links":{"self":[{"href":"https:\/\/www.fluidpower.es\/pt-pt\/wp-json\/wp\/v2\/pages\/22506"}],"collection":[{"href":"https:\/\/www.fluidpower.es\/pt-pt\/wp-json\/wp\/v2\/pages"}],"about":[{"href":"https:\/\/www.fluidpower.es\/pt-pt\/wp-json\/wp\/v2\/types\/page"}],"author":[{"embeddable":true,"href":"https:\/\/www.fluidpower.es\/pt-pt\/wp-json\/wp\/v2\/users\/1"}],"replies":[{"embeddable":true,"href":"https:\/\/www.fluidpower.es\/pt-pt\/wp-json\/wp\/v2\/comments?post=22506"}],"version-history":[{"count":2,"href":"https:\/\/www.fluidpower.es\/pt-pt\/wp-json\/wp\/v2\/pages\/22506\/revisions"}],"predecessor-version":[{"id":22509,"href":"https:\/\/www.fluidpower.es\/pt-pt\/wp-json\/wp\/v2\/pages\/22506\/revisions\/22509"}],"up":[{"embeddable":true,"href":"https:\/\/www.fluidpower.es\/pt-pt\/wp-json\/wp\/v2\/pages\/22361"}],"wp:attachment":[{"href":"https:\/\/www.fluidpower.es\/pt-pt\/wp-json\/wp\/v2\/media?parent=22506"}],"wp:term":[{"taxonomy":"yst_prominent_words","embeddable":true,"href":"https:\/\/www.fluidpower.es\/pt-pt\/wp-json\/wp\/v2\/yst_prominent_words?post=22506"}],"curies":[{"name":"wp","href":"https:\/\/api.w.org\/{rel}","templated":true}]}}