{"id":22511,"date":"2015-03-29T16:37:09","date_gmt":"2015-03-29T16:37:09","guid":{"rendered":"https:\/\/www.fluidpower.es\/hidraulica\/bombas-hidraulicas-de-maquinaria-pesada\/"},"modified":"2025-01-28T16:58:52","modified_gmt":"2025-01-28T15:58:52","slug":"bombas-hidraulicas-de-maquinaria-pesada","status":"publish","type":"page","link":"https:\/\/www.fluidpower.es\/pt-pt\/hidraulica\/bombas-hidraulicas-de-maquinaria-pesada\/","title":{"rendered":"Bombas Hidr\u00e1ulicas para Maquin\u00e1rio e Ind\u00fastria"},"content":{"rendered":"<div class=\"wpb_row vc_row-fluid\">\n\t<div class=\"vc_span12 wpb_column column_container\">\n\t\t<div class=\"wpb_wrapper\">\n\t\t\t<\/p>\n<div class=\"bloquePrincipal\">\n<div class=\"bloqueTexto\">\n<p>Somos especialistas em <strong>bombas hidr\u00e1ulicas<\/strong> para maquin\u00e1rio pesado e aplica\u00e7\u00f5es industriais. Na Provectus, voc\u00ea pode comprar ou reparar qualquer bomba hidr\u00e1ulica. Trabalhamos com quase todas as grandes marcas de <strong>maquin\u00e1rio pesado e industrial;<\/strong> desde aplica\u00e7\u00f5es m\u00f3veis, como as bombas hidr\u00e1ulicas de um caminh\u00e3o basculante, escavadora, retroescavadora, guindaste, vibrocompactador (aplanadora), etc., at\u00e9 <strong>aplica\u00e7\u00f5es industriais de todos os tipos<\/strong>: bombas hidr\u00e1ulicas para prensas compactadoras, sistemas robotizados, cortadoras de a\u00e7o, entre outras.<\/p>\n<div class=\"one_third\"><img loading=\"lazy\" class=\"alignnone wp-image-341 size-full\" src=\"https:\/\/fluidpower.es\/wp-content\/uploads\/2015\/04\/bomba-hidraulica-maquinaria-caterpillar.jpg\" alt=\"Bombas Hidr\u00e1ulicas de Maquinaria Pesada Caterpillar\" width=\"258\" height=\"270\"\/><\/div>\n<div class=\"one_third\"><img loading=\"lazy\" class=\"alignnone wp-image-342 size-full\" src=\"https:\/\/fluidpower.es\/wp-content\/uploads\/2015\/04\/bomba-hidraulica-sundstrand.jpg\" alt=\"Bombas Hidraulicas de Maquinaria Pesada Sundstrand\" width=\"260\" height=\"214\"\/><\/div>\n<div class=\"one_third last\"><img loading=\"lazy\" class=\"alignnone wp-image-340 size-full\" src=\"https:\/\/fluidpower.es\/wp-content\/uploads\/2015\/04\/bomba-hidraulica-john-deere.jpg\" alt=\"Bombas Hidr\u00e1ulicas de Maquinaria Pesada John Deere\" width=\"231\" height=\"270\"\/><\/div>\n<div class=\"clear\"><\/div>\n<div id=\"imagenesBombasHidraulicas\" class=\"anchoTotal\"><\/div>\n<div class=\"anchoTotal\"><\/div>\n<h2>Bombas Hidr\u00e1ulicas para Maquin\u00e1rio Pesado das Melhores Marcas<\/h2>\n<p>Temos todo tipo de bombas hidr\u00e1ulicas para maquinaria pesada, <strong>desde 5 lts\/min at\u00e9 200 lts\/min<\/strong>, em um intervalo de press\u00f5es de <strong>110 bar (1.500 psi) at\u00e9 700 bar (10.000 psi).<\/strong> Nossas bombas hidr\u00e1ulicas s\u00e3o utilizadas em uma grande variedade de aplica\u00e7\u00f5es. Entre as marcas que manejamos e distribu\u00edmos est\u00e3o:<\/p>\n<div class=\"anchoMitad\"><img loading=\"lazy\" class=\"wp-image-315 size-full alignright\" src=\"https:\/\/fluidpower.es\/wp-content\/uploads\/2015\/04\/marcas-hidraulicas.jpg\" alt=\"Marcas Bombas Hidr\u00e1ulicas de maquinaria\" width=\"400\" height=\"320\" srcset=\"https:\/\/www.fluidpower.es\/wp-content\/uploads\/2015\/04\/marcas-hidraulicas.jpg 400w, https:\/\/www.fluidpower.es\/wp-content\/uploads\/2015\/04\/marcas-hidraulicas-300x240.jpg 300w\" sizes=\"(max-width: 400px) 100vw, 400px\" \/><\/p>\n<ul class=\"listadoProductos\">\n<li>Parker<\/li>\n<li>Vickers<\/li>\n<li>Sundstrand<\/li>\n<li>Caterpillar<\/li>\n<li>Sauer-Danfoss<\/li>\n<li>Linde<\/li>\n<li>Volvo<\/li>\n<li>Daewoo<\/li>\n<li>Eaton<\/li>\n<li>Liebherr<\/li>\n<li>Komatsu<\/li>\n<li>John Deere<\/li>\n<\/ul>\n<\/div>\n<\/div>\n<\/div>\n<div class=\"bloquePrincipal\">\n&nbsp;<br \/>\nSe n\u00e3o tiver certeza de qual bomba hidr\u00e1ulica para maquinaria pesada voc\u00ea precisa, n\u00f3s o <strong>ajudamos e oferecemos a bomba que melhor se adapta \u00e0s suas necessidades.<\/strong><\/div>\n<p>&nbsp;<br \/>\n<strong>A prioridade<\/strong> quando se tem uma maquinaria pesada parada devido a uma bomba hidr\u00e1ulica \u00e9 substitu\u00ed-la o mais r\u00e1pido poss\u00edvel para retomar a atividade. Somos especialistas em todo tipo de maquinaria pesada e <strong>conseguimos as bombas hidr\u00e1ulicas para maquinaria pesada em tempo recorde.<\/strong> Mesmo quando se trata de <strong>pe\u00e7as dif\u00edceis de encontrar,<\/strong> nossa ampla rede de distribuidores ao redor do mundo nos permite ter uma <strong>grande quantidade de bombas em estoque.<\/strong><\/p>\n<p><a class=\"urlContactar\" title=\"Contactar con Fluid Power Espa\u00f1a\" href=\"https:\/\/www.fluidpower.es\/pt-pt\/contactar\/\">Entre em contato conosco<\/a> para obter mais informa\u00e7\u00f5es sobre bombas hidr\u00e1ulicas para maquinaria pesada, assim como or\u00e7amento ou qualquer outra necessidade que voc\u00ea tenha, n\u00e3o hesite em entrar em contato conosco.<\/p>\n<p>Atendemos em toda a <strong>Espanha e Europa.<\/strong><\/p>\n<div class=\"text_box\" style=\"border: 1px solid #424242; \">\n<h4 class=\"title\" style=\"color:#a31717;\">Produtos Garantidos<\/h4>\n<div class=\"text clearfix\" style=\"\">Em Provectus Hydraulica garantimos um produto da mais alta qualidade. Por isso, oferecemos uma garantia de 1 ano e meio (18 meses) para qualquer produto adquirido conosco. Trabalhamos exclusivamente com produtos novos e utilizamos pe\u00e7as originais para a repara\u00e7\u00e3o de qualquer equipamento, o que nos permite assegurar o perfeito funcionamento do mesmo, desde que tenha sido utilizado de forma correta.<\/div>\n<\/div>\n<p>\n\t\t<\/div> \n\t<\/div> \n<\/div>\n","protected":false},"excerpt":{"rendered":"","protected":false},"author":1,"featured_media":0,"parent":22361,"menu_order":0,"comment_status":"closed","ping_status":"open","template":"page_sidebar.php","meta":[],"yst_prominent_words":[],"_links":{"self":[{"href":"https:\/\/www.fluidpower.es\/pt-pt\/wp-json\/wp\/v2\/pages\/22511"}],"collection":[{"href":"https:\/\/www.fluidpower.es\/pt-pt\/wp-json\/wp\/v2\/pages"}],"about":[{"href":"https:\/\/www.fluidpower.es\/pt-pt\/wp-json\/wp\/v2\/types\/page"}],"author":[{"embeddable":true,"href":"https:\/\/www.fluidpower.es\/pt-pt\/wp-json\/wp\/v2\/users\/1"}],"replies":[{"embeddable":true,"href":"https:\/\/www.fluidpower.es\/pt-pt\/wp-json\/wp\/v2\/comments?post=22511"}],"version-history":[{"count":19,"href":"https:\/\/www.fluidpower.es\/pt-pt\/wp-json\/wp\/v2\/pages\/22511\/revisions"}],"predecessor-version":[{"id":22549,"href":"https:\/\/www.fluidpower.es\/pt-pt\/wp-json\/wp\/v2\/pages\/22511\/revisions\/22549"}],"up":[{"embeddable":true,"href":"https:\/\/www.fluidpower.es\/pt-pt\/wp-json\/wp\/v2\/pages\/22361"}],"wp:attachment":[{"href":"https:\/\/www.fluidpower.es\/pt-pt\/wp-json\/wp\/v2\/media?parent=22511"}],"wp:term":[{"taxonomy":"yst_prominent_words","embeddable":true,"href":"https:\/\/www.fluidpower.es\/pt-pt\/wp-json\/wp\/v2\/yst_prominent_words?post=22511"}],"curies":[{"name":"wp","href":"https:\/\/api.w.org\/{rel}","templated":true}]}}