{"id":22556,"date":"2015-03-29T16:37:57","date_gmt":"2015-03-29T16:37:57","guid":{"rendered":"https:\/\/www.fluidpower.es\/hidraulica\/cilindros-hidraulicos\/"},"modified":"2025-03-12T11:41:34","modified_gmt":"2025-03-12T10:41:34","slug":"cilindros-hidraulicos","status":"publish","type":"page","link":"https:\/\/www.fluidpower.es\/pt-pt\/hidraulica\/cilindros-hidraulicos\/","title":{"rendered":"Cilindros Hidr\u00e1ulicos"},"content":{"rendered":"<div class=\"wpb_row vc_row-fluid\">\n\t<div class=\"vc_span12 wpb_column column_container\">\n\t\t<div class=\"wpb_wrapper\">\n\t\t\t<\/p>\n<p>Temos uma grande oferta de <strong>cilindros hidr\u00e1ulicos,<\/strong>\u00a0assim como todas as pe\u00e7as necess\u00e1rias para a sua repara\u00e7\u00e3o.<\/p>\n<h3>Tipos de Cilindros Hidr\u00e1ulicos<\/h3>\n<div class=\"gallery noscript full shortcode left\">\n<div class=\"container\">\n<ul class=\"preview clearfix styled\">\n<li><a class=\"fancy_gallery\" rel=\"group-3879\" href=\"https:\/\/www.fluidpower.es\/wp-content\/uploads\/2017\/01\/Croquis-8.png\"><img loading=\"lazy\" src=\"https:\/\/www.fluidpower.es\/wp-content\/uploads\/2017\/01\/Croquis-8.png\" width=\"883\" height=\"349\" alt=\"\" \/><span class=\"slide-info\"><span class=\"slide-caption\">Cilindro hidr\u00e1ulico de tercer punto hidr\u00e1ulico con enganche r\u00e1pido<\/span><span class=\"slide-description\">Cilindro de Tercer Punto Hidr\u00e1ulico con Enganche r\u00e1pido<\/span><\/span><span class=\"overlay\"><span class=\"p-icon\"><\/span><\/span><\/a><\/li>\n<li><a class=\"fancy_gallery\" rel=\"group-3879\" href=\"https:\/\/www.fluidpower.es\/wp-content\/uploads\/2017\/01\/Croquis-7.png\"><img loading=\"lazy\" src=\"https:\/\/www.fluidpower.es\/wp-content\/uploads\/2017\/01\/Croquis-7.png\" width=\"912\" height=\"351\" alt=\"\" \/><span class=\"slide-info\"><span class=\"slide-caption\">Tercer Punto Hidr\u00e1ulico con V\u00e1lvula antirretorno doble<\/span><span class=\"slide-description\">Tercer Punto Hidr\u00e1ulico con V\u00e1lvula antirretorno doble<\/span><\/span><span class=\"overlay\"><span class=\"p-icon\"><\/span><\/span><\/a><\/li>\n<li><a class=\"fancy_gallery\" rel=\"group-3879\" href=\"https:\/\/www.fluidpower.es\/wp-content\/uploads\/2017\/01\/Croquis-9.2.png\"><img loading=\"lazy\" src=\"https:\/\/www.fluidpower.es\/wp-content\/uploads\/2017\/01\/Croquis-9.2-702x473.png\" width=\"702\" height=\"473\" alt=\"\" \/><span class=\"slide-info\"><span class=\"slide-caption\">Cilindro Hidr\u00e1ulico de Brida Trasera de Doble efecto<\/span><span class=\"slide-description\">Cilindro Hidr\u00e1ulico de Brida Trasera de Doble efecto<\/span><\/span><span class=\"overlay\"><span class=\"p-icon\"><\/span><\/span><\/a><\/li>\n<li><a class=\"fancy_gallery\" rel=\"group-3879\" href=\"https:\/\/www.fluidpower.es\/wp-content\/uploads\/2017\/01\/Croquis-3.png\"><img loading=\"lazy\" src=\"https:\/\/www.fluidpower.es\/wp-content\/uploads\/2017\/01\/Croquis-3.png\" width=\"776\" height=\"323\" alt=\"\" \/><span class=\"slide-info\"><span class=\"slide-caption\">Cilindro Hidr\u00e1ulico de Doble Efecto Serie 3<\/span><span class=\"slide-description\">Cilindros Hidr\u00e1ulicos de Doble Efecto Serie 3<\/span><\/span><span class=\"overlay\"><span class=\"p-icon\"><\/span><\/span><\/a><\/li>\n<li><a class=\"fancy_gallery\" rel=\"group-3879\" href=\"https:\/\/www.fluidpower.es\/wp-content\/uploads\/2017\/01\/Croquis-1.png\"><img loading=\"lazy\" src=\"https:\/\/www.fluidpower.es\/wp-content\/uploads\/2017\/01\/Croquis-1.png\" width=\"1095\" height=\"389\" alt=\"\" \/><span class=\"slide-info\"><span class=\"slide-caption\">Cilindro Hidr\u00e1ulico de Simple Efecto Est\u00e1ndar Serie 1 y 2<\/span><span class=\"slide-description\">Cilindros Hidr\u00e1ulicos de Simple Efecto Est\u00e1ndar Serie 1 y 2<\/span><\/span><span class=\"overlay\"><span class=\"p-icon\"><\/span><\/span><\/a><\/li>\n<li><a class=\"fancy_gallery\" rel=\"group-3879\" href=\"https:\/\/www.fluidpower.es\/wp-content\/uploads\/2017\/01\/Croquis-2.png\"><img loading=\"lazy\" src=\"https:\/\/www.fluidpower.es\/wp-content\/uploads\/2017\/01\/Croquis-2.png\" width=\"892\" height=\"366\" alt=\"\" \/><span class=\"slide-info\"><span class=\"slide-caption\">Cilindro Hidr\u00e1ulico de Simple efecto \u00d8A de \u00d845 a \u00d870mm<\/span><span class=\"slide-description\">Cilindro Hidr\u00e1ulico de Simple efecto \u00d8A de \u00d845 a \u00d870mm<\/span><\/span><span class=\"overlay\"><span class=\"p-icon\"><\/span><\/span><\/a><\/li>\n<li><a class=\"fancy_gallery\" rel=\"group-3879\" href=\"https:\/\/www.fluidpower.es\/wp-content\/uploads\/2017\/01\/Croquis-6.png\"><img loading=\"lazy\" src=\"https:\/\/www.fluidpower.es\/wp-content\/uploads\/2017\/01\/Croquis-6.png\" width=\"888\" height=\"336\" alt=\"\" \/><span class=\"slide-info\"><span class=\"slide-caption\">Cilindro Hidr\u00e1ulico de Volteo de Arado Serie 6<\/span><span class=\"slide-description\">Cilindros Hidr\u00e1ulicos de Volteo de Arado Serie 6<\/span><\/span><span class=\"overlay\"><span class=\"p-icon\"><\/span><\/span><\/a><\/li>\n<li><a class=\"fancy_gallery\" rel=\"group-3879\" href=\"https:\/\/www.fluidpower.es\/wp-content\/uploads\/2017\/01\/Croquis-10.png\"><img loading=\"lazy\" src=\"https:\/\/www.fluidpower.es\/wp-content\/uploads\/2017\/01\/Croquis-10.png\" width=\"523\" height=\"393\" alt=\"\" \/><span class=\"slide-info\"><span class=\"slide-caption\">Cilindro Hidr\u00e1ulico de Disparo Neum\u00e1tico<\/span><span class=\"slide-description\">Cilindro Hidr\u00e1ulico de Disparo Neum\u00e1tico<\/span><\/span><span class=\"overlay\"><span class=\"p-icon\"><\/span><\/span><\/a><\/li>\n<li><a class=\"fancy_gallery\" rel=\"group-3879\" href=\"https:\/\/www.fluidpower.es\/wp-content\/uploads\/2017\/01\/Croquis-9.png\"><img loading=\"lazy\" src=\"https:\/\/www.fluidpower.es\/wp-content\/uploads\/2017\/01\/Croquis-9.png\" width=\"739\" height=\"451\" alt=\"\" \/><span class=\"slide-info\"><span class=\"slide-caption\">Cilindro Hidr\u00e1ulico de Brida Delantera de Doble Efecto<\/span><span class=\"slide-description\">Cilindros Hidr\u00e1ulicos de Brida Delantera de Doble Efecto.<\/span><\/span><span class=\"overlay\"><span class=\"p-icon\"><\/span><\/span><\/a><\/li>\n<li><a class=\"fancy_gallery\" rel=\"group-3879\" href=\"https:\/\/www.fluidpower.es\/wp-content\/uploads\/2017\/01\/Croquis-16.png\"><img loading=\"lazy\" src=\"https:\/\/www.fluidpower.es\/wp-content\/uploads\/2017\/01\/Croquis-16.png\" width=\"888\" height=\"342\" alt=\"\" \/><span class=\"slide-info\"><span class=\"slide-caption\">Cilindro Hidr\u00e1ulico de Freno <\/span><span class=\"slide-description\">Cilindros Hidr\u00e1ulicos de Freno <\/span><\/span><span class=\"overlay\"><span class=\"p-icon\"><\/span><\/span><\/a><\/li>\n<li><a class=\"fancy_gallery\" rel=\"group-3879\" href=\"https:\/\/www.fluidpower.es\/wp-content\/uploads\/2017\/01\/Croquis-11.png\"><img loading=\"lazy\" src=\"https:\/\/www.fluidpower.es\/wp-content\/uploads\/2017\/01\/Croquis-11-676x473.png\" width=\"676\" height=\"473\" alt=\"\" \/><span class=\"slide-info\"><span class=\"slide-caption\">Cilindro Hidr\u00e1ulico de Doble Efecto con Brida de Mu\u00f1ones<\/span><span class=\"slide-description\">Cilindros Hidr\u00e1ulicos de Doble Efecto con Brida de Mu\u00f1ones<\/span><\/span><span class=\"overlay\"><span class=\"p-icon\"><\/span><\/span><\/a><\/li>\n<\/ul>\n<\/div>\n<div class=\"thumbs_wrapper\">\n<ul class=\"thumbs clearfix styled\">\n<li><a class=\"thumb\" href=\"https:\/\/www.fluidpower.es\/wp-content\/uploads\/2017\/01\/Croquis-11-676x473.png\"><img loading=\"lazy\" src=\"https:\/\/www.fluidpower.es\/wp-content\/uploads\/2017\/01\/Croquis-8-165x93.png\" width=\"165\" height=\"93\" alt=\"\" \/><\/a><\/li>\n<li><a class=\"thumb\" href=\"https:\/\/www.fluidpower.es\/wp-content\/uploads\/2017\/01\/Croquis-11-676x473.png\"><img loading=\"lazy\" src=\"https:\/\/www.fluidpower.es\/wp-content\/uploads\/2017\/01\/Croquis-7-165x93.png\" width=\"165\" height=\"93\" alt=\"\" \/><\/a><\/li>\n<li><a class=\"thumb\" href=\"https:\/\/www.fluidpower.es\/wp-content\/uploads\/2017\/01\/Croquis-11-676x473.png\"><img loading=\"lazy\" src=\"https:\/\/www.fluidpower.es\/wp-content\/uploads\/2017\/01\/Croquis-9.2-165x93.png\" width=\"165\" height=\"93\" alt=\"\" \/><\/a><\/li>\n<li><a class=\"thumb\" href=\"https:\/\/www.fluidpower.es\/wp-content\/uploads\/2017\/01\/Croquis-11-676x473.png\"><img loading=\"lazy\" src=\"https:\/\/www.fluidpower.es\/wp-content\/uploads\/2017\/01\/Croquis-3-165x93.png\" width=\"165\" height=\"93\" alt=\"\" \/><\/a><\/li>\n<li><a class=\"thumb\" href=\"https:\/\/www.fluidpower.es\/wp-content\/uploads\/2017\/01\/Croquis-11-676x473.png\"><img loading=\"lazy\" src=\"https:\/\/www.fluidpower.es\/wp-content\/uploads\/2017\/01\/Croquis-1-165x93.png\" width=\"165\" height=\"93\" alt=\"\" \/><\/a><\/li>\n<li><a class=\"thumb\" href=\"https:\/\/www.fluidpower.es\/wp-content\/uploads\/2017\/01\/Croquis-11-676x473.png\"><img loading=\"lazy\" src=\"https:\/\/www.fluidpower.es\/wp-content\/uploads\/2017\/01\/Croquis-2-165x93.png\" width=\"165\" height=\"93\" alt=\"\" \/><\/a><\/li>\n<li><a class=\"thumb\" href=\"https:\/\/www.fluidpower.es\/wp-content\/uploads\/2017\/01\/Croquis-11-676x473.png\"><img loading=\"lazy\" src=\"https:\/\/www.fluidpower.es\/wp-content\/uploads\/2017\/01\/Croquis-6-165x93.png\" width=\"165\" height=\"93\" alt=\"\" \/><\/a><\/li>\n<li><a class=\"thumb\" href=\"https:\/\/www.fluidpower.es\/wp-content\/uploads\/2017\/01\/Croquis-11-676x473.png\"><img loading=\"lazy\" src=\"https:\/\/www.fluidpower.es\/wp-content\/uploads\/2017\/01\/Croquis-10-165x93.png\" width=\"165\" height=\"93\" alt=\"\" \/><\/a><\/li>\n<li><a class=\"thumb\" href=\"https:\/\/www.fluidpower.es\/wp-content\/uploads\/2017\/01\/Croquis-11-676x473.png\"><img loading=\"lazy\" src=\"https:\/\/www.fluidpower.es\/wp-content\/uploads\/2017\/01\/Croquis-9-165x93.png\" width=\"165\" height=\"93\" alt=\"\" \/><\/a><\/li>\n<li><a class=\"thumb\" href=\"https:\/\/www.fluidpower.es\/wp-content\/uploads\/2017\/01\/Croquis-11-676x473.png\"><img loading=\"lazy\" src=\"https:\/\/www.fluidpower.es\/wp-content\/uploads\/2017\/01\/Croquis-16-165x93.png\" width=\"165\" height=\"93\" alt=\"\" \/><\/a><\/li>\n<li><a class=\"thumb\" href=\"https:\/\/www.fluidpower.es\/wp-content\/uploads\/2017\/01\/Croquis-11-676x473.png\"><img loading=\"lazy\" src=\"https:\/\/www.fluidpower.es\/wp-content\/uploads\/2017\/01\/Croquis-11-165x93.png\" width=\"165\" height=\"93\" alt=\"\" \/><\/a><\/li>\n<\/ul>\n<\/div>\n<\/div>\n<div class=\"loading\"><\/div>\n<p>Os nossos cilindros s\u00e3o utilizados em todos os <strong>tipos de aplica\u00e7\u00f5es agr\u00edcolas e industriais<\/strong>, tais como:<\/p>\n<h2>Cilindros hidr\u00e1ulicos para equipamento Agr\u00edcola<\/h2>\n<p>No setor agr\u00edcola, temos todos os cilindros hidr\u00e1ulicos para tratores.<\/p>\n<p>Al\u00e9m disso, dispomos de Cilindro Hidr\u00e1ulico de:<\/p>\n<ul>\n<li>Volteio de arado.<\/li>\n<li>Terceiro ponto hidr\u00e1ulico.<\/li>\n<li>Disparo pneum\u00e1tico.<\/li>\n<li>De freio.<\/li>\n<\/ul>\n<h2>Cilindros Hidr\u00e1ulicos para equipamento Industrial<\/h2>\n<ul>\n<li>Instala\u00e7\u00f5es em prensas compactadoras de res\u00edduos<\/li>\n<li>M\u00e1quinas de extrus\u00e3o de metais e pl\u00e1sticos<\/li>\n<li>Fechos autom\u00e1ticos de comportas<\/li>\n<li>Elevadores<\/li>\n<\/ul>\n<h2>Cilindros Hidr\u00e1ulicos para Equipamentos M\u00f3veis<\/h2>\n<p>Cilindros para:<\/p>\n<ul>\n<li>Volquete;<\/li>\n<li>Camiones de recolha de lixo municipal;<\/li>\n<li>Gruas e muitas mais.<\/li>\n<\/ul>\n<p>Dispomos em stock tanto de cilindros de <strong>Efeito Simples como de Efeito Duplo.<\/strong> Tanto na venda de cilindros hidr\u00e1ulicos como na sua repara\u00e7\u00e3o, oferecemos o <strong>melhor pre\u00e7o do mercado.<\/strong> Garantimos a <strong>melhor qualidade com uma ampla variedade de dimens\u00f5es<\/strong>, dependendo das suas necessidades.<\/p>\n<div class=\"bloquePrincipal\">\n<div class=\"bloqueTexto\">\n<p>Os nossos cilindros hidr\u00e1ulicos s\u00e3o ideais para todo tipo de <strong>maquinaria pesada<\/strong>, como:<\/p>\n<ul class=\"listadoProductos\">\n<li>Retroescavadoras<\/li>\n<li>Gruas<\/li>\n<li>P\u00e1s Hidr\u00e1ulicas<\/li>\n<li>Tratores Agr\u00edcolas<\/li>\n<li>Empilhadeiras<\/li>\n<li>Mesas Tesoura<\/li>\n<li>e muitas mais<\/li>\n<\/ul>\n<h2>Marcas com as quais trabalhamos:<\/h2>\n<p>Entre as <strong>marcas que mais reparamos est\u00e3o<\/strong>: Caterpillar, Komatsu, Volvo, Hitachi, Daewoo, etc. Para obter mais informa\u00e7\u00f5es sobre qualquer um dos nossos produtos. <a class=\"urlContactar\" title=\"Contactar\" href=\"https:\/\/www.fluidpower.es\/pt-pt\/contactar\/\">Contacte-nos<\/a> preenchendo o seguinte formul\u00e1rio. Atendemos em toda a Espanha.<\/p>\n<div class=\"anchoTotalIzquierda\">\n<div class=\"text_box\" style=\"border: 1px solid #424242; \">\n<h4 class=\"title\" style=\"color:#a31717;\">Produtos Garantidos<\/h4>\n<div class=\"text clearfix\" style=\"\">Na Provectus Hydraulica, garantimos um produto da melhor qualidade. Por isso, oferecemos uma garantia de 1 ano e meio (18 meses) para qualquer produto que adquirir connosco. Vendemos apenas produtos novos e utilizamos pe\u00e7as originais na repara\u00e7\u00e3o de qualquer equipamento, o que nos permite assegurar o seu correto funcionamento, desde que tenha sido utilizado de forma adequada.<\/div>\n<\/div>\n<\/div>\n<\/div>\n<\/div>\n<p>\n\t\t<\/div> \n\t<\/div> \n<\/div>\n","protected":false},"excerpt":{"rendered":"","protected":false},"author":1,"featured_media":0,"parent":22361,"menu_order":0,"comment_status":"closed","ping_status":"closed","template":"page_sidebar.php","meta":[],"yst_prominent_words":[],"_links":{"self":[{"href":"https:\/\/www.fluidpower.es\/pt-pt\/wp-json\/wp\/v2\/pages\/22556"}],"collection":[{"href":"https:\/\/www.fluidpower.es\/pt-pt\/wp-json\/wp\/v2\/pages"}],"about":[{"href":"https:\/\/www.fluidpower.es\/pt-pt\/wp-json\/wp\/v2\/types\/page"}],"author":[{"embeddable":true,"href":"https:\/\/www.fluidpower.es\/pt-pt\/wp-json\/wp\/v2\/users\/1"}],"replies":[{"embeddable":true,"href":"https:\/\/www.fluidpower.es\/pt-pt\/wp-json\/wp\/v2\/comments?post=22556"}],"version-history":[{"count":1,"href":"https:\/\/www.fluidpower.es\/pt-pt\/wp-json\/wp\/v2\/pages\/22556\/revisions"}],"predecessor-version":[{"id":22558,"href":"https:\/\/www.fluidpower.es\/pt-pt\/wp-json\/wp\/v2\/pages\/22556\/revisions\/22558"}],"up":[{"embeddable":true,"href":"https:\/\/www.fluidpower.es\/pt-pt\/wp-json\/wp\/v2\/pages\/22361"}],"wp:attachment":[{"href":"https:\/\/www.fluidpower.es\/pt-pt\/wp-json\/wp\/v2\/media?parent=22556"}],"wp:term":[{"taxonomy":"yst_prominent_words","embeddable":true,"href":"https:\/\/www.fluidpower.es\/pt-pt\/wp-json\/wp\/v2\/yst_prominent_words?post=22556"}],"curies":[{"name":"wp","href":"https:\/\/api.w.org\/{rel}","templated":true}]}}