{"id":22560,"date":"2015-04-06T17:40:33","date_gmt":"2015-04-06T17:40:33","guid":{"rendered":"https:\/\/www.fluidpower.es\/hidraulica\/distribuidores-hidraulicos\/"},"modified":"2025-03-12T12:29:36","modified_gmt":"2025-03-12T11:29:36","slug":"distribuidores-hidraulicos","status":"publish","type":"page","link":"https:\/\/www.fluidpower.es\/pt-pt\/hidraulica\/distribuidores-hidraulicos\/","title":{"rendered":"Distribuidores Hidr\u00e1ulicos"},"content":{"rendered":"<div class=\"wpb_row vc_row-fluid\">\n\t<div class=\"vc_span12 wpb_column column_container\">\n\t\t<div class=\"wpb_wrapper\">\n\t\t\t<\/p>\n<p><strong data-start=\"0\" data-end=\"55\" data-is-only-node=\"\">Venda de Distribuidores Hidr\u00e1ulicos de Alta Press\u00e3o<\/strong> de uma, duas e at\u00e9 tr\u00eas alavancas em tipo monobloco. Dispomos tamb\u00e9m de distribuidores hidr\u00e1ulicos compostos, que permitem adicionar tantas<strong> sec\u00e7\u00f5es (alavancas) quanto necess\u00e1rio,<\/strong> com uma ampla variedade de configura\u00e7\u00f5es.<\/p>\n<p>\u200e \u200e \u200e \u200e \u200e \u200e \u200e \u200e \u200e \u200e<\/p>\n<p>Um <strong data-start=\"3\" data-end=\"30\">distribuidor hidr\u00e1ulico<\/strong> \u00e9 essencial para que qualquer sistema hidr\u00e1ulico de alta press\u00e3o possa ser controlado por meio de uma alavanca. A rela\u00e7\u00e3o <strong data-start=\"153\" data-end=\"187\">qualidade-funcionalidade-pre\u00e7o<\/strong> de um distribuidor hidr\u00e1ulico \u00e9 excelente: t\u00eam um <strong data-start=\"238\" data-end=\"253\">baixo custo<\/strong>, s\u00e3o <strong data-start=\"259\" data-end=\"283\">extremamente fi\u00e1veis<\/strong> e, gra\u00e7as \u00e0 sua <strong data-start=\"300\" data-end=\"321\">elevada qualidade<\/strong>, apresentam uma <strong data-start=\"338\" data-end=\"357\">longa vida \u00fatil<\/strong>.<\/p>\n<p>\u200e \u200e \u200e \u200e \u200e \u200e \u200e<\/p>\n<h2>Distribuidores hidr\u00e1ulicos<\/h2>\n<h3>Sobre o fluxo e as alavancas<\/h3>\n<p>Os nossos distribuidores podem ser selecionados para utilizar com <strong>diferentes caudais (45 lts\/min, 80 lts\/min, 120 lts\/min, etc.)<\/strong> e com diferentes n\u00fameros de se\u00e7\u00f5es e alavancas. Temos distribuidores hidr\u00e1ulicos tipo <strong>monobloco de 1, 2 e 3 alavancas.<\/strong> Todos eles podem incluir uma <strong>v\u00e1lvula de seguran\u00e7a (v\u00e1lvula de al\u00edvio)<\/strong> ou, se preferir, sem ela.<\/p>\n<p>Tamb\u00e9m dispomos de distribuidores por se\u00e7\u00f5es, o que proporciona a flexibilidade de selecionar o n\u00famero de alavancas necess\u00e1rias, at\u00e9 um m\u00e1ximo de 12 se\u00e7\u00f5es. O fluxo para todos os distribuidores varia de 45 lts\/min at\u00e9 300 lts\/min.<\/p>\n<h3>Press\u00f5es<\/h3>\n<p>As press\u00f5es podem variar de acordo com as suas necessidades; temos distribuidores com capacidade de press\u00e3o at\u00e9 700 bar.<\/p>\n<p>O distribuidor pode ter <strong>integrada a v\u00e1lvula de seguran\u00e7a<\/strong> (v\u00e1lvula de al\u00edvio ou v\u00e1lvula de retorno) para evitar que o sistema seja danificado em caso de um aumento extremo da press\u00e3o.<\/p>\n<p>\n\t\t<\/div> \n\t<\/div> \n<\/div>\n<div class=\"gallery-four-columns\">\n<ul class=\"preview clearfix styled\">\n<li>\n<div class=\"image wrap-box style-1\" style=\"width: 280px; height: 280px;\">\n<div class=\"wrap-box-inner\"><a class=\"fancy_gallery\" rel=\"group-148\" href=\"https:\/\/www.fluidpower.es\/wp-content\/uploads\/2015\/03\/valvula-2-palancas-hof-b.jpg\"><img loading=\"lazy\" src=\"https:\/\/www.fluidpower.es\/wp-content\/uploads\/2015\/03\/valvula-2-palancas-hof-b-280x280.jpg\" class=\"wrap-box-element\" width=\"280\" height=\"280\" alt=\"\"><span class=\"overlay\"><span class=\"p-icon\"><\/span><\/span><span class=\"slide-info\" style=\"display:none;\"><span class=\"slide-caption\">Distribuidor Hidr\u00e1ulico de dos palancas marca HOF Hydraulic<\/span><span class=\"slide-description\"><div class=\"wpb_row vc_row-fluid\">\n\t<div class=\"vc_span12 wpb_column column_container\">\n\t\t<div class=\"wpb_wrapper\">\n\t\t\tDistribuidor Hidr\u00e1ulico de dos palancas marca HOF Hydraulic con V\u00e1lvula de alivio integrada. Modelo MB20\/2-210\n\t\t<\/div> \n\t<\/div> \n<\/div><\/span><\/span><\/a><\/div>\n<\/li>\n<li>\n<div class=\"image wrap-box style-1\" style=\"width: 280px; height: 280px;\">\n<div class=\"wrap-box-inner\"><a class=\"fancy_gallery\" rel=\"group-148\" href=\"https:\/\/www.fluidpower.es\/wp-content\/uploads\/2015\/03\/MCD501-1.jpg\"><img loading=\"lazy\" src=\"https:\/\/www.fluidpower.es\/wp-content\/uploads\/2015\/03\/MCD501-1-280x280.jpg\" class=\"wrap-box-element\" width=\"280\" height=\"280\" alt=\"\"><span class=\"overlay\"><span class=\"p-icon\"><\/span><\/span><span class=\"slide-info\" style=\"display:none;\"><span class=\"slide-caption\">Distribuidor Hidr\u00e1ulico de palanca, con v\u00e1lvula de alivio integrada<\/span><span class=\"slide-description\"><div class=\"wpb_row vc_row-fluid\">\n\t<div class=\"vc_span12 wpb_column column_container\">\n\t\t<div class=\"wpb_wrapper\">\n\t\t\tDistribuidor Hidr\u00e1ulico de palanca con v\u00e1lvulva de alivio integrada. Pida presupuesto ahora.\n\t\t<\/div> \n\t<\/div> \n<\/div><\/span><\/span><\/a><\/div>\n<\/li>\n<li>\n<div class=\"image wrap-box style-1\" style=\"width: 280px; height: 280px;\">\n<div class=\"wrap-box-inner\"><a class=\"fancy_gallery\" rel=\"group-148\" href=\"https:\/\/www.fluidpower.es\/wp-content\/uploads\/2015\/03\/valvula-2-palancas-hof.jpg\"><img loading=\"lazy\" src=\"https:\/\/www.fluidpower.es\/wp-content\/uploads\/2015\/03\/valvula-2-palancas-hof-280x280.jpg\" class=\"wrap-box-element\" width=\"280\" height=\"280\" alt=\"\"><span class=\"overlay\"><span class=\"p-icon\"><\/span><\/span><span class=\"slide-info\" style=\"display:none;\"><span class=\"slide-caption\">Distribuidor Hidr\u00e1ulico de dos palancas marca HOF Hydraulic<\/span><span class=\"slide-description\"><div class=\"wpb_row vc_row-fluid\">\n\t<div class=\"vc_span12 wpb_column column_container\">\n\t\t<div class=\"wpb_wrapper\">\n\t\t\tDistribuidor Hidr\u00e1ulico de dos palancas marca HOF Hydraulic con V\u00e1lvula de alivio integrada. Modelo MB20\/2-210\n\t\t<\/div> \n\t<\/div> \n<\/div><\/span><\/span><\/a><\/div>\n<\/li>\n<li>\n<div class=\"image wrap-box style-1\" style=\"width: 280px; height: 280px;\">\n<div class=\"wrap-box-inner\"><a class=\"fancy_gallery\" rel=\"group-148\" href=\"https:\/\/www.fluidpower.es\/wp-content\/uploads\/2015\/03\/MCD50_1-6.jpg\"><img loading=\"lazy\" src=\"https:\/\/www.fluidpower.es\/wp-content\/uploads\/2015\/03\/MCD50_1-6-280x280.jpg\" class=\"wrap-box-element\" width=\"280\" height=\"280\" alt=\"\"><span class=\"overlay\"><span class=\"p-icon\"><\/span><\/span><span class=\"slide-info\" style=\"display:none;\"><span class=\"slide-caption\">Distribuidor Hidr\u00e1ulico HOF Hydraulic de una palanca, modelo MCD50-1 <\/span><span class=\"slide-description\"><div class=\"wpb_row vc_row-fluid\">\n\t<div class=\"vc_span12 wpb_column column_container\">\n\t\t<div class=\"wpb_wrapper\">\n\t\t\tDistribuidor Hidr\u00e1ulico HOF Hydraulic de una palanca, modelo MCD50-1 \n\t\t<\/div> \n\t<\/div> \n<\/div><\/span><\/span><\/a><\/div>\n<\/li>\n<li>\n<div class=\"image wrap-box style-1\" style=\"width: 280px; height: 280px;\">\n<div class=\"wrap-box-inner\"><a class=\"fancy_gallery\" rel=\"group-148\" href=\"https:\/\/www.fluidpower.es\/wp-content\/uploads\/2015\/03\/valvula-2-palancas-hof-a.jpg\"><img loading=\"lazy\" src=\"https:\/\/www.fluidpower.es\/wp-content\/uploads\/2015\/03\/valvula-2-palancas-hof-a-280x280.jpg\" class=\"wrap-box-element\" width=\"280\" height=\"280\" alt=\"\"><span class=\"overlay\"><span class=\"p-icon\"><\/span><\/span><span class=\"slide-info\" style=\"display:none;\"><span class=\"slide-caption\">Distribuidor Hidr\u00e1ulico 2 palancas de alta presi\u00f3n, tipo monoblock, con v\u00e1lvula de alivio integrada<\/span><span class=\"slide-description\"><div class=\"wpb_row vc_row-fluid\">\n\t<div class=\"vc_span12 wpb_column column_container\">\n\t\t<div class=\"wpb_wrapper\">\n\t\t\tDistribuidor Hidr\u00e1ulico 2 palancas de Alta presi\u00f3n con v\u00e1lvula de alivio integrada. Este distribuidor permite utilizar los puertos de distintas maneras, como mejor se ajuste a sus necesidades.\n\t\t<\/div> \n\t<\/div> \n<\/div><\/span><\/span><\/a><\/div>\n<\/li>\n<li>\n<div class=\"image wrap-box style-1\" style=\"width: 280px; height: 280px;\">\n<div class=\"wrap-box-inner\"><a class=\"fancy_gallery\" rel=\"group-148\" href=\"https:\/\/www.fluidpower.es\/wp-content\/uploads\/2015\/03\/MCD50_1-5.jpg\"><img loading=\"lazy\" src=\"https:\/\/www.fluidpower.es\/wp-content\/uploads\/2015\/03\/MCD50_1-5-280x280.jpg\" class=\"wrap-box-element\" width=\"280\" height=\"280\" alt=\"\"><span class=\"overlay\"><span class=\"p-icon\"><\/span><\/span><span class=\"slide-info\" style=\"display:none;\"><span class=\"slide-caption\">Distribuidor Hidr\u00e1ulico Parker de una palanca<\/span><span class=\"slide-description\"><div class=\"wpb_row vc_row-fluid\">\n\t<div class=\"vc_span12 wpb_column column_container\">\n\t\t<div class=\"wpb_wrapper\">\n\t\t\tDistribuidor Hidr\u00e1ulico Parker de una palanca, modelo MCD50-1 \n\t\t<\/div> \n\t<\/div> \n<\/div><\/span><\/span><\/a><\/div>\n<\/li>\n<\/ul>\n<\/div>\n<p>Somos distribuidores em <strong>Espanha<\/strong> da marca <a title=\"Visitar el sitio web de Hof Hydraulic\" href=\"http:\/\/www.hofhydraulic.com\/\" target=\"_blank\" rel=\"noopener\">Hof Hydraulic, <\/a>uma marca reconhecida a n\u00edvel internacional. S\u00e3o fabricantes de equipamentos hidr\u00e1ulicos de alta press\u00e3o com presen\u00e7a em todo o mundo e <strong>cumprem todos os padr\u00f5es europeus de alta qualidade.<\/strong><\/p>\n<p>Para solicitar um or\u00e7amento, obter mais informa\u00e7\u00f5es e\/ou qualquer tipo de assessoria. <a title=\"Contactar Ahora con Provectus\" href=\"https:\/\/www.fluidpower.es\/pt-pt\/contactar\/\">Contacte-nos Agora.<\/a><\/p>\n<div class=\"text_box\" style=\"border: 1px solid #424242; \">\n<h4 class=\"title\" style=\"color:#a31717;\">Produtos Garantidos<\/h4>\n<div class=\"text clearfix\" style=\"\">Na Provectus Hydraulica garantimos um produto da melhor qualidade, por isso oferecemos uma garantia de 1 ano e meio (18 meses) sobre qualquer produto que adquirir connosco. Vendemos apenas produtos novos e utilizamos pe\u00e7as originais na repara\u00e7\u00e3o de qualquer equipamento, o que nos permite garantir o seu bom funcionamento, desde que tenha sido utilizado corretamente.<\/div>\n<\/div>\n","protected":false},"excerpt":{"rendered":"<p>Somos distribuidores em Espanha da marca Hof Hydraulic, uma marca reconhecida a n\u00edvel internacional. S\u00e3o fabricantes de equipamentos hidr\u00e1ulicos de&#8230;<\/p>\n","protected":false},"author":1,"featured_media":0,"parent":22361,"menu_order":0,"comment_status":"open","ping_status":"open","template":"page_sidebar.php","meta":[],"yst_prominent_words":[],"_links":{"self":[{"href":"https:\/\/www.fluidpower.es\/pt-pt\/wp-json\/wp\/v2\/pages\/22560"}],"collection":[{"href":"https:\/\/www.fluidpower.es\/pt-pt\/wp-json\/wp\/v2\/pages"}],"about":[{"href":"https:\/\/www.fluidpower.es\/pt-pt\/wp-json\/wp\/v2\/types\/page"}],"author":[{"embeddable":true,"href":"https:\/\/www.fluidpower.es\/pt-pt\/wp-json\/wp\/v2\/users\/1"}],"replies":[{"embeddable":true,"href":"https:\/\/www.fluidpower.es\/pt-pt\/wp-json\/wp\/v2\/comments?post=22560"}],"version-history":[{"count":8,"href":"https:\/\/www.fluidpower.es\/pt-pt\/wp-json\/wp\/v2\/pages\/22560\/revisions"}],"predecessor-version":[{"id":22573,"href":"https:\/\/www.fluidpower.es\/pt-pt\/wp-json\/wp\/v2\/pages\/22560\/revisions\/22573"}],"up":[{"embeddable":true,"href":"https:\/\/www.fluidpower.es\/pt-pt\/wp-json\/wp\/v2\/pages\/22361"}],"wp:attachment":[{"href":"https:\/\/www.fluidpower.es\/pt-pt\/wp-json\/wp\/v2\/media?parent=22560"}],"wp:term":[{"taxonomy":"yst_prominent_words","embeddable":true,"href":"https:\/\/www.fluidpower.es\/pt-pt\/wp-json\/wp\/v2\/yst_prominent_words?post=22560"}],"curies":[{"name":"wp","href":"https:\/\/api.w.org\/{rel}","templated":true}]}}