{"id":22608,"date":"2015-05-18T17:02:18","date_gmt":"2015-05-18T17:02:18","guid":{"rendered":"https:\/\/www.fluidpower.es\/hidraulica\/latiguillos-hidraulicos-de-alta-presion\/"},"modified":"2025-03-13T17:14:34","modified_gmt":"2025-03-13T16:14:34","slug":"latiguillos-hidraulicos-de-alta-presion","status":"publish","type":"page","link":"https:\/\/www.fluidpower.es\/pt-pt\/hidraulica\/latiguillos-hidraulicos-de-alta-presion\/","title":{"rendered":"Mangueiras Hidr\u00e1ulicas de Alta Press\u00e3o"},"content":{"rendered":"<p>Fabricamos mangueiras hidr\u00e1ulicas de alta press\u00e3o de <strong>acordo com as suas necessidades<\/strong>. Dispomos de um enorme cat\u00e1logo de conectores e mangueiras hidr\u00e1ulicas, <strong>onde pode escolher a sua nova mangueira ou reparar a atual.<\/strong><\/p>\n<h3>Partes das Mangueiras Hidr\u00e1ulicas<\/h3>\n<div class=\"gallery-three-columns\">\n<ul class=\"preview clearfix styled\">\n<li>\n<div class=\"image wrap-box no-style\" style=\"width: 380px; height: 357px;\">\n<div class=\"wrap-box-inner\"><a class=\"fancy_gallery\" rel=\"group-452\" href=\"https:\/\/www.fluidpower.es\/wp-content\/uploads\/2015\/03\/mangueras-hidraulicas-Balflex-provectus.es_.jpg\"><img loading=\"lazy\" src=\"https:\/\/www.fluidpower.es\/wp-content\/uploads\/2015\/03\/mangueras-hidraulicas-Balflex-provectus.es_-380x357.jpg\" class=\"wrap-box-element\" width=\"380\" height=\"357\" alt=\"\"><span class=\"overlay\"><span class=\"p-icon\"><\/span><\/span><span class=\"slide-info\" style=\"display:none;\"><span class=\"slide-caption\">Latiguillos Hidr\u00e1ulico de alta presi\u00f3n marca Balflex<\/span><span class=\"slide-description\"><div class=\"wpb_row vc_row-fluid\">\n\t<div class=\"vc_span12 wpb_column column_container\">\n\t\t<div class=\"wpb_wrapper\">\n\t\t\tLatiguillos Hidr\u00e1ulicos marca Balflex de alta presi\u00f3n\n\t\t<\/div> \n\t<\/div> \n<\/div><\/span><\/span><\/a><\/div>\n<\/li>\n<li>\n<div class=\"image wrap-box no-style\" style=\"width: 380px; height: 357px;\">\n<div class=\"wrap-box-inner\"><a class=\"fancy_gallery\" rel=\"group-452\" href=\"https:\/\/www.fluidpower.es\/wp-content\/uploads\/2015\/03\/adaptadores-hidraulicos-balflex-provectus.es_.jpg\"><img loading=\"lazy\" src=\"https:\/\/www.fluidpower.es\/wp-content\/uploads\/2015\/03\/adaptadores-hidraulicos-balflex-provectus.es_-380x357.jpg\" class=\"wrap-box-element\" width=\"380\" height=\"357\" alt=\"\"><span class=\"overlay\"><span class=\"p-icon\"><\/span><\/span><span class=\"slide-info\" style=\"display:none;\"><span class=\"slide-caption\">Adaptadores Hidr\u00e1ulicos de Alta Presi\u00f3n<\/span><span class=\"slide-description\"><div class=\"wpb_row vc_row-fluid\">\n\t<div class=\"vc_span12 wpb_column column_container\">\n\t\t<div class=\"wpb_wrapper\">\n\t\t\tAdaptadores Hidr\u00e1ulicos de Alta Presi\u00f3n para interconectar latiguillos\n\t\t<\/div> \n\t<\/div> \n<\/div><\/span><\/span><\/a><\/div>\n<\/li>\n<li>\n<div class=\"image wrap-box no-style\" style=\"width: 380px; height: 357px;\">\n<div class=\"wrap-box-inner\"><a class=\"fancy_gallery\" rel=\"group-452\" href=\"https:\/\/www.fluidpower.es\/wp-content\/uploads\/2015\/03\/conectores-rapidos-balflex-provectus.es_.jpg\"><img loading=\"lazy\" src=\"https:\/\/www.fluidpower.es\/wp-content\/uploads\/2015\/03\/conectores-rapidos-balflex-provectus.es_-380x357.jpg\" class=\"wrap-box-element\" width=\"380\" height=\"357\" alt=\"\"><span class=\"overlay\"><span class=\"p-icon\"><\/span><\/span><span class=\"slide-info\" style=\"display:none;\"><span class=\"slide-caption\">Conectores r\u00e1pidos para latiguillos<\/span><span class=\"slide-description\"><div class=\"wpb_row vc_row-fluid\">\n\t<div class=\"vc_span12 wpb_column column_container\">\n\t\t<div class=\"wpb_wrapper\">\n\t\t\tConectores r\u00e1pidos para latiguillos hidr\u00e1ulicos de alta presi\u00f3n\n\t\t<\/div> \n\t<\/div> \n<\/div><\/span><\/span><\/a><\/div>\n<\/li>\n<li>\n<div class=\"image wrap-box no-style\" style=\"width: 380px; height: 357px;\">\n<div class=\"wrap-box-inner\"><a class=\"fancy_gallery\" rel=\"group-452\" href=\"https:\/\/www.fluidpower.es\/wp-content\/uploads\/2015\/03\/conexiones-mangueras-hidraulicas-Balflex-provectus.es_.jpg\"><img loading=\"lazy\" src=\"https:\/\/www.fluidpower.es\/wp-content\/uploads\/2015\/03\/conexiones-mangueras-hidraulicas-Balflex-provectus.es_-380x357.jpg\" class=\"wrap-box-element\" width=\"380\" height=\"357\" alt=\"\"><span class=\"overlay\"><span class=\"p-icon\"><\/span><\/span><span class=\"slide-info\" style=\"display:none;\"><span class=\"slide-caption\">Conectores hidr\u00e1ulicos de alta presi\u00f3n<\/span><span class=\"slide-description\"><div class=\"wpb_row vc_row-fluid\">\n\t<div class=\"vc_span12 wpb_column column_container\">\n\t\t<div class=\"wpb_wrapper\">\n\t\t\tConectores de prensar para latiguillos hidr\u00e1ulicos\n\t\t<\/div> \n\t<\/div> \n<\/div><\/span><\/span><\/a><\/div>\n<\/li>\n<\/ul>\n<\/div>\n<h2>Comprar Mangueiras Hidr\u00e1ulicas Agora<\/h2>\n<p>Para comprar mangueiras hidr\u00e1ulicas de alta press\u00e3o, conectores de prensar, adaptadores hidr\u00e1ulicos ou conectores r\u00e1pidos, basta apenas <a title=\"Contactar\" href=\"https:\/\/www.fluidpower.es\/pt-pt\/contactar\/\">contactar-nos agora<\/a> ou comprar diretamente atrav\u00e9s de <a title=\"Ir a la tienda online de Provectus Ahora\" href=\"https:\/\/www.provectus.es\" target=\"_blank\" rel=\"noopener\">nossa loja online.<\/a><\/p>\n<p>N\u00f3s cuidamos de tudo: basta nos indicar quais conectores deseja utilizar para a entrada e sa\u00edda, e nossa <strong>equipe de fabrica\u00e7\u00e3o de mangueiras hidr\u00e1ulicas as fabricar\u00e1<\/strong>. Oferecemos apenas a <strong>melhor qualidade<\/strong> do mercado:<strong> trabalhamos com a marca Balflex<\/strong>, empresa l\u00edder a n\u00edvel internacional na fabrica\u00e7\u00e3o de mangueiras <strong>hidr\u00e1ulicas e conectores hidr\u00e1ulicos de alta press\u00e3o.<\/strong><\/p>\n<p>Nossas mangueiras hidr\u00e1ulicas s\u00e3o utilizadas em <strong>todo tipo de aplica\u00e7\u00f5es hidr\u00e1ulicas:<\/strong> cilindros hidr\u00e1ulicos, motores hidr\u00e1ulicos, grupos hidr\u00e1ulicos e interconex\u00f5es hidr\u00e1ulicas de grande porte.<\/p>\n<p>Todas as mangueiras que fabricamos s\u00e3o feitas sob <strong>medida para o cliente<\/strong>, de acordo com suas especifica\u00e7\u00f5es. Mantemos um registro de todas as mangueiras que fabricamos para que, se no futuro precisar de uma nova mangueira, seja para a fabrica\u00e7\u00e3o de um novo equipamento ou a substitui\u00e7\u00e3o de uma antiga, <strong>possamos fornec\u00ea-la sem a necessidade de nos enviar uma amostra<\/strong>.<\/p>\n<div class=\"text_box\" style=\"border: 1px solid #424242; \">\n<h4 class=\"title\" style=\"color:#a31717;\">Produtos Garantidos<\/h4>\n<div class=\"text clearfix\" style=\"\">Em Provectus Hydraulica garantimos um produto da melhor qualidade, por isso oferecemos uma garantia de 1 ano e meio (18 meses) em qualquer produto que nos compre. Vendemos apenas produtos novos e utilizamos pe\u00e7as originais para a repara\u00e7\u00e3o de qualquer equipamento, o que nos permite garantir o bom funcionamento do mesmo, desde que tenha sido utilizado de forma correta.<\/div>\n<\/div>\n","protected":false},"excerpt":{"rendered":"<p>Fabricamos mangueiras hidr\u00e1ulicas de alta press\u00e3o de acordo com as suas necessidades. Dispomos de um enorme cat\u00e1logo de conectores e&#8230;<\/p>\n","protected":false},"author":1,"featured_media":0,"parent":22361,"menu_order":0,"comment_status":"open","ping_status":"open","template":"page_sidebar.php","meta":[],"yst_prominent_words":[],"_links":{"self":[{"href":"https:\/\/www.fluidpower.es\/pt-pt\/wp-json\/wp\/v2\/pages\/22608"}],"collection":[{"href":"https:\/\/www.fluidpower.es\/pt-pt\/wp-json\/wp\/v2\/pages"}],"about":[{"href":"https:\/\/www.fluidpower.es\/pt-pt\/wp-json\/wp\/v2\/types\/page"}],"author":[{"embeddable":true,"href":"https:\/\/www.fluidpower.es\/pt-pt\/wp-json\/wp\/v2\/users\/1"}],"replies":[{"embeddable":true,"href":"https:\/\/www.fluidpower.es\/pt-pt\/wp-json\/wp\/v2\/comments?post=22608"}],"version-history":[{"count":3,"href":"https:\/\/www.fluidpower.es\/pt-pt\/wp-json\/wp\/v2\/pages\/22608\/revisions"}],"predecessor-version":[{"id":22613,"href":"https:\/\/www.fluidpower.es\/pt-pt\/wp-json\/wp\/v2\/pages\/22608\/revisions\/22613"}],"up":[{"embeddable":true,"href":"https:\/\/www.fluidpower.es\/pt-pt\/wp-json\/wp\/v2\/pages\/22361"}],"wp:attachment":[{"href":"https:\/\/www.fluidpower.es\/pt-pt\/wp-json\/wp\/v2\/media?parent=22608"}],"wp:term":[{"taxonomy":"yst_prominent_words","embeddable":true,"href":"https:\/\/www.fluidpower.es\/pt-pt\/wp-json\/wp\/v2\/yst_prominent_words?post=22608"}],"curies":[{"name":"wp","href":"https:\/\/api.w.org\/{rel}","templated":true}]}}