{"id":22615,"date":"2015-04-08T18:01:19","date_gmt":"2015-04-08T18:01:19","guid":{"rendered":"https:\/\/www.fluidpower.es\/hidraulica\/manometros\/"},"modified":"2025-03-14T09:17:23","modified_gmt":"2025-03-14T08:17:23","slug":"manometros","status":"publish","type":"page","link":"https:\/\/www.fluidpower.es\/pt-pt\/hidraulica\/manometros\/","title":{"rendered":"Man\u00f3metros (Medidores de Press\u00e3o)"},"content":{"rendered":"<div class=\"wpb_row vc_row-fluid\">\n\t<div class=\"vc_span12 wpb_column column_container\">\n\t\t<div class=\"wpb_wrapper\">\n\t\t\t<\/p>\n<div id=\"attachment_278\" style=\"width: 260px\" class=\"wp-caption alignleft\"><a href=\"https:\/\/www.fluidpower.es\/wp-content\/uploads\/2015\/04\/manometro_0-700_sm.jpg\"><img aria-describedby=\"caption-attachment-278\" loading=\"lazy\" class=\"wp-image-278 size-full\" src=\"https:\/\/www.fluidpower.es\/wp-content\/uploads\/2015\/04\/manometro_0-700_sm.jpg\" alt=\"Man\u00f3metro de alta presi\u00f3n 0- 700 bar\" width=\"250\" height=\"284\" \/><\/a><p id=\"caption-attachment-278\" class=\"wp-caption-text\">Man\u00f4metro de alta press\u00e3o de 0-700 bar<\/p><\/div>\n<p>Ideais para ser utilizados em todo tipo de <strong>instala\u00e7\u00f5es onde seja necess\u00e1rio medir a press\u00e3o<\/strong>, seja de alta ou baixa press\u00e3o. Os man\u00f4metros s\u00e3o uma ferramenta b\u00e1sica e essencial; <strong>permitem conhecer o estado do sistema a todo momento.<\/strong> Gra\u00e7as a eles, \u00e9 poss\u00edvel saber se o sistema est\u00e1<strong> sobrecarregado ou com falta de press\u00e3o.<\/strong><\/p>\n<p>Recomendamos amplamente o seu uso em <strong>centrais hidr\u00e1ulicas de alta press\u00e3o:<\/strong> para medir a press\u00e3o dos cilindros hidr\u00e1ulicos durante o seu trabalho, para <strong>calibrar<\/strong> um sistema hidr\u00e1ulico de alta press\u00e3o, para <strong>medir<\/strong> a press\u00e3o de um sistema hidr\u00e1ulico em equipamentos m\u00f3veis, etc. Gra\u00e7as \u00e0 sua fabrica\u00e7\u00e3o em a\u00e7o inoxid\u00e1vel, s\u00e3o ideais para <strong>trabalhar em exteriores<\/strong>, evitando assim a <strong>corros\u00e3o gerada pelas intemp\u00e9ries.<\/strong><\/p>\n<p>\u200e \u200e<\/p>\n<p>\u200e<\/p>\n<p>A sua <strong>robustez, exatid\u00e3o e precis\u00e3o<\/strong> deram aos man\u00f3metros <a title=\"Ir al sitio web de Balflex\" href=\"http:\/\/www.balflex.com\" target=\"_blank\" rel=\"noopener\">Balflex<\/a> um lugar privilegiado a n\u00edvel internacional. Balflex \u00e9 um grupo internacional de empresas dedicadas ao design, produ\u00e7\u00e3o e distribui\u00e7\u00e3o de todo o tipo de mangueiras, conex\u00f5es, conectores, adaptadores, fichas e correias em V, com um padr\u00e3o de <strong>alta qualidade, estabelecido<\/strong> desde 1963.<\/p>\n<p>\u200e<\/p>\n<p>\u200e<\/p>\n<h2>Temos man\u00f3metros de v\u00e1rias press\u00f5es e com diferentes tamanhos:<\/h2>\n<table class=\"tabla-manometros\" style=\"height: 420px;\" width=\"789\">\n<tbody>\n<tr>\n<td style=\"text-align: center;\" width=\"117\">Tipo de Enchimento<\/td>\n<td style=\"text-align: center;\" width=\"46\">Tamanho do Mostrador<\/td>\n<td style=\"text-align: center;\" width=\"50\">Tipo de Conector<\/td>\n<td style=\"text-align: center;\" width=\"59\">Posi\u00e7\u00f5es dos conectores<\/td>\n<td style=\"text-align: center;\" width=\"59\">Press\u00f5es Dispon\u00edveis<\/td>\n<\/tr>\n<tr>\n<td rowspan=\"10\" width=\"117\">\n<ul>\n<li>Con Glicerina<\/li>\n<li>Seco<\/li>\n<\/ul>\n<\/td>\n<td rowspan=\"10\" width=\"46\">\n<ul>\n<li>53 mm<\/li>\n<li>63 mm<\/li>\n<li>100 mm<\/li>\n<\/ul>\n<\/td>\n<td rowspan=\"10\" width=\"50\">\n<ul>\n<li>1\/4&#8243; BSP<\/li>\n<li>1\/4&#8243; NPT<\/li>\n<li>1\/2&#8243; BSP<\/li>\n<li>1\/2&#8243; NPT<\/li>\n<li>1\/8&#8243; NPT<\/li>\n<\/ul>\n<\/td>\n<td rowspan=\"10\" width=\"59\">\n<ul>\n<li>Inferior<\/li>\n<\/ul>\n<\/td>\n<\/tr>\n<tr>\n<td>0 &#8211; 160 bar<\/td>\n<\/tr>\n<tr>\n<td>0 &#8211; 250 bar<\/td>\n<\/tr>\n<tr>\n<td>0 &#8211; 300 bar<\/td>\n<\/tr>\n<tr>\n<td>0 &#8211; 400 bar<\/td>\n<\/tr>\n<tr>\n<td>0 &#8211; 500 bar<\/td>\n<\/tr>\n<tr>\n<td>0 &#8211; 600 bar<\/td>\n<\/tr>\n<tr>\n<td>0 &#8211; 700 bar<\/td>\n<\/tr>\n<tr>\n<td>0 &#8211; 1000 bar<\/td>\n<\/tr>\n<\/tbody>\n<\/table>\n<p>\u200e<\/p>\n<p>\u200e<\/p>\n<p>\u200e<\/p>\n<div class=\"text_box\" style=\"border: 1px solid #424242; \">\n<h4 class=\"title\" style=\"color:#a31717;\">Produtos Garantidos<\/h4>\n<div class=\"text clearfix\" style=\"\">Na Provectus Hydraulica garantimos-lhe um produto da melhor qualidade, por isso oferecemos uma garantia de 1 ano e meio (18 meses) sobre qualquer produto que nos compre. N\u00f3s apenas vendemos produtos novos e utilizamos pe\u00e7as originais para a repara\u00e7\u00e3o de qualquer equipamento, o que nos permite garantir o bom funcionamento do mesmo, sempre que tenha sido utilizado corretamente.<\/div>\n<\/div>\n<p>\n\t\t<\/div> \n\t<\/div> \n<\/div>\n","protected":false},"excerpt":{"rendered":"","protected":false},"author":1,"featured_media":0,"parent":22361,"menu_order":0,"comment_status":"open","ping_status":"open","template":"page_sidebar.php","meta":[],"yst_prominent_words":[],"_links":{"self":[{"href":"https:\/\/www.fluidpower.es\/pt-pt\/wp-json\/wp\/v2\/pages\/22615"}],"collection":[{"href":"https:\/\/www.fluidpower.es\/pt-pt\/wp-json\/wp\/v2\/pages"}],"about":[{"href":"https:\/\/www.fluidpower.es\/pt-pt\/wp-json\/wp\/v2\/types\/page"}],"author":[{"embeddable":true,"href":"https:\/\/www.fluidpower.es\/pt-pt\/wp-json\/wp\/v2\/users\/1"}],"replies":[{"embeddable":true,"href":"https:\/\/www.fluidpower.es\/pt-pt\/wp-json\/wp\/v2\/comments?post=22615"}],"version-history":[{"count":5,"href":"https:\/\/www.fluidpower.es\/pt-pt\/wp-json\/wp\/v2\/pages\/22615\/revisions"}],"predecessor-version":[{"id":22624,"href":"https:\/\/www.fluidpower.es\/pt-pt\/wp-json\/wp\/v2\/pages\/22615\/revisions\/22624"}],"up":[{"embeddable":true,"href":"https:\/\/www.fluidpower.es\/pt-pt\/wp-json\/wp\/v2\/pages\/22361"}],"wp:attachment":[{"href":"https:\/\/www.fluidpower.es\/pt-pt\/wp-json\/wp\/v2\/media?parent=22615"}],"wp:term":[{"taxonomy":"yst_prominent_words","embeddable":true,"href":"https:\/\/www.fluidpower.es\/pt-pt\/wp-json\/wp\/v2\/yst_prominent_words?post=22615"}],"curies":[{"name":"wp","href":"https:\/\/api.w.org\/{rel}","templated":true}]}}