{"id":22626,"date":"2025-03-12T12:43:55","date_gmt":"2025-03-12T11:43:55","guid":{"rendered":"https:\/\/www.fluidpower.es\/hidraulica\/instalaciones-hidraulicas\/"},"modified":"2025-03-14T09:23:48","modified_gmt":"2025-03-14T08:23:48","slug":"instalaciones-hidraulicas","status":"publish","type":"page","link":"https:\/\/www.fluidpower.es\/pt-pt\/hidraulica\/instalaciones-hidraulicas\/","title":{"rendered":"Instala\u00e7\u00f5es hidr\u00e1ulicas"},"content":{"rendered":"<p style=\"text-align: left;\">Somos especialistas em instala\u00e7\u00f5es hidr\u00e1ulicas no local. Al\u00e9m de vender produtos hidr\u00e1ulicos, dedicamo-nos a realizar instala\u00e7\u00f5es hidr\u00e1ulicas de alta press\u00e3o.<\/p>\n<div class=\"gallery noscript full shortcode left\"><div class=\"container\"><ul class=\"preview clearfix styled\"><li><a class=\"fancy_gallery\" rel=\"group-0\" href=\"https:\/\/www.fluidpower.es\/wp-content\/uploads\/2021\/06\/18b7a050-c869-43e4-b1dd-88070a7b1905.jpeg\"><img loading=\"lazy\" src=\"https:\/\/www.fluidpower.es\/wp-content\/uploads\/2021\/06\/18b7a050-c869-43e4-b1dd-88070a7b1905-1170x473.jpeg\" width=\"1170\" height=\"473\" alt=\"\" \/><span class=\"overlay\"><span class=\"p-icon\"><\/span><\/span><\/a><\/li><li><a class=\"fancy_gallery\" rel=\"group-0\" href=\"https:\/\/www.fluidpower.es\/wp-content\/uploads\/2021\/06\/4129c210-bffd-4e73-bd7b-7b16560c8fdc.jpeg\"><img loading=\"lazy\" src=\"https:\/\/www.fluidpower.es\/wp-content\/uploads\/2021\/06\/4129c210-bffd-4e73-bd7b-7b16560c8fdc-1170x473.jpeg\" width=\"1170\" height=\"473\" alt=\"\" \/><span class=\"overlay\"><span class=\"p-icon\"><\/span><\/span><\/a><\/li><li><a class=\"fancy_gallery\" rel=\"group-0\" href=\"https:\/\/www.fluidpower.es\/wp-content\/uploads\/2021\/06\/0da335c3-2125-4893-98c2-85cae62b9502-1.jpeg\"><img loading=\"lazy\" src=\"https:\/\/www.fluidpower.es\/wp-content\/uploads\/2021\/06\/0da335c3-2125-4893-98c2-85cae62b9502-1-1170x473.jpeg\" width=\"1170\" height=\"473\" alt=\"\" \/><span class=\"overlay\"><span class=\"p-icon\"><\/span><\/span><\/a><\/li><li><a class=\"fancy_gallery\" rel=\"group-0\" href=\"https:\/\/www.fluidpower.es\/wp-content\/uploads\/2021\/06\/906c7e08-b8db-4854-bb70-dac85b8f027a-1.jpeg\"><img loading=\"lazy\" src=\"https:\/\/www.fluidpower.es\/wp-content\/uploads\/2021\/06\/906c7e08-b8db-4854-bb70-dac85b8f027a-1-1151x473.jpeg\" width=\"1151\" height=\"473\" alt=\"\" \/><span class=\"overlay\"><span class=\"p-icon\"><\/span><\/span><\/a><\/li><\/ul><\/div><div class=\"thumbs_wrapper\"><ul class=\"thumbs clearfix styled\"><li><a class=\"thumb\" href=\"https:\/\/www.fluidpower.es\/wp-content\/uploads\/2021\/06\/906c7e08-b8db-4854-bb70-dac85b8f027a-1-1151x473.jpeg\"><img loading=\"lazy\" src=\"https:\/\/www.fluidpower.es\/wp-content\/uploads\/2021\/06\/18b7a050-c869-43e4-b1dd-88070a7b1905-165x93.jpeg\" width=\"165\" height=\"93\" alt=\"\" \/><\/a><\/li><li><a class=\"thumb\" href=\"https:\/\/www.fluidpower.es\/wp-content\/uploads\/2021\/06\/906c7e08-b8db-4854-bb70-dac85b8f027a-1-1151x473.jpeg\"><img loading=\"lazy\" src=\"https:\/\/www.fluidpower.es\/wp-content\/uploads\/2021\/06\/4129c210-bffd-4e73-bd7b-7b16560c8fdc-165x93.jpeg\" width=\"165\" height=\"93\" alt=\"\" \/><\/a><\/li><li><a class=\"thumb\" href=\"https:\/\/www.fluidpower.es\/wp-content\/uploads\/2021\/06\/906c7e08-b8db-4854-bb70-dac85b8f027a-1-1151x473.jpeg\"><img loading=\"lazy\" src=\"https:\/\/www.fluidpower.es\/wp-content\/uploads\/2021\/06\/0da335c3-2125-4893-98c2-85cae62b9502-1-165x93.jpeg\" width=\"165\" height=\"93\" alt=\"\" \/><\/a><\/li><li><a class=\"thumb\" href=\"https:\/\/www.fluidpower.es\/wp-content\/uploads\/2021\/06\/906c7e08-b8db-4854-bb70-dac85b8f027a-1-1151x473.jpeg\"><img loading=\"lazy\" src=\"https:\/\/www.fluidpower.es\/wp-content\/uploads\/2021\/06\/906c7e08-b8db-4854-bb70-dac85b8f027a-1-165x93.jpeg\" width=\"165\" height=\"93\" alt=\"\" \/><\/a><\/li><\/ul><\/div><\/div><div class=\"loading\"><\/div>\n<h2 style=\"text-align: center;\">\u00bfQu\u00e9 queremos dizer com instala\u00e7\u00f5es hidr\u00e1ulicas?<\/h2>\n<p>As instala\u00e7\u00f5es hidr\u00e1ulicas s\u00e3o utilizadas, principalmente, quando \u00e9 necess\u00e1rio mover grandes pesos com precis\u00e3o ou executar movimentos potentes e precisos em um espa\u00e7o reduzido. Isso permite transmitir grande pot\u00eancia, com atuadores cujas dimens\u00f5es s\u00e3o menores que as de seus pares pneum\u00e1ticos ou el\u00e9tricos. O \u00f3leo em circuitos hidr\u00e1ulicos tamb\u00e9m tem a propriedade de lubrificar e selar entre c\u00e2maras devido \u00e0s pequenas \u00e1reas entre cada componente. A seguir, mostramos exemplos de instala\u00e7\u00f5es hidr\u00e1ulicas realizadas por n\u00f3s.\u200e<\/p>\n<p style=\"text-align: center;\">\u200e\u200e<iframe loading=\"lazy\" title=\"YouTube video player\" src=\"https:\/\/www.youtube.com\/embed\/2uFIVlI_4cE\" width=\"560\" height=\"315\" frameborder=\"0\" allowfullscreen=\"allowfullscreen\"><\/iframe><\/p>\n<p style=\"text-align: center;\"><iframe loading=\"lazy\" title=\"YouTube video player\" src=\"https:\/\/www.youtube.com\/embed\/GOn52aBf3JU\" width=\"560\" height=\"315\" frameborder=\"0\" allowfullscreen=\"allowfullscreen\"><\/iframe><\/p>\n<p style=\"text-align: center;\"><iframe loading=\"lazy\" title=\"YouTube video player\" src=\"https:\/\/www.youtube.com\/embed\/4fkYwrwZwU0\" width=\"560\" height=\"315\" frameborder=\"0\" allowfullscreen=\"allowfullscreen\"><\/iframe><\/p>\n\n\n<p><\/p>\n","protected":false},"excerpt":{"rendered":"<p>Somos especialistas em instala\u00e7\u00f5es hidr\u00e1ulicas no local. Al\u00e9m de vender produtos hidr\u00e1ulicos, dedicamo-nos a realizar instala\u00e7\u00f5es hidr\u00e1ulicas de alta press\u00e3o&#8230;.<\/p>\n","protected":false},"author":4,"featured_media":0,"parent":22361,"menu_order":0,"comment_status":"closed","ping_status":"closed","template":"","meta":[],"yst_prominent_words":[],"_links":{"self":[{"href":"https:\/\/www.fluidpower.es\/pt-pt\/wp-json\/wp\/v2\/pages\/22626"}],"collection":[{"href":"https:\/\/www.fluidpower.es\/pt-pt\/wp-json\/wp\/v2\/pages"}],"about":[{"href":"https:\/\/www.fluidpower.es\/pt-pt\/wp-json\/wp\/v2\/types\/page"}],"author":[{"embeddable":true,"href":"https:\/\/www.fluidpower.es\/pt-pt\/wp-json\/wp\/v2\/users\/4"}],"replies":[{"embeddable":true,"href":"https:\/\/www.fluidpower.es\/pt-pt\/wp-json\/wp\/v2\/comments?post=22626"}],"version-history":[{"count":1,"href":"https:\/\/www.fluidpower.es\/pt-pt\/wp-json\/wp\/v2\/pages\/22626\/revisions"}],"predecessor-version":[{"id":22628,"href":"https:\/\/www.fluidpower.es\/pt-pt\/wp-json\/wp\/v2\/pages\/22626\/revisions\/22628"}],"up":[{"embeddable":true,"href":"https:\/\/www.fluidpower.es\/pt-pt\/wp-json\/wp\/v2\/pages\/22361"}],"wp:attachment":[{"href":"https:\/\/www.fluidpower.es\/pt-pt\/wp-json\/wp\/v2\/media?parent=22626"}],"wp:term":[{"taxonomy":"yst_prominent_words","embeddable":true,"href":"https:\/\/www.fluidpower.es\/pt-pt\/wp-json\/wp\/v2\/yst_prominent_words?post=22626"}],"curies":[{"name":"wp","href":"https:\/\/api.w.org\/{rel}","templated":true}]}}