{"id":22630,"date":"2015-03-29T16:40:27","date_gmt":"2015-03-29T16:40:27","guid":{"rendered":"https:\/\/www.fluidpower.es\/hidraulica\/motores-hidraulicos\/"},"modified":"2025-03-14T09:42:20","modified_gmt":"2025-03-14T08:42:20","slug":"motores-hidraulicos","status":"publish","type":"page","link":"https:\/\/www.fluidpower.es\/pt-pt\/hidraulica\/motores-hidraulicos\/","title":{"rendered":"Motores Hidr\u00e1ulicos"},"content":{"rendered":"<div class=\"wpb_row vc_row-fluid\">\n\t<div class=\"vc_span12 wpb_column column_container\">\n\t\t<div class=\"wpb_wrapper\">\n\t\t\t<\/p>\n<p>Somos especialistas em motores hidr\u00e1ulicos, <strong>tanto de engrenagens como orbitais.<\/strong> Gra\u00e7as \u00e0 nossa vasta experi\u00eancia, podemos orgulhar-nos de oferecer o <strong>melhor aconselhamento em motores hidr\u00e1ulicos.<\/strong> Conhecemos quase<strong> todas as marcas do mercado europeu e americano<\/strong>, e ajudaremos a escolher o motor que melhor se adapta \u00e0s suas necessidades espec\u00edficas.<\/p>\n<h3>Motores Hidr\u00e1ulicos<\/h3>\n<div class=\"gallery noscript full shortcode left\">\n<div class=\"container\">\n<ul class=\"preview clearfix styled\">\n<li><a class=\"fancy_gallery\" rel=\"group-518\" href=\"https:\/\/www.fluidpower.es\/wp-content\/uploads\/2015\/05\/motor-hidraulico-prince-desde-arriba.jpg\"><img loading=\"lazy\" src=\"https:\/\/www.fluidpower.es\/wp-content\/uploads\/2015\/05\/motor-hidraulico-prince-desde-arriba.jpg\" width=\"400\" height=\"400\" alt=\"\" \/><span class=\"slide-info\"><span class=\"slide-caption\">Motor Hidr\u00e1ulico Prince<\/span><span class=\"slide-description\">Motor Hidr\u00e1ulico Prince<\/span><\/span><span class=\"overlay\"><span class=\"p-icon\"><\/span><\/span><\/a><\/li>\n<li><a class=\"fancy_gallery\" rel=\"group-518\" href=\"https:\/\/www.fluidpower.es\/wp-content\/uploads\/2015\/05\/motor-hidraulico-prince.jpg\"><img loading=\"lazy\" src=\"https:\/\/www.fluidpower.es\/wp-content\/uploads\/2015\/05\/motor-hidraulico-prince.jpg\" width=\"601\" height=\"447\" alt=\"\" \/><span class=\"slide-info\"><span class=\"slide-caption\">Motor Hidr\u00e1ulico Prince<\/span><\/span><span class=\"overlay\"><span class=\"p-icon\"><\/span><\/span><\/a><\/li>\n<li><a class=\"fancy_gallery\" rel=\"group-518\" href=\"https:\/\/www.fluidpower.es\/wp-content\/uploads\/2015\/05\/motor-hidraulico-4-agujeros.jpg\"><img loading=\"lazy\" src=\"https:\/\/www.fluidpower.es\/wp-content\/uploads\/2015\/05\/motor-hidraulico-4-agujeros.jpg\" width=\"675\" height=\"403\" alt=\"\" \/><span class=\"slide-info\"><span class=\"slide-caption\">Motor Hidr\u00e1ulico Char Lynn<\/span><span class=\"slide-description\">Motor Hidr\u00e1ulico Char Lynn montaje 4 agujeros<\/span><\/span><span class=\"overlay\"><span class=\"p-icon\"><\/span><\/span><\/a><\/li>\n<li><a class=\"fancy_gallery\" rel=\"group-518\" href=\"https:\/\/www.fluidpower.es\/wp-content\/uploads\/2015\/05\/Char-Lynn-Motor-hidraulico-2-agujeros.jpg\"><img loading=\"lazy\" src=\"https:\/\/www.fluidpower.es\/wp-content\/uploads\/2015\/05\/Char-Lynn-Motor-hidraulico-2-agujeros-1170x473.jpg\" width=\"1170\" height=\"473\" alt=\"\" \/><span class=\"slide-info\"><span class=\"slide-caption\">Motor Hidr\u00e1ulico Char Lynn montaje 2 agujeros<\/span><span class=\"slide-description\">Char Lynn Hydraulic Motor<\/span><\/span><span class=\"overlay\"><span class=\"p-icon\"><\/span><\/span><\/a><\/li>\n<li><a class=\"fancy_gallery\" rel=\"group-518\" href=\"https:\/\/www.fluidpower.es\/wp-content\/uploads\/2015\/05\/CHAR-LYNN-Motor-Hidraulico-101-1027-HYD-MOTOR_L.jpg\"><img loading=\"lazy\" src=\"https:\/\/www.fluidpower.es\/wp-content\/uploads\/2015\/05\/CHAR-LYNN-Motor-Hidraulico-101-1027-HYD-MOTOR_L.jpg\" width=\"400\" height=\"400\" alt=\"\" \/><span class=\"slide-info\"><span class=\"slide-caption\">Motor Hidr\u00e1ulico Char Lynn<\/span><span class=\"slide-description\">Model 101-1027<\/span><\/span><span class=\"overlay\"><span class=\"p-icon\"><\/span><\/span><\/a><\/li>\n<li><a class=\"fancy_gallery\" rel=\"group-518\" href=\"https:\/\/www.fluidpower.es\/wp-content\/uploads\/2015\/05\/motor-hidraulico-gerotor-redondo1.jpg\"><img loading=\"lazy\" src=\"https:\/\/www.fluidpower.es\/wp-content\/uploads\/2015\/05\/motor-hidraulico-gerotor-redondo1-798x473.jpg\" width=\"798\" height=\"473\" alt=\"\" \/><span class=\"slide-info\"><span class=\"slide-caption\">Orbital Hydraulic Motor<\/span><\/span><span class=\"overlay\"><span class=\"p-icon\"><\/span><\/span><\/a><\/li>\n<\/ul>\n<\/div>\n<div class=\"thumbs_wrapper\">\n<ul class=\"thumbs clearfix styled\">\n<li><a class=\"thumb\" href=\"https:\/\/www.fluidpower.es\/wp-content\/uploads\/2015\/05\/motor-hidraulico-gerotor-redondo1-798x473.jpg\"><img loading=\"lazy\" src=\"https:\/\/www.fluidpower.es\/wp-content\/uploads\/2015\/05\/motor-hidraulico-prince-desde-arriba-165x93.jpg\" width=\"165\" height=\"93\" alt=\"\" \/><\/a><\/li>\n<li><a class=\"thumb\" href=\"https:\/\/www.fluidpower.es\/wp-content\/uploads\/2015\/05\/motor-hidraulico-gerotor-redondo1-798x473.jpg\"><img loading=\"lazy\" src=\"https:\/\/www.fluidpower.es\/wp-content\/uploads\/2015\/05\/motor-hidraulico-prince-165x93.jpg\" width=\"165\" height=\"93\" alt=\"\" \/><\/a><\/li>\n<li><a class=\"thumb\" href=\"https:\/\/www.fluidpower.es\/wp-content\/uploads\/2015\/05\/motor-hidraulico-gerotor-redondo1-798x473.jpg\"><img loading=\"lazy\" src=\"https:\/\/www.fluidpower.es\/wp-content\/uploads\/2015\/05\/motor-hidraulico-4-agujeros-165x93.jpg\" width=\"165\" height=\"93\" alt=\"\" \/><\/a><\/li>\n<li><a class=\"thumb\" href=\"https:\/\/www.fluidpower.es\/wp-content\/uploads\/2015\/05\/motor-hidraulico-gerotor-redondo1-798x473.jpg\"><img loading=\"lazy\" src=\"https:\/\/www.fluidpower.es\/wp-content\/uploads\/2015\/05\/Char-Lynn-Motor-hidraulico-2-agujeros-165x93.jpg\" width=\"165\" height=\"93\" alt=\"\" \/><\/a><\/li>\n<li><a class=\"thumb\" href=\"https:\/\/www.fluidpower.es\/wp-content\/uploads\/2015\/05\/motor-hidraulico-gerotor-redondo1-798x473.jpg\"><img loading=\"lazy\" src=\"https:\/\/www.fluidpower.es\/wp-content\/uploads\/2015\/05\/CHAR-LYNN-Motor-Hidraulico-101-1027-HYD-MOTOR_L-165x93.jpg\" width=\"165\" height=\"93\" alt=\"\" \/><\/a><\/li>\n<li><a class=\"thumb\" href=\"https:\/\/www.fluidpower.es\/wp-content\/uploads\/2015\/05\/motor-hidraulico-gerotor-redondo1-798x473.jpg\"><img loading=\"lazy\" src=\"https:\/\/www.fluidpower.es\/wp-content\/uploads\/2015\/05\/motor-hidraulico-gerotor-redondo1-165x93.jpg\" width=\"165\" height=\"93\" alt=\"\" \/><\/a><\/li>\n<\/ul>\n<\/div>\n<\/div>\n<div class=\"loading\"><\/div>\n<p>N\u00e3o importa se est\u00e1 \u00e0 procura de um motor hidr\u00e1ulico para <strong>maquinaria pesada de uma marca espec\u00edfica<\/strong> ou se deseja projetar uma <strong>aplica\u00e7\u00e3o totalmente nova;<\/strong> n\u00f3s iremos aconselh\u00e1-lo e fornecer-lhe o motor hidr\u00e1ulico que <strong>melhor se adapta \u00e0s suas necessidades.<\/strong><\/p>\n<p><a class=\"urlContactar\" title=\"Contactar con Provectus\" href=\"https:\/\/www.fluidpower.es\/pt-pt\/contactar\/\">Contacte-nos<\/a> para obter mais informa\u00e7\u00f5es, assim como or\u00e7amentos ou qualquer outra necessidade que tenha, entre em contacto connosco. Atendemos em toda a Espanha e Europa.<\/p>\n<div class=\"text_box\" style=\"border: 1px solid #424242; \">\n<h4 class=\"title\" style=\"color:#a31717;\">Produtos Garantidos<\/h4>\n<div class=\"text clearfix\" style=\"\">Na Provectus Hydraulica garantimos um produto da melhor qualidade, por isso oferecemos uma garantia de 1 ano e meio (18 meses) sobre qualquer produto que nos compre. N\u00f3s vendemos exclusivamente produtos novos e utilizamos pe\u00e7as originais para a repara\u00e7\u00e3o de qualquer equipamento, o que nos permite garantir o bom funcionamento do mesmo, desde que tenha sido utilizado corretamente.<\/div>\n<\/div>\n<h2>Montagem e funcionamento de motores hidr\u00e1ulicos de engrenagens.<\/h2>\n<p>Um motor hidr\u00e1ulico de engrenagens \u00e9 um dispositivo robusto, visualmente semelhante a uma bomba hidr\u00e1ulica, embora seu funcionamento seja completamente oposto. As pe\u00e7as fundamentais dos motores hidr\u00e1ulicos s\u00e3o:<\/p>\n<ul class=\"listadoProductos\">\n<li>Tampa frontal<\/li>\n<li>Tampa traseira<\/li>\n<li>Carca\u00e7a ou corpo<\/li>\n<li>Verifica\u00e7\u00e3o de rota\u00e7\u00e3o<\/li>\n<li>Engrenagens (duas engrenagens, uma com o eixo motriz e outra com o engrenamento livre)<\/li>\n<li>Rolamentos ou buchas de fric\u00e7\u00e3o<\/li>\n<\/ul>\n<p><strong>Montagem:<\/strong><\/p>\n<ol>\n<li>Exatamente igual \u00e0s bombas hidr\u00e1ulicas, o motor hidr\u00e1ulico \u00e9 usinado de ambos os lados de acordo com as especifica\u00e7\u00f5es do cliente para permitir a entrada e sa\u00edda de \u00f3leo.<\/li>\n<li>S\u00e3o inseridos os rolamentos ou buchas na tampa traseira e dianteira.<\/li>\n<li>Em seguida, coloca-se a carca\u00e7a e, por fim, a tampa dianteira.<\/li>\n<li>Antes de tudo, devem ser colocados os controles de rota\u00e7\u00e3o.<\/li>\n<li>Ap\u00f3s o motor estar montado, podemos conectar as mangueiras hidr\u00e1ulicas de alta press\u00e3o.<\/li>\n<\/ol>\n<p>Ao contr\u00e1rio das bombas, os motores recebem sua for\u00e7a de uma bomba hidr\u00e1ulica atrav\u00e9s de uma das mangueiras de alta press\u00e3o.<\/p>\n<p>O \u00f3leo <strong>gera uma press\u00e3o dentro da bomba e empurra os engrenagens<\/strong>, proporcionando movimento ao eixo motriz e, por sua vez, \u00e0 aplica\u00e7\u00e3o \u00e0 qual est\u00e1 conectado, oferecendo um torque t\u00e3o grande quanto a rela\u00e7\u00e3o da espessura dos engrenagens e a press\u00e3o fornecida pela bomba hidr\u00e1ulica.<\/p>\n<p>\n\t\t<\/div> \n\t<\/div> \n<\/div>\n","protected":false},"excerpt":{"rendered":"","protected":false},"author":1,"featured_media":0,"parent":22361,"menu_order":0,"comment_status":"closed","ping_status":"closed","template":"page_sidebar.php","meta":[],"yst_prominent_words":[],"_links":{"self":[{"href":"https:\/\/www.fluidpower.es\/pt-pt\/wp-json\/wp\/v2\/pages\/22630"}],"collection":[{"href":"https:\/\/www.fluidpower.es\/pt-pt\/wp-json\/wp\/v2\/pages"}],"about":[{"href":"https:\/\/www.fluidpower.es\/pt-pt\/wp-json\/wp\/v2\/types\/page"}],"author":[{"embeddable":true,"href":"https:\/\/www.fluidpower.es\/pt-pt\/wp-json\/wp\/v2\/users\/1"}],"replies":[{"embeddable":true,"href":"https:\/\/www.fluidpower.es\/pt-pt\/wp-json\/wp\/v2\/comments?post=22630"}],"version-history":[{"count":1,"href":"https:\/\/www.fluidpower.es\/pt-pt\/wp-json\/wp\/v2\/pages\/22630\/revisions"}],"predecessor-version":[{"id":22632,"href":"https:\/\/www.fluidpower.es\/pt-pt\/wp-json\/wp\/v2\/pages\/22630\/revisions\/22632"}],"up":[{"embeddable":true,"href":"https:\/\/www.fluidpower.es\/pt-pt\/wp-json\/wp\/v2\/pages\/22361"}],"wp:attachment":[{"href":"https:\/\/www.fluidpower.es\/pt-pt\/wp-json\/wp\/v2\/media?parent=22630"}],"wp:term":[{"taxonomy":"yst_prominent_words","embeddable":true,"href":"https:\/\/www.fluidpower.es\/pt-pt\/wp-json\/wp\/v2\/yst_prominent_words?post=22630"}],"curies":[{"name":"wp","href":"https:\/\/api.w.org\/{rel}","templated":true}]}}