{"id":22657,"date":"2022-12-21T13:01:15","date_gmt":"2022-12-21T12:01:15","guid":{"rendered":"https:\/\/www.fluidpower.es\/nachi-hidraulica-industrial\/"},"modified":"2026-03-23T10:19:54","modified_gmt":"2026-03-23T09:19:54","slug":"nachi-hidraulica-industrial","status":"publish","type":"page","link":"https:\/\/www.fluidpower.es\/pt-pt\/nachi-hidraulica-industrial\/","title":{"rendered":"Nachi &#8211; Hidr\u00e1ulica Industrial"},"content":{"rendered":"\n<p>Nachi es la marca l\u00edder en Jap\u00f3n y con presencia en todo el mundo en la fabricaci\u00f3n de electrov\u00e1lvulas hidr\u00e1ulicas, v\u00e1lvulas hidr\u00e1ulicas modulares, bombas hidr\u00e1ulicas de paletas de caudal variable, bombas de engranajes, grupos hidr\u00e1ulicos compactos de alta presi\u00f3n entre otros.<\/p>\n\n\n\n<div class=\"wp-block-columns are-vertically-aligned-center\">\n<div class=\"wp-block-column is-vertically-aligned-center\" style=\"flex-basis:100%\">\n<div class=\"wp-block-columns\">\n<div class=\"wp-block-column\" style=\"flex-basis:100%\">\n<div class=\"wp-block-group\"><div class=\"wp-block-group__inner-container\">\n<div class=\"wp-block-columns\">\n<div class=\"wp-block-column is-vertically-aligned-top\" style=\"flex-basis:100%\">\n<div class=\"wp-block-columns\">\n<div class=\"wp-block-column\">\n<div class=\"wp-block-image\"><figure class=\"alignleft size-large\"><a href=\"https:\/\/www.fluidpower.es\/wp-content\/uploads\/2022\/12\/HYD_SA-G01-C4-K-D2-31_450px.jpg\"><img loading=\"lazy\" width=\"450\" height=\"254\" src=\"https:\/\/www.fluidpower.es\/wp-content\/uploads\/2022\/12\/HYD_SA-G01-C4-K-D2-31_450px.jpg\" alt=\"\" class=\"wp-image-22264\" srcset=\"https:\/\/www.fluidpower.es\/wp-content\/uploads\/2022\/12\/HYD_SA-G01-C4-K-D2-31_450px.jpg 450w, https:\/\/www.fluidpower.es\/wp-content\/uploads\/2022\/12\/HYD_SA-G01-C4-K-D2-31_450px-300x169.jpg 300w, https:\/\/www.fluidpower.es\/wp-content\/uploads\/2022\/12\/HYD_SA-G01-C4-K-D2-31_450px-370x210.jpg 370w, https:\/\/www.fluidpower.es\/wp-content\/uploads\/2022\/12\/HYD_SA-G01-C4-K-D2-31_450px-165x93.jpg 165w\" sizes=\"(max-width: 450px) 100vw, 450px\" \/><\/a><figcaption>Electrov\u00e1lvulas NG6, NG10 (CETOP 3 y 5)<\/figcaption><\/figure><\/div>\n<\/div>\n\n\n\n<div class=\"wp-block-column\">\n<h3>Electrov\u00e1lvulas<\/h3>\n\n\n\n<hr class=\"wp-block-separator\"\/>\n\n\n\n<p>Nachi Hydraulics fabrica y distribuye electrov\u00e1lvulas de simple, y doble solenoide en todo el mundo con todas las configuraciones posibles.<\/p>\n\n\n\n<div style=\"height:10px\" aria-hidden=\"true\" class=\"wp-block-spacer\"><\/div>\n\n\n\n<p><br \/>Sus electrov\u00e1lvulas son de la m\u00e1xima calidad, compitiendo con v\u00e1lvulas de las mejores marcas del mundo como son Vickers, Parker y Rexroth entre otras.<\/p>\n<\/div>\n<\/div>\n<\/div>\n<\/div>\n<\/div><\/div>\n\n\n\n<div class=\"wp-block-group\"><div class=\"wp-block-group__inner-container\">\n<div style=\"height:20px\" aria-hidden=\"true\" class=\"wp-block-spacer\"><\/div>\n\n\n\n<div class=\"wp-block-columns\">\n<div class=\"wp-block-column\">\n<figure class=\"wp-block-gallery columns-1 is-cropped\"><ul class=\"blocks-gallery-grid\"><li class=\"blocks-gallery-item\"><figure><a href=\"https:\/\/www.fluidpower.es\/wp-content\/uploads\/2022\/12\/HYD_OG-G03-A1-51_PERSPECTIVE_A_450px.jpg\"><img loading=\"lazy\" width=\"450\" height=\"255\" src=\"https:\/\/www.fluidpower.es\/wp-content\/uploads\/2022\/12\/HYD_OG-G03-A1-51_PERSPECTIVE_A_450px.jpg\" alt=\"\" data-id=\"22271\" data-full-url=\"https:\/\/www.fluidpower.es\/wp-content\/uploads\/2022\/12\/HYD_OG-G03-A1-51_PERSPECTIVE_A_450px.jpg\" data-link=\"https:\/\/www.fluidpower.es\/?attachment_id=22271\" class=\"wp-image-22271\" srcset=\"https:\/\/www.fluidpower.es\/wp-content\/uploads\/2022\/12\/HYD_OG-G03-A1-51_PERSPECTIVE_A_450px.jpg 450w, https:\/\/www.fluidpower.es\/wp-content\/uploads\/2022\/12\/HYD_OG-G03-A1-51_PERSPECTIVE_A_450px-300x170.jpg 300w, https:\/\/www.fluidpower.es\/wp-content\/uploads\/2022\/12\/HYD_OG-G03-A1-51_PERSPECTIVE_A_450px-370x210.jpg 370w, https:\/\/www.fluidpower.es\/wp-content\/uploads\/2022\/12\/HYD_OG-G03-A1-51_PERSPECTIVE_A_450px-165x93.jpg 165w\" sizes=\"(max-width: 450px) 100vw, 450px\" \/><\/a><figcaption class=\"blocks-gallery-item__caption\">V\u00e1lvula modular reductora de presi\u00f3n, NG6, NG10, NG16 y NG25 (CETOP 3, 5, 7 y 8)<\/figcaption><\/figure><\/li><\/ul><\/figure>\n<\/div>\n\n\n\n<div class=\"wp-block-column\">\n<h3>V\u00e1lvulas hidr\u00e1ulicas modulares<\/h3>\n\n\n\n<hr class=\"wp-block-separator\"\/>\n\n\n\n<p>Nachi ofrece una amplia variedad de v\u00e1lvulas modulares de control de fluido como son:<\/p>\n\n\n\n<ul><li>Reguladores de caudal<\/li><li>Limitadoras de presi\u00f3n.<\/li><li>Reductoras de presi\u00f3n.<\/li><li>Antirretorno pilotados.<\/li><li>etc&#8230;<\/li><\/ul>\n<\/div>\n<\/div>\n\n\n\n<div style=\"height:20px\" aria-hidden=\"true\" class=\"wp-block-spacer\"><\/div>\n\n\n\n<div class=\"wp-block-columns\">\n<div class=\"wp-block-column\">\n<figure class=\"wp-block-image size-large\"><a href=\"https:\/\/www.fluidpower.es\/wp-content\/uploads\/2022\/12\/06.VDS-0B-1A3-trimming-450px-ajustada.jpg\"><img loading=\"lazy\" width=\"394\" height=\"490\" src=\"https:\/\/www.fluidpower.es\/wp-content\/uploads\/2022\/12\/06.VDS-0B-1A3-trimming-450px-ajustada.jpg\" alt=\"\" class=\"wp-image-22289\" srcset=\"https:\/\/www.fluidpower.es\/wp-content\/uploads\/2022\/12\/06.VDS-0B-1A3-trimming-450px-ajustada.jpg 394w, https:\/\/www.fluidpower.es\/wp-content\/uploads\/2022\/12\/06.VDS-0B-1A3-trimming-450px-ajustada-241x300.jpg 241w\" sizes=\"(max-width: 394px) 100vw, 394px\" \/><\/a><figcaption>Bombas hidr\u00e1ulicas de paletas de caudal variable<\/figcaption><\/figure>\n<\/div>\n\n\n\n<div class=\"wp-block-column\">\n<h3>Bombas hidr\u00e1ulicas de paletas de caudal variable<\/h3>\n\n\n\n<hr class=\"wp-block-separator\"\/>\n\n\n\n<p>Bombas hidr\u00e1ulicas de paletas de caudal variable marca Nachi. <\/p>\n\n\n\n<div style=\"height:10px\" aria-hidden=\"true\" class=\"wp-block-spacer\"><\/div>\n\n\n\n<p>Estas bombas hidr\u00e1ulicas son incre\u00edblemente eficientes y robustas. Permiten al sistema poder trabajar con mayor caudal o mayor presi\u00f3n de acuerdo las necesidades que vayan surgiendo puesto que se adaptan a la presi\u00f3n de trabajo.<\/p>\n\n\n\n<div style=\"height:10px\" aria-hidden=\"true\" class=\"wp-block-spacer\"><\/div>\n\n\n\n<p> Cuando el sistema requiere mayor presi\u00f3n, la bomba autom\u00e1ticamente disminuye el caudal y aumenta la presi\u00f3n y lo mismo a la inversa.<\/p>\n<\/div>\n<\/div>\n\n\n\n<div style=\"height:20px\" aria-hidden=\"true\" class=\"wp-block-spacer\"><\/div>\n\n\n\n<div class=\"wp-block-columns\">\n<div class=\"wp-block-column\">\n<figure class=\"wp-block-image size-large\"><a href=\"https:\/\/www.fluidpower.es\/wp-content\/uploads\/2022\/12\/03.UVC-1A-A3-trimming-450px-ajustado.jpg\"><img loading=\"lazy\" width=\"450\" height=\"336\" src=\"https:\/\/www.fluidpower.es\/wp-content\/uploads\/2022\/12\/03.UVC-1A-A3-trimming-450px-ajustado.jpg\" alt=\"\" class=\"wp-image-22291\" srcset=\"https:\/\/www.fluidpower.es\/wp-content\/uploads\/2022\/12\/03.UVC-1A-A3-trimming-450px-ajustado.jpg 450w, https:\/\/www.fluidpower.es\/wp-content\/uploads\/2022\/12\/03.UVC-1A-A3-trimming-450px-ajustado-300x224.jpg 300w\" sizes=\"(max-width: 450px) 100vw, 450px\" \/><\/a><figcaption>Conjunto moto-bomba hidr\u00e1ulica. <\/figcaption><\/figure>\n<\/div>\n\n\n\n<div class=\"wp-block-column\">\n<h3>Conjunto Moto-Bomba Hidr\u00e1ulica<\/h3>\n\n\n\n<hr class=\"wp-block-separator\"\/>\n\n\n\n<p>En este caso, Nachi ha unido la bomba hidr\u00e1ulica al motor el\u00e9ctrico sin la necesidad de tener una campana de acoplamiento ni acoplamiento el\u00e1stico. <\/p>\n\n\n\n<div style=\"height:10px\" aria-hidden=\"true\" class=\"wp-block-spacer\"><\/div>\n\n\n\n<p>Esto permite que las bombas hidr\u00e1ulicas puedan ser acopladas dir\u00e9ctamente al motor el\u00e9ctrico y as\u00ed tener un sistema m\u00e1s compacto.<\/p>\n\n\n\n<div style=\"height:10px\" aria-hidden=\"true\" class=\"wp-block-spacer\"><\/div>\n\n\n\n<p>Se acoplan por lo general bomba hidr\u00e1ulicas de caudal variable.<\/p>\n<\/div>\n<\/div>\n\n\n\n<div style=\"height:24px\" aria-hidden=\"true\" class=\"wp-block-spacer\"><\/div>\n\n\n\n<div class=\"wp-block-columns\">\n<div class=\"wp-block-column\">\n<figure class=\"wp-block-image size-large\"><a href=\"https:\/\/www.fluidpower.es\/wp-content\/uploads\/2022\/12\/PVS_0B_8N3_30-450px.jpg\"><img loading=\"lazy\" width=\"450\" height=\"417\" src=\"https:\/\/www.fluidpower.es\/wp-content\/uploads\/2022\/12\/PVS_0B_8N3_30-450px.jpg\" alt=\"\" class=\"wp-image-22293\" srcset=\"https:\/\/www.fluidpower.es\/wp-content\/uploads\/2022\/12\/PVS_0B_8N3_30-450px.jpg 450w, https:\/\/www.fluidpower.es\/wp-content\/uploads\/2022\/12\/PVS_0B_8N3_30-450px-300x278.jpg 300w\" sizes=\"(max-width: 450px) 100vw, 450px\" \/><\/a><figcaption>Bomba hidr\u00e1ulica de pistones.<\/figcaption><\/figure>\n<\/div>\n\n\n\n<div class=\"wp-block-column\">\n<h3>Bombas hidr\u00e1ulicas de pistones<\/h3>\n\n\n\n<hr class=\"wp-block-separator\"\/>\n\n\n\n<p>Bombas hidr\u00e1ulicas de pistones con caudal variable de bajo ruido y pulsaciones.<\/p>\n\n\n\n<div style=\"height:10px\" aria-hidden=\"true\" class=\"wp-block-spacer\"><\/div>\n\n\n\n<p>Son bombas hidr\u00e1ulicas altamente eficientes, de una calidad inmejorable muy robustas y con un largo tiempo de vida. <\/p>\n\n\n\n<div style=\"height:10px\" aria-hidden=\"true\" class=\"wp-block-spacer\"><\/div>\n\n\n\n<p>Gracias al compensador de presi\u00f3n, pueden ser montadas en grupos hidr\u00e1ulicos con motores de menor caballaje que las bombas de desplazamiento fijo.<\/p>\n\n\n\n<div style=\"height:7px\" aria-hidden=\"true\" class=\"wp-block-spacer\"><\/div>\n\n\n\n<p>Existen dos tipos de bombas de pistones:<\/p>\n\n\n\n<ul><li>Bombas Serie PVS con presi\u00f3n m\u00e1xima de 210 bar.<\/li><li>Bombas Serie PZH con presi\u00f3n m\u00e1xima de 350 bar<\/li><\/ul>\n<\/div>\n<\/div>\n\n\n\n<div class=\"wp-block-columns\">\n<div class=\"wp-block-column\">\n<figure class=\"wp-block-image size-large\"><a href=\"https:\/\/www.fluidpower.es\/wp-content\/uploads\/2023\/01\/IPH-PS_Rework-print-0182-450px.jpg\"><img loading=\"lazy\" width=\"450\" height=\"394\" src=\"https:\/\/www.fluidpower.es\/wp-content\/uploads\/2023\/01\/IPH-PS_Rework-print-0182-450px.jpg\" alt=\"\" class=\"wp-image-22317\" srcset=\"https:\/\/www.fluidpower.es\/wp-content\/uploads\/2023\/01\/IPH-PS_Rework-print-0182-450px.jpg 450w, https:\/\/www.fluidpower.es\/wp-content\/uploads\/2023\/01\/IPH-PS_Rework-print-0182-450px-300x263.jpg 300w\" sizes=\"(max-width: 450px) 100vw, 450px\" \/><\/a><\/figure>\n<\/div>\n\n\n\n<div class=\"wp-block-column\">\n<h3>Bombas de engranajes IPH<\/h3>\n\n\n\n<hr class=\"wp-block-separator\"\/>\n\n\n\n<p>Estas bombas hidr\u00e1ulicas de engranajes marca Nachi. Son bombas fabricadas con la mayor precisi\u00f3n posible y con componente de alt\u00edsima calidad. Completamente fiables y robustas. Preparadas para trabajar en los ambientes m\u00e1s extremos. <\/p>\n\n\n\n<div style=\"height:9px\" aria-hidden=\"true\" class=\"wp-block-spacer\"><\/div>\n\n\n\n<p>Todas alcanzan una presi\u00f3n de trabajo de 300 bar y sus desplazamientos pueden variar desde 3,6 cc\/rev hasta los 125,9 cc\/rev rotando a una velocidad entre los 600 y 2000 rpm.<\/p>\n\n\n\n<div style=\"height:9px\" aria-hidden=\"true\" class=\"wp-block-spacer\"><\/div>\n\n\n\n<p>Esto se traduce en caudales desde los 5,4 hasta los 188,85 L\/min trabajando a 1500 rpm.<\/p>\n<\/div>\n<\/div>\n\n\n\n<div style=\"height:20px\" aria-hidden=\"true\" class=\"wp-block-spacer\"><\/div>\n\n\n\n<div class=\"wp-block-columns\">\n<div class=\"wp-block-column\">\n<figure class=\"wp-block-image size-large\"><a href=\"https:\/\/www.fluidpower.es\/pt-pt\/nachi-hidraulica-industrial\/nueva-serie-nsp-de-nachi-el-techo-de-la-eficiencia-energetica\/\" target=\"_blank\" rel=\"https:\/\/www.fluidpower.es\/nachi-hidraulica-industrial\/nueva-serie-nsp-de-nachi-el-techo-de-la-eficiencia-energetica\/ noopener\"><img loading=\"lazy\" width=\"450\" height=\"496\" src=\"https:\/\/www.fluidpower.es\/wp-content\/uploads\/2022\/12\/new-NSP_10L-1-450px.jpg\" alt=\"\" class=\"wp-image-22298\" srcset=\"https:\/\/www.fluidpower.es\/wp-content\/uploads\/2022\/12\/new-NSP_10L-1-450px.jpg 450w, https:\/\/www.fluidpower.es\/wp-content\/uploads\/2022\/12\/new-NSP_10L-1-450px-272x300.jpg 272w\" sizes=\"(max-width: 450px) 100vw, 450px\" \/><\/a><\/figure>\n<\/div>\n\n\n\n<div class=\"wp-block-column\">\n<h3><a href=\"https:\/\/www.fluidpower.es\/pt-pt\/nachi-hidraulica-industrial\/nueva-serie-nsp-de-nachi-el-techo-de-la-eficiencia-energetica\/\" data-type=\"URL\" data-id=\"https:\/\/www.fluidpower.es\/nachi-hidraulica-industrial\/nueva-serie-nsp-de-nachi-el-techo-de-la-eficiencia-energetica\/\" target=\"_blank\" rel=\"noreferrer noopener\">Grupos hidra\u00falicos NSP<\/a><\/h3>\n\n\n\n<hr class=\"wp-block-separator\"\/>\n\n\n\n<p>Los grupo hidr\u00e1ulicos NSP de Nachi, son compactos, ligeros y ahorran energ\u00eda. Utilizan sus equipos de moto-bomba y tienen una calidad suprema por lo que son completamente fiables, tienen un tiempo de de vida muy superior a los dem\u00e1s equipos de la competencia y pueden ser configurados de diferentes maneras.<\/p>\n\n\n\n<ul><li>Hasta 2,2 Kw (3 Cv).<\/li><li>Bomba de paletas de caudal variable.<\/li><li>Presi\u00f3n m\u00e1xima: 80 bar.<\/li><li>Caudal m\u00e1ximo: 26 cc\/rev.<\/li><li>Dep\u00f3sito de 30\/40 L.<\/li><\/ul>\n\n\n\n<p><\/p>\n<\/div>\n<\/div>\n\n\n\n<h4>Acerca de Nachi<\/h4>\n\n\n\n<p class=\"has-drop-cap\">Nachi Fujikoshi Corp es una empresa Japonesa fundada en Toyama (Jap\u00f3n) en el a\u00f1o de 1928 por Kohki Imura quien la llam\u00f3 Fujikoshi para para dar sentido a su credo personal de que, la autosuficiencia en producci\u00f3n de maquinaria era indispensable para la prosperidad econ\u00f3mica de Jap\u00f3n.<br \/> La marca Nachi viene de &#8220;Kumano-Nachi-Taisah&#8221; el Gran Santuario de origen japon\u00e9s. Expresa una fuerte voluntad empresarial.<\/p>\n<\/div><\/div>\n\n\n\n<div style=\"height:10px\" aria-hidden=\"true\" class=\"wp-block-spacer\"><\/div>\n\n\n\n<p>La primera bomba oleo-hidr\u00e1ulica de paletas fabricada por Nachi, fue en el a\u00f1o de 1943. Desde entonces, gracias a su gran calidad y continuo desarrollo de tecnolog\u00eda, Nachi  asegur\u00f3 una parte importante del mercado del equipo oleo-hidr\u00e1ulico internacional.<\/p>\n\n\n\n<div style=\"height:10px\" aria-hidden=\"true\" class=\"wp-block-spacer\"><\/div>\n\n\n\n<p>Nachi tambi\u00e9n es un reconocido fabricante de excelentes v\u00e1lvulas hidr\u00e1ulicas que aportan la menor p\u00e9rdida de presi\u00f3n posible a la vez que trabajan de forma silenciosa, ofreciendo v\u00e1lvulas solenoides, modulares y proporcionales.<\/p>\n\n\n\n<div style=\"height:10px\" aria-hidden=\"true\" class=\"wp-block-spacer\"><\/div>\n\n\n\n<p>Las v\u00e1lvulas Nachi consiguen desde que las tripulaciones de los buques sean seguras gracias a su impecable trabajo desplegando los botes salvavidas, hasta las tuneladoras de carreteras y sistemas de drenaje profundo.<\/p>\n\n\n\n<figure class=\"wp-block-image size-large\"><a href=\"https:\/\/www.fluidpower.es\/wp-content\/uploads\/2022\/12\/HYD_Portfolio-Wege-Magnetventile-Cetop_PERSPECTIVE_A_Isolated_RZ_Small.jpg\"><img loading=\"lazy\" width=\"1024\" height=\"807\" src=\"https:\/\/www.fluidpower.es\/wp-content\/uploads\/2022\/12\/HYD_Portfolio-Wege-Magnetventile-Cetop_PERSPECTIVE_A_Isolated_RZ_Small-1024x807.jpg\" alt=\"\" class=\"wp-image-22258\" srcset=\"https:\/\/www.fluidpower.es\/wp-content\/uploads\/2022\/12\/HYD_Portfolio-Wege-Magnetventile-Cetop_PERSPECTIVE_A_Isolated_RZ_Small-1024x807.jpg 1024w, https:\/\/www.fluidpower.es\/wp-content\/uploads\/2022\/12\/HYD_Portfolio-Wege-Magnetventile-Cetop_PERSPECTIVE_A_Isolated_RZ_Small-300x236.jpg 300w, https:\/\/www.fluidpower.es\/wp-content\/uploads\/2022\/12\/HYD_Portfolio-Wege-Magnetventile-Cetop_PERSPECTIVE_A_Isolated_RZ_Small-768x605.jpg 768w, https:\/\/www.fluidpower.es\/wp-content\/uploads\/2022\/12\/HYD_Portfolio-Wege-Magnetventile-Cetop_PERSPECTIVE_A_Isolated_RZ_Small-1536x1210.jpg 1536w, https:\/\/www.fluidpower.es\/wp-content\/uploads\/2022\/12\/HYD_Portfolio-Wege-Magnetventile-Cetop_PERSPECTIVE_A_Isolated_RZ_Small-2048x1613.jpg 2048w, https:\/\/www.fluidpower.es\/wp-content\/uploads\/2022\/12\/HYD_Portfolio-Wege-Magnetventile-Cetop_PERSPECTIVE_A_Isolated_RZ_Small-1087x856.jpg 1087w\" sizes=\"(max-width: 1024px) 100vw, 1024px\" \/><\/a><\/figure>\n\n\n\n<p><\/p>\n<\/div>\n<\/div>\n<\/div>\n<\/div>\n\n\n\n<p>Nachi es sin\u00f3nimo de calidad, contribuyendo a que la vida del ser humano sea m\u00e1s c\u00f3moda y conveniente. <\/p>\n\n\n\n<p>Es por eso que confiamos en ellos y trabajamos mano a mano para traer sus productos.<\/p>\n","protected":false},"excerpt":{"rendered":"<p>Nachi es la marca l\u00edder en Jap\u00f3n y con presencia en todo el mundo en la fabricaci\u00f3n de electrov\u00e1lvulas hidr\u00e1ulicas,&#8230;<\/p>\n","protected":false},"author":1,"featured_media":0,"parent":0,"menu_order":0,"comment_status":"closed","ping_status":"closed","template":"","meta":[],"yst_prominent_words":[],"_links":{"self":[{"href":"https:\/\/www.fluidpower.es\/pt-pt\/wp-json\/wp\/v2\/pages\/22657"}],"collection":[{"href":"https:\/\/www.fluidpower.es\/pt-pt\/wp-json\/wp\/v2\/pages"}],"about":[{"href":"https:\/\/www.fluidpower.es\/pt-pt\/wp-json\/wp\/v2\/types\/page"}],"author":[{"embeddable":true,"href":"https:\/\/www.fluidpower.es\/pt-pt\/wp-json\/wp\/v2\/users\/1"}],"replies":[{"embeddable":true,"href":"https:\/\/www.fluidpower.es\/pt-pt\/wp-json\/wp\/v2\/comments?post=22657"}],"version-history":[{"count":12,"href":"https:\/\/www.fluidpower.es\/pt-pt\/wp-json\/wp\/v2\/pages\/22657\/revisions"}],"predecessor-version":[{"id":23268,"href":"https:\/\/www.fluidpower.es\/pt-pt\/wp-json\/wp\/v2\/pages\/22657\/revisions\/23268"}],"wp:attachment":[{"href":"https:\/\/www.fluidpower.es\/pt-pt\/wp-json\/wp\/v2\/media?parent=22657"}],"wp:term":[{"taxonomy":"yst_prominent_words","embeddable":true,"href":"https:\/\/www.fluidpower.es\/pt-pt\/wp-json\/wp\/v2\/yst_prominent_words?post=22657"}],"curies":[{"name":"wp","href":"https:\/\/api.w.org\/{rel}","templated":true}]}}