{"id":22665,"date":"2017-02-22T12:04:34","date_gmt":"2017-02-22T11:04:34","guid":{"rendered":"https:\/\/www.fluidpower.es\/neumatica\/"},"modified":"2025-03-14T12:11:09","modified_gmt":"2025-03-14T11:11:09","slug":"neumatica","status":"publish","type":"page","link":"https:\/\/www.fluidpower.es\/pt-pt\/neumatica\/","title":{"rendered":"Pneum\u00e1tica"},"content":{"rendered":"<p>Aqui pode encontrar a maioria dos <strong>equipamentos pneum\u00e1ticos<\/strong> que distribu\u00edmos para todo o mundo. <strong>A Provectus Hydraulica SL<\/strong> \u00e9 uma empresa global, que se encarrega da distribui\u00e7\u00e3o de equipamentos pneum\u00e1ticos <strong>ao redor do mundo e com apenas um clique.<\/strong><\/p>\n<p data-start=\"53\" data-end=\"492\">Hoje em dia, os equipamentos pneum\u00e1ticos s\u00e3o uma ferramenta fundamental em diversos processos agr\u00edcolas, pisciculturas, ind\u00fastria agroalimentar, etc. Entre as <strong>aplica\u00e7\u00f5es dos sopradores<\/strong> encontra-se a oxigena\u00e7\u00e3o ou o transporte por efeito Venturi. Por outro lado, as <strong>bombas de v\u00e1cuo<\/strong> s\u00e3o utilizadas em circuitos de suc\u00e7\u00e3o para o transporte de res\u00edduos ou cristais, no manuseio de cristais de <strong>grandes dimens\u00f5es<\/strong>, entre outras muitas utilidades.<\/p>\n<p data-start=\"494\" data-end=\"637\" data-is-last-node=\"\" data-is-only-node=\"\">A seguir, apresentamos as gamas de produtos que trabalhamos. Devido \u00e0 grande quantidade de produtos, nem <strong>todos est\u00e3o dispon\u00edveis no nosso site.<\/strong><\/p>\n<p>Si no encontrar o produto que est\u00e1 procurando <a title=\"Contactar\" href=\"http:\/\/fluidpower.es\/contactar\/\">contacte-nos.<\/a><\/p>\n","protected":false},"excerpt":{"rendered":"<p>Aqui pode encontrar a maioria dos equipamentos pneum\u00e1ticos que distribu\u00edmos para todo o mundo. A Provectus Hydraulica SL \u00e9 uma&#8230;<\/p>\n","protected":false},"author":1,"featured_media":0,"parent":0,"menu_order":0,"comment_status":"closed","ping_status":"closed","template":"page.php","meta":[],"yst_prominent_words":[],"_links":{"self":[{"href":"https:\/\/www.fluidpower.es\/pt-pt\/wp-json\/wp\/v2\/pages\/22665"}],"collection":[{"href":"https:\/\/www.fluidpower.es\/pt-pt\/wp-json\/wp\/v2\/pages"}],"about":[{"href":"https:\/\/www.fluidpower.es\/pt-pt\/wp-json\/wp\/v2\/types\/page"}],"author":[{"embeddable":true,"href":"https:\/\/www.fluidpower.es\/pt-pt\/wp-json\/wp\/v2\/users\/1"}],"replies":[{"embeddable":true,"href":"https:\/\/www.fluidpower.es\/pt-pt\/wp-json\/wp\/v2\/comments?post=22665"}],"version-history":[{"count":2,"href":"https:\/\/www.fluidpower.es\/pt-pt\/wp-json\/wp\/v2\/pages\/22665\/revisions"}],"predecessor-version":[{"id":22668,"href":"https:\/\/www.fluidpower.es\/pt-pt\/wp-json\/wp\/v2\/pages\/22665\/revisions\/22668"}],"wp:attachment":[{"href":"https:\/\/www.fluidpower.es\/pt-pt\/wp-json\/wp\/v2\/media?parent=22665"}],"wp:term":[{"taxonomy":"yst_prominent_words","embeddable":true,"href":"https:\/\/www.fluidpower.es\/pt-pt\/wp-json\/wp\/v2\/yst_prominent_words?post=22665"}],"curies":[{"name":"wp","href":"https:\/\/api.w.org\/{rel}","templated":true}]}}