{"id":22670,"date":"2015-05-27T17:28:31","date_gmt":"2015-05-27T16:28:31","guid":{"rendered":"https:\/\/www.fluidpower.es\/politica-de-privacidad\/"},"modified":"2025-03-14T12:46:32","modified_gmt":"2025-03-14T11:46:32","slug":"politica-de-privacidad","status":"publish","type":"page","link":"https:\/\/www.fluidpower.es\/pt-pt\/politica-de-privacidad\/","title":{"rendered":"Pol\u00edtica de Privacidade"},"content":{"rendered":"<p>Por favor, leia as seguintes condi\u00e7\u00f5es gerais antes de usar este site. O uso subsequente significar\u00e1 que aceita todas as condi\u00e7\u00f5es detalhadas.<\/p>\n<h2>1. Aviso legal.<\/h2>\n<p data-start=\"0\" data-end=\"234\">1.1. Provectus Hydraulica SL (fluidpower.es) isenta-se expressamente de qualquer responsabilidade legal por danos, perdas ou les\u00f5es resultantes das atividades de qualquer visitante do Site e do uso que ele possa fazer de seu conte\u00fado.<\/p>\n<p data-start=\"236\" data-end=\"363\">1.2. Provectus Hydraulica SL (fluidpower.es) n\u00e3o \u00e9 respons\u00e1vel pelo que voc\u00ea possa fazer com as informa\u00e7\u00f5es e links deste Site.<\/p>\n<p data-start=\"365\" data-end=\"561\">1.3. Provectus Hydraulica SL (fluidpower.es) cont\u00e9m links externos para p\u00e1ginas de outros leitores\/usu\u00e1rios\/anunciantes e n\u00e3o se responsabiliza por suas pr\u00e1ticas no que diz respeito \u00e0 privacidade.<\/p>\n<p data-start=\"563\" data-end=\"686\">1.4. Provectus Hydraulica SL (fluidpower.es) n\u00e3o se responsabiliza pela interpreta\u00e7\u00e3o das informa\u00e7\u00f5es apresentadas no Site.<\/p>\n<p data-start=\"688\" data-end=\"814\">1.5. Provectus Hydraulica SL (fluidpower.es) reserva-se o direito de aceitar ou remover qualquer coment\u00e1rio publicado no Site.<\/p>\n<p data-start=\"816\" data-end=\"1042\" data-is-last-node=\"\" data-is-only-node=\"\">1.6. Voc\u00ea reconhece que leu estes termos gerais de uso, concordando com todos os seus termos e condi\u00e7\u00f5es. Voc\u00ea se compromete a n\u00e3o usar o Site para fins ilegais, n\u00e3o autorizados e\/ou que distor\u00e7am as declara\u00e7\u00f5es destes termos.<\/p>\n<h2>2. Pol\u00edtica de Privacidade.<\/h2>\n<p data-start=\"0\" data-end=\"416\">Em Provectus Hydraulica SL (fluidpower.es) sabemos que a privacidade de nossos leitores\/usu\u00e1rios\/anunciantes \u00e9 importante. Por isso, a &#8220;Pol\u00edtica de Privacidade&#8221; de Provectus Hydraulica SL (fluidpower.es) \u00e9 utilizada para que os leitores\/usu\u00e1rios\/anunciantes saibam como coletamos, armazenamos ou utilizamos as informa\u00e7\u00f5es que recolhemos atrav\u00e9s dos diferentes servi\u00e7os oferecidos e\/ou p\u00e1ginas dispon\u00edveis neste site.<\/p>\n<p data-start=\"418\" data-end=\"868\">Por favor, leia o seguinte documento para entender melhor como lidamos com as informa\u00e7\u00f5es, incluindo que tipo de dados coletamos, como os utilizamos e com qual finalidade, para quem os fornecemos e o que fazemos para proteger suas informa\u00e7\u00f5es pessoais. Recomendamos tamb\u00e9m considerar as Pol\u00edticas de Privacidade do Google Espanha, pois o acesso a Provectus Hydraulica SL (fluidpower.es) implica a aceita\u00e7\u00e3o delas, em todos os seus termos e condi\u00e7\u00f5es.<\/p>\n<p data-start=\"870\" data-end=\"1165\">2.1. Os usu\u00e1rios aceitam e reconhecem que a publicidade fornecida pelos anunciantes de Provectus Hydraulica SL (fluidpower.es) pode envolver o uso de Cookies e Web Beacons para obter informa\u00e7\u00f5es, tanto no site Provectus Hydraulica SL (fluidpower.es) quanto nos sites dos respectivos anunciantes.<\/p>\n<p data-start=\"1167\" data-end=\"1227\">2.2. COOKIES, WEB BEACONS, COOKIE DART E OUTRAS TECNOLOGIAS:<\/p>\n<p data-start=\"1229\" data-end=\"1468\">Como \u00e9 pr\u00e1tica comum em muitos sites, Provectus Hydraulica SL (fluidpower.es) utiliza &#8220;cookies&#8221; e outras tecnologias para entender quais partes de nossos sites s\u00e3o mais populares, onde nossos visitantes est\u00e3o indo e quanto tempo passam l\u00e1.<\/p>\n<p data-start=\"1470\" data-end=\"1689\">Se n\u00e3o desejar que Provectus Hydraulica SL (fluidpower.es) coloque cookies em seu navegador, pode configur\u00e1-lo para rejeitar cookies ou para ser informado quando um site tenta colocar um cookie no software do navegador.<\/p>\n<p data-start=\"1691\" data-end=\"1789\">A maioria dos navegadores permite configurar o gerenciamento de cookies das seguintes tr\u00eas formas:<\/p>\n<ul data-start=\"1791\" data-end=\"1900\">\n<li data-start=\"1791\" data-end=\"1819\">Rejeitar todos os cookies,<\/li>\n<li data-start=\"1820\" data-end=\"1847\">Aceitar todos os cookies,<\/li>\n<li data-start=\"1848\" data-end=\"1900\">Optar por aceitar ou rejeitar cookies espec\u00edficos.<\/li>\n<\/ul>\n<p data-start=\"1902\" data-end=\"2401\">O navegador tamb\u00e9m pode permitir especificar melhor quais cookies devem ser aceitos e quais n\u00e3o. Especificamente, o usu\u00e1rio pode normalmente aceitar uma das seguintes op\u00e7\u00f5es: rejeitar cookies de determinados dom\u00ednios; rejeitar cookies de terceiros; aceitar cookies como n\u00e3o persistentes (eles s\u00e3o apagados quando o navegador \u00e9 fechado); permitir que o servidor crie cookies para um dom\u00ednio diferente. Al\u00e9m disso, os navegadores podem permitir que os usu\u00e1rios vejam e apaguem cookies individualmente.<\/p>\n<p data-start=\"2403\" data-end=\"2771\">2.3. Provectus Hydraulica SL (fluidpower.es) tamb\u00e9m pode usar pequenas imagens de 1 pixel por 1 pixel ou Web Beacons (vis\u00edveis ou invis\u00edveis) que nos informam sobre quais partes do site s\u00e3o visitadas com mais frequ\u00eancia e medem a efic\u00e1cia das pesquisas realizadas pelos clientes em nosso site. Os Web Beacons funcionam e s\u00e3o utilizados de forma semelhante aos cookies.<\/p>\n<p data-start=\"2773\" data-end=\"3156\">2.4. Provectus Hydraulica SL (fluidpower.es) coleta informa\u00e7\u00f5es de usu\u00e1rios que desejam por meio do formul\u00e1rio de contato. O usu\u00e1rio \u00e9 informado de que essas informa\u00e7\u00f5es s\u00e3o totalmente confidenciais e n\u00e3o ser\u00e3o usadas para outros fins que n\u00e3o sejam o contato com os usu\u00e1rios e\/ou envio de publicidade proveniente de Provectus Hydraulica SL (fluidpower.es) ou algum de seus parceiros.<\/p>\n<p data-start=\"3158\" data-end=\"3400\" data-is-last-node=\"\" data-is-only-node=\"\">Caso o usu\u00e1rio deseje que essas informa\u00e7\u00f5es sejam eliminadas\/ apagadas\/modificadas em nossa base de dados, ser\u00e1 necess\u00e1rio enviar um e-mail por meio do formul\u00e1rio mencionado ou ligar para o n\u00famero de contato vis\u00edvel em nossa p\u00e1gina principal.<\/p>\n<h2>3. Licen\u00e7a de Conte\u00fado<\/h2>\n<p data-start=\"0\" data-end=\"263\">3.1. Provectus Hydraulica SL (fluidpower.es) encontra-se sob a Licen\u00e7a Creative Commons, sendo que essa licen\u00e7a permite a utiliza\u00e7\u00e3o dos conte\u00fados (textos) para fins n\u00e3o comerciais, exigindo apenas a atribui\u00e7\u00e3o ao autor com um link direto para a entrada original.<\/p>\n<p data-start=\"265\" data-end=\"499\" data-is-last-node=\"\" data-is-only-node=\"\">3.2. Provectus Hydraulica SL (fluidpower.es) n\u00e3o atribui nenhum tipo de direito de propriedade sobre nenhuma das imagens exibidas no site, nem qualquer outro tipo de material que n\u00e3o seja os textos mencionados no ponto anterior (3.1).<\/p>\n<h2>4. Altera\u00e7\u00f5es na pol\u00edtica<\/h2>\n<p>Provectus Hydraulica SL (fluidpower.es) reserva-se o direito de modificar total ou parcialmente estas condi\u00e7\u00f5es quando o considerar necess\u00e1rio, sem aviso pr\u00e9vio. Caso seja implementada uma altera\u00e7\u00e3o significativa na Pol\u00edtica de Privacidade, ser\u00e1 publicado um aviso no nosso site.<\/p>\n<h3>Contato.<\/h3>\n<p>Por quest\u00f5es relacionadas com a privacidade, direitos autorais ou pol\u00edticas do Site, voc\u00ea pode entrar em contato com o respons\u00e1vel da Provectus Hydraulica SL (fluidpower.es) atrav\u00e9s do formul\u00e1rio de contato.<\/p>\n","protected":false},"excerpt":{"rendered":"<p>Por favor, leia as seguintes condi\u00e7\u00f5es gerais antes de usar este site. O uso subsequente significar\u00e1 que aceita todas as&#8230;<\/p>\n","protected":false},"author":1,"featured_media":0,"parent":0,"menu_order":0,"comment_status":"open","ping_status":"open","template":"","meta":[],"yst_prominent_words":[],"_links":{"self":[{"href":"https:\/\/www.fluidpower.es\/pt-pt\/wp-json\/wp\/v2\/pages\/22670"}],"collection":[{"href":"https:\/\/www.fluidpower.es\/pt-pt\/wp-json\/wp\/v2\/pages"}],"about":[{"href":"https:\/\/www.fluidpower.es\/pt-pt\/wp-json\/wp\/v2\/types\/page"}],"author":[{"embeddable":true,"href":"https:\/\/www.fluidpower.es\/pt-pt\/wp-json\/wp\/v2\/users\/1"}],"replies":[{"embeddable":true,"href":"https:\/\/www.fluidpower.es\/pt-pt\/wp-json\/wp\/v2\/comments?post=22670"}],"version-history":[{"count":3,"href":"https:\/\/www.fluidpower.es\/pt-pt\/wp-json\/wp\/v2\/pages\/22670\/revisions"}],"predecessor-version":[{"id":22676,"href":"https:\/\/www.fluidpower.es\/pt-pt\/wp-json\/wp\/v2\/pages\/22670\/revisions\/22676"}],"wp:attachment":[{"href":"https:\/\/www.fluidpower.es\/pt-pt\/wp-json\/wp\/v2\/media?parent=22670"}],"wp:term":[{"taxonomy":"yst_prominent_words","embeddable":true,"href":"https:\/\/www.fluidpower.es\/pt-pt\/wp-json\/wp\/v2\/yst_prominent_words?post=22670"}],"curies":[{"name":"wp","href":"https:\/\/api.w.org\/{rel}","templated":true}]}}