{"id":22679,"date":"2015-03-29T16:36:07","date_gmt":"2015-03-29T15:36:07","guid":{"rendered":"https:\/\/www.fluidpower.es\/neumatica\/bombas-de-vacio\/"},"modified":"2025-03-14T13:17:27","modified_gmt":"2025-03-14T12:17:27","slug":"bombas-de-vacio","status":"publish","type":"page","link":"https:\/\/www.fluidpower.es\/pt-pt\/neumatica\/bombas-de-vacio\/","title":{"rendered":"Bombas de V\u00e1cuo"},"content":{"rendered":"<div class=\"wpb_row vc_row-fluid\">\n\t<div class=\"vc_span12 wpb_column column_container\">\n\t\t<div class=\"wpb_wrapper\">\n\t\t\t<\/p>\n<div class=\"bloquePrincipal\">\n<div class=\"bloqueTexto\">\n<p data-start=\"0\" data-end=\"291\">Se voc\u00ea est\u00e1 procurando <strong data-start=\"24\" data-end=\"43\">bombas de v\u00e1cuo<\/strong> de qualidade, n\u00f3s as temos. Vendemos e consertamos bombas de v\u00e1cuo das <strong>melhores marcas<\/strong>. Al\u00e9m disso, oferecemos assessoria para ajud\u00e1-lo a escolher a bomba de v\u00e1cuo que <strong>melhor se adapte<\/strong> \u00e0s suas necessidades, tanto em funcionalidade quanto em pre\u00e7o.<\/p>\n<p data-start=\"293\" data-end=\"530\" data-is-last-node=\"\" data-is-only-node=\"\">Trabalhamos principalmente com duas marcas de <strong data-start=\"339\" data-end=\"358\">bombas de v\u00e1cuo<\/strong>: Gardner Denver e Gast. Dentro dessas duas marcas, voc\u00ea encontrar\u00e1 diversas especifica\u00e7\u00f5es que atendem \u00e0s suas necessidades, tanto em fluxo de ar quanto em n\u00edvel de v\u00e1cuo.<\/p>\n<div class=\"anchoTotal\">\n<p><a href=\"https:\/\/www.fluidpower.es\/wp-content\/uploads\/2015\/03\/BvacioBorrar-e1487676803979.jpg\"><img loading=\"lazy\" class=\"marcoimagen wp-image-5333 size-medium aligncenter\" src=\"https:\/\/www.fluidpower.es\/wp-content\/uploads\/2015\/03\/BvacioBorrar-e1487676803979-300x283.jpg\" alt=\"Bombas de vacio\" width=\"300\" height=\"283\" \/><\/a><\/p>\n<\/div>\n<p>Entre as aplica\u00e7\u00f5es em que pode utilizar uma bomba de v\u00e1cuo est\u00e3o:<\/p>\n<ul class=\"listadoProductos\">\n<li>Movimento de grandes cristais com v\u00e1cuo<\/li>\n<li>Suc\u00e7\u00e3o de:\n<ul>\n<li>Res\u00edduos m\u00e9dicos<\/li>\n<li>Res\u00edduos humanos<\/li>\n<li>L\u00edquidos<\/li>\n<\/ul>\n<\/li>\n<li>Transporte de materiais<\/li>\n<li>Ebuli\u00e7\u00e3o a frio<\/li>\n<li>Entre muitos outros<\/li>\n<\/ul>\n<p>N\u00f3s oferecemos toda a assessoria necess\u00e1ria para escolher a bomba de v\u00e1cuo que melhor atenda \u00e0s suas necessidades.<\/p>\n<div class=\"anchoTotalIzquierda\">\n<h2 class=\"anchoTotalIzquierda\"><strong>Produtos Garantidos<\/strong><\/h2>\n<p>Na Fluid Power Espanha garantimos um <strong>produto da melhor qualidade<\/strong>, por isso oferecemos uma garantia de 1 ano e meio (18 meses) para qualquer produto que nos compre. Vendemos apenas produtos novos e utilizamos pe\u00e7as originais para a repara\u00e7\u00e3o de qualquer equipamento, o que nos permite garantir o bom funcionamento do mesmo, sempre que tenha sido utilizado corretamente.<\/p>\n<\/div>\n<\/div>\n<p><a class=\"urlContactar\" title=\"Contactar con Fluid Power Espa\u00f1a\" href=\"http:\/\/localhost\/contactar\">Contacte-nos<\/a> para obter mais informa\u00e7\u00f5es, bem como or\u00e7amento, resposta imediata. Atendemos em toda a Espanha.<\/p>\n<\/div>\n<p>\n\t\t<\/div> \n\t<\/div> \n<\/div>\n","protected":false},"excerpt":{"rendered":"","protected":false},"author":1,"featured_media":0,"parent":22665,"menu_order":0,"comment_status":"closed","ping_status":"closed","template":"page_blog_sidebar.php","meta":[],"yst_prominent_words":[],"_links":{"self":[{"href":"https:\/\/www.fluidpower.es\/pt-pt\/wp-json\/wp\/v2\/pages\/22679"}],"collection":[{"href":"https:\/\/www.fluidpower.es\/pt-pt\/wp-json\/wp\/v2\/pages"}],"about":[{"href":"https:\/\/www.fluidpower.es\/pt-pt\/wp-json\/wp\/v2\/types\/page"}],"author":[{"embeddable":true,"href":"https:\/\/www.fluidpower.es\/pt-pt\/wp-json\/wp\/v2\/users\/1"}],"replies":[{"embeddable":true,"href":"https:\/\/www.fluidpower.es\/pt-pt\/wp-json\/wp\/v2\/comments?post=22679"}],"version-history":[{"count":2,"href":"https:\/\/www.fluidpower.es\/pt-pt\/wp-json\/wp\/v2\/pages\/22679\/revisions"}],"predecessor-version":[{"id":22682,"href":"https:\/\/www.fluidpower.es\/pt-pt\/wp-json\/wp\/v2\/pages\/22679\/revisions\/22682"}],"up":[{"embeddable":true,"href":"https:\/\/www.fluidpower.es\/pt-pt\/wp-json\/wp\/v2\/pages\/22665"}],"wp:attachment":[{"href":"https:\/\/www.fluidpower.es\/pt-pt\/wp-json\/wp\/v2\/media?parent=22679"}],"wp:term":[{"taxonomy":"yst_prominent_words","embeddable":true,"href":"https:\/\/www.fluidpower.es\/pt-pt\/wp-json\/wp\/v2\/yst_prominent_words?post=22679"}],"curies":[{"name":"wp","href":"https:\/\/api.w.org\/{rel}","templated":true}]}}