{"id":22684,"date":"2015-03-29T16:41:12","date_gmt":"2015-03-29T16:41:12","guid":{"rendered":"https:\/\/www.fluidpower.es\/neumatica\/soplantes-de-canal-lateral\/"},"modified":"2025-03-14T13:37:57","modified_gmt":"2025-03-14T12:37:57","slug":"soplantes-de-canal-lateral","status":"publish","type":"page","link":"https:\/\/www.fluidpower.es\/pt-pt\/neumatica\/soplantes-de-canal-lateral\/","title":{"rendered":"Sopradores de canal lateral"},"content":{"rendered":"<div class=\"wpb_row vc_row-fluid\">\n\t<div class=\"vc_span12 wpb_column column_container\">\n\t\t<div class=\"wpb_wrapper\">\n\t\t\t<\/p>\n<div class=\"bloquePrincipal\">\n<div class=\"bloqueTexto\">\n<p>Temos uma ampla gama de <strong>sopradores de canal lateral,<\/strong> tamb\u00e9m conhecidos como turbinas de canal lateral, constru\u00eddos sob os mais rigorosos<strong> regimes de qualidade<\/strong>, resultando em sopradores robustos e de baixo manuten\u00e7\u00e3o; esses equipamentos t\u00eam uma longa vida \u00fatil com <strong>manuten\u00e7\u00e3o m\u00ednima e econ\u00f3mica.<\/strong><\/p>\n<div id=\"attachment_2962\" style=\"width: 310px\" class=\"wp-caption aligncenter\"><a href=\"https:\/\/www.fluidpower.es\/wp-content\/uploads\/2015\/03\/Soplante-Canal-Lateral-Goorui.jpg\"><img aria-describedby=\"caption-attachment-2962\" loading=\"lazy\" class=\"marcoimagen wp-image-2962 size-medium\" title=\"Soplante de Canal Lateral\" src=\"https:\/\/www.fluidpower.es\/wp-content\/uploads\/2015\/03\/Soplante-Canal-Lateral-Goorui-300x276.jpg\" alt=\"Soplante de Canal Lateral Goorui\" width=\"300\" height=\"276\" \/><\/a><p id=\"caption-attachment-2962\" class=\"wp-caption-text\">Soprador de Canal Lateral<\/p><\/div>\n<p>N\u00f3s ajudamos a calcular o soprador mais adequado para a aplica\u00e7\u00e3o que voc\u00ea precisa realizar:<\/p>\n<ul class=\"listadoProductos\">\n<li>Oxigena\u00e7\u00e3o de tanques para cria\u00e7\u00e3o de trutas ou qualquer outro peixe,<\/li>\n<li>Oxigena\u00e7\u00e3o de aqu\u00e1rios,<\/li>\n<li>Tratamento de \u00e1guas residuais,<\/li>\n<li>Movimento de gr\u00e3os,<\/li>\n<li>Biodigestores,<\/li>\n<li>Equipamentos de suc\u00e7\u00e3o para hospitais,<\/li>\n<li>V\u00e1cuo para equipamentos de dentistas,<\/li>\n<li>Ar para uso em Spa (jacuzzi, bolhas em piscinas, etc.),<\/li>\n<li>Tanques de cromagem,<\/li>\n<li>Sistemas industriais de enchimento de garrafas,<\/li>\n<li>Entre muitas outras aplica\u00e7\u00f5es.<\/li>\n<\/ul>\n<h2>Especifica\u00e7\u00f5es t\u00e9cnicas dos Soplantes<\/h2>\n<ul class=\"listadoProductos\">\n<li>Soplantes de etapa \u00fanica\n<ul class=\"listadoProductos\">\n<li>Pot\u00eancia: De 0,70 kW a 18,50 kW<\/li>\n<li>Fluxo: De 80 m\u00b3\/h a 1370 m\u00b3\/h<\/li>\n<li>V\u00e1cuo: De 70 mBar a 430 mBar<\/li>\n<li>Press\u00e3o: De 80 mBar a 460 mBar<\/li>\n<\/ul>\n<\/li>\n<li>Soplantes de doble etapa\n<ul class=\"listadoProductos\">\n<li>Pot\u00eancia: De 0,70 kW a 25 kW<\/li>\n<li>Fluxo: De 88 m\u00b3\/h a 2330 m\u00b3\/h<\/li>\n<li>V\u00e1cuo: De 150 mBar a 450 mBar<\/li>\n<li>Press\u00e3o: De 140 mBar a 670 mBar<\/li>\n<\/ul>\n<\/li>\n<li>Soplantes de triple etapa\n<ul class=\"listadoProductos\">\n<li>Pot\u00eancia: 7,5 kW<\/li>\n<li>Fluxo: 170 m\u00b3\/h<\/li>\n<li>V\u00e1cuo: 730 mBar<\/li>\n<li>Press\u00e3o: 1040 mBar<\/li>\n<\/ul>\n<\/li>\n<\/ul>\n<p data-start=\"0\" data-end=\"328\">Os sopradores de canal lateral ou turbinas de canal lateral s\u00e3o amplamente utilizados no tratamento de \u00e1guas de todo tipo, pois s\u00e3o perfeitos para gerar um alto <strong>fluxo de ar a uma press\u00e3o exata<\/strong>, permitindo que a \u00e1gua seja oxigenada nos n\u00edveis necess\u00e1rios e, assim, comece a regenera\u00e7\u00e3o da \u00e1gua e, consequentemente, a sua limpeza.<\/p>\n<p data-start=\"0\" data-end=\"328\">\u200e<\/p>\n<p data-start=\"0\" data-end=\"328\">Se precisar calcular qualquer aspecto relacionado com um soprador, n\u00e3o hesite em nos contactar, e n\u00f3s teremos o prazer de ajud\u00e1-lo a definir qual \u00e9 o soprador regenerativo que <strong>melhor se adapta \u00e0s suas necessidades.<\/strong><\/p>\n<p data-start=\"0\" data-end=\"328\">\u200e<\/p>\n<div class=\"anchoTotalIzquierda\">\n<p>Para qualquer informa\u00e7\u00e3o sobre os nossos sopradores de canal lateral, n\u00e3o hesite em <a class=\"urlContactar\" title=\"Ir a Contactar\" href=\"https:\/\/www.fluidpower.es\/pt-pt\/contactar\/\">Contactar-nos<\/a> agora e n\u00f3s responderemos rapidamente.<\/p>\n<p>\u200e<\/p>\n<p style=\"text-align: left;\">Se nos visita desde o M\u00e9xico, ofrecemos todos nuestros productos en nuestra empresa hermana. <a title=\"Visitar sitio web de Bufete de Sistemas\" href=\"http:\/\/www.bufetedesistemas.com\" target=\"_blank\" rel=\"noopener\">Bufete de Sistemas SA de CV, visite nuestro sitio web<\/a> o comun\u00edquese directamente marcando el tel\u00e9fono (+52) 55 56 51 63 66.<\/p>\n<p>\u200e<\/p>\n<div class=\"text_box\" style=\"border: 1px solid #424242; \">\n<h4 class=\"title\" style=\"color:#a31717;\">Produtos Garantidos<\/h4>\n<div class=\"text clearfix\" style=\"\">Na Provectus Hydraulica garantimos um produto da melhor qualidade, por isso oferecemos uma garantia de 1 ano e meio (18 meses) sobre qualquer produto que nos comprar. N\u00f3s apenas vendemos produtos novos e utilizamos pe\u00e7as originais para a repara\u00e7\u00e3o de qualquer equipamento, o que nos permite garantir o bom funcionamento do mesmo, desde que tenha sido utilizado de maneira correta.<\/div>\n<\/div>\n<\/div>\n<p>\n\t\t<\/div> \n\t<\/div> \n<\/div>\n<\/div>\n<\/div>\n","protected":false},"excerpt":{"rendered":"","protected":false},"author":1,"featured_media":0,"parent":22665,"menu_order":0,"comment_status":"closed","ping_status":"closed","template":"page_sidebar.php","meta":[],"yst_prominent_words":[],"_links":{"self":[{"href":"https:\/\/www.fluidpower.es\/pt-pt\/wp-json\/wp\/v2\/pages\/22684"}],"collection":[{"href":"https:\/\/www.fluidpower.es\/pt-pt\/wp-json\/wp\/v2\/pages"}],"about":[{"href":"https:\/\/www.fluidpower.es\/pt-pt\/wp-json\/wp\/v2\/types\/page"}],"author":[{"embeddable":true,"href":"https:\/\/www.fluidpower.es\/pt-pt\/wp-json\/wp\/v2\/users\/1"}],"replies":[{"embeddable":true,"href":"https:\/\/www.fluidpower.es\/pt-pt\/wp-json\/wp\/v2\/comments?post=22684"}],"version-history":[{"count":4,"href":"https:\/\/www.fluidpower.es\/pt-pt\/wp-json\/wp\/v2\/pages\/22684\/revisions"}],"predecessor-version":[{"id":22691,"href":"https:\/\/www.fluidpower.es\/pt-pt\/wp-json\/wp\/v2\/pages\/22684\/revisions\/22691"}],"up":[{"embeddable":true,"href":"https:\/\/www.fluidpower.es\/pt-pt\/wp-json\/wp\/v2\/pages\/22665"}],"wp:attachment":[{"href":"https:\/\/www.fluidpower.es\/pt-pt\/wp-json\/wp\/v2\/media?parent=22684"}],"wp:term":[{"taxonomy":"yst_prominent_words","embeddable":true,"href":"https:\/\/www.fluidpower.es\/pt-pt\/wp-json\/wp\/v2\/yst_prominent_words?post=22684"}],"curies":[{"name":"wp","href":"https:\/\/api.w.org\/{rel}","templated":true}]}}