{"id":22693,"date":"2015-03-29T16:44:39","date_gmt":"2015-03-29T16:44:39","guid":{"rendered":"https:\/\/www.fluidpower.es\/nuestra-historia\/"},"modified":"2025-03-14T13:48:34","modified_gmt":"2025-03-14T12:48:34","slug":"nuestra-historia","status":"publish","type":"page","link":"https:\/\/www.fluidpower.es\/pt-pt\/nuestra-historia\/","title":{"rendered":"Nuestra Historia"},"content":{"rendered":"<div class=\"wpb_row vc_row-fluid\">\n\t<div class=\"vc_span12 wpb_column column_container\">\n\t\t<div class=\"wpb_wrapper\">\n\t\t\t<br \/>\nProvectus Hydraulica come\u00e7ou em 2011, <strong>formada por um grupo de pessoas altamente qualificadas<\/strong>, com mais de 10 anos de experi\u00eancia no mercado da Engenharia de Fluidos. Nesse grupo de profissionais est\u00e3o inclu\u00eddos especialistas em <strong>Engenharia Oleo-Hidr\u00e1ulica e Engenharia Pneum\u00e1tica.<\/strong><\/p>\n<p>\u200e<\/p>\n<p><img loading=\"lazy\" class=\"wp-image-7519 size-large\" src=\"https:\/\/www.fluidpower.es\/wp-content\/uploads\/2015\/03\/almacen-provectus-hydraulica-1024x666.jpg\" alt=\"Almac\u00e9n Provectus Hydraulica S.L.\" width=\"1000\" height=\"650\" srcset=\"https:\/\/www.fluidpower.es\/wp-content\/uploads\/2015\/03\/almacen-provectus-hydraulica-1024x666.jpg 1024w, https:\/\/www.fluidpower.es\/wp-content\/uploads\/2015\/03\/almacen-provectus-hydraulica-300x195.jpg 300w, https:\/\/www.fluidpower.es\/wp-content\/uploads\/2015\/03\/almacen-provectus-hydraulica-768x499.jpg 768w, https:\/\/www.fluidpower.es\/wp-content\/uploads\/2015\/03\/almacen-provectus-hydraulica-1087x707.jpg 1087w, https:\/\/www.fluidpower.es\/wp-content\/uploads\/2015\/03\/almacen-provectus-hydraulica.jpg 1699w\" sizes=\"(max-width: 1000px) 100vw, 1000px\" \/><\/p>\n<p>\u200e<br \/>\nOs nossos primeiros passos remontam-se \u00e0 Cidade do M\u00e9xico, onde a nossa empresa irm\u00e3 Bufete de Sistemas SA de CV (<a title=\"Visitar sitio web de Bufete de Sistemas\" href=\"http:\/\/www.bufetedesistemas.com\" target=\"_blank\" rel=\"noopener noreferrer\">www.bufetedesistemas.com<\/a>) Come\u00e7ou opera\u00e7\u00f5es no ano de 1970, consolidando-se como uma <strong>empresa l\u00edder no campo da mec\u00e2nica de fluidos<\/strong>. Foi l\u00e1 onde o nosso fundador e diretor geral Santiago Valles Ib\u00e1\u00f1ez come\u00e7ou a desenvolver a ideia da constitui\u00e7\u00e3o da Provectus Hydraulica SL em Espanha, para assim expandir o neg\u00f3cio para o continente Europeu.<\/p>\n<p>\u200e<\/p>\n<p data-start=\"53\" data-end=\"338\">Na <strong>Provectus Hydraulica<\/strong>, apercebemo-nos da grande necessidade existente em todo o mercado nacional de contar com consultores experientes e especializados nas \u00e1reas de hidr\u00e1ulica e pneum\u00e1tica, bem como da facilidade e rapidez de acesso a estes profissionais proporcionada pela Internet.<\/p>\n<p data-start=\"53\" data-end=\"338\">\u200e<\/p>\n<p data-start=\"340\" data-end=\"625\">O nosso objetivo \u00e9 ajudar os nossos clientes, oferecendo um servi\u00e7o de consultoria t\u00e9cnica e <strong>comercializa\u00e7\u00e3o de produtos da mais alta qualidade<\/strong>, que superem o tempo de vida habitual de qualquer produto do mercado. Al\u00e9m disso, procuramos sempre oferecer a <strong>melhor solu\u00e7\u00e3o ao menor pre\u00e7o.<\/strong><\/p>\n<p data-start=\"340\" data-end=\"625\">\u200e<\/p>\n<p data-start=\"627\" data-end=\"930\">Na Europa, alcan\u00e7\u00e1mos um sucesso rotundo: a experi\u00eancia de anos de trabalho na \u00e1rea permitiu-nos oferecer aos nossos clientes solu\u00e7\u00f5es e produtos adequados \u00e0s suas necessidades a um custo reduzido. Gra\u00e7as a isso, conseguimos uma vasta carteira de clientes e uma posi\u00e7\u00e3o privilegiada no mercado nacional.<\/p>\n<p data-start=\"627\" data-end=\"930\">\u200e \u200e \u200e<\/p>\n<p data-start=\"932\" data-end=\"1261\" data-is-last-node=\"\" data-is-only-node=\"\">A <strong>Provectus Hydraulica tem como objetivo posicionar-se como o maior consultor em engenharia Oleo-Hidr\u00e1ulica e Pneum\u00e1tica<\/strong>, bem como o maior distribuidor de pe\u00e7as hidr\u00e1ulicas e pneum\u00e1ticas em toda a Espanha. Tudo isso atrav\u00e9s de uma estrat\u00e9gia baseada numa forte presen\u00e7a online, tanto atrav\u00e9s deste site como da nossa loja online. <a style=\"font-size: inherit;\" title=\"Ir a la tienda online de Provectus Hydraulica\" href=\"https:\/\/www.provectus.es\" target=\"_blank\" rel=\"noopener noreferrer\">www.provectus.es<\/a><span style=\"font-size: inherit;\">.<\/span><\/p>\n<p>\n\t\t<\/div> \n\t<\/div> \n<\/div>\n","protected":false},"excerpt":{"rendered":"","protected":false},"author":1,"featured_media":0,"parent":0,"menu_order":0,"comment_status":"closed","ping_status":"closed","template":"page.php","meta":[],"yst_prominent_words":[],"_links":{"self":[{"href":"https:\/\/www.fluidpower.es\/pt-pt\/wp-json\/wp\/v2\/pages\/22693"}],"collection":[{"href":"https:\/\/www.fluidpower.es\/pt-pt\/wp-json\/wp\/v2\/pages"}],"about":[{"href":"https:\/\/www.fluidpower.es\/pt-pt\/wp-json\/wp\/v2\/types\/page"}],"author":[{"embeddable":true,"href":"https:\/\/www.fluidpower.es\/pt-pt\/wp-json\/wp\/v2\/users\/1"}],"replies":[{"embeddable":true,"href":"https:\/\/www.fluidpower.es\/pt-pt\/wp-json\/wp\/v2\/comments?post=22693"}],"version-history":[{"count":3,"href":"https:\/\/www.fluidpower.es\/pt-pt\/wp-json\/wp\/v2\/pages\/22693\/revisions"}],"predecessor-version":[{"id":22698,"href":"https:\/\/www.fluidpower.es\/pt-pt\/wp-json\/wp\/v2\/pages\/22693\/revisions\/22698"}],"wp:attachment":[{"href":"https:\/\/www.fluidpower.es\/pt-pt\/wp-json\/wp\/v2\/media?parent=22693"}],"wp:term":[{"taxonomy":"yst_prominent_words","embeddable":true,"href":"https:\/\/www.fluidpower.es\/pt-pt\/wp-json\/wp\/v2\/yst_prominent_words?post=22693"}],"curies":[{"name":"wp","href":"https:\/\/api.w.org\/{rel}","templated":true}]}}