{"id":22754,"date":"2025-10-09T12:26:19","date_gmt":"2025-10-09T11:26:19","guid":{"rendered":"https:\/\/www.fluidpower.es\/?page_id=22754\/"},"modified":"2025-10-09T16:39:24","modified_gmt":"2025-10-09T15:39:24","slug":"compresores-de-aire-industriales-sullair","status":"publish","type":"page","link":"https:\/\/www.fluidpower.es\/pt-pt\/compresores-de-aire-industriales-sullair\/","title":{"rendered":"Compressores de Ar Industriais Sullair"},"content":{"rendered":"\n<div class=\"wp-block-image\"><figure class=\"aligncenter size-large\"><a href=\"https:\/\/www.fluidpower.es\/wp-content\/uploads\/2025\/10\/Compresores-de-aire-de-tornillo-rotativo-de-una-etapa.png\"><img loading=\"lazy\" width=\"545\" height=\"336\" src=\"https:\/\/www.fluidpower.es\/wp-content\/uploads\/2025\/10\/Compresores-de-aire-de-tornillo-rotativo-de-una-etapa.png\" alt=\"Compresores-de-aire-de-tornillo-rotativo-de-una-etapa\" class=\"wp-image-22729\" srcset=\"https:\/\/www.fluidpower.es\/wp-content\/uploads\/2025\/10\/Compresores-de-aire-de-tornillo-rotativo-de-una-etapa.png 545w, https:\/\/www.fluidpower.es\/wp-content\/uploads\/2025\/10\/Compresores-de-aire-de-tornillo-rotativo-de-una-etapa-300x185.png 300w\" sizes=\"(max-width: 545px) 100vw, 545px\" \/><\/a><figcaption>Compresores-de-aire-de-tornillo-rotativo-de-una-etapa<\/figcaption><\/figure><\/div>\n\n\n<h1>Compressores de Ar Industriais Hitachi Sullair: efici\u00eancia, pot\u00eancia e confiabilidade para a sua empresa<\/h1>\n<p data-start=\"339\" data-end=\"665\">O ar comprimido \u00e9 a <strong data-start=\"359\" data-end=\"390\">quarta utilidade industrial<\/strong>, depois da \u00e1gua, da eletricidade e do g\u00e1s. Ele desempenha um papel essencial na produ\u00e7\u00e3o \u2014 desde o funcionamento de ferramentas pneum\u00e1ticas at\u00e9 processos de automa\u00e7\u00e3o. Por isso, <strong data-start=\"569\" data-end=\"616\">escolher um sistema de compress\u00e3o confi\u00e1vel<\/strong> \u00e9 uma decis\u00e3o estrat\u00e9gica para qualquer empresa.<\/p>\n<p data-start=\"667\" data-end=\"810\">Nesse sentido, os <strong data-start=\"685\" data-end=\"727\">compressores de ar industriais Sullair<\/strong> consolidaram-se como uma das solu\u00e7\u00f5es mais <strong data-start=\"771\" data-end=\"798\">confi\u00e1veis e eficientes<\/strong> do mercado.<\/p>\n<h2>Por que escolher a Sullair para o seu sistema de ar comprimido?<\/h2>\n<h4 data-start=\"890\" data-end=\"936\"><strong data-start=\"895\" data-end=\"936\">1. Ampla gama de pot\u00eancias e press\u00f5es<\/strong><\/h4>\n<p data-start=\"937\" data-end=\"1127\">Os compressores Sullair est\u00e3o dispon\u00edveis em uma faixa que vai de <strong data-start=\"1003\" data-end=\"1020\">4 kW a 240 kW<\/strong>, com press\u00f5es de trabalho entre <strong data-start=\"1053\" data-end=\"1069\">7 e 34,5 bar<\/strong>, adaptando-se a todos os tipos de aplica\u00e7\u00f5es industriais.<\/p>\n<h4 data-start=\"1129\" data-end=\"1162\"><strong data-start=\"1134\" data-end=\"1162\">2. Projetados para durar<\/strong><\/h4>\n<p data-start=\"1163\" data-end=\"1365\">Um dos principais diferenciais da Sullair \u00e9 o seu compromisso com a <strong data-start=\"1231\" data-end=\"1247\">durabilidade<\/strong>. Os equipamentos s\u00e3o fabricados para operar de forma cont\u00ednua e confi\u00e1vel durante anos, mesmo em condi\u00e7\u00f5es exigentes.<\/p>\n<h4 data-start=\"1367\" data-end=\"1400\"><strong data-start=\"1372\" data-end=\"1400\">3. Efici\u00eancia energ\u00e9tica<\/strong><\/h4>\n<p data-start=\"1401\" data-end=\"1680\">O consumo de energia el\u00e9trica de um compressor pode representar at\u00e9 <strong data-start=\"1469\" data-end=\"1501\">70% do seu custo operacional<\/strong>.<br data-start=\"1502\" data-end=\"1505\"\/>Os modelos Sullair foram desenvolvidos para <strong data-start=\"1549\" data-end=\"1581\">reduzir o consumo de energia<\/strong>, gra\u00e7as \u00e0s tecnologias de <strong data-start=\"1608\" data-end=\"1640\">inversor de frequ\u00eancia (VSD)<\/strong> e <strong data-start=\"1643\" data-end=\"1679\">sistemas de controle inteligente<\/strong>.<\/p>\n<h4 data-start=\"1682\" data-end=\"1712\"><strong data-start=\"1687\" data-end=\"1712\">4. Solu\u00e7\u00f5es completas<\/strong><\/h4>\n<p data-start=\"1713\" data-end=\"1788\">Al\u00e9m dos compressores, a Sullair oferece <strong data-start=\"1754\" data-end=\"1775\">pacotes completos<\/strong> que incluem:<\/p>\n<ul data-start=\"1790\" data-end=\"1859\">\n<li data-start=\"1790\" data-end=\"1809\">\n<p data-start=\"1792\" data-end=\"1809\">Secadores de ar<\/p>\n<\/li>\n<li data-start=\"1810\" data-end=\"1821\">\n<p data-start=\"1812\" data-end=\"1821\">Tanques<\/p>\n<\/li>\n<li data-start=\"1822\" data-end=\"1859\">\n<p data-start=\"1824\" data-end=\"1859\">Sistemas de filtragem e tubula\u00e7\u00e3o<\/p>\n<\/li>\n<\/ul>\n<p data-start=\"1861\" data-end=\"1997\">Isso garante n\u00e3o apenas a gera\u00e7\u00e3o de ar comprimido, mas tamb\u00e9m sua <strong data-start=\"1928\" data-end=\"1950\">qualidade e pureza<\/strong>, minimizando riscos nos processos de produ\u00e7\u00e3o.<\/p>\n<h4 data-start=\"1999\" data-end=\"2032\"><strong data-start=\"2004\" data-end=\"2032\">5. Suporte e proximidade<\/strong><\/h4>\n<p data-start=\"2033\" data-end=\"2197\">A rede de representantes e distribuidores da Sullair na Europa assegura <strong data-start=\"2105\" data-end=\"2168\">servi\u00e7os de manuten\u00e7\u00e3o e fornecimento de pe\u00e7as de reposi\u00e7\u00e3o<\/strong> de forma r\u00e1pida e confi\u00e1vel.<\/p>\n<hr data-start=\"2199\" data-end=\"2202\"\/>\n<h3 data-start=\"2204\" data-end=\"2247\"><strong data-start=\"2208\" data-end=\"2247\">Aplica\u00e7\u00f5es dos compressores Sullair<\/strong><\/h3>\n<p data-start=\"2249\" data-end=\"2314\">Os equipamentos Sullair s\u00e3o utilizados em diversos setores, como:<\/p>\n<ul data-start=\"2316\" data-end=\"2442\">\n<li data-start=\"2316\" data-end=\"2340\">\n<p data-start=\"2318\" data-end=\"2340\">Ind\u00fastria automotiva<\/p>\n<\/li>\n<li data-start=\"2341\" data-end=\"2366\">\n<p data-start=\"2343\" data-end=\"2366\">Alimenta\u00e7\u00e3o e bebidas<\/p>\n<\/li>\n<li data-start=\"2367\" data-end=\"2381\">\n<p data-start=\"2369\" data-end=\"2381\">Constru\u00e7\u00e3o<\/p>\n<\/li>\n<li data-start=\"2382\" data-end=\"2418\">\n<p data-start=\"2384\" data-end=\"2418\">Ind\u00fastria qu\u00edmica e farmac\u00eautica<\/p>\n<\/li>\n<li data-start=\"2419\" data-end=\"2442\">\n<p data-start=\"2421\" data-end=\"2442\">Manufatura avan\u00e7ada<\/p>\n<\/li>\n<\/ul>\n<p data-start=\"2444\" data-end=\"2611\">Em todos esses casos, o uso dos compressores contribui para <strong data-start=\"2504\" data-end=\"2532\">aumentar a produtividade<\/strong>, <strong data-start=\"2534\" data-end=\"2552\">reduzir custos<\/strong> e <strong data-start=\"2555\" data-end=\"2584\">melhorar a confiabilidade<\/strong> dos processos industriais.<\/p>\n<hr data-start=\"2613\" data-end=\"2616\"\/>\n<h3 data-start=\"2618\" data-end=\"2635\"><strong data-start=\"2622\" data-end=\"2635\">Conclus\u00e3o<\/strong><\/h3>\n<p data-start=\"2637\" data-end=\"2944\">Os <strong data-start=\"2640\" data-end=\"2676\">compressores industriais Sullair<\/strong> combinam <strong data-start=\"2686\" data-end=\"2736\">pot\u00eancia, durabilidade e efici\u00eancia energ\u00e9tica<\/strong>, tornando-se um <strong data-start=\"2753\" data-end=\"2800\">aliado estrat\u00e9gico para a ind\u00fastria moderna<\/strong>.<br data-start=\"2801\" data-end=\"2804\"\/>Se o seu objetivo \u00e9 <strong data-start=\"2824\" data-end=\"2863\">otimizar o sistema de ar comprimido<\/strong> e garantir <strong data-start=\"2875\" data-end=\"2910\">m\u00e1ximo desempenho na sua planta<\/strong>, a <strong data-start=\"2914\" data-end=\"2944\">Sullair \u00e9 a escolha certa.<\/strong><\/p>\n\n\n<div class=\"wp-block-image\"><figure class=\"aligncenter size-large\"><a href=\"https:\/\/www.fluidpower.es\/wp-content\/uploads\/2025\/10\/Sullair-Serie-LS.png\"><img loading=\"lazy\" width=\"635\" height=\"393\" src=\"https:\/\/www.fluidpower.es\/wp-content\/uploads\/2025\/10\/Sullair-Serie-LS.png\" alt=\"Compresores-de-aire-de-tornillo-rotativo-de-una-etapa\" class=\"wp-image-22733\" srcset=\"https:\/\/www.fluidpower.es\/wp-content\/uploads\/2025\/10\/Sullair-Serie-LS.png 635w, https:\/\/www.fluidpower.es\/wp-content\/uploads\/2025\/10\/Sullair-Serie-LS-300x186.png 300w\" sizes=\"(max-width: 635px) 100vw, 635px\" \/><\/a><figcaption>Compresores-de-aire-de-tornillo-rotativo-de-una-etapa<\/figcaption><\/figure><\/div>\n\n\n\n<p><\/p>\n","protected":false},"excerpt":{"rendered":"<p>Compressores de Ar Industriais Hitachi Sullair: efici\u00eancia, pot\u00eancia e confiabilidade para a sua empresa O ar comprimido \u00e9 a quarta&#8230;<\/p>\n","protected":false},"author":4,"featured_media":0,"parent":0,"menu_order":0,"comment_status":"closed","ping_status":"closed","template":"page_sidebar.php","meta":[],"yst_prominent_words":[],"_links":{"self":[{"href":"https:\/\/www.fluidpower.es\/pt-pt\/wp-json\/wp\/v2\/pages\/22754"}],"collection":[{"href":"https:\/\/www.fluidpower.es\/pt-pt\/wp-json\/wp\/v2\/pages"}],"about":[{"href":"https:\/\/www.fluidpower.es\/pt-pt\/wp-json\/wp\/v2\/types\/page"}],"author":[{"embeddable":true,"href":"https:\/\/www.fluidpower.es\/pt-pt\/wp-json\/wp\/v2\/users\/4"}],"replies":[{"embeddable":true,"href":"https:\/\/www.fluidpower.es\/pt-pt\/wp-json\/wp\/v2\/comments?post=22754"}],"version-history":[{"count":20,"href":"https:\/\/www.fluidpower.es\/pt-pt\/wp-json\/wp\/v2\/pages\/22754\/revisions"}],"predecessor-version":[{"id":22827,"href":"https:\/\/www.fluidpower.es\/pt-pt\/wp-json\/wp\/v2\/pages\/22754\/revisions\/22827"}],"wp:attachment":[{"href":"https:\/\/www.fluidpower.es\/pt-pt\/wp-json\/wp\/v2\/media?parent=22754"}],"wp:term":[{"taxonomy":"yst_prominent_words","embeddable":true,"href":"https:\/\/www.fluidpower.es\/pt-pt\/wp-json\/wp\/v2\/yst_prominent_words?post=22754"}],"curies":[{"name":"wp","href":"https:\/\/api.w.org\/{rel}","templated":true}]}}