{"id":22888,"date":"2026-03-26T14:46:32","date_gmt":"2026-03-26T13:46:32","guid":{"rendered":"https:\/\/www.fluidpower.es\/?page_id=22888\/"},"modified":"2026-03-26T14:47:29","modified_gmt":"2026-03-26T13:47:29","slug":"compressores-de-ar-sullair-shoptek","status":"publish","type":"page","link":"https:\/\/www.fluidpower.es\/pt-pt\/compressores-de-ar-sullair-shoptek\/","title":{"rendered":"Compressores de Ar Sullair ShopTek"},"content":{"rendered":"\n<div class=\"wp-block-image\"><figure class=\"aligncenter size-large\"><a href=\"https:\/\/www.fluidpower.es\/wp-content\/uploads\/2025\/10\/PIC_ShopTek-CE-ST30VSD-Front_featured.png\"><img loading=\"lazy\" width=\"545\" height=\"402\" src=\"https:\/\/www.fluidpower.es\/wp-content\/uploads\/2025\/10\/PIC_ShopTek-CE-ST30VSD-Front_featured.png\" alt=\"\" class=\"wp-image-22832\" srcset=\"https:\/\/www.fluidpower.es\/wp-content\/uploads\/2025\/10\/PIC_ShopTek-CE-ST30VSD-Front_featured.png 545w, https:\/\/www.fluidpower.es\/wp-content\/uploads\/2025\/10\/PIC_ShopTek-CE-ST30VSD-Front_featured-300x221.png 300w\" sizes=\"(max-width: 545px) 100vw, 545px\" \/><\/a><\/figure><\/div>\n\n\n\n<h1>Compressores de Ar de Parafuso Rotativo Lubrificados 4 a 37 kW: Pot\u00eancia, Confiabilidade e Efici\u00eancia Energ\u00e9tica<\/h1>\n\n\n\n<p>Descubra os compressores de ar Sullair ShopTek \u2014 oferecendo m\u00e1xima confiabilidade, efici\u00eancia energ\u00e9tica e um design compacto para uso industrial cont\u00ednuo.<\/p>\n\n\n\n<h2>Inova\u00e7\u00e3o e Expertise em Ar Comprimido<\/h2>\n\n\n\n<p>Desde 1965, a Sullair tem liderado o setor em tecnologia de compressores de parafuso rotativo, oferecendo solu\u00e7\u00f5es industriais que combinam efici\u00eancia, durabilidade e confiabilidade.<br data-start=\"565\" data-end=\"568\"\/>Hoje, sob a for\u00e7a da Hitachi Global Air Power, a linha ShopTek continua essa tradi\u00e7\u00e3o, proporcionando desempenho excepcional em ambientes industriais exigentes.<\/p>\n\n\n\n<h2>Compressores Constru\u00eddos para Durar<\/h2>\n\n\n\n<p>Os compressores ShopTek s\u00e3o fabricados com componentes de alta qualidade e projetados para opera\u00e7\u00e3o cont\u00ednua, apoiados pela Garantia Esmeralda de 5 anos da Sullair, que cobre os principais componentes:<\/p>\n\n\n\n<ul><li data-start=\"972\" data-end=\"998\">\n<p data-start=\"974\" data-end=\"998\">Conjunto do <strong data-start=\"986\" data-end=\"996\">airend<\/strong><\/p>\n<\/li><li data-start=\"999\" data-end=\"1018\">\n<p data-start=\"1001\" data-end=\"1018\">Motor principal<\/p>\n<\/li><li data-start=\"1019\" data-end=\"1049\">\n<p data-start=\"1021\" data-end=\"1049\">Fluidos e <strong data-start=\"1031\" data-end=\"1047\">aftercoolers<\/strong><\/p>\n<\/li><li data-start=\"1050\" data-end=\"1081\">\n<p data-start=\"1052\" data-end=\"1081\">Inversor (para modelos VSD)<\/p>\n<\/li><\/ul>\n\n\n\n<p>Estes compressores s\u00e3o conhecidos por sua baixa manuten\u00e7\u00e3o, longa vida \u00fatil e desempenho consistente, mesmo sob cargas pesadas.<\/p>\n\n\n\n<h2>Principais Caracter\u00edsticas T\u00e9cnicas<\/h2>\n\n\n\n<h3>Desempenho Excepcional<\/h3>\n\n\n\n<ul><li data-start=\"1279\" data-end=\"1311\">\n<p data-start=\"1281\" data-end=\"1311\">Faixa de pot\u00eancia: 4 a 37 kW<\/p>\n<\/li><li data-start=\"1312\" data-end=\"1347\">\n<p data-start=\"1314\" data-end=\"1347\">Press\u00e3o de trabalho: at\u00e9 10 bar<\/p>\n<\/li><li data-start=\"1348\" data-end=\"1381\">\n<p data-start=\"1350\" data-end=\"1381\">Vaz\u00e3o de ar: 2,6 a 6,3 m\u00b3\/min<\/p>\n<\/li><li data-start=\"1382\" data-end=\"1415\">\n<p data-start=\"1384\" data-end=\"1415\">Motores IE3 com prote\u00e7\u00e3o IP55<\/p>\n<\/li><li data-start=\"1416\" data-end=\"1481\">\n<p data-start=\"1418\" data-end=\"1481\">Acionamento direto por engrenagem \u2014 sem correias para ajustar<\/p>\n<\/li><\/ul>\n\n\n\n<h3>Controle Inteligente<\/h3>\n\n\n\n<p>O painel de controle eletr\u00f4nico permite aos operadores:<\/p>\n\n\n\n<ul><li data-start=\"1565\" data-end=\"1612\">\n<p data-start=\"1567\" data-end=\"1612\">Ajustar a produ\u00e7\u00e3o de ar conforme a demanda<\/p>\n<\/li><li data-start=\"1613\" data-end=\"1663\">\n<p data-start=\"1615\" data-end=\"1663\">Monitorar par\u00e2metros de opera\u00e7\u00e3o em tempo real<\/p>\n<\/li><li data-start=\"1664\" data-end=\"1720\">\n<p data-start=\"1666\" data-end=\"1720\">Visualizar dados em uma tela gr\u00e1fica clara e concisa<\/p>\n<\/li><\/ul>\n\n\n\n<h3>Economia de Energia com Tecnologia VSD<\/h3>\n\n\n\n<p>Os modelos ShopTek VSD (Variable Speed Drive) incluem um inversor de frequ\u00eancia vari\u00e1vel que regula automaticamente a capacidade e a press\u00e3o do compressor com base na demanda de ar atual.<\/p>\n\n\n\n<p>Isso proporciona:<br data-start=\"1973\" data-end=\"1976\"\/>\u2705 Redu\u00e7\u00e3o no consumo de energia<br data-start=\"2007\" data-end=\"2010\"\/>\u2705 Press\u00e3o est\u00e1vel no sistema<br data-start=\"2038\" data-end=\"2041\"\/>\u2705 Maior efici\u00eancia operacional e flexibilidade<\/p>\n\n\n\n<h3>Lubrifica\u00e7\u00e3o Ecol\u00f3gica: Sullube<\/h3>\n\n\n\n<p>Todos os compressores ShopTek utilizam o Sullube, um lubrificante biodegrad\u00e1vel e ambientalmente respons\u00e1vel, projetado para oferecer:<\/p>\n\n\n\n<ul><li data-start=\"2265\" data-end=\"2313\">\n<p data-start=\"2267\" data-end=\"2313\">Prote\u00e7\u00e3o contra verniz e ac\u00famulo de res\u00edduos<\/p>\n<\/li><li data-start=\"2314\" data-end=\"2352\">\n<p data-start=\"2316\" data-end=\"2352\">Temperaturas operacionais est\u00e1veis<\/p>\n<\/li><li data-start=\"2353\" data-end=\"2386\">\n<p data-start=\"2355\" data-end=\"2386\">Alto ponto de fulgor (263 \u00b0C)<\/p>\n<\/li><li data-start=\"2387\" data-end=\"2451\">\n<p data-start=\"2389\" data-end=\"2451\">Redu\u00e7\u00e3o da perda de fluido e aumento da vida \u00fatil do sistema<\/p>\n<\/li><\/ul>\n\n\n\n<h2>Vantagens Competitivas da Linha ShopTek\u2122<\/h2>\n\n\n\n<ul><li data-start=\"2497\" data-end=\"2529\">\n<p data-start=\"2499\" data-end=\"2529\">Design compacto e silencioso<\/p>\n<\/li><li data-start=\"2530\" data-end=\"2559\">\n<p data-start=\"2532\" data-end=\"2559\">Manuten\u00e7\u00e3o f\u00e1cil e r\u00e1pida<\/p>\n<\/li><li data-start=\"2560\" data-end=\"2596\">\n<p data-start=\"2562\" data-end=\"2596\">Componentes de alta durabilidade<\/p>\n<\/li><li data-start=\"2597\" data-end=\"2632\">\n<p data-start=\"2599\" data-end=\"2632\">Redu\u00e7\u00e3o de tempo de inatividade<\/p>\n<\/li><li data-start=\"2633\" data-end=\"2666\">\n<p data-start=\"2635\" data-end=\"2666\">Design em conformidade com CE<\/p>\n<\/li><li data-start=\"2667\" data-end=\"2726\">\n<p data-start=\"2669\" data-end=\"2726\">Suporte da rede de servi\u00e7os da Hitachi Global Air Power<\/p>\n<\/li><\/ul>\n\n\n\n<h2>Confiabilidade que Inspira Confian\u00e7a<\/h2>\n\n\n\n<p>Os compressores Sullair ShopTek operam em milhares de instala\u00e7\u00f5es em todo o mundo, comprovando sua capacidade de manter uma produ\u00e7\u00e3o est\u00e1vel e segura.<br data-start=\"2918\" data-end=\"2921\"\/>Eles s\u00e3o a escolha ideal para empresas que buscam efici\u00eancia energ\u00e9tica, confiabilidade e menores custos operacionais em seus sistemas de ar comprimido.<\/p>\n\n\n\n<h3>Saiba Mais<\/h3>\n\n\n\n<p>\ud83d\udd17 <a href=\"https:\/\/www.fluidpower.es\/wp-content\/uploads\/2025\/10\/LIT_Shoptek-Brochure_en_0.pdf\" target=\"_blank\" rel=\"noopener\">Ver Compressores ShopTek\u2122 \u2014 Sullair<\/a><br data-start=\"3158\" data-end=\"3161\"\/>\ud83d\udd17<a href=\"https:\/\/america.sullair.com\/en\/products\/shoptek-st18-75-industrial-compressors\" target=\"_blank\" rel=\"noopener\"> Ver Compressores ShopTek\u2122 ST18\u2013ST37 CE \u2014 Sullair America<\/a><\/p>\n","protected":false},"excerpt":{"rendered":"<p>Compressores de Ar de Parafuso Rotativo Lubrificados 4 a 37 kW: Pot\u00eancia, Confiabilidade e Efici\u00eancia Energ\u00e9tica Descubra os compressores de&#8230;<\/p>\n","protected":false},"author":4,"featured_media":0,"parent":0,"menu_order":0,"comment_status":"closed","ping_status":"closed","template":"","meta":[],"yst_prominent_words":[],"_links":{"self":[{"href":"https:\/\/www.fluidpower.es\/pt-pt\/wp-json\/wp\/v2\/pages\/22888"}],"collection":[{"href":"https:\/\/www.fluidpower.es\/pt-pt\/wp-json\/wp\/v2\/pages"}],"about":[{"href":"https:\/\/www.fluidpower.es\/pt-pt\/wp-json\/wp\/v2\/types\/page"}],"author":[{"embeddable":true,"href":"https:\/\/www.fluidpower.es\/pt-pt\/wp-json\/wp\/v2\/users\/4"}],"replies":[{"embeddable":true,"href":"https:\/\/www.fluidpower.es\/pt-pt\/wp-json\/wp\/v2\/comments?post=22888"}],"version-history":[{"count":3,"href":"https:\/\/www.fluidpower.es\/pt-pt\/wp-json\/wp\/v2\/pages\/22888\/revisions"}],"predecessor-version":[{"id":23395,"href":"https:\/\/www.fluidpower.es\/pt-pt\/wp-json\/wp\/v2\/pages\/22888\/revisions\/23395"}],"wp:attachment":[{"href":"https:\/\/www.fluidpower.es\/pt-pt\/wp-json\/wp\/v2\/media?parent=22888"}],"wp:term":[{"taxonomy":"yst_prominent_words","embeddable":true,"href":"https:\/\/www.fluidpower.es\/pt-pt\/wp-json\/wp\/v2\/yst_prominent_words?post=22888"}],"curies":[{"name":"wp","href":"https:\/\/api.w.org\/{rel}","templated":true}]}}