{"id":22891,"date":"2026-03-26T14:52:19","date_gmt":"2026-03-26T13:52:19","guid":{"rendered":"https:\/\/www.fluidpower.es\/?page_id=22891\/"},"modified":"2026-03-26T14:52:20","modified_gmt":"2026-03-26T13:52:20","slug":"compressores-industriais-da-serie-ls","status":"publish","type":"page","link":"https:\/\/www.fluidpower.es\/pt-pt\/compressores-industriais-da-serie-ls\/","title":{"rendered":"Compressores Industriais da S\u00e9rie LS"},"content":{"rendered":"\n<div class=\"wp-block-image\"><figure class=\"aligncenter size-large\"><a href=\"https:\/\/www.fluidpower.es\/wp-content\/uploads\/2025\/10\/Sullair-Serie-LS-1.png\"><img loading=\"lazy\" width=\"635\" height=\"393\" src=\"https:\/\/www.fluidpower.es\/wp-content\/uploads\/2025\/10\/Sullair-Serie-LS-1.png\" alt=\"\" class=\"wp-image-22857\" srcset=\"https:\/\/www.fluidpower.es\/wp-content\/uploads\/2025\/10\/Sullair-Serie-LS-1.png 635w, https:\/\/www.fluidpower.es\/wp-content\/uploads\/2025\/10\/Sullair-Serie-LS-1-300x186.png 300w\" sizes=\"(max-width: 635px) 100vw, 635px\" \/><\/a><\/figure><\/div>\n\n\n\n<h1>Compressores de Ar de Parafuso Rotativo Lubrificados a \u00d3leo da S\u00e9rie Sullair LS<\/h1>\n\n\n\n<p>Descubra os compressores de ar da S\u00e9rie LS da Sullair: m\u00e1ximo desempenho, tecnologia avan\u00e7ada e efici\u00eancia energ\u00e9tica para ambientes industriais exigentes.<\/p>\n\n\n\n<h2>Inova\u00e7\u00e3o para a Ind\u00fastria Moderna<\/h2>\n\n\n\n<p>A S\u00e9rie LS da Sullair representa o compressor monobloco mais eficiente da empresa at\u00e9 hoje.<br data-start=\"455\" data-end=\"458\"\/>Gra\u00e7as ao seu design avan\u00e7ado, adapta-se com precis\u00e3o \u00e0 demanda do sistema \u2014 reduzindo perdas de energia e aumentando a produtividade geral.<\/p>\n\n\n\n<p>Cada unidade possui design <strong data-start=\"629\" data-end=\"639\">airend<\/strong> patente pendente, tecnologia de v\u00e1lvula de entrada eletr\u00f4nica em espiral, monitor touchscreen colorido de 10\u2033 e gabinete totalmente fechado que protege contra poeira e sujeira.<\/p>\n\n\n\n<h2>Principais Caracter\u00edsticas T\u00e9cnicas<\/h2>\n\n\n\n<h3>Desempenho Ajustado \u00e0 Sua Demanda<\/h3>\n\n\n\n<ul><li data-start=\"896\" data-end=\"961\">\n<p data-start=\"898\" data-end=\"961\">Vaz\u00e3o de ar: aproximadamente 13,0 a 21,6 m\u00b3\/min (459\u2013763 cfm)<\/p>\n<\/li><li data-start=\"962\" data-end=\"1019\">\n<p data-start=\"964\" data-end=\"1019\">Press\u00e3o de trabalho: entre 7,6 e 12 bar (110\u2013175 psi)<\/p>\n<\/li><li data-start=\"1020\" data-end=\"1081\">\n<p data-start=\"1022\" data-end=\"1081\">Faixa de pot\u00eancia: aproximadamente 90\u2013110 kW (125\u2013150 hp)<\/p>\n<\/li><\/ul>\n\n\n\n<h3>Tecnologia Avan\u00e7ada para Maior Controle e Efici\u00eancia<\/h3>\n\n\n\n<ul><li data-start=\"1140\" data-end=\"1301\">\n<p data-start=\"1142\" data-end=\"1301\">V\u00e1lvula eletr\u00f4nica em espiral ou op\u00e7\u00e3o VSD (Variable Speed Drive) para ajustar automaticamente a capacidade do compressor de acordo com a demanda real de ar.<\/p>\n<\/li><li data-start=\"1302\" data-end=\"1413\">\n<p data-start=\"1304\" data-end=\"1413\">Monitor touchscreen colorido de 10\u2033 que fornece f\u00e1cil acesso a todos os par\u00e2metros operacionais principais.<\/p>\n<\/li><li data-start=\"1414\" data-end=\"1590\">\n<p data-start=\"1416\" data-end=\"1590\">Sistema de drenagem sem perdas, gabinete totalmente fechado, motor TEFC e lubrificante Sullube\u00ae \u2014 biodegrad\u00e1vel, livre de verniz, projetado para at\u00e9 10.000 horas de opera\u00e7\u00e3o.<\/p>\n<\/li><\/ul>\n\n\n\n<h3>Op\u00e7\u00f5es e Adaptabilidade ao Ambiente<\/h3>\n\n\n\n<p>A S\u00e9rie LS oferece uma ampla gama de op\u00e7\u00f5es para se adaptar \u00e0s condi\u00e7\u00f5es da planta:<\/p>\n\n\n\n<ul><li data-start=\"1718\" data-end=\"1805\">\n<p data-start=\"1720\" data-end=\"1805\">Fluido <strong data-start=\"1727\" data-end=\"1742\">PristineFG\u2122<\/strong> de grau aliment\u00edcio para aplica\u00e7\u00f5es sens\u00edveis ou higi\u00eanicas.<\/p>\n<\/li><li data-start=\"1806\" data-end=\"1957\">\n<p data-start=\"1808\" data-end=\"1957\">Configura\u00e7\u00f5es resfriadas a ar ou \u00e1gua, pacotes para altas temperaturas (at\u00e9 55 \u00b0C), cobertura para intemp\u00e9ries e aquecedor do gabinete de controle.<\/p>\n<\/li><li data-start=\"1958\" data-end=\"2060\">\n<p data-start=\"1960\" data-end=\"2060\">Gabinete totalmente fechado para prote\u00e7\u00e3o adicional \u2014 ideal para ambientes industriais com poeira.<\/p>\n<\/li><\/ul>\n\n\n\n<h2>Principais Benef\u00edcios para Empresas<\/h2>\n\n\n\n<h3>Economia de Energia<\/h3>\n\n\n\n<p>Gra\u00e7as \u00e0 capacidade vari\u00e1vel e \u00e0 tecnologia de v\u00e1lvula eletr\u00f4nica, o compressor LS adapta-se continuamente \u00e0 demanda do sistema \u2014 eliminando consumo de energia desnecess\u00e1rio.<\/p>\n\n\n\n<h3>Confiabilidade e Durabilidade<\/h3>\n\n\n\n<p>O <strong data-start=\"2338\" data-end=\"2348\">airend<\/strong> projetado pela Sullair, combinado com componentes premium, garante opera\u00e7\u00e3o cont\u00ednua, menor tempo de inatividade e manuten\u00e7\u00e3o m\u00ednima.<\/p>\n\n\n\n<h3>Opera\u00e7\u00e3o Limpa e Qualidade do Ar<\/h3>\n\n\n\n<p>O gabinete totalmente fechado, sistema de drenagem sem perdas e fluido biodegrad\u00e1vel Sullube\u00ae ajudam a manter um ambiente de produ\u00e7\u00e3o mais limpo e seguro.<\/p>\n\n\n\n<h3>Controle e Monitoramento Avan\u00e7ados<\/h3>\n\n\n\n<p>Com a interface touchscreen intuitiva e op\u00e7\u00f5es de conex\u00e3o remota, os operadores podem monitorar, analisar e otimizar o desempenho do compressor \u2014 tanto no local quanto remotamente.<\/p>\n\n\n\n<h2>Por Que Escolher a S\u00e9rie Sullair LS?<\/h2>\n\n\n\n<p>No cen\u00e1rio industrial atual, onde efici\u00eancia, controle e confiabilidade s\u00e3o essenciais para a competitividade, a S\u00e9rie LS se destaca como uma solu\u00e7\u00e3o de alto valor.<br data-start=\"3102\" data-end=\"3105\"\/>Sua capacidade de adapta\u00e7\u00e3o \u00e0s mudan\u00e7as na demanda de ar comprimido \u2014 combinada com design moderno e op\u00e7\u00f5es de configura\u00e7\u00e3o flex\u00edveis \u2014 torna-a um investimento s\u00f3lido para fabricantes, plantas de produ\u00e7\u00e3o e ambientes exigentes que buscam reduzir custos operacionais e maximizar o desempenho.<\/p>\n\n\n\n<h3>Saiba Mais<\/h3>\n\n\n\n<p>\ud83d\udd17 <a href=\"https:\/\/www.fluidpower.es\/wp-content\/uploads\/2025\/10\/LIT_LS-Brochure_en.pdf\" data-type=\"URL\" data-id=\"https:\/\/www.fluidpower.es\/wp-content\/uploads\/2025\/10\/LIT_LS-Brochure_en.pdf\" target=\"_blank\" rel=\"noreferrer noopener\">Baixar o Brochura Sullair LS Series PDF<\/a><br \/>\ud83d\udd17 <a rel=\"noreferrer noopener\" target=\"_blank\" href=\"https:\/\/america.sullair.com\/en\/products\/ls-series-industrial-compressors\" data-type=\"URL\" data-id=\"https:\/\/america.sullair.com\/en\/products\/ls-series-industrial-compressors\">Visite a p\u00e1gina oficial da S\u00e9rie Sullair LS para detalhes t\u00e9cnicos, brochuras e encontrar seu representante local \u2014 Sullair<\/a><\/p>\n","protected":false},"excerpt":{"rendered":"<p>Compressores de Ar de Parafuso Rotativo Lubrificados a \u00d3leo da S\u00e9rie Sullair LS Descubra os compressores de ar da S\u00e9rie&#8230;<\/p>\n","protected":false},"author":4,"featured_media":0,"parent":0,"menu_order":0,"comment_status":"closed","ping_status":"closed","template":"","meta":[],"yst_prominent_words":[],"_links":{"self":[{"href":"https:\/\/www.fluidpower.es\/pt-pt\/wp-json\/wp\/v2\/pages\/22891"}],"collection":[{"href":"https:\/\/www.fluidpower.es\/pt-pt\/wp-json\/wp\/v2\/pages"}],"about":[{"href":"https:\/\/www.fluidpower.es\/pt-pt\/wp-json\/wp\/v2\/types\/page"}],"author":[{"embeddable":true,"href":"https:\/\/www.fluidpower.es\/pt-pt\/wp-json\/wp\/v2\/users\/4"}],"replies":[{"embeddable":true,"href":"https:\/\/www.fluidpower.es\/pt-pt\/wp-json\/wp\/v2\/comments?post=22891"}],"version-history":[{"count":2,"href":"https:\/\/www.fluidpower.es\/pt-pt\/wp-json\/wp\/v2\/pages\/22891\/revisions"}],"predecessor-version":[{"id":22893,"href":"https:\/\/www.fluidpower.es\/pt-pt\/wp-json\/wp\/v2\/pages\/22891\/revisions\/22893"}],"wp:attachment":[{"href":"https:\/\/www.fluidpower.es\/pt-pt\/wp-json\/wp\/v2\/media?parent=22891"}],"wp:term":[{"taxonomy":"yst_prominent_words","embeddable":true,"href":"https:\/\/www.fluidpower.es\/pt-pt\/wp-json\/wp\/v2\/yst_prominent_words?post=22891"}],"curies":[{"name":"wp","href":"https:\/\/api.w.org\/{rel}","templated":true}]}}