{"id":23003,"date":"2025-12-02T12:18:29","date_gmt":"2025-12-02T11:18:29","guid":{"rendered":"https:\/\/www.fluidpower.es\/?page_id=23003\/"},"modified":"2025-12-02T12:36:21","modified_gmt":"2025-12-02T11:36:21","slug":"__trashed-3","status":"publish","type":"page","link":"https:\/\/www.fluidpower.es\/pt-pt\/__trashed-3\/","title":{"rendered":"Componentes de Ultra-Alta Press\u00e3o &#8211; V\u00e1lvulas, Liga\u00e7\u00f5es e Tubos"},"content":{"rendered":"<h2>V\u00e1lvulas, Liga\u00e7\u00f5es e Tubos<\/h2>\n<h2>A HiFluid fornece os componentes de controlo e transfer\u00eancia necess\u00e1rios para sistemas de ultra-alta press\u00e3o:<\/h2>\n<p>V\u00e1lvulas de precis\u00e3o<\/p>\n<p>Liga\u00e7\u00f5es de alta press\u00e3o<\/p>\n<p>Tubos de ultra-alta press\u00e3o<\/p>\n<p>Estes componentes s\u00e3o essenciais para a constru\u00e7\u00e3o de arquiteturas de sistemas UHP seguras e sem fugas.<\/p>\n<p><img loading=\"lazy\" class=\"\" src=\"https:\/\/en.hifluid.com\/static\/uploads\/20250729\/4fa2b514f5b5684c82f8b8c3449b71c5.png\" alt=\"Valves\" width=\"523\" height=\"314\"\/><\/p>\n","protected":false},"excerpt":{"rendered":"<p>V\u00e1lvulas, Liga\u00e7\u00f5es e Tubos A HiFluid fornece os componentes de controlo e transfer\u00eancia necess\u00e1rios para sistemas de ultra-alta press\u00e3o: V\u00e1lvulas&#8230;<\/p>\n","protected":false},"author":4,"featured_media":0,"parent":0,"menu_order":0,"comment_status":"closed","ping_status":"closed","template":"","meta":[],"yst_prominent_words":[],"_links":{"self":[{"href":"https:\/\/www.fluidpower.es\/pt-pt\/wp-json\/wp\/v2\/pages\/23003"}],"collection":[{"href":"https:\/\/www.fluidpower.es\/pt-pt\/wp-json\/wp\/v2\/pages"}],"about":[{"href":"https:\/\/www.fluidpower.es\/pt-pt\/wp-json\/wp\/v2\/types\/page"}],"author":[{"embeddable":true,"href":"https:\/\/www.fluidpower.es\/pt-pt\/wp-json\/wp\/v2\/users\/4"}],"replies":[{"embeddable":true,"href":"https:\/\/www.fluidpower.es\/pt-pt\/wp-json\/wp\/v2\/comments?post=23003"}],"version-history":[{"count":2,"href":"https:\/\/www.fluidpower.es\/pt-pt\/wp-json\/wp\/v2\/pages\/23003\/revisions"}],"predecessor-version":[{"id":23080,"href":"https:\/\/www.fluidpower.es\/pt-pt\/wp-json\/wp\/v2\/pages\/23003\/revisions\/23080"}],"wp:attachment":[{"href":"https:\/\/www.fluidpower.es\/pt-pt\/wp-json\/wp\/v2\/media?parent=23003"}],"wp:term":[{"taxonomy":"yst_prominent_words","embeddable":true,"href":"https:\/\/www.fluidpower.es\/pt-pt\/wp-json\/wp\/v2\/yst_prominent_words?post=23003"}],"curies":[{"name":"wp","href":"https:\/\/api.w.org\/{rel}","templated":true}]}}