{"id":23035,"date":"2025-11-21T15:59:25","date_gmt":"2025-11-21T14:59:25","guid":{"rendered":"https:\/\/www.fluidpower.es\/?page_id=23035\/"},"modified":"2025-12-02T12:12:43","modified_gmt":"2025-12-02T11:12:43","slug":"sistemas-compactos-hidrogenio","status":"publish","type":"page","link":"https:\/\/www.fluidpower.es\/pt-pt\/sistemas-compactos-hidrogenio\/","title":{"rendered":"Sistemas Compactos &#8211; Hidrog\u00e9nio"},"content":{"rendered":"\n<h1><strong>Sistemas embalados\/montados em skid<\/strong><\/h1>\n\n\n\n<p>A HiFluid tamb\u00e9m fabrica sistemas completos concebidos para utiliza\u00e7\u00e3o industrial no mundo real, e n\u00e3o apenas componentes individuais.<\/p>\n\n\n\n<hr class=\"wp-block-separator\"\/>\n\n\n\n<h2>Sistema de compress\u00e3o de hidrog\u00e9nio<\/h2>\n\n\n\n<p>Este sistema integra:<\/p>\n\n\n\n<p>Compressor de g\u00e1s acionado hidraulicamente<br \/>Unidade hidr\u00e1ulica<br \/>Sistema de refrigera\u00e7\u00e3o<br \/>Painel de controlo el\u00e9trico<br \/>V\u00e1lvulas, medidores e instrumentos<br \/>Prote\u00e7\u00f5es de seguran\u00e7a integradas<\/p>\n\n\n\n<p>Utiliza \u00f3leo hidr\u00e1ulico de alta press\u00e3o para acionar o pist\u00e3o, proporcionando um isolamento f\u00edsico completo entre o hidrog\u00e9nio e o fluido hidr\u00e1ulico \u2014 garantindo uma contamina\u00e7\u00e3o zero por hidrog\u00e9nio.<\/p>\n\n\n\n<p>Gama de press\u00e3o de sa\u00edda: 45\u2013100 MPa (450\u20131.000 bar).<\/p>\n\n\n\n<h3><strong>Destaques do projeto<\/strong><\/h3>\n\n\n\n<p>Componentes el\u00e9tricos \u00e0 prova de explos\u00e3o\/intrinsecamente seguros<br \/>Sistema de acionamento hidr\u00e1ulico com sensor de carga \u2192 ajusta automaticamente o caudal e a press\u00e3o<br \/>Alto desempenho de veda\u00e7\u00e3o, baixa vibra\u00e7\u00e3o, funcionamento est\u00e1vel<br \/>Comportamento de arranque e paragem flex\u00edvel e f\u00e1cil manuten\u00e7\u00e3o<\/p>\n\n\n\n<h3>Casos de uso<\/h3>\n\n\n\n<p>Postos de abastecimento de hidrog\u00e9nio (35 MPa \/ 70 MPa)<br \/>Produ\u00e7\u00e3o de hidrog\u00e9nio verde<br \/>Enchimento de cilindros<br \/>Hidrogena\u00e7\u00e3o qu\u00edmica<br \/>Testes de hidrog\u00e9nio a alta press\u00e3o<\/p>\n\n\n\n<figure class=\"wp-block-image\"><img src=\"https:\/\/en.hifluid.com\/static\/uploads\/20250718\/5281b115ceac57125eb925ade51dd69f.png\" alt=\"H\u2082 Compressor for H\u2082 Refueling\"\/><\/figure>\n\n\n\n<hr class=\"wp-block-separator\"\/>\n\n\n\n<h2><strong>Sistema de teste de v\u00e1lvula de hidrog\u00e9nio<\/strong><\/h2>\n\n\n\n<p>Concebido para testar v\u00e1lvulas de cilindros de hidrog\u00e9nio, reguladores e componentes similares.<\/p>\n\n\n\n<h3><strong>Capacidades de teste<\/strong><\/h3>\n\n\n\n<p>Teste de fugas (estanqueidade)<br \/>Teste de desempenho el\u00e9trico<br \/>Teste de fluxo<\/p>\n\n\n\n<p>Press\u00e3o m\u00e1xima de ensaio: 105 MPa.<br \/>Utiliza um compressor a g\u00e1s acionado por ar com um design de veda\u00e7\u00e3o exclusivo sem \u00f3leo que evita a contamina\u00e7\u00e3o.<\/p>\n\n\n\n<p>Inclui tecnologia patenteada de dete\u00e7\u00e3o de fugas a v\u00e1cuo.<\/p>\n\n\n\n<h3><strong>Funcionalidades<\/strong><\/h3>\n\n\n\n<p>Comuta\u00e7\u00e3o e mistura autom\u00e1tica de diferentes gases de ensaio<br \/>C\u00e2mara de v\u00e1cuo no interior de uma c\u00e2mara ambiental para teste de fugas de h\u00e9lio sob diferentes temperaturas<br \/>Exibi\u00e7\u00e3o de dados em tempo real com tra\u00e7ado de curvas de desempenho<br \/>Recursos de gest\u00e3o e monitoriza\u00e7\u00e3o remota<\/p>\n\n\n\n<h3><strong>Aplica\u00e7\u00f5es<\/strong><\/h3>\n\n\n\n<p>Desenvolvimento e produ\u00e7\u00e3o de v\u00e1lvulas de hidrog\u00e9nio<br \/>Inspe\u00e7\u00e3o de f\u00e1brica e controlo de qualidade<br \/>Testes acad\u00e9micos e de pesquisa<\/p>\n\n\n\n<figure class=\"wp-block-image\"><img src=\"https:\/\/en.hifluid.com\/static\/uploads\/20250610\/cef012a89a48f71a8cdc664b9eec65d8.png\" alt=\"H\u2082 Valve Test System\"\/><\/figure>\n\n\n\n<hr class=\"wp-block-separator\"\/>\n\n\n\n<h2><strong>Sistema de teste de ciclo de cilindro de hidrog\u00e9nio<\/strong><\/h2>\n\n\n\n<p>Concebido para avaliar a vida \u00fatil \u00e0 fadiga de cilindros de hidrog\u00e9nio de alta press\u00e3o sob ciclos de press\u00e3o repetidos.<\/p>\n\n\n\n<p>Press\u00e3o de teste padr\u00e3o: 87,5 MPa<br \/>Intervalo de temperatura: \u201340 \u00b0C a +85 \u00b0C<br \/>Simula condi\u00e7\u00f5es reais de press\u00e3o e stress t\u00e9rmico<\/p>\n\n\n\n<figure class=\"wp-block-image\"><img src=\"https:\/\/en.hifluid.com\/static\/uploads\/20251111\/7b314aa634a278d6e3fa9c58d490dec2.png\" alt=\"H\u2082 Cylinder H\u2082 Cycle Test System\"\/><\/figure>\n\n\n\n<hr class=\"wp-block-separator\"\/>\n\n\n\n<h2><strong>Sistema de teste de ciclagem de temperatura extrema em cilindros de hidrog\u00e9nio<\/strong><\/h2>\n\n\n\n<p>Testa cilindros de hidrog\u00e9nio sob flutua\u00e7\u00f5es extremas de temperatura enquanto aplica ciclos de alta press\u00e3o.<\/p>\n\n\n\n<p>Temperatura de ensaio: \u201340 \u00b0C a +85 \u00b0C<br \/>Press\u00e3o de ensaio de fadiga: \u2265 87,5 MPa<\/p>\n\n\n\n<p>Atende \u00e0s normas internacionais:<br \/>GTR13, ECE R134, ISO 19881, SAE J2579, ANSI\/CSA HGV-2.<\/p>\n\n\n\n<h3><strong>Principais caracter\u00edsticas de design<\/strong><\/h3>\n\n\n\n<p>Amplificadores de pulso selados \u2192 manuten\u00e7\u00e3o reduzida<br \/>Configura\u00e7\u00e3o modular com m\u00faltiplos amplificadores para sa\u00edda escal\u00e1vel<br \/>Aquisi\u00e7\u00e3o de dados em tempo real (press\u00e3o\/tempo, temperatura\/tempo, contagem de ciclos)<br \/>Prote\u00e7\u00f5es de seguran\u00e7a: sobrepress\u00e3o, sobretemperatura, paragem de emerg\u00eancia<\/p>\n\n\n\n<h3><strong>Aplicativos<\/strong><\/h3>\n\n\n\n<p>Teste de fadiga para tanques de hidrog\u00e9nio<br \/>Adequado para diversos cilindros de g\u00e1s de alta press\u00e3o<\/p>\n\n\n\n<figure class=\"wp-block-image\"><img src=\"https:\/\/en.hifluid.com\/static\/uploads\/20251024\/facb175f1d65bd6a25001ba5dd841d5a.png\" alt=\"H\u2082 Cylinder Extreme Temperature Pressure Cycling Test System\"\/><\/figure>\n\n\n\n<hr class=\"wp-block-separator\"\/>\n\n\n\n<h2><strong>Sistema de teste de rutura de cilindro de hidrog\u00e9nio<\/strong><\/h2>\n\n\n\n<p>Concebido para testes de rutura hidrost\u00e1tica de cilindros de hidrog\u00e9nio de alta press\u00e3o.<\/p>\n\n\n\n<p>Capacidade de press\u00e3o de rutura: \u2265 200 MPa<br \/>Valida a integridade estrutural, a toler\u00e2ncia m\u00e1xima \u00e0 press\u00e3o e a margem de seguran\u00e7a global.<\/p>\n\n\n\n<figure class=\"wp-block-image\"><img src=\"https:\/\/en.hifluid.com\/static\/uploads\/20251114\/836de28cc50bf5b834c9b932f9b96f86.png\" alt=\"Hydrogen Cylinder Hydrostatic Burst Test System\"\/><\/figure>\n","protected":false},"excerpt":{"rendered":"<p>Sistemas embalados\/montados em skid A HiFluid tamb\u00e9m fabrica sistemas completos concebidos para utiliza\u00e7\u00e3o industrial no mundo real, e n\u00e3o apenas&#8230;<\/p>\n","protected":false},"author":4,"featured_media":0,"parent":0,"menu_order":0,"comment_status":"closed","ping_status":"closed","template":"","meta":[],"yst_prominent_words":[],"_links":{"self":[{"href":"https:\/\/www.fluidpower.es\/pt-pt\/wp-json\/wp\/v2\/pages\/23035"}],"collection":[{"href":"https:\/\/www.fluidpower.es\/pt-pt\/wp-json\/wp\/v2\/pages"}],"about":[{"href":"https:\/\/www.fluidpower.es\/pt-pt\/wp-json\/wp\/v2\/types\/page"}],"author":[{"embeddable":true,"href":"https:\/\/www.fluidpower.es\/pt-pt\/wp-json\/wp\/v2\/users\/4"}],"replies":[{"embeddable":true,"href":"https:\/\/www.fluidpower.es\/pt-pt\/wp-json\/wp\/v2\/comments?post=23035"}],"version-history":[{"count":8,"href":"https:\/\/www.fluidpower.es\/pt-pt\/wp-json\/wp\/v2\/pages\/23035\/revisions"}],"predecessor-version":[{"id":23061,"href":"https:\/\/www.fluidpower.es\/pt-pt\/wp-json\/wp\/v2\/pages\/23035\/revisions\/23061"}],"wp:attachment":[{"href":"https:\/\/www.fluidpower.es\/pt-pt\/wp-json\/wp\/v2\/media?parent=23035"}],"wp:term":[{"taxonomy":"yst_prominent_words","embeddable":true,"href":"https:\/\/www.fluidpower.es\/pt-pt\/wp-json\/wp\/v2\/yst_prominent_words?post=23035"}],"curies":[{"name":"wp","href":"https:\/\/api.w.org\/{rel}","templated":true}]}}