{"id":23043,"date":"2025-12-02T11:50:50","date_gmt":"2025-12-02T10:50:50","guid":{"rendered":"https:\/\/www.fluidpower.es\/?page_id=23043\/"},"modified":"2025-12-02T11:50:52","modified_gmt":"2025-12-02T10:50:52","slug":"componentes-de-ultra-alta-pressao-compressores-de-gas","status":"publish","type":"page","link":"https:\/\/www.fluidpower.es\/pt-pt\/componentes-de-ultra-alta-pressao-compressores-de-gas\/","title":{"rendered":"Componentes de Ultra-Alta Press\u00e3o &#8211; Compressores de G\u00e1s"},"content":{"rendered":"\n<figure class=\"wp-block-gallery columns-2 is-cropped\"><ul class=\"blocks-gallery-grid\"><li class=\"blocks-gallery-item\"><figure><a href=\"https:\/\/www.fluidpower.es\/wp-content\/uploads\/2025\/11\/af30ae4fef3f64d22046b5ba932e6305.png\"><img loading=\"lazy\" width=\"1024\" height=\"614\" src=\"https:\/\/www.fluidpower.es\/wp-content\/uploads\/2025\/11\/af30ae4fef3f64d22046b5ba932e6305-1024x614.png\" alt=\"\" data-id=\"22972\" data-full-url=\"https:\/\/www.fluidpower.es\/wp-content\/uploads\/2025\/11\/af30ae4fef3f64d22046b5ba932e6305.png\" data-link=\"https:\/\/www.fluidpower.es\/?attachment_id=22972\" class=\"wp-image-22972\" srcset=\"https:\/\/www.fluidpower.es\/wp-content\/uploads\/2025\/11\/af30ae4fef3f64d22046b5ba932e6305-1024x614.png 1024w, https:\/\/www.fluidpower.es\/wp-content\/uploads\/2025\/11\/af30ae4fef3f64d22046b5ba932e6305-300x180.png 300w, https:\/\/www.fluidpower.es\/wp-content\/uploads\/2025\/11\/af30ae4fef3f64d22046b5ba932e6305-768x461.png 768w, https:\/\/www.fluidpower.es\/wp-content\/uploads\/2025\/11\/af30ae4fef3f64d22046b5ba932e6305-1087x652.png 1087w, https:\/\/www.fluidpower.es\/wp-content\/uploads\/2025\/11\/af30ae4fef3f64d22046b5ba932e6305.png 1250w\" sizes=\"(max-width: 1024px) 100vw, 1024px\" \/><\/a><\/figure><\/li><li class=\"blocks-gallery-item\"><figure><a href=\"https:\/\/www.fluidpower.es\/wp-content\/uploads\/2025\/11\/c68c82dc96b401882dfc6914377ea1d8.png\"><img loading=\"lazy\" width=\"1024\" height=\"614\" src=\"https:\/\/www.fluidpower.es\/wp-content\/uploads\/2025\/11\/c68c82dc96b401882dfc6914377ea1d8-1024x614.png\" alt=\"\" data-id=\"22917\" data-full-url=\"https:\/\/www.fluidpower.es\/wp-content\/uploads\/2025\/11\/c68c82dc96b401882dfc6914377ea1d8.png\" data-link=\"https:\/\/www.fluidpower.es\/c68c82dc96b401882dfc6914377ea1d8\/\" class=\"wp-image-22917\" srcset=\"https:\/\/www.fluidpower.es\/wp-content\/uploads\/2025\/11\/c68c82dc96b401882dfc6914377ea1d8-1024x614.png 1024w, https:\/\/www.fluidpower.es\/wp-content\/uploads\/2025\/11\/c68c82dc96b401882dfc6914377ea1d8-300x180.png 300w, https:\/\/www.fluidpower.es\/wp-content\/uploads\/2025\/11\/c68c82dc96b401882dfc6914377ea1d8-768x461.png 768w, https:\/\/www.fluidpower.es\/wp-content\/uploads\/2025\/11\/c68c82dc96b401882dfc6914377ea1d8-1087x652.png 1087w, https:\/\/www.fluidpower.es\/wp-content\/uploads\/2025\/11\/c68c82dc96b401882dfc6914377ea1d8.png 1250w\" sizes=\"(max-width: 1024px) 100vw, 1024px\" \/><\/a><\/figure><\/li><\/ul><\/figure>\n\n\n\n<hr class=\"wp-block-separator\"\/>\n\n\n\n<p>A HiFluid Industrial, com sede em Jinan, na China, \u00e9 uma empresa altamente inovadora especializada em tecnologia de fluidos de ultra-alta press\u00e3o (UHP). Concebe e fabrica unidades de gera\u00e7\u00e3o de press\u00e3o (bombas e compressores de g\u00e1s), unidades de controlo e transfer\u00eancia (v\u00e1lvulas, acess\u00f3rios, tubos) e sistemas completos para aplica\u00e7\u00f5es exigentes, tais como compress\u00e3o de hidrog\u00e9nio, testes de alta press\u00e3o, processamento a alta press\u00e3o (HPP) e prensagem isost\u00e1tica a quente (HIP).<\/p>\n\n\n\n<hr class=\"wp-block-separator\"\/>\n\n\n\n<hr class=\"wp-block-separator\"\/>\n\n\n<h1 data-start=\"167\" data-end=\"204\">Componentes de Ultra-Alta Press\u00e3o &#8211; Impulsores a G\u00e1s<\/h1>\n<hr data-start=\"206\" data-end=\"209\"\/>\n<h2 data-start=\"211\" data-end=\"251\">Impulsores de g\u00e1s acionados hidraulicamente<\/h2>\n<p data-start=\"253\" data-end=\"492\">Concebido para comprimir diversos gases, incluindo o hidrog\u00e9nio.<br \/>Press\u00e3o m\u00e1xima de sa\u00edda: at\u00e9 1.200 bar.<br \/>Aplica\u00e7\u00f5es t\u00edpicas: compress\u00e3o de hidrog\u00e9nio, ensaios a alta press\u00e3o, prensagem isost\u00e1tica a quente (HIP), processamento a alta press\u00e3o (HPP).<\/p>\n<p data-start=\"253\" data-end=\"492\"><img loading=\"lazy\" class=\"aligncenter\" src=\"https:\/\/en.hifluid.com\/static\/uploads\/20250703\/a8c1fd0d0f6c8990c4e584f905bbcdf7.png\" alt=\"Single-stage double-acting Hydraulically Driven Gas Boosters\" width=\"516\" height=\"310\"\/><\/p>\n<hr data-start=\"494\" data-end=\"497\"\/>\n<h2 data-start=\"499\" data-end=\"529\">Impulsores a g\u00e1s acionados por ar<\/h2>\n<p>Design isento de \u00f3leo (sem lubrifica\u00e7\u00e3o na c\u00e2mara de g\u00e1s), ideal para gases sens\u00edveis \u00e0 pureza.<br \/>Press\u00e3o de trabalho: at\u00e9 1.500 bar.<\/p>\n<p>Gases compat\u00edveis: hidrog\u00e9nio, azoto, \u00e1rgon, h\u00e9lio, metano e outros.<\/p>\n<p>Adequado para ambientes \u00e0 prova de explos\u00e3o, uma vez que n\u00e3o requer motor el\u00e9trico.<\/p>\n<p data-start=\"531\" data-end=\"821\"><img loading=\"lazy\" class=\"\" src=\"https:\/\/en.hifluid.com\/static\/uploads\/20240715\/af30ae4fef3f64d22046b5ba932e6305.png\" alt=\"Single-drive Single-acting Air Driven Gas Boosters\" width=\"516\" height=\"310\"\/><\/p>\n<p data-start=\"2488\" data-end=\"2562\"><\/p>","protected":false},"excerpt":{"rendered":"<p>A HiFluid Industrial, com sede em Jinan, na China, \u00e9 uma empresa altamente inovadora especializada em tecnologia de fluidos de&#8230;<\/p>\n","protected":false},"author":4,"featured_media":0,"parent":0,"menu_order":0,"comment_status":"closed","ping_status":"closed","template":"","meta":[],"yst_prominent_words":[],"_links":{"self":[{"href":"https:\/\/www.fluidpower.es\/pt-pt\/wp-json\/wp\/v2\/pages\/23043"}],"collection":[{"href":"https:\/\/www.fluidpower.es\/pt-pt\/wp-json\/wp\/v2\/pages"}],"about":[{"href":"https:\/\/www.fluidpower.es\/pt-pt\/wp-json\/wp\/v2\/types\/page"}],"author":[{"embeddable":true,"href":"https:\/\/www.fluidpower.es\/pt-pt\/wp-json\/wp\/v2\/users\/4"}],"replies":[{"embeddable":true,"href":"https:\/\/www.fluidpower.es\/pt-pt\/wp-json\/wp\/v2\/comments?post=23043"}],"version-history":[{"count":4,"href":"https:\/\/www.fluidpower.es\/pt-pt\/wp-json\/wp\/v2\/pages\/23043\/revisions"}],"predecessor-version":[{"id":23068,"href":"https:\/\/www.fluidpower.es\/pt-pt\/wp-json\/wp\/v2\/pages\/23043\/revisions\/23068"}],"wp:attachment":[{"href":"https:\/\/www.fluidpower.es\/pt-pt\/wp-json\/wp\/v2\/media?parent=23043"}],"wp:term":[{"taxonomy":"yst_prominent_words","embeddable":true,"href":"https:\/\/www.fluidpower.es\/pt-pt\/wp-json\/wp\/v2\/yst_prominent_words?post=23043"}],"curies":[{"name":"wp","href":"https:\/\/api.w.org\/{rel}","templated":true}]}}