{"id":23122,"date":"2025-12-02T16:44:13","date_gmt":"2025-12-02T15:44:13","guid":{"rendered":"https:\/\/www.fluidpower.es\/?page_id=23122\/"},"modified":"2025-12-02T16:51:24","modified_gmt":"2025-12-02T15:51:24","slug":"componentes-de-ultra-alta-pressao-bombas","status":"publish","type":"page","link":"https:\/\/www.fluidpower.es\/pt-pt\/componentes-de-ultra-alta-pressao-bombas\/","title":{"rendered":"Componentes de Ultra Alta Press\u00e3o: Bombas"},"content":{"rendered":"<h1>Bombas de L\u00edquidos Acionadas a Ar<\/h1>\n<ul>\n<li>Capazes de bombear l\u00edquidos como \u00f3leo, \u00e1gua e fluidos especiais a press\u00f5es extremamente elevadas.<\/li>\n<li>Press\u00e3o m\u00e1xima de sa\u00edda: at\u00e9 6.000 bar.<\/li>\n<\/ul>\n<h2>S\u00e9ries e Modelos<\/h2>\n<h3>S\u00e9rie G \u2013 A\u00e7\u00e3o simples, acionamento simples<\/h3>\n<p>Design compacto, oferece um aumento de press\u00e3o por ciclo.<\/p>\n<h3>S\u00e9rie G \u2013 A\u00e7\u00e3o simples, acionamento duplo<\/h3>\n<p>Dois cursos por ciclo \u2192 maior efici\u00eancia de fluxo.<\/p>\n<h3>S\u00e9rie G \u2013 A\u00e7\u00e3o dupla, acionamento simples<\/h3>\n<p>Configura\u00e7\u00e3o de pist\u00e3o duplo para taxas de fluxo mais elevadas (com maior consumo de ar).<\/p>\n<h3>S\u00e9rie G com Espa\u00e7ador<\/h3>\n<p>Proporciona isolamento f\u00edsico entre o acionamento e a c\u00e2mara de alta press\u00e3o, prevenindo a contamina\u00e7\u00e3o.<\/p>\n<h3>S\u00e9rie S<\/h3>\n<p>Mais pequeno e mais leve que a S\u00e9rie G.<\/p>\n<h3>S\u00e9rie M<\/h3>\n<p>Ainda mais compacta e ideal para aplica\u00e7\u00f5es port\u00e1teis ou com espa\u00e7o limitado.<\/p>\n<h3>Caracter\u00edsticas Comuns<\/h3>\n<ul>\n<li>Acionada a g\u00e1s (sem calor, fa\u00edscas ou chamas durante a pressuriza\u00e7\u00e3o).<\/li>\n<li>Consumo de energia zero, mantendo a press\u00e3o definida.<\/li>\n<li>Admiss\u00e3o autom\u00e1tica de fluidos, compensa\u00e7\u00e3o de press\u00e3o e manuten\u00e7\u00e3o da press\u00e3o.<\/li>\n<li>Aplica\u00e7\u00f5es ideais: calibra\u00e7\u00e3o, ensaios hidrost\u00e1ticos, ensaios de fadiga, limpeza a alta press\u00e3o, enchimento de fluidos e processamento a alta press\u00e3o.<\/li>\n<\/ul>\n<p><img src=\"https:\/\/en.hifluid.com\/static\/uploads\/20240715\/386b45fcc5157da5448c4b0bb51115d4.png\" alt=\"G Series Single-drive Single-acting Air Driven Liquid Pumps\"\/><\/p>\n<h2>Bombas de Refrigerante Acionadas a Ar (S\u00e9rie HFR)<\/h2>\n<p>Concebidas especificamente para lidar com refrigerantes de alta press\u00e3o.<\/p>\n<p>Principais Caracter\u00edsticas:<\/p>\n<ul>\n<li>Alta seguran\u00e7a<\/li>\n<li>Pureza m\u00e9dia<\/li>\n<li>Baixo custo operacional<\/li>\n<li>Portabilidade<\/li>\n<li>Capacidade de funcionamento cont\u00ednuo (ligar\/desligar)<\/li>\n<li>F\u00e1cil manuten\u00e7\u00e3o<\/li>\n<\/ul>\n<p><img src=\"https:\/\/en.hifluid.com\/static\/uploads\/20240823\/6dc5fa595d1da744aaf50d19bea24d93.png\" alt=\"HFR15 Air Driven Refrigerant Pump\"\/><\/p>\n","protected":false},"excerpt":{"rendered":"<p>Bombas de L\u00edquidos Acionadas a Ar Capazes de bombear l\u00edquidos como \u00f3leo, \u00e1gua e fluidos especiais a press\u00f5es extremamente elevadas&#8230;.<\/p>\n","protected":false},"author":4,"featured_media":0,"parent":0,"menu_order":0,"comment_status":"closed","ping_status":"closed","template":"","meta":[],"yst_prominent_words":[],"_links":{"self":[{"href":"https:\/\/www.fluidpower.es\/pt-pt\/wp-json\/wp\/v2\/pages\/23122"}],"collection":[{"href":"https:\/\/www.fluidpower.es\/pt-pt\/wp-json\/wp\/v2\/pages"}],"about":[{"href":"https:\/\/www.fluidpower.es\/pt-pt\/wp-json\/wp\/v2\/types\/page"}],"author":[{"embeddable":true,"href":"https:\/\/www.fluidpower.es\/pt-pt\/wp-json\/wp\/v2\/users\/4"}],"replies":[{"embeddable":true,"href":"https:\/\/www.fluidpower.es\/pt-pt\/wp-json\/wp\/v2\/comments?post=23122"}],"version-history":[{"count":4,"href":"https:\/\/www.fluidpower.es\/pt-pt\/wp-json\/wp\/v2\/pages\/23122\/revisions"}],"predecessor-version":[{"id":23129,"href":"https:\/\/www.fluidpower.es\/pt-pt\/wp-json\/wp\/v2\/pages\/23122\/revisions\/23129"}],"wp:attachment":[{"href":"https:\/\/www.fluidpower.es\/pt-pt\/wp-json\/wp\/v2\/media?parent=23122"}],"wp:term":[{"taxonomy":"yst_prominent_words","embeddable":true,"href":"https:\/\/www.fluidpower.es\/pt-pt\/wp-json\/wp\/v2\/yst_prominent_words?post=23122"}],"curies":[{"name":"wp","href":"https:\/\/api.w.org\/{rel}","templated":true}]}}