{"id":23326,"date":"2026-03-24T16:10:08","date_gmt":"2026-03-24T15:10:08","guid":{"rendered":"https:\/\/www.fluidpower.es\/?page_id=23326\/"},"modified":"2026-03-24T16:10:10","modified_gmt":"2026-03-24T15:10:10","slug":"nachi-valvulas-solenoides","status":"publish","type":"page","link":"https:\/\/www.fluidpower.es\/pt-pt\/nachi-valvulas-solenoides\/","title":{"rendered":"Nachi &#8211; V\u00e1lvulas Solenoides"},"content":{"rendered":"\n<p>A Nachi \u00e9 a marca l\u00edder no Jap\u00e3o e com presen\u00e7a mundial no fabrico de v\u00e1lvulas solen\u00f3ides hidr\u00e1ulicas, v\u00e1lvulas hidr\u00e1ulicas modulares, bombas hidr\u00e1ulicas de palhetas de cilindrada vari\u00e1vel, bombas de engrenagens, unidades hidr\u00e1ulicas compactas de alta press\u00e3o, entre outros.<\/p>\n\n\n\n<hr class=\"wp-block-separator\"\/>\n\n\n\n<div class=\"wp-block-columns are-vertically-aligned-center\">\n<div class=\"wp-block-column is-vertically-aligned-center\" style=\"flex-basis:100%\">\n<div class=\"wp-block-columns\">\n<div class=\"wp-block-column\" style=\"flex-basis:100%\">\n<div class=\"wp-block-group\"><div class=\"wp-block-group__inner-container\">\n<div class=\"wp-block-columns\">\n<div class=\"wp-block-column is-vertically-aligned-top\" style=\"flex-basis:100%\">\n<div class=\"wp-block-columns\">\n<div class=\"wp-block-column\">\n<div class=\"wp-block-image\"><figure class=\"alignleft size-large\"><a href=\"https:\/\/www.fluidpower.es\/wp-content\/uploads\/2026\/03\/SA-G01-C7Y-K-D2-40.jpg\"><img loading=\"lazy\" width=\"1024\" height=\"1024\" src=\"https:\/\/www.fluidpower.es\/wp-content\/uploads\/2026\/03\/SA-G01-C7Y-K-D2-40-1024x1024.jpg\" alt=\"\" class=\"wp-image-23280\" srcset=\"https:\/\/www.fluidpower.es\/wp-content\/uploads\/2026\/03\/SA-G01-C7Y-K-D2-40-1024x1024.jpg 1024w, https:\/\/www.fluidpower.es\/wp-content\/uploads\/2026\/03\/SA-G01-C7Y-K-D2-40-300x300.jpg 300w, https:\/\/www.fluidpower.es\/wp-content\/uploads\/2026\/03\/SA-G01-C7Y-K-D2-40-150x150.jpg 150w, https:\/\/www.fluidpower.es\/wp-content\/uploads\/2026\/03\/SA-G01-C7Y-K-D2-40-768x768.jpg 768w, https:\/\/www.fluidpower.es\/wp-content\/uploads\/2026\/03\/SA-G01-C7Y-K-D2-40-1536x1536.jpg 1536w, https:\/\/www.fluidpower.es\/wp-content\/uploads\/2026\/03\/SA-G01-C7Y-K-D2-40-72x72.jpg 72w, https:\/\/www.fluidpower.es\/wp-content\/uploads\/2026\/03\/SA-G01-C7Y-K-D2-40-1087x1087.jpg 1087w, https:\/\/www.fluidpower.es\/wp-content\/uploads\/2026\/03\/SA-G01-C7Y-K-D2-40.jpg 2048w\" sizes=\"(max-width: 1024px) 100vw, 1024px\" \/><\/a><\/figure><\/div>\n<\/div>\n\n\n\n<div class=\"wp-block-column\">\n<p><\/p>\n\n\n\n<h3>S\u00e9rie de v\u00e1lvulas solenoides &#8211; SA<\/h3>\n\n\n\n<hr class=\"wp-block-separator\"\/>\n\n\n\n<p>As v\u00e1lvulas solenoides da s\u00e9rie SA s\u00e3o v\u00e1lvulas direcionais do tipo h\u00famido, operadas por solenoide, concebidas para sistemas hidr\u00e1ulicos. O seu design permite que o n\u00facleo m\u00f3vel fique imerso em \u00f3leo, melhorando a lubrifica\u00e7\u00e3o e a durabilidade. <\/p>\n\n\n\n<ul><li><strong>Vida \u00fatil longa: <\/strong>o n\u00facleo do solen\u00f3ide funciona submerso em \u00f3leo, reduzindo o desgaste e as vibra\u00e7\u00f5es.<\/li><li><strong>Baixo n\u00edvel de ru\u00eddo:<\/strong> funcionamento muito silencioso durante a comuta\u00e7\u00e3o.<\/li><li><strong>Mudan\u00e7a de velocidades sem impacto: <\/strong>uma op\u00e7\u00e3o que permite passagens de caixa suaves sem amortecedores hidr\u00e1ulicos.<\/li><li><strong>Manuten\u00e7\u00e3o f\u00e1cil: <\/strong>bobina com conector DIN que permite uma substitui\u00e7\u00e3o r\u00e1pida.<\/li><\/ul>\n\n\n\n<p class=\"has-text-align-center\"><strong><a rel=\"noreferrer noopener\" href=\"https:\/\/www.fluidpower.es\/wp-content\/uploads\/2026\/03\/Nachi-modelo-SA.pdf\" data-type=\"URL\" data-id=\"https:\/\/www.fluidpower.es\/wp-content\/uploads\/2026\/03\/Nachi-modelo-SA.pdf\" target=\"_blank\"><span class=\"has-inline-color has-vivid-cyan-blue-color\">Descargar Catalogo<\/span><\/a><\/strong><\/p>\n<\/div>\n<\/div>\n<\/div>\n<\/div>\n<\/div><\/div>\n\n\n\n<div class=\"wp-block-group\"><div class=\"wp-block-group__inner-container\">\n<div style=\"height:20px\" aria-hidden=\"true\" class=\"wp-block-spacer\"><\/div>\n\n\n\n<hr class=\"wp-block-separator\"\/>\n\n\n\n<div class=\"wp-block-columns\">\n<div class=\"wp-block-column\">\n<h3>S\u00e9rie de v\u00e1lvulas solenoides<strong> &#8211; SS<\/strong><\/h3>\n\n\n\n<hr class=\"wp-block-separator\"\/>\n\n\n\n<p>As v\u00e1lvulas solenoides da s\u00e9rie SS s\u00e3o v\u00e1lvulas direcionais do tipo h\u00famido, operadas hidraulicamente e acionadas por solenoide. Est\u00e3o concebidas para opera\u00e7\u00e3o em alta press\u00e3o e alta vaz\u00e3o com perdas m\u00ednimas. Uma caixa de deriva\u00e7\u00e3o central simplifica a cablagem e a manuten\u00e7\u00e3o. A sua constru\u00e7\u00e3o garante um funcionamento silencioso e duradouro. Al\u00e9m disso, cumprem as normas internacionais, permitindo o uso global.<\/p>\n\n\n\n<ul><li><strong>Alta press\u00e3o e alto caudal:<\/strong> at\u00e9 35 MPa e 100\u2013160 l\/min com baixas perdas de press\u00e3o.<\/li><li><strong>Baixo n\u00edvel de ru\u00eddo: <\/strong>comuta\u00e7\u00e3o silenciosa gra\u00e7as ao design do tipo h\u00famido.<\/li><li><strong>Liga\u00e7\u00e3o el\u00e9trica simples:<\/strong> caixa de terminais central com luz indicadora integrada.<\/li><li><strong>Manuten\u00e7\u00e3o r\u00e1pida: <\/strong>bobina de encaixe que permite a substitui\u00e7\u00e3o imediata.<\/li><\/ul>\n\n\n\n<p class=\"has-text-align-center\"><strong><a rel=\"noreferrer noopener\" href=\"https:\/\/www.fluidpower.es\/wp-content\/uploads\/2026\/03\/Nachi-modelo-SS.pdf\" data-type=\"URL\" data-id=\"https:\/\/www.fluidpower.es\/wp-content\/uploads\/2026\/03\/Nachi-modelo-SS.pdf\" target=\"_blank\"><span class=\"has-inline-color has-vivid-cyan-blue-color\">Descargar Catalogo<\/span><\/a><\/strong><\/p>\n<\/div>\n\n\n\n<div class=\"wp-block-column\">\n<figure class=\"wp-block-gallery columns-1 is-cropped\"><ul class=\"blocks-gallery-grid\"><li class=\"blocks-gallery-item\"><figure><a href=\"https:\/\/www.fluidpower.es\/wp-content\/uploads\/2026\/03\/SS-G01-E3X-FNR-D2-31.jpg\"><img loading=\"lazy\" width=\"768\" height=\"1024\" src=\"https:\/\/www.fluidpower.es\/wp-content\/uploads\/2026\/03\/SS-G01-E3X-FNR-D2-31-768x1024.jpg\" alt=\"\" data-id=\"23286\" data-full-url=\"https:\/\/www.fluidpower.es\/wp-content\/uploads\/2026\/03\/SS-G01-E3X-FNR-D2-31.jpg\" data-link=\"https:\/\/www.fluidpower.es\/ss-g01-e3x-fnr-d2-31\/\" class=\"wp-image-23286\" srcset=\"https:\/\/www.fluidpower.es\/wp-content\/uploads\/2026\/03\/SS-G01-E3X-FNR-D2-31-768x1024.jpg 768w, https:\/\/www.fluidpower.es\/wp-content\/uploads\/2026\/03\/SS-G01-E3X-FNR-D2-31-225x300.jpg 225w, https:\/\/www.fluidpower.es\/wp-content\/uploads\/2026\/03\/SS-G01-E3X-FNR-D2-31-1152x1536.jpg 1152w, https:\/\/www.fluidpower.es\/wp-content\/uploads\/2026\/03\/SS-G01-E3X-FNR-D2-31-1087x1449.jpg 1087w, https:\/\/www.fluidpower.es\/wp-content\/uploads\/2026\/03\/SS-G01-E3X-FNR-D2-31.jpg 1536w\" sizes=\"(max-width: 768px) 100vw, 768px\" \/><\/a><\/figure><\/li><\/ul><\/figure>\n<\/div>\n<\/div>\n\n\n\n<hr class=\"wp-block-separator\"\/>\n\n\n\n<div class=\"wp-block-columns\">\n<div class=\"wp-block-column\">\n<figure class=\"wp-block-image size-large\"><a href=\"https:\/\/www.fluidpower.es\/wp-content\/uploads\/2026\/03\/SE-G01-C5-GR-D2-40.jpg\"><img loading=\"lazy\" width=\"800\" height=\"600\" src=\"https:\/\/www.fluidpower.es\/wp-content\/uploads\/2026\/03\/SE-G01-C5-GR-D2-40.jpg\" alt=\"\" class=\"wp-image-23290\" srcset=\"https:\/\/www.fluidpower.es\/wp-content\/uploads\/2026\/03\/SE-G01-C5-GR-D2-40.jpg 800w, https:\/\/www.fluidpower.es\/wp-content\/uploads\/2026\/03\/SE-G01-C5-GR-D2-40-300x225.jpg 300w, https:\/\/www.fluidpower.es\/wp-content\/uploads\/2026\/03\/SE-G01-C5-GR-D2-40-768x576.jpg 768w\" sizes=\"(max-width: 800px) 100vw, 800px\" \/><\/a><\/figure>\n<\/div>\n\n\n\n<div class=\"wp-block-column\">\n<h3>S\u00e9rie de v\u00e1lvulas solenoides<strong> &#8211; SE<\/strong><\/h3>\n\n\n\n<p>As v\u00e1lvulas solenoides da s\u00e9rie SE s\u00e3o v\u00e1lvulas direcionais hidr\u00e1ulicas com elevada efici\u00eancia energ\u00e9tica. S\u00e3o concebidas para aplica\u00e7\u00f5es que exigem um controlo eficiente com um consumo de energia reduzido. Podem ser acionadas diretamente por controladores l\u00f3gicos program\u00e1veis \u200b\u200b(PLCs), simplificando os sistemas de controlo. O seu design reduz a gera\u00e7\u00e3o de calor, aumentando a fiabilidade. Al\u00e9m disso, oferecem um desempenho adequado para press\u00f5es e caudais moderados.<\/p>\n\n\n\n<ul><li><strong>Baixo consumo energ\u00e9tico: <\/strong>solen\u00f3ides de baixo consumo que reduzem o gasto energ\u00e9tico.<\/li><li><strong>Controlo direto por PLC: <\/strong>gra\u00e7as ao seu baixo consumo de energia, podem ser operados sem rel\u00e9s interm\u00e9dios.<\/li><li><strong>Baixa gera\u00e7\u00e3o de calor: <\/strong>minimiza o aquecimento da serpentina e evita falhas por sobreaquecimento.<\/li><li><strong>Facilidade de integra\u00e7\u00e3o: <\/strong>op\u00e7\u00e3o de conector M12 e compatibilidade com sistemas industriais modernos.<\/li><\/ul>\n\n\n\n<p class=\"has-text-align-center\"><strong><a rel=\"noreferrer noopener\" href=\"https:\/\/www.fluidpower.es\/wp-content\/uploads\/2026\/03\/Nachi-modelo-SE.pdf\" data-type=\"URL\" data-id=\"https:\/\/www.fluidpower.es\/wp-content\/uploads\/2026\/03\/Nachi-modelo-SE.pdf\" target=\"_blank\"><span class=\"has-inline-color has-vivid-cyan-blue-color\">Descargar Catalogo<\/span><\/a><\/strong><\/p>\n<\/div>\n<\/div>\n\n\n\n<hr class=\"wp-block-separator\"\/>\n\n\n\n<div class=\"wp-block-columns\">\n<div class=\"wp-block-column\">\n<h3>S\u00e9rie de v\u00e1lvulas solenoides<strong> &#8211; S<\/strong>L<\/h3>\n\n\n\n<p>A s\u00e9rie Nachi SL consiste em v\u00e1lvulas direcionais de controlo tipo solen\u00f3ide h\u00famidas, concebidas para um baixo consumo de energia. O seu design mergulha o n\u00facleo de ferro em \u00f3leo, garantindo uma lubrifica\u00e7\u00e3o constante e amortecimento das vibra\u00e7\u00f5es. Possuem um sistema de cablagem centralizada que simplifica a instala\u00e7\u00e3o e a manuten\u00e7\u00e3o em sistemas hidr\u00e1ulicos compactos.<\/p>\n\n\n\n<ul><li><strong>Vida \u00fatil prolongada: <\/strong>O n\u00facleo m\u00f3vel \u00e9 imerso em \u00f3leo, o que reduz o desgaste por fric\u00e7\u00e3o e protege os componentes contra impactos.<\/li><li><strong>Funcionamento silencioso: <\/strong>O design do solen\u00f3ide do tipo h\u00famido minimiza o ru\u00eddo durante a mudan\u00e7a de posi\u00e7\u00e3o do n\u00facleo, permitindo um funcionamento mais silencioso.<\/li><li><strong>Prote\u00e7\u00e3o ambiental: <\/strong>Possui classifica\u00e7\u00e3o IP64 para resist\u00eancia ao p\u00f3 e \u00e0 \u00e1gua (\u00e0 prova de p\u00f3 e salpicos).<\/li><li><strong>Facilidade de manuten\u00e7\u00e3o: <\/strong>Permite a substitui\u00e7\u00e3o da bobina com um \u00fanico toque, gra\u00e7as ao seu sistema de liga\u00e7\u00e3o plug-in.<\/li><\/ul>\n\n\n\n<p class=\"has-text-align-center\"><strong><a href=\"https:\/\/www.fluidpower.es\/wp-content\/uploads\/2026\/03\/Nachi-modelo-SL.pdf\" data-type=\"URL\" data-id=\"https:\/\/www.fluidpower.es\/wp-content\/uploads\/2026\/03\/Nachi-modelo-SL.pdf\" target=\"_blank\" rel=\"noreferrer noopener\"><span class=\"has-inline-color has-vivid-cyan-blue-color\">Descargar Catalogo<\/span><\/a><\/strong><\/p>\n<\/div>\n\n\n\n<div class=\"wp-block-column\">\n<figure class=\"wp-block-image size-large\"><a href=\"https:\/\/www.fluidpower.es\/wp-content\/uploads\/2026\/03\/SL-G01-E3X-GR-C1-31.png\"><img loading=\"lazy\" width=\"1024\" height=\"1024\" src=\"https:\/\/www.fluidpower.es\/wp-content\/uploads\/2026\/03\/SL-G01-E3X-GR-C1-31-1024x1024.png\" alt=\"\" class=\"wp-image-23303\" srcset=\"https:\/\/www.fluidpower.es\/wp-content\/uploads\/2026\/03\/SL-G01-E3X-GR-C1-31-1024x1024.png 1024w, https:\/\/www.fluidpower.es\/wp-content\/uploads\/2026\/03\/SL-G01-E3X-GR-C1-31-300x300.png 300w, https:\/\/www.fluidpower.es\/wp-content\/uploads\/2026\/03\/SL-G01-E3X-GR-C1-31-150x150.png 150w, https:\/\/www.fluidpower.es\/wp-content\/uploads\/2026\/03\/SL-G01-E3X-GR-C1-31-768x768.png 768w, https:\/\/www.fluidpower.es\/wp-content\/uploads\/2026\/03\/SL-G01-E3X-GR-C1-31-1536x1536.png 1536w, https:\/\/www.fluidpower.es\/wp-content\/uploads\/2026\/03\/SL-G01-E3X-GR-C1-31-72x72.png 72w, https:\/\/www.fluidpower.es\/wp-content\/uploads\/2026\/03\/SL-G01-E3X-GR-C1-31-1087x1087.png 1087w, https:\/\/www.fluidpower.es\/wp-content\/uploads\/2026\/03\/SL-G01-E3X-GR-C1-31.png 1600w\" sizes=\"(max-width: 1024px) 100vw, 1024px\" \/><\/a><\/figure>\n<\/div>\n<\/div>\n\n\n\n<p><\/p>\n\n\n\n<h4>Sobre Nachi<\/h4>\n\n\n\n<p class=\"has-drop-cap\">Nachi Fujikoshi Corp <\/p>\n\n\n\n<p>A Fujikoshi \u00e9 uma empresa japonesa fundada em Toyama, no Jap\u00e3o, em 1928, por Kohki Imura, que a nomeou Fujikoshi para refletir a sua cren\u00e7a pessoal de que a autossufici\u00eancia na produ\u00e7\u00e3o de m\u00e1quinas era essencial para a prosperidade econ\u00f3mica do Jap\u00e3o.<\/p>\n\n\n\n<p>A marca Nachi vem de &#8220;Kumano-Nachi-Taisah&#8221;, um grande santu\u00e1rio japon\u00eas. Ela expressa um forte esp\u00edrito empreendedor.<\/p>\n<\/div><\/div>\n\n\n\n<div style=\"height:10px\" aria-hidden=\"true\" class=\"wp-block-spacer\"><\/div>\n\n\n\n<p>A primeira bomba hidr\u00e1ulica de palhetas fabricada pela Nachi foi em 1943. Desde ent\u00e3o, gra\u00e7as \u00e0 sua elevada qualidade e ao cont\u00ednuo desenvolvimento tecnol\u00f3gico, a Nachi conquistou uma quota significativa no mercado internacional de equipamentos hidr\u00e1ulicos.<\/p>\n\n\n\n<div style=\"height:10px\" aria-hidden=\"true\" class=\"wp-block-spacer\"><\/div>\n\n\n\n<p>A Nachi \u00e9 tamb\u00e9m um fabricante de renome de excelentes v\u00e1lvulas hidr\u00e1ulicas que proporcionam a menor perda de press\u00e3o poss\u00edvel, operando de forma silenciosa, oferecendo v\u00e1lvulas solenoides, modulares e proporcionais.<\/p>\n\n\n\n<p>As v\u00e1lvulas Nachi garantem a seguran\u00e7a de tudo, desde as tripula\u00e7\u00f5es dos navios, atrav\u00e9s do seu trabalho impec\u00e1vel no lan\u00e7amento de botes salva-vidas, at\u00e9 \u00e0s m\u00e1quinas de perfura\u00e7\u00e3o de t\u00faneis rodovi\u00e1rios e aos sistemas de drenagem profunda.<\/p>\n\n\n\n<p>Nachi \u00e9 sin\u00f3nimo de qualidade, contribuindo para tornar a vida humana mais confort\u00e1vel e pr\u00e1tica.<\/p>\n\n\n\n<p>\u00c9 por isso que confiamos neles e trabalhamos em conjunto para levar os seus produtos at\u00e9 si.<\/p>\n<\/div>\n<\/div>\n<\/div>\n<\/div>\n\n\n\n<p><\/p>\n","protected":false},"excerpt":{"rendered":"<p>A Nachi \u00e9 a marca l\u00edder no Jap\u00e3o e com presen\u00e7a mundial no fabrico de v\u00e1lvulas solen\u00f3ides hidr\u00e1ulicas, v\u00e1lvulas hidr\u00e1ulicas&#8230;<\/p>\n","protected":false},"author":4,"featured_media":0,"parent":0,"menu_order":0,"comment_status":"closed","ping_status":"closed","template":"","meta":[],"yst_prominent_words":[],"_links":{"self":[{"href":"https:\/\/www.fluidpower.es\/pt-pt\/wp-json\/wp\/v2\/pages\/23326"}],"collection":[{"href":"https:\/\/www.fluidpower.es\/pt-pt\/wp-json\/wp\/v2\/pages"}],"about":[{"href":"https:\/\/www.fluidpower.es\/pt-pt\/wp-json\/wp\/v2\/types\/page"}],"author":[{"embeddable":true,"href":"https:\/\/www.fluidpower.es\/pt-pt\/wp-json\/wp\/v2\/users\/4"}],"replies":[{"embeddable":true,"href":"https:\/\/www.fluidpower.es\/pt-pt\/wp-json\/wp\/v2\/comments?post=23326"}],"version-history":[{"count":8,"href":"https:\/\/www.fluidpower.es\/pt-pt\/wp-json\/wp\/v2\/pages\/23326\/revisions"}],"predecessor-version":[{"id":23334,"href":"https:\/\/www.fluidpower.es\/pt-pt\/wp-json\/wp\/v2\/pages\/23326\/revisions\/23334"}],"wp:attachment":[{"href":"https:\/\/www.fluidpower.es\/pt-pt\/wp-json\/wp\/v2\/media?parent=23326"}],"wp:term":[{"taxonomy":"yst_prominent_words","embeddable":true,"href":"https:\/\/www.fluidpower.es\/pt-pt\/wp-json\/wp\/v2\/yst_prominent_words?post=23326"}],"curies":[{"name":"wp","href":"https:\/\/api.w.org\/{rel}","templated":true}]}}