{"id":23349,"date":"2026-03-20T09:43:05","date_gmt":"2026-03-20T08:43:05","guid":{"rendered":"https:\/\/www.fluidpower.es\/nachi-hidraulica-industrial\/nueva-serie-nsp-de-nachi-el-techo-de-la-eficiencia-energetica\/"},"modified":"2026-03-24T16:08:19","modified_gmt":"2026-03-24T15:08:19","slug":"nueva-serie-nsp-de-nachi-el-techo-de-la-eficiencia-energetica","status":"publish","type":"page","link":"https:\/\/www.fluidpower.es\/pt-pt\/nachi-hidraulica-industrial\/nueva-serie-nsp-de-nachi-el-techo-de-la-eficiencia-energetica\/","title":{"rendered":"Nova S\u00e9rie NSP da NACHI: O Limite M\u00e1ximo da Efici\u00eancia Energ\u00e9tica."},"content":{"rendered":"\n<div class=\"wp-block-image is-style-default\"><figure class=\"aligncenter size-large is-resized\"><a href=\"https:\/\/www.fluidpower.es\/wp-content\/uploads\/2026\/03\/new-NSP_10L-1.jpg\"><img loading=\"lazy\" src=\"https:\/\/www.fluidpower.es\/wp-content\/uploads\/2026\/03\/new-NSP_10L-1-928x1024.jpg\" alt=\"NACHI NSP\" class=\"wp-image-23219\" width=\"696\" height=\"768\" srcset=\"https:\/\/www.fluidpower.es\/wp-content\/uploads\/2026\/03\/new-NSP_10L-1-928x1024.jpg 928w, https:\/\/www.fluidpower.es\/wp-content\/uploads\/2026\/03\/new-NSP_10L-1-272x300.jpg 272w, https:\/\/www.fluidpower.es\/wp-content\/uploads\/2026\/03\/new-NSP_10L-1-768x847.jpg 768w, https:\/\/www.fluidpower.es\/wp-content\/uploads\/2026\/03\/new-NSP_10L-1-1087x1199.jpg 1087w, https:\/\/www.fluidpower.es\/wp-content\/uploads\/2026\/03\/new-NSP_10L-1.jpg 1378w\" sizes=\"(max-width: 696px) 100vw, 696px\" \/><\/a><\/figure><\/div>\n\n\n\n<p class=\"has-text-align-left\">Evolu\u00edmos. Gra\u00e7as \u00e0 combina\u00e7\u00e3o de um motor IPM de alta efici\u00eancia e de um conversor de frequ\u00eancia (inversor), conseguimos uma redu\u00e7\u00e3o do consumo de energia el\u00e9trica at\u00e9 74%.<\/p>\n\n\n\n<div class=\"wp-block-file\"><a href=\"https:\/\/www.fluidpower.es\/wp-content\/uploads\/2026\/03\/New-NSP-unit.pdf\">IInforma\u00e7\u00e3o t\u00e9cnica sobre as novas unidades hidr\u00e1ulicas NSP com conversor de frequ\u00eancia.<\/a><a href=\"https:\/\/www.fluidpower.es\/wp-content\/uploads\/2026\/03\/New-NSP-unit.pdf\" class=\"wp-block-file__button\" download>Descarga<\/a><\/div>\n\n\n\n<div class=\"wp-block-file\"><a href=\"https:\/\/www.fluidpower.es\/wp-content\/uploads\/2026\/03\/NACHI-NSP_Catalogo.pdf\">Informa\u00e7\u00e3o t\u00e9cnica sobre as novas unidades hidr\u00e1ulicas NSP sem conversor de frequ\u00eancia.<\/a><a href=\"https:\/\/www.fluidpower.es\/wp-content\/uploads\/2026\/03\/NACHI-NSP_Catalogo.pdf\" class=\"wp-block-file__button\" download>Descarga<\/a><\/div>\n\n\n\n<p class=\"has-text-align-center\"><\/p>\n\n\n\n<h2 class=\"has-text-align-center\">Os 3 Pilares da Nova NSP<\/h2>\n\n\n\n<div class=\"wp-block-columns\">\n<div class=\"wp-block-column\">\n<h3 class=\"has-text-align-center\"><strong>Pilar 1: Economia de energia extrema<\/strong><\/h3>\n\n\n\n<ul><li><strong>Poupan\u00e7a de 74%:<\/strong> Comparado com as unidades standard, o novo NSP com Inverter reduz drasticamente os custos operacionais.<\/li><li><strong>Sinergia tecnol\u00f3gica: <\/strong>Combina uma bomba de caudal vari\u00e1vel com a velocidade vari\u00e1vel de um motor IPM (\u00cdman Permanente Interno).<\/li><li><strong>Consumo inteligente: <\/strong>Enquanto o NSP convencional j\u00e1 poupava 46%, o modelo Inverter eleva o desempenho a n\u00edveis sem precedentes.<\/li><\/ul>\n<\/div>\n\n\n\n<div class=\"wp-block-column\">\n<h3 class=\"has-text-align-center\"><strong>Pilar 2: Conforto e Vida \u00datil<\/strong><\/h3>\n\n\n\n<ul><li><strong>Sil\u00eancio no escrit\u00f3rio: <\/strong>Opera com apenas 54 dB(A), mantendo uma press\u00e3o constante de 6 MPa, um n\u00edvel compar\u00e1vel ao de um ambiente de escrit\u00f3rio.<\/li><li><strong>Baixa gera\u00e7\u00e3o de calor: <\/strong>O aumento da temperatura do \u00f3leo \u00e9 mantido a uma temperatura ambiente de +5\u00baC ou menos.<\/li><li><strong>Durabilidade:<\/strong> Menos calor significa uma maior vida util para o fluido hidr\u00e1ulico, borrachas e vedantes.<\/li><\/ul>\n<\/div>\n\n\n\n<div class=\"wp-block-column\">\n<h3><strong>Pilar 3: Dise\u00f1o Inteligente e IoT<\/strong><\/h3>\n\n\n\n<ul><li><strong>Seguran\u00e7a integrada: <\/strong>Inclui a fun\u00e7\u00e3o STO (Safe Torque OFF) de s\u00e9rie para uma paragem segura.<\/li><li><strong>Preparado para a Ind\u00fastria 4.0: <\/strong>Incorpora fun\u00e7\u00f5es de monitoriza\u00e7\u00e3o da IoT para controlo proativo.<\/li><li><strong>Compacto e leve: <\/strong>Pesando apenas 39 kg (sem opcionais) e com dimens\u00f5es otimizadas para se adaptar a qualquer m\u00e1quina-ferramenta.<\/li><\/ul>\n<\/div>\n<\/div>\n\n\n\n<figure class=\"wp-block-image size-large\"><a href=\"https:\/\/www.fluidpower.es\/wp-content\/uploads\/2026\/03\/New-NSP-Power-Unit-1.png\"><img loading=\"lazy\" width=\"1024\" height=\"559\" src=\"https:\/\/www.fluidpower.es\/wp-content\/uploads\/2026\/03\/New-NSP-Power-Unit-1-1024x559.png\" alt=\"\" class=\"wp-image-23362\" srcset=\"https:\/\/www.fluidpower.es\/wp-content\/uploads\/2026\/03\/New-NSP-Power-Unit-1-1024x559.png 1024w, https:\/\/www.fluidpower.es\/wp-content\/uploads\/2026\/03\/New-NSP-Power-Unit-1-300x164.png 300w, https:\/\/www.fluidpower.es\/wp-content\/uploads\/2026\/03\/New-NSP-Power-Unit-1-768x419.png 768w, https:\/\/www.fluidpower.es\/wp-content\/uploads\/2026\/03\/New-NSP-Power-Unit-1-1536x838.png 1536w, https:\/\/www.fluidpower.es\/wp-content\/uploads\/2026\/03\/New-NSP-Power-Unit-1-2048x1118.png 2048w, https:\/\/www.fluidpower.es\/wp-content\/uploads\/2026\/03\/New-NSP-Power-Unit-1-1087x593.png 1087w\" sizes=\"(max-width: 1024px) 100vw, 1024px\" \/><\/a><\/figure>\n\n\n\n<h2 class=\"has-text-align-center\">Especifica\u00e7\u00f5es t\u00e9cnicas (Tabela r\u00e1pida)<\/h2>\n\n\n\n<figure class=\"wp-block-table\"><table><thead><tr><td><strong>Recurso<\/strong><\/td><td class=\"has-text-align-left\" data-align=\"left\"><strong>Detalhe T\u00e9cnico<\/strong><\/td><\/tr><\/thead><tbody><tr><td><strong>Alimenta\u00e7\u00e3o<\/strong><\/td><td class=\"has-text-align-left\" data-align=\"left\">200V (200V ~ 240V) o 400V (380V ~ 480V)<\/td><\/tr><tr><td><strong>Fluxo de sa\u00edda<\/strong><\/td><td class=\"has-text-align-left\" data-align=\"left\">at\u00e9 28 L\/min (vazio)<\/td><\/tr><tr><td><strong>Faixa de press\u00e3o<\/strong><\/td><td class=\"has-text-align-left\" data-align=\"left\">A2: 15 &#8211; 40 bar \/ A3: 35 &#8211; 60 bar \/ A4: 55 &#8211; 80 bar<\/td><\/tr><tr><td><strong>Capacidade do dep\u00f3sito<\/strong><\/td><td class=\"has-text-align-left\" data-align=\"left\">16 Litros<\/td><\/tr><tr><td><strong>Fluido recomendado<\/strong><\/td><td class=\"has-text-align-left\" data-align=\"left\">\u00d3leo mineral ISO VG32<\/td><\/tr><\/tbody><\/table><\/figure>\n\n\n\n<h2 class=\"has-text-align-center\">Sele\u00e7\u00e3o de modelo<\/h2>\n\n\n\n<p><strong>C\u00f3digo de exemplo: NSP-16E-S15V1A2-G-1590A * 16E: Dep\u00f3sito de 16L com variador de frequ\u00eancia. * S: Motor IPM. * 15\/22: Pot\u00eancia do motor (equivalente a 1,5 kW ou 2,2 kW). * G\/HS\/M: Opcionais como protetor de n\u00edvel, interruptor de temperatura\/flutuador ou separador magn\u00e9tico.<\/strong><\/p>\n\n\n\n<div class=\"wp-block-image\"><figure class=\"aligncenter size-large\"><a href=\"https:\/\/www.fluidpower.es\/wp-content\/uploads\/2026\/03\/The-evolution-of-savings-1.png\"><img loading=\"lazy\" width=\"1024\" height=\"559\" src=\"https:\/\/www.fluidpower.es\/wp-content\/uploads\/2026\/03\/The-evolution-of-savings-1-1024x559.png\" alt=\"\" class=\"wp-image-23363\" srcset=\"https:\/\/www.fluidpower.es\/wp-content\/uploads\/2026\/03\/The-evolution-of-savings-1-1024x559.png 1024w, https:\/\/www.fluidpower.es\/wp-content\/uploads\/2026\/03\/The-evolution-of-savings-1-300x164.png 300w, https:\/\/www.fluidpower.es\/wp-content\/uploads\/2026\/03\/The-evolution-of-savings-1-768x419.png 768w, https:\/\/www.fluidpower.es\/wp-content\/uploads\/2026\/03\/The-evolution-of-savings-1-1536x838.png 1536w, https:\/\/www.fluidpower.es\/wp-content\/uploads\/2026\/03\/The-evolution-of-savings-1-2048x1118.png 2048w, https:\/\/www.fluidpower.es\/wp-content\/uploads\/2026\/03\/The-evolution-of-savings-1-1087x593.png 1087w\" sizes=\"(max-width: 1024px) 100vw, 1024px\" \/><\/a><\/figure><\/div>\n\n\n\n<p><\/p>\n","protected":false},"excerpt":{"rendered":"<p>Evolu\u00edmos. Gra\u00e7as \u00e0 combina\u00e7\u00e3o de um motor IPM de alta efici\u00eancia e de um conversor de frequ\u00eancia (inversor), conseguimos uma&#8230;<\/p>\n","protected":false},"author":1,"featured_media":0,"parent":22657,"menu_order":0,"comment_status":"closed","ping_status":"closed","template":"page_sidebar.php","meta":[],"yst_prominent_words":[],"_links":{"self":[{"href":"https:\/\/www.fluidpower.es\/pt-pt\/wp-json\/wp\/v2\/pages\/23349"}],"collection":[{"href":"https:\/\/www.fluidpower.es\/pt-pt\/wp-json\/wp\/v2\/pages"}],"about":[{"href":"https:\/\/www.fluidpower.es\/pt-pt\/wp-json\/wp\/v2\/types\/page"}],"author":[{"embeddable":true,"href":"https:\/\/www.fluidpower.es\/pt-pt\/wp-json\/wp\/v2\/users\/1"}],"replies":[{"embeddable":true,"href":"https:\/\/www.fluidpower.es\/pt-pt\/wp-json\/wp\/v2\/comments?post=23349"}],"version-history":[{"count":6,"href":"https:\/\/www.fluidpower.es\/pt-pt\/wp-json\/wp\/v2\/pages\/23349\/revisions"}],"predecessor-version":[{"id":23364,"href":"https:\/\/www.fluidpower.es\/pt-pt\/wp-json\/wp\/v2\/pages\/23349\/revisions\/23364"}],"up":[{"embeddable":true,"href":"https:\/\/www.fluidpower.es\/pt-pt\/wp-json\/wp\/v2\/pages\/22657"}],"wp:attachment":[{"href":"https:\/\/www.fluidpower.es\/pt-pt\/wp-json\/wp\/v2\/media?parent=23349"}],"wp:term":[{"taxonomy":"yst_prominent_words","embeddable":true,"href":"https:\/\/www.fluidpower.es\/pt-pt\/wp-json\/wp\/v2\/yst_prominent_words?post=23349"}],"curies":[{"name":"wp","href":"https:\/\/api.w.org\/{rel}","templated":true}]}}